{"id":207,"date":"2011-06-26T15:31:15","date_gmt":"2011-06-26T15:31:15","guid":{"rendered":"https:\/\/2011.lisboa.wordcamp.org\/?page_id=207"},"modified":"2011-09-15T15:55:00","modified_gmt":"2011-09-15T15:55:00","slug":"localizacao","status":"publish","type":"page","link":"https:\/\/lisboa.wordcamp.org\/2011\/localizacao\/","title":{"rendered":"Localiza\u00e7\u00e3o"},"content":{"rendered":"<p>&nbsp;<\/p>\n<p>O WordCamp Lisboa 2011 ter\u00e1 lugar no audit\u00f3rio da\u00a0\u00a0<a href=\"http:\/\/ulusofona.pt\" target=\"_blank\">Universidade Lus\u00f3fona<\/a>. A Universidade Lus\u00f3fona de Humanidades e Tecnologias \u00e9 a maior universidade privada em Portugal e \u00e9 parte integrante do subsistema particular e cooperativo do ensino superior Portugu\u00eas.<\/p>\n<p><iframe loading=\"lazy\" width=\"640\" height=\"480\" frameborder=\"0\" scrolling=\"no\" marginheight=\"0\" marginwidth=\"0\" src=\"http:\/\/maps.google.pt\/maps\/ms?msa=0&amp;msid=205025412187651101933.0004a54b1e5a451191b59&amp;ie=UTF8&amp;t=h&amp;ll=38.759229,-9.154669&amp;spn=0.008751,0.013186&amp;output=embed\"><\/iframe><br \/><small>Ver <a href=\"http:\/\/maps.google.pt\/maps\/ms?msa=0&amp;msid=205025412187651101933.0004a54b1e5a451191b59&amp;ie=UTF8&amp;t=h&amp;ll=38.759229,-9.154669&amp;spn=0.008751,0.013186&amp;source=embed\" style=\"color:#0000FF;text-align:left\">WordCamp Lisboa 2011<\/a> num mapa maior<\/small><\/p>\n<h3>Como chegar:<\/h3>\n<h4>Morada:<\/h4>\n<p><strong>Universidade Lus\u00f3fona<\/strong><br \/>\nCampo Grande 376<br \/>\n1749-024 Lisboa<br \/>\nEdificio I &#8211;\u00a0Audit\u00f3rio Agostinho da Silva<br \/>\n[<a href=\"http:\/\/www.ulusofona.pt\/index.php\/a-universidade\/campus-e-localizacao.html\" target=\"_blank\">mapa das instala\u00e7\u00f5es<\/a>]<\/p>\n<h4>Metro:<\/h4>\n<p>Esta\u00e7\u00e3o do Campo Grande<\/a> &#8211; Linhas Azul e Amarela<br \/>\n<em>(5 minutos a p\u00e9 at\u00e9 \u00e0 Universidade Lus\u00f3fona)<\/em><br \/>\n[<a href=\"http:\/\/www.metrolisboa.pt\">site do Metro de Lisboa<\/a>]<\/p>\n<h4>Autocarros:<\/h4>\n<p>7, 36, 108, 204, 207, 701, 750, 767, 777, 780<br \/>\n[<a href=\"http:\/\/www.carris.pt\/pt\/carreiras\/\">site da Carris<\/a>]<\/p>\n<h4>Carro:<\/h4>\n<p><strong>Norte:<\/strong><br \/>\nA1 &rarr; 2\u00aa Circular &rarr; Campo Grande<\/p>\n<p><strong>Sul:<\/strong><br \/>\nA2 &rarr; Ponte 25 de Abril &rarr; Eixo norte Sul &rarr; Campo Grande, ou<br \/>\nA2 &rarr; Ponte Vasco da Gama &rarr; 2\u00aa Circular &rarr; Campo Grande<\/p>\n<p><strong>Oeste:<\/strong><br \/>\nA8 &rarr; Cal\u00e7ada de Carriche &rarr; Campo Grande<\/p>\n<p><strong>Cascais:<\/strong><br \/>\nA5 &rarr; 2\u00aa Circular &rarr; Campo Grande<\/p>\n","protected":false},"excerpt":{"rendered":"<p>&nbsp; O WordCamp Lisboa 2011 ter\u00e1 lugar no audit\u00f3rio da\u00a0\u00a0Universidade Lus\u00f3fona. A Universidade Lus\u00f3fona de Humanidades e Tecnologias \u00e9 a maior universidade privada em Portugal e \u00e9 parte integrante do subsistema particular e cooperativo do ensino superior Portugu\u00eas. Ver WordCamp &hellip; <a href=\"https:\/\/lisboa.wordcamp.org\/2011\/localizacao\/\">Continuar a ler <span class=\"screen-reader-text\">Localiza\u00e7\u00e3o<\/span>  <span class=\"meta-nav\">&rarr;<\/span><\/a><\/p>\n","protected":false},"author":113620,"featured_media":0,"parent":0,"menu_order":3,"comment_status":"closed","ping_status":"open","template":"","meta":{"jetpack_post_was_ever_published":false,"footnotes":""},"class_list":["post-207","page","type-page","status-publish","hentry"],"jetpack_shortlink":"https:\/\/wp.me\/P1kLlN-3l","jetpack_sharing_enabled":true,"_links":{"self":[{"href":"https:\/\/lisboa.wordcamp.org\/2011\/wp-json\/wp\/v2\/pages\/207","targetHints":{"allow":["GET"]}}],"collection":[{"href":"https:\/\/lisboa.wordcamp.org\/2011\/wp-json\/wp\/v2\/pages"}],"about":[{"href":"https:\/\/lisboa.wordcamp.org\/2011\/wp-json\/wp\/v2\/types\/page"}],"author":[{"embeddable":true,"href":"https:\/\/lisboa.wordcamp.org\/2011\/wp-json\/wp\/v2\/users\/113620"}],"replies":[{"embeddable":true,"href":"https:\/\/lisboa.wordcamp.org\/2011\/wp-json\/wp\/v2\/comments?post=207"}],"version-history":[{"count":16,"href":"https:\/\/lisboa.wordcamp.org\/2011\/wp-json\/wp\/v2\/pages\/207\/revisions"}],"predecessor-version":[{"id":1092,"href":"https:\/\/lisboa.wordcamp.org\/2011\/wp-json\/wp\/v2\/pages\/207\/revisions\/1092"}],"wp:attachment":[{"href":"https:\/\/lisboa.wordcamp.org\/2011\/wp-json\/wp\/v2\/media?parent=207"}],"curies":[{"name":"wp","href":"https:\/\/api.w.org\/{rel}","templated":true}]}}