{"id":280,"date":"2011-07-28T10:30:43","date_gmt":"2011-07-28T10:30:43","guid":{"rendered":"https:\/\/2011.lisboa.wordcamp.org\/?page_id=280"},"modified":"2012-11-07T12:14:09","modified_gmt":"2012-11-07T12:14:09","slug":"oradores","status":"publish","type":"page","link":"https:\/\/lisboa.wordcamp.org\/2011\/oradores\/","title":{"rendered":"Oradores"},"content":{"rendered":"\n\t\t<div class=\"cpt-loop speaker-gravatar-list clearfix\">\n\t\t\t<p>\n\t\t\t\t\t\t\t<a href='#ana-silva' title='Ana Silva'><img alt='' src='https:\/\/secure.gravatar.com\/avatar\/3875c4aaf91ed3abbaa47bb294d3642ca66f4d4d6603fff463d8e3262d0d5b65?s=48&#038;d=mm&#038;r=g' srcset='https:\/\/secure.gravatar.com\/avatar\/3875c4aaf91ed3abbaa47bb294d3642ca66f4d4d6603fff463d8e3262d0d5b65?s=96&#038;d=mm&#038;r=g 2x' class='avatar avatar-48 photo' height='48' width='48' \/><\/a>\t\t\t\t\t\t\t<a href='#andre-luis' title='Andr\u00e9 Lu\u00eds'><img alt='' src='https:\/\/secure.gravatar.com\/avatar\/5638d959cf3f5f1e52d9a0decf252379d5d39fac406d0bbefb92f6ebe7d4d004?s=48&#038;d=mm&#038;r=g' srcset='https:\/\/secure.gravatar.com\/avatar\/5638d959cf3f5f1e52d9a0decf252379d5d39fac406d0bbefb92f6ebe7d4d004?s=96&#038;d=mm&#038;r=g 2x' class='avatar avatar-48 photo' height='48' width='48' \/><\/a>\t\t\t\t\t\t\t<a href='#drew-strojny' title='Drew Strojny'><img alt='' src='https:\/\/secure.gravatar.com\/avatar\/c9523b534635da4ae05b1e18c37161bbb148031cad072dd65cd9b9181a246b07?s=48&#038;d=mm&#038;r=g' srcset='https:\/\/secure.gravatar.com\/avatar\/c9523b534635da4ae05b1e18c37161bbb148031cad072dd65cd9b9181a246b07?s=96&#038;d=mm&#038;r=g 2x' class='avatar avatar-48 photo' height='48' width='48' \/><\/a>\t\t\t\t\t\t\t<a href='#hugo-baeta' title='Hugo Baeta'><img alt='' src='https:\/\/secure.gravatar.com\/avatar\/e94925242cd9570edb2522929c6648fc1bcbf0303203f6fa52ff157eabdec9e9?s=48&#038;d=mm&#038;r=g' srcset='https:\/\/secure.gravatar.com\/avatar\/e94925242cd9570edb2522929c6648fc1bcbf0303203f6fa52ff157eabdec9e9?s=96&#038;d=mm&#038;r=g 2x' class='avatar avatar-48 photo' height='48' width='48' \/><\/a>\t\t\t\t\t\t\t<a href='#isaac-keyet' title='Isaac Keyet'><img alt='' src='https:\/\/secure.gravatar.com\/avatar\/c55f280ae17973cca5501727999d71f904a6cb6dfe861dfd169847f93a610aac?s=48&#038;d=mm&#038;r=g' srcset='https:\/\/secure.gravatar.com\/avatar\/c55f280ae17973cca5501727999d71f904a6cb6dfe861dfd169847f93a610aac?s=96&#038;d=mm&#038;r=g 2x' class='avatar avatar-48 photo' height='48' width='48' \/><\/a>\t\t\t\t\t\t\t<a href='#nuno-morgadinho' title='Nuno Morgadinho'><img alt='' src='https:\/\/secure.gravatar.com\/avatar\/1587a4bd9aa73818823dae1b661300f3f148e145df6ee441653fbd95b3741e5c?s=48&#038;d=mm&#038;r=g' srcset='https:\/\/secure.gravatar.com\/avatar\/1587a4bd9aa73818823dae1b661300f3f148e145df6ee441653fbd95b3741e5c?s=96&#038;d=mm&#038;r=g 2x' class='avatar avatar-48 photo' height='48' width='48' \/><\/a>\t\t\t\t\t\t\t<a href='#paulo-faustino' title='Paulo Faustino'><img alt='' src='https:\/\/secure.gravatar.com\/avatar\/2d254334bc647e6a7af9182ca746235a4ff5cdc5939409fca86bac93b17d1bdf?s=48&#038;d=mm&#038;r=g' srcset='https:\/\/secure.gravatar.com\/avatar\/2d254334bc647e6a7af9182ca746235a4ff5cdc5939409fca86bac93b17d1bdf?s=96&#038;d=mm&#038;r=g 2x' class='avatar avatar-48 photo' height='48' width='48' \/><\/a>\t\t\t\t\t\t\t<a href='#pedro-dias' title='Pedro Dias'><img alt='' src='https:\/\/secure.gravatar.com\/avatar\/47547b43a5200d1fdfd0dcdab6f470483e379f0eb8427b8db385479f64fb41d3?s=48&#038;d=mm&#038;r=g' srcset='https:\/\/secure.gravatar.com\/avatar\/47547b43a5200d1fdfd0dcdab6f470483e379f0eb8427b8db385479f64fb41d3?s=96&#038;d=mm&#038;r=g 2x' class='avatar avatar-48 photo' height='48' width='48' \/><\/a>\t\t\t\t\t\t\t<a href='#rui-santos' title='Rui Santos'><img alt='' src='https:\/\/secure.gravatar.com\/avatar\/a452da534776ee3f0337d9f6fc24805b41d62d6ba1da9b760d6582576ae5a50a?s=48&#038;d=mm&#038;r=g' srcset='https:\/\/secure.gravatar.com\/avatar\/a452da534776ee3f0337d9f6fc24805b41d62d6ba1da9b760d6582576ae5a50a?s=96&#038;d=mm&#038;r=g 2x' class='avatar avatar-48 photo' height='48' width='48' \/><\/a>\t\t\t\t\t\t\t<a href='#scott-berkun' title='Scott Berkun'><img alt='' src='https:\/\/secure.gravatar.com\/avatar\/65edd30e21b8b5184b3211950c0cd2c99b43d70fddf718ba2576dd60b2eb8754?s=48&#038;d=mm&#038;r=g' srcset='https:\/\/secure.gravatar.com\/avatar\/65edd30e21b8b5184b3211950c0cd2c99b43d70fddf718ba2576dd60b2eb8754?s=96&#038;d=mm&#038;r=g 2x' class='avatar avatar-48 photo' height='48' width='48' \/><\/a>\t\t\t\t\t\t\t<a href='#sergio-carvalho-2' title='S\u00e9rgio Carvalho'><img alt='' src='https:\/\/secure.gravatar.com\/avatar\/3dff3554654380f9ba7e68764e3e19d61668e893845fac85c68dd5c323608293?s=48&#038;d=mm&#038;r=g' srcset='https:\/\/secure.gravatar.com\/avatar\/3dff3554654380f9ba7e68764e3e19d61668e893845fac85c68dd5c323608293?s=96&#038;d=mm&#038;r=g 2x' class='avatar avatar-48 photo' height='48' width='48' \/><\/a>\t\t\t\t\t\t\t<a href='#tiago-noronha' title='Tiago Noronha'><img alt='' src='https:\/\/secure.gravatar.com\/avatar\/0352cd451932c8a2ab15b8457933e6d90cc919bbf23db63e3bc35ee41d56577e?s=48&#038;d=mm&#038;r=g' srcset='https:\/\/secure.gravatar.com\/avatar\/0352cd451932c8a2ab15b8457933e6d90cc919bbf23db63e3bc35ee41d56577e?s=96&#038;d=mm&#038;r=g 2x' class='avatar avatar-48 photo' height='48' width='48' \/><\/a>\t\t\t\t\t\t<\/p>\n\t\t<\/div>\n\n\t\t\t\t\n\t\t<div class=\"cpt-loop speakers\">\n\t\t\t<div class=\"grid_6 alpha\">\n\n\t\t\t\t\n\t\t\t\t\t\n\t\t\t\t\t<div id=\"ana-silva\" class=\"speaker clearfix odd post-682 wcb_speaker type-wcb_speaker status-publish hentry\" >\n\t\t\t\t\t\t<h3 class=\"entry-title speaker-name\">Ana Silva<\/h3>\n\t\t\t\t\t\t<div class=\"entry-content speaker-bio\">\n\t\t\t\t\t\t<img alt='' src='https:\/\/secure.gravatar.com\/avatar\/3875c4aaf91ed3abbaa47bb294d3642ca66f4d4d6603fff463d8e3262d0d5b65?s=102&#038;d=mm&#038;r=g' srcset='https:\/\/secure.gravatar.com\/avatar\/3875c4aaf91ed3abbaa47bb294d3642ca66f4d4d6603fff463d8e3262d0d5b65?s=204&#038;d=mm&#038;r=g 2x' class='avatar avatar-102 photo' height='102' width='102' \/><p>Ana Silva acumula a responsabilidade pela \u00e1rea de\u00a0<em>Collaboration Management<\/em>\u00a0e\u00a0<em>Social Media<\/em>\u00a0num grande grupo industrial (sim, ela \u201cvive\u201d no mundo corporativo!) com a paix\u00e3o pelas potencialidades das novas plataformas sociais na Web.<\/p>\n<p>Iniciou-se no universo dos blogs em 2006, em jeito de di\u00e1rio tem\u00e1tico, mas s\u00f3 em 2010 se aventura no mundo WordPress. Com um <em>background<\/em> em Gest\u00e3o, assume-se como uma falsa <em>geek<\/em>, confessando que acha piada ao mundo da tecnologia mas que no fundo percebe pouco do assunto.<\/p>\n<p>Nos tempos livres organiza confer\u00eancias \u2013 <a href=\"http:\/\/www.talks20.com\/\" target=\"_blank\">Talks 2.0<\/a> ou <a href=\"http:\/\/cidadania20.com\/\" target=\"_blank\">Cidadania 2.0<\/a> s\u00e3o alguns exemplos \u2013 d\u00e1 aulas, escreve, l\u00ea e tenta gerir uma agenda por vezes ca\u00f3tica.<\/p>\n<p>[<em><a href=\"https:\/\/2011.lisboa.wordcamp.org\/2011\/08\/22\/oradora-confirmada-ana-silva\/\">Mais sobre Ana Silva&#8230;<\/a><\/em>]<\/p>\n\t\t\t\t\t\t<\/div>\n\t\t\t\t\t<\/div>\n\t\t\t\t\n\t\t\t\t\t\n\t\t\t\t\t<div id=\"andre-luis\" class=\"speaker clearfix even post-478 wcb_speaker type-wcb_speaker status-publish hentry\" >\n\t\t\t\t\t\t<h3 class=\"entry-title speaker-name\">Andr\u00e9 Lu\u00eds<\/h3>\n\t\t\t\t\t\t<div class=\"entry-content speaker-bio\">\n\t\t\t\t\t\t<img alt='' src='https:\/\/secure.gravatar.com\/avatar\/5638d959cf3f5f1e52d9a0decf252379d5d39fac406d0bbefb92f6ebe7d4d004?s=102&#038;d=mm&#038;r=g' srcset='https:\/\/secure.gravatar.com\/avatar\/5638d959cf3f5f1e52d9a0decf252379d5d39fac406d0bbefb92f6ebe7d4d004?s=204&#038;d=mm&#038;r=g 2x' class='avatar avatar-102 photo' height='102' width='102' \/><p>Andr\u00e9 Lu\u00eds \u00e9 um nerd. Um nerd fascinado pela Internet e pela forma como esta mudou a Humanidade.\u00a0Esporadicamente bloga em <a href=\"http:\/\/andr3.net\/blog\">http:\/\/andr3.net\/blog<\/a> mas est\u00e1 espalhado por essa web fora (<a href=\"http:\/\/id.andr3.net\/\">http:\/\/id.andr3.net<\/a>).<\/p>\n<p>Tem v\u00e1rios projectos (iGive, DailyPhotoWall, etc.) e adora falar sobre o que lhe vai na alma. Actualmente, os seus maiores interesses passam por creative commons, html5, css3 e acessibilidade na web \u2014 naturalmente, isto tudo culmina com uma paix\u00e3o assolapada pelo WordPress.<\/p>\n<p>Ah! Adora comer, fotografia (mas n\u00e3o comer fotografias), tipografia e standup comedy.<\/p>\n\t\t\t\t\t\t<\/div>\n\t\t\t\t\t<\/div>\n\t\t\t\t\n\t\t\t\t\t\n\t\t\t\t\t<div id=\"drew-strojny\" class=\"speaker clearfix odd post-965 wcb_speaker type-wcb_speaker status-publish hentry\" >\n\t\t\t\t\t\t<h3 class=\"entry-title speaker-name\">Drew Strojny<\/h3>\n\t\t\t\t\t\t<div class=\"entry-content speaker-bio\">\n\t\t\t\t\t\t<img alt='' src='https:\/\/secure.gravatar.com\/avatar\/c9523b534635da4ae05b1e18c37161bbb148031cad072dd65cd9b9181a246b07?s=102&#038;d=mm&#038;r=g' srcset='https:\/\/secure.gravatar.com\/avatar\/c9523b534635da4ae05b1e18c37161bbb148031cad072dd65cd9b9181a246b07?s=204&#038;d=mm&#038;r=g 2x' class='avatar avatar-102 photo' height='102' width='102' \/><p>Drew Strojny \u00e9 o fundador e director da <a href=\"http:\/\/jestro.com\/\" target=\"_blank\">Jestro<\/a>, uma empresa de Boise (Idaho), mais conhecida pelo seu projecto de temas para WordPress, a <a href=\"http:\/\/thethemefoundry.com\/\" target=\"_blank\">Theme Foundry<\/a>.<\/p>\n<p>Drew \u00e9 licenciado pela Duke University, em Filosofia. Foi seleccionado pelos New York Giants para a temporada de 2004 da NFL. Retirou-se da NFL em 2007 e fundou a Jestro, com a sua esposa Jennifer, nesse mesmo ano.<\/p>\n\t\t\t\t\t\t<\/div>\n\t\t\t\t\t<\/div>\n\t\t\t\t\n\t\t\t\t\t\n\t\t\t\t\t<div id=\"hugo-baeta\" class=\"speaker clearfix even post-885 wcb_speaker type-wcb_speaker status-publish hentry\" >\n\t\t\t\t\t\t<h3 class=\"entry-title speaker-name\">Hugo Baeta<\/h3>\n\t\t\t\t\t\t<div class=\"entry-content speaker-bio\">\n\t\t\t\t\t\t<img alt='' src='https:\/\/secure.gravatar.com\/avatar\/e94925242cd9570edb2522929c6648fc1bcbf0303203f6fa52ff157eabdec9e9?s=102&#038;d=mm&#038;r=g' srcset='https:\/\/secure.gravatar.com\/avatar\/e94925242cd9570edb2522929c6648fc1bcbf0303203f6fa52ff157eabdec9e9?s=204&#038;d=mm&#038;r=g 2x' class='avatar avatar-102 photo' height='102' width='102' \/><p>Hugo Baeta trabalha profissionalmente como webdesigner e front-end developer desde 2004, dedicando-se especialmente a criar interfaces e design para a web. Contribui activamente para a <a href=\"http:\/\/wp-portugal.com\" target=\"_blank\">comunidade portuguesa de WordPress<\/a> ao escrever artigos para o blog da comunidade e como administrador do forum. <\/p>\n<p>No presente trabalha na <a href=\"http:\/\/automattic.com\" target=\"_blank\">Automattic<\/a> como Social Designer para o WordPress.com. Segundo o pr\u00f3prio \u00e9 o seu trabalho de sonho onde tem o privil\u00e9gio de trabalhar lado a lado com algumas das pessoas mais inteligentes que j\u00e1 conheceu.<\/p>\n<p>Nascido e criado em Lisboa, cidade que ama, n\u00e3o consegue deixar de viajar regularmente pois diz que lhe estimula a criatividade. Est\u00e1 neste momento a estudar &#8220;Webdesign &#038; New Media&#8221; num programa online na <a href=\"http:\/\/www.academyart.edu\/\" target=\"_blank\">San Francisco Academy of Art University<\/a>.<\/p>\n\t\t\t\t\t\t<\/div>\n\t\t\t\t\t<\/div>\n\t\t\t\t\n\t\t\t\t\t\n\t\t\t\t\t<div id=\"isaac-keyet\" class=\"speaker clearfix odd post-629 wcb_speaker type-wcb_speaker status-publish hentry\" >\n\t\t\t\t\t\t<h3 class=\"entry-title speaker-name\">Isaac Keyet<\/h3>\n\t\t\t\t\t\t<div class=\"entry-content speaker-bio\">\n\t\t\t\t\t\t<img alt='' src='https:\/\/secure.gravatar.com\/avatar\/c55f280ae17973cca5501727999d71f904a6cb6dfe861dfd169847f93a610aac?s=102&#038;d=mm&#038;r=g' srcset='https:\/\/secure.gravatar.com\/avatar\/c55f280ae17973cca5501727999d71f904a6cb6dfe861dfd169847f93a610aac?s=204&#038;d=mm&#038;r=g 2x' class='avatar avatar-102 photo' height='102' width='102' \/><p>Isaac Keyet \u00e9 um dos co-fundadores originais do IntenseDebate.com, um plugin de coment\u00e1rios para blogs e sites que foi adquirido pela Automattic, em 2008. Desde ent\u00e3o, trabalhou em v\u00e1rios projectos diferentes, com um foco em design gr\u00e1fico.<\/p>\n<p>Ultimamente tem trabalhado sobretudo nas <a href=\"http:\/\/wordpress.org\/extend\/mobile\/\">aplica\u00e7\u00f5es m\u00f3veis para o WordPress<\/a>. Como chefe da projecto e <em>designer<\/em> da equipa Mobile, Isaac ajudou a lan\u00e7ar aplica\u00e7\u00f5es para WordPress em 3 novas plataformas e a melhorar e iterar sobre as j\u00e1 existentes. Hoje, cerca de meio milh\u00e3o de artigos s\u00e3o publicados todos os meses no WordPress.com, usando uma dessas aplica\u00e7\u00f5es.<\/p>\n<p>[<em><a title=\"Orador confirmado: Isaac Keyet\" href=\"https:\/\/2011.lisboa.wordcamp.org\/2011\/08\/19\/orador-confirmado-isaac-keyet\/\">mais sobre Isaac Keyet&#8230;<\/a><\/em>]<\/p>\n\t\t\t\t\t\t<\/div>\n\t\t\t\t\t<\/div>\n\t\t\t\t\n\t\t\t\t\t\n\t\t\t\t\t<div id=\"nuno-morgadinho\" class=\"speaker clearfix even post-644 wcb_speaker type-wcb_speaker status-publish hentry\" >\n\t\t\t\t\t\t<h3 class=\"entry-title speaker-name\">Nuno Morgadinho<\/h3>\n\t\t\t\t\t\t<div class=\"entry-content speaker-bio\">\n\t\t\t\t\t\t<img alt='' src='https:\/\/secure.gravatar.com\/avatar\/1587a4bd9aa73818823dae1b661300f3f148e145df6ee441653fbd95b3741e5c?s=102&#038;d=mm&#038;r=g' srcset='https:\/\/secure.gravatar.com\/avatar\/1587a4bd9aa73818823dae1b661300f3f148e145df6ee441653fbd95b3741e5c?s=204&#038;d=mm&#038;r=g 2x' class='avatar avatar-102 photo' height='102' width='102' \/><p>Nuno Morgadinho \u00e9 um dos co-fundadores da\u00a0<a href=\"http:\/\/www.widgilabs.com\/\" target=\"_blank\">WidgiLabs<\/a>, uma empresa na \u00e1rea das tecnologias, que se especializa em WordPress e onde d\u00e1 asas \u00e0s suas ideias. Antes disso trabalhou como consultor e programador para a Ag\u00eancia Espacial Europeia e anteriormente para a YDreams. \u00c9 um apaixonado pelo que chama de &#8220;<em>beautiful software<\/em>&#8221; onde se encaixa, na sua opini\u00e3o, o WordPress.<\/p>\n<p>Criou o\u00a0<a href=\"http:\/\/www.opentipi.com\/\" target=\"_blank\">OpenTipi<\/a>, um servi\u00e7o online para sites de imobili\u00e1rias e ultimamente tem tentado sobretudo democratizar o uso do WordPress desenvolvendo trabalhos para clientes, publicando\u00a0<a href=\"http:\/\/wordpress.org\/extend\/plugins\/wp-unit\/\" target=\"_blank\">plugins<\/a>\u00a0no reposit\u00f3rio oficial, dando\u00a0<a href=\"http:\/\/wp-portugal.com\/2010\/11\/26\/apresentacao-nuno-morgadinho-e-os-ambientes-de-desenvolvimento-em-wordpress\/\" target=\"_blank\">palestras<\/a>\u00a0nos <em>meetups<\/em> locais e ajudando na organiza\u00e7\u00e3o do WordCamp Lisboa.<\/p>\n<p>Nos tempos livres faz Kung-fu e mais recentemente kite surfing. \u00c9 um <em>blogger<\/em> activo desde 2006 e teve a oportunidade este ano de conhecer o pr\u00f3prio Matt Mullenweg.<\/p>\n\t\t\t\t\t\t<\/div>\n\t\t\t\t\t<\/div>\n\t\t\t\t\n\t\t\t\t\t<\/div><div class=\"grid_6 omega\">\n\t\t\t\t\t<div id=\"paulo-faustino\" class=\"speaker clearfix odd post-601 wcb_speaker type-wcb_speaker status-publish hentry\" >\n\t\t\t\t\t\t<h3 class=\"entry-title speaker-name\">Paulo Faustino<\/h3>\n\t\t\t\t\t\t<div class=\"entry-content speaker-bio\">\n\t\t\t\t\t\t<img alt='' src='https:\/\/secure.gravatar.com\/avatar\/2d254334bc647e6a7af9182ca746235a4ff5cdc5939409fca86bac93b17d1bdf?s=102&#038;d=mm&#038;r=g' srcset='https:\/\/secure.gravatar.com\/avatar\/2d254334bc647e6a7af9182ca746235a4ff5cdc5939409fca86bac93b17d1bdf?s=204&#038;d=mm&#038;r=g 2x' class='avatar avatar-102 photo' height='102' width='102' \/><p>Paulo Faustino \u00e9 o fundador das Escolas+, uma rede de Blogs Educacionais constitu\u00edda por equipa de 6 pessoas actualmente. \u00c9 um empreendedor e blogueiro que dedica a sua vida \u00e0 produ\u00e7\u00e3o e partilha de conte\u00fados numa rede de projectos que conta j\u00e1 com alguns dos mais reconhecidos blogs do Brasil e Portugal, nomeadamente o <a href=\"http:\/\/www.escoladinheiro.com\/\">Escola Dinheiro<\/a>, <a href=\"http:\/\/www.escolawp.com\/\">Escola WordPress<\/a>, <a href=\"http:\/\/www.escolacriatividade.com\/\">Escola Criatividade<\/a> e tamb\u00e9m a <a href=\"http:\/\/www.galeriadeblogs.com\/\">Galeria de Blogs<\/a>. \u00c9 estudante de Eng\u00aa Inform\u00e1tica em Sistemas de Informa\u00e7\u00e3o, redator convidado do <a href=\"http:\/\/imasters.com.br\/\">portal iMasters<\/a> do Brasil e palestrante internacional, tendo j\u00e1 participado em eventos de grande n\u00edvel como a ExpOn 2011 de S\u00e3o Paulo.<\/p>\n<p>\u00c9 autor de dois Livros Digitais de grande sucesso, <em>Exerc\u00edcios para Blogueiros<\/em> e o mais recente <em>De Desconhecido a Problogger<\/em>, que j\u00e1 ultrapassou os mais de 15,000 downloads.<\/p>\n<p>[<em><a title=\"Orador confirmado: Paulo Faustino\" href=\"https:\/\/2011.lisboa.wordcamp.org\/2011\/08\/18\/orador-confirmado-paulo-faustino\/\">mais sobre Paulo Faustino&#8230;<\/a><\/em>]<\/p>\n\t\t\t\t\t\t<\/div>\n\t\t\t\t\t<\/div>\n\t\t\t\t\n\t\t\t\t\t\n\t\t\t\t\t<div id=\"pedro-dias\" class=\"speaker clearfix even post-842 wcb_speaker type-wcb_speaker status-publish hentry\" >\n\t\t\t\t\t\t<h3 class=\"entry-title speaker-name\">Pedro Dias<\/h3>\n\t\t\t\t\t\t<div class=\"entry-content speaker-bio\">\n\t\t\t\t\t\t<img alt='' src='https:\/\/secure.gravatar.com\/avatar\/47547b43a5200d1fdfd0dcdab6f470483e379f0eb8427b8db385479f64fb41d3?s=102&#038;d=mm&#038;r=g' srcset='https:\/\/secure.gravatar.com\/avatar\/47547b43a5200d1fdfd0dcdab6f470483e379f0eb8427b8db385479f64fb41d3?s=204&#038;d=mm&#038;r=g 2x' class='avatar avatar-102 photo' height='102' width='102' \/><p>Pedro Dias \u00e9 engenheiro de sistemas na PTisp e professor assistente no Instituto Polit\u00e9cnico de Tomar. Como qualquer geek passa grande parte da sua vida online, sendo utilizador ass\u00edduo das redes sociais como via de express\u00e3o e troca de conhecimento.<\/p>\n<p>Iniciou-se na \u00e1rea de administra\u00e7\u00e3o de sistemas bastante novo. Passando de seguida v\u00e1rios anos no desenvolvimento de software e ensino, onde desenvolveu diverso trabalho cientifico na aprendizagem e ensino da programa\u00e7\u00e3o, criando e mantendo m\u00faltiplos projectos (Botbeans, Portugol\u2026).<\/p>\n<p>Actualmente junta o melhor dos dois mundos como engenheiro de sistemas, onde encontrou a sua casa, permitindo-lhe conciliar o desenvolvimento de software com a administra\u00e7\u00e3o de sistemas. Adora implementar novas funcionalidades em todos os gadgets que encontra sendo fan\u00e1tico por automatismos como forma de evitar repetir algo m\u00faltiplas vezes.<\/p>\n<p>Nos tempos livres este transforma-se num verdadeiro petrol-head, passando muito do seu tempo em cima das duas e quatro rodas.<\/p>\n\t\t\t\t\t\t<\/div>\n\t\t\t\t\t<\/div>\n\t\t\t\t\n\t\t\t\t\t\n\t\t\t\t\t<div id=\"rui-santos\" class=\"speaker clearfix odd post-872 wcb_speaker type-wcb_speaker status-publish hentry\" >\n\t\t\t\t\t\t<h3 class=\"entry-title speaker-name\">Rui Santos<\/h3>\n\t\t\t\t\t\t<div class=\"entry-content speaker-bio\">\n\t\t\t\t\t\t<img alt='' src='https:\/\/secure.gravatar.com\/avatar\/a452da534776ee3f0337d9f6fc24805b41d62d6ba1da9b760d6582576ae5a50a?s=102&#038;d=mm&#038;r=g' srcset='https:\/\/secure.gravatar.com\/avatar\/a452da534776ee3f0337d9f6fc24805b41d62d6ba1da9b760d6582576ae5a50a?s=204&#038;d=mm&#038;r=g 2x' class='avatar avatar-102 photo' height='102' width='102' \/><p>Rui Santos \u00e9 Senior Developer e Product Manager na Portugalmail, estando desde 2009 ligado ao projecto <a href=\"http:\/\/blog.com\/\" target=\"_blank\">Blog.com<\/a>, uma das maiores instala\u00e7\u00f5es de WordPress existentes.<\/p>\n<p>Formado em Engenharia Inform\u00e1tica na FEUP, nutre especial interesse pela \u00e1reas de usabilidade e design de interac\u00e7\u00e3o, tentando aproximar o mundo dos geeks ao dos designers.<\/p>\n<p>Quando n\u00e3o est\u00e1 mergulhado em c\u00f3digo WordPress, viaja e dedica-se ao consumo compulsivo de m\u00fasica, cinema, livros e artes variadas.<\/p>\n\t\t\t\t\t\t<\/div>\n\t\t\t\t\t<\/div>\n\t\t\t\t\n\t\t\t\t\t\n\t\t\t\t\t<div id=\"scott-berkun\" class=\"speaker clearfix even post-457 wcb_speaker type-wcb_speaker status-publish hentry\" >\n\t\t\t\t\t\t<h3 class=\"entry-title speaker-name\">Scott Berkun<\/h3>\n\t\t\t\t\t\t<div class=\"entry-content speaker-bio\">\n\t\t\t\t\t\t<img alt='' src='https:\/\/secure.gravatar.com\/avatar\/65edd30e21b8b5184b3211950c0cd2c99b43d70fddf718ba2576dd60b2eb8754?s=102&#038;d=mm&#038;r=g' srcset='https:\/\/secure.gravatar.com\/avatar\/65edd30e21b8b5184b3211950c0cd2c99b43d70fddf718ba2576dd60b2eb8754?s=204&#038;d=mm&#038;r=g 2x' class='avatar avatar-102 photo' height='102' width='102' \/><p>Scott Berkun \u00e9 antes de mais um escritor e um palestrante. O seu trabalho foi publicado no New York Times, Washington Post, Forbes, Wall Street Journal, The Economist, Guardian, Wired, National Public Radio, Huffington Post e muitos outros meios.<\/p>\n<p>Leccionou na <a href=\"http:\/\/ideadog.wordpress.org\/\" target=\"_blank\">Universidade de Washington<\/a>, escreve para os blogs <a href=\"http:\/\/discussionleader.hbsp.com\/berkun\/\" target=\"_blank\">Harvard Business<\/a> e <a href=\"http:\/\/www.businessweek.com\/bios\/Scott_Berkun.htm\" target=\"_blank\">Business Week<\/a>, e tem aparecido frequentemente como especialista em inova\u00e7\u00e3o, na <a href=\"http:\/\/innovation.cnbc.com\/\" target=\"_blank\">CNBC<\/a> e MSNBC.<\/p>\n<p>\u00c9 o autor de tr\u00eas <em>bestsellers<\/em>, <em>Making Things Happen<\/em>, <em>The Myths of Innovation<\/em> e o mais recente <em>Confessions of a Public Speaker<\/em>.<\/p>\n<p>Trabalhou na Microsoft de 1994 a 2003, principalmente no Internet Explorer, da vers\u00e3o 1 \u00e0 5 (a 6 n\u00e3o!) e desde Agosto 2010 trabalha para a Automattic, no WordPress.com.<\/p>\n<p>[<em><a href=\"https:\/\/2011.lisboa.wordcamp.org\/2011\/07\/28\/orador-confirmado-scott-berkun\/\">mais sobre Scott Berkun&#8230;<\/a><\/em>]<\/p>\n\t\t\t\t\t\t<\/div>\n\t\t\t\t\t<\/div>\n\t\t\t\t\n\t\t\t\t\t\n\t\t\t\t\t<div id=\"sergio-carvalho-2\" class=\"speaker clearfix odd post-935 wcb_speaker type-wcb_speaker status-publish hentry\" >\n\t\t\t\t\t\t<h3 class=\"entry-title speaker-name\">S\u00e9rgio Carvalho<\/h3>\n\t\t\t\t\t\t<div class=\"entry-content speaker-bio\">\n\t\t\t\t\t\t<img alt='' src='https:\/\/secure.gravatar.com\/avatar\/3dff3554654380f9ba7e68764e3e19d61668e893845fac85c68dd5c323608293?s=102&#038;d=mm&#038;r=g' srcset='https:\/\/secure.gravatar.com\/avatar\/3dff3554654380f9ba7e68764e3e19d61668e893845fac85c68dd5c323608293?s=204&#038;d=mm&#038;r=g 2x' class='avatar avatar-102 photo' height='102' width='102' \/><p>S\u00e9rgio Carvalho \u00e9 o director t\u00e9cnico da <a href=\"http:\/\/portugalmail.net\/\" target=\"_blank\">Portugalmail<\/a>. Formado em Engenharia Inform\u00e1tica pela FEUP, fez parte da equipa que originalmente desenhou o servi\u00e7o de email da Portugalmail em Portugal, quando este foi transferido de regime de outsourcing para dentro de portas.<\/p>\n<p>Actualmente, est\u00e1 ligado \u00e0 equipa t\u00e9cnica que suporta o servi\u00e7o <a href=\"http:\/\/blog.com\" target=\"_blank\">Blog.com<\/a>, e focado nos desafios trazidos pelo posicionamento das plataformas de <em>blogging<\/em> no ecosistema de redes sociais ainda em convolu\u00e7\u00e3o.<\/p>\n\t\t\t\t\t\t<\/div>\n\t\t\t\t\t<\/div>\n\t\t\t\t\n\t\t\t\t\t\n\t\t\t\t\t<div id=\"tiago-noronha\" class=\"speaker clearfix even post-806 wcb_speaker type-wcb_speaker status-publish hentry\" >\n\t\t\t\t\t\t<h3 class=\"entry-title speaker-name\">Tiago Noronha<\/h3>\n\t\t\t\t\t\t<div class=\"entry-content speaker-bio\">\n\t\t\t\t\t\t<img alt='' src='https:\/\/secure.gravatar.com\/avatar\/0352cd451932c8a2ab15b8457933e6d90cc919bbf23db63e3bc35ee41d56577e?s=102&#038;d=mm&#038;r=g' srcset='https:\/\/secure.gravatar.com\/avatar\/0352cd451932c8a2ab15b8457933e6d90cc919bbf23db63e3bc35ee41d56577e?s=204&#038;d=mm&#038;r=g 2x' class='avatar avatar-102 photo' height='102' width='102' \/><p>O Tiago Noronha trabalha com o WordPress desde 2006 altura em que era\u00a0<em>freelancer<\/em>. Vendeu o seu primeiro tema em 2007 no Marketplace do <a href=\"http:\/\/SitePoint.com\/\">SitePoint.com<\/a> e\u00a0n\u00e3o parou desde ent\u00e3o.<\/p>\n<p>Hoje em dia \u00e9 um Ninja da equipa da <a href=\"http:\/\/www.woothemes.com\">WooThemes<\/a>, empresa onde trabalha\u00a0desde 2008 e onde\u00a0n\u00e3o s\u00f3 desenvolve temas como tamb\u00e9m pertence \u00e0 equipa de suporte t\u00e9cnico.<\/p>\n<p>\u00c9 estudante de Engenharia Inform\u00e1tica e nos tempos livres devora s\u00e9ries como\u00a0um verdadeiro <em>junkie<\/em>, l\u00ea (Guerra dos Tronos), faz Geocaching\u00a0e explora o mundo da fotografia.<\/p>\n\t\t\t\t\t\t<\/div>\n\t\t\t\t\t<\/div>\n\t\t\t\t\n\t\t\t<\/div>\n\t\t<\/div>\n\n\t\t\n","protected":false},"excerpt":{"rendered":"","protected":false},"author":113620,"featured_media":0,"parent":0,"menu_order":0,"comment_status":"open","ping_status":"closed","template":"template-full-width.php","meta":{"jetpack_post_was_ever_published":false,"footnotes":""},"class_list":["post-280","page","type-page","status-publish","hentry"],"jetpack_shortlink":"https:\/\/wp.me\/P1kLlN-4w","jetpack_sharing_enabled":true,"_links":{"self":[{"href":"https:\/\/lisboa.wordcamp.org\/2011\/wp-json\/wp\/v2\/pages\/280","targetHints":{"allow":["GET"]}}],"collection":[{"href":"https:\/\/lisboa.wordcamp.org\/2011\/wp-json\/wp\/v2\/pages"}],"about":[{"href":"https:\/\/lisboa.wordcamp.org\/2011\/wp-json\/wp\/v2\/types\/page"}],"author":[{"embeddable":true,"href":"https:\/\/lisboa.wordcamp.org\/2011\/wp-json\/wp\/v2\/users\/113620"}],"replies":[{"embeddable":true,"href":"https:\/\/lisboa.wordcamp.org\/2011\/wp-json\/wp\/v2\/comments?post=280"}],"version-history":[{"count":7,"href":"https:\/\/lisboa.wordcamp.org\/2011\/wp-json\/wp\/v2\/pages\/280\/revisions"}],"predecessor-version":[{"id":1094,"href":"https:\/\/lisboa.wordcamp.org\/2011\/wp-json\/wp\/v2\/pages\/280\/revisions\/1094"}],"wp:attachment":[{"href":"https:\/\/lisboa.wordcamp.org\/2011\/wp-json\/wp\/v2\/media?parent=280"}],"curies":[{"name":"wp","href":"https:\/\/api.w.org\/{rel}","templated":true}]}}