{"id":22,"date":"2012-06-30T13:51:28","date_gmt":"2012-06-30T13:51:28","guid":{"rendered":"https:\/\/2012.lisboa.wordcamp.org\/?page_id=22"},"modified":"2012-12-03T20:14:21","modified_gmt":"2012-12-03T20:14:21","slug":"patrocinios","status":"publish","type":"page","link":"https:\/\/lisboa.wordcamp.org\/2012\/patrocinios\/","title":{"rendered":"Patroc\u00ednios"},"content":{"rendered":"<p>A <a title=\"WordPress Portugal\" href=\"http:\/\/wp-portugal.com\">Comu\u00adnidade Por\u00adtuguesa de Word\u00adPress<\/a> conta com uma rede de vol\u00adun\u00adt\u00e1rios que prepara o Word\u00adCamp Lis\u00adboa ao por\u00admenor, em conjunto com algu\u00admas enti\u00addades que se asso\u00adcia\u00adram para o tornar pos\u00ads\u00edvel.<\/p>\n<p>Um evento desta dimen\u00ads\u00e3o, mesmo tendo colab\u00ado\u00adradores ded\u00adi\u00adca\u00addos, exige uma mobi\u00adliza\u00ad\u00e7\u00e3o de recur\u00adsos e uma log\u00eds\u00adtica a que o vol\u00adun\u00adtarismo por si s\u00f3 n\u00e3o pode respon\u00adder. Por isso, neces\u00adsi\u00adta\u00admos tam\u00adb\u00e9m de todos os que se queiram jun\u00adtar a n\u00f3s para tornar o Word\u00adCamp um evento nacional de dimen\u00ads\u00e3o global e um motivo de orgulho, con\u00adtribuindo acti\u00adva\u00admente com dona\u00adtivos, patroc\u00ednios e ofer\u00adtas de natureza log\u00edstica.<\/p>\n<p><span style=\"text-decoration: underline\">Os WordCamps n\u00e3o t\u00eam fins lucrativos.<\/span><\/p>\n<ul>\n<li><a href=\"#porque\">Porqu\u00ea patrocinar?<\/a><\/li>\n<li><a href=\"#niveis\">N\u00edveis de patroc\u00ednio<\/a><\/li>\n<li><a href=\"#quero-patrocinar\">Torne-se patrocinador<\/a><\/li>\n<li><a href=\"#notas\">Notas<\/a><\/li>\n<\/ul>\n<p><a name=\"porque\"><\/a><\/p>\n<h3>Porqu\u00ea patrocinar?<\/h3>\n<ul>\n<li>Na filosofia de um WordCamp, um patroc\u00ednio \u00e9 sobretudo, mais do que uma oportunidade de divulga\u00e7\u00e3o, uma maneira de retribuir a comunidade pelo trabalho volunt\u00e1rio que desenvolve, seja a traduzir, corrigir erros ou a dar suporte a utilizadores.<\/li>\n<li>\u00c9 tamb\u00e9m uma oportunidade \u00fanica para entrar em contacto directo com essa comunidade,<\/li>\n<li>\u00c9 o melhor momento para se apresentar e dar a conhecer o que faz, fomentando o <em>networking<\/em>\u00a0(tanto nacional como internacional),<\/li>\n<li>Aumenta o <em>karma<\/em> da sua empresa exponencialmente ;),<\/li>\n<li>Jantar de oradores e <em>after-party<\/em>, \u00e9 preciso dizer mais?<\/li>\n<\/ul>\n<p><a name=\"niveis\"><\/a><\/p>\n<h3>N\u00edveis de patroc\u00ednio<\/h3>\n<p>Se est\u00e1 interessado em apoiar este evento, estes s\u00e3o os n\u00edveis de patroc\u00ednio definidos. Note que n\u00e3o s\u00e3o r\u00edgidos e que estamos abertos a outras ideias que possa ter para patrocinar o evento, <span style=\"text-decoration: underline\">incluindo ajuda log\u00edstica<\/span>.<\/p>\n<p><strong>OURO<\/strong> &#8211; <em>a par\u00adtir de <strong>1.000\u20ac<\/strong><\/em><\/p>\n<ul>\n<li>3 bil\u00adhetes e con\u00advites para o jan\u00adtar de oradores<\/li>\n<li>Logotipo grande* e <em>link<\/em> no site e em todo o mate\u00adr\u00adial pro\u00admo\u00adcional (emails, <em>ban\u00adners<\/em> no evento)<\/li>\n<li>Artigo no <em>blog<\/em> e <em>tweet<\/em> a anun\u00adciar o patroc\u00ednio<\/li>\n<li>Mate\u00adr\u00adial pro\u00admo\u00adcional no \u00e1trio (4 auto\u00adcolantes ou 2 objec\u00adtos)<\/li>\n<li>Agradec\u00adi\u00admento for\u00admal no evento<\/li>\n<\/ul>\n<p><strong>PRATA<\/strong> &#8211;\u00a0<strong><em>700\u20ac<\/em><\/strong><\/p>\n<ul>\n<li>2 bil\u00adhetes e con\u00advites para o jan\u00adtar de oradores<\/li>\n<li>Logotipo m\u00e9dio* e <em>link<\/em> no site e\u00a0em todo o mate\u00adr\u00adial pro\u00admo\u00adcional (emails, <em>ban\u00adners<\/em> no evento)<\/li>\n<li>Artigo no <em>blog<\/em> e <em>tweet<\/em> a anun\u00adciar o patroc\u00ednio<\/li>\n<li>Mate\u00adr\u00adial pro\u00admo\u00adcional no \u00e1trio (2 auto\u00adcolantes ou 1 objecto)<\/li>\n<li>Agradec\u00adi\u00admento for\u00admal no evento<\/li>\n<\/ul>\n<p><strong>BRONZE<\/strong> &#8211; <strong><em>300\u20ac<\/em><\/strong><\/p>\n<ul>\n<li>1 bil\u00adhete e con\u00advite para o jan\u00adtar de oradores<\/li>\n<li>Logotipo pequeno* e <em>link<\/em> no site e\u00a0em todo o mate\u00adr\u00adial pro\u00admo\u00adcional (emails, <em>ban\u00adners<\/em> no evento)<\/li>\n<li>Artigo no <em>blog<\/em> e <em>tweet<\/em> a anun\u00adciar o patroc\u00ednio<\/li>\n<li>Mate\u00adr\u00adial pro\u00admo\u00adcional no \u00e1trio (1 auto\u00adcolante ou 1 objecto)<\/li>\n<li>Agradec\u00adi\u00admento for\u00admal no evento<\/li>\n<\/ul>\n<p><strong>MICRO<\/strong> &#8211; <strong><em>90\u20ac<\/em><\/strong><\/p>\n<ul>\n<li>1 bil\u00adhete e\u00a0con\u00advite para o jan\u00adtar de oradores<\/li>\n<li><em>Link<\/em> de texto no site<\/li>\n<\/ul>\n<p><a name=\"quero-patrocinar\"><\/a><\/p>\n<h3>Torne-se patrocinador<\/h3>\n<p>Por favor preencha este formul\u00e1rio para indicar o seu interesse em patrocinar o WordCamp Lisboa 2011<\/p>\n<p><div data-test='contact-form'\n\t\t\tid='contact-form-22'\n\t\t\tclass='jetpack-contact-form-container '\n\t\t\tdata-wp-interactive='jetpack\/form' data-wp-context='{\"formId\":\"22\",\"formHash\":\"f6b8c340173eae70f424d3ecd714f83c4d9fadb9\",\"showErrors\":false,\"errors\":[],\"fields\":[],\"isMultiStep\":false,\"useAjax\":true,\"submissionData\":null,\"formattedSubmissionData\":[],\"submissionSuccess\":false,\"submissionError\":null,\"elementId\":\"jp-form-f6b8c340173eae70f424d3ecd714f83c4d9fadb9\",\"isSingleInputForm\":false,\"isForcedHorizontal\":false}'\n\t\t\tdata-wp-watch--scroll-to-wrapper=\"callbacks.scrollToWrapper\"\n\t\t>\n<div class=\"contact-form-submission contact-form-ajax-submission\" data-wp-bind--aria-hidden=\"state.isSuccessMessageAriaHidden\" data-wp-class--submission-success=\"context.submissionSuccess\" id=\"contact-form-success-f6b8c340173eae70f424d3ecd714f83c4d9fadb9\" tabindex=\"-1\" aria-labelledby=\"contact-form-success-header-f6b8c340173eae70f424d3ecd714f83c4d9fadb9\"><p class=\"go-back-message\"><a class=\"link\" role=\"button\" tabindex=\"0\" data-wp-on--click=\"actions.goBack\" href=\"\/2012\/wp-json\/wp\/v2\/pages\/22\">\u2190 Back<\/a><\/p><h4 data-wp-bind--aria-hidden=\"state.isSuccessMessageAriaHidden\" id=\"contact-form-success-header-f6b8c340173eae70f424d3ecd714f83c4d9fadb9\">Your message has been sent<\/h4>\n\n<template data-wp-each--submission=\"context.formattedSubmissionData\">\n\t\t\t\t\t<div class=\"jetpack_forms_contact-form-success-summary\">\n\t\t\t\t\t\t<div class=\"field-name-wrapper\">\n\t\t\t\t\t\t\t<div class=\"field-type-icon\" data-wp-watch=\"callbacks.watchFieldTypeIcon\"><\/div>\n\t\t\t\t\t\t\t<div class=\"field-name\" data-wp-text=\"context.submission.label\" data-wp-bind--hidden=\"!context.submission.label\"><\/div>\n\t\t\t\t\t\t<\/div>\n\t\t\t\t\t\t<div class=\"field-value\" data-wp-text=\"context.submission.value\" data-wp-bind--hidden=\"!context.submission.showPlainValue\"><\/div>\n\t\t\t\t\t\t<a class=\"field-url\" data-wp-bind--href=\"context.submission.url\" data-wp-text=\"context.submission.value\" data-wp-bind--hidden=\"!context.submission.url\" target=\"_blank\" rel=\"noopener noreferrer\"><\/a>\n\t\t\t\t\t\t<div class=\"field-rating\" data-wp-bind--hidden=\"!context.submission.rating\" data-wp-watch=\"callbacks.watchRatingIcons\"><\/div>\n\t\t\t\t\t\t<div class=\"field-images\" data-wp-bind--hidden=\"!context.submission.images\">\n\t\t\t\t\t\t\t<template data-wp-each--image=\"context.submission.images\">\n\t\t\t\t\t\t\t\t<div class=\"field-image-option\" data-wp-class--is-empty=\"!context.image.src\">\n\t\t\t\t\t\t\t\t\t<figure class=\"field-image-option__image\" data-wp-class--is-empty=\"!context.image.src\">\n\t\t\t\t\t\t\t\t\t\t<img data-wp-bind--src=\"context.image.src\" data-wp-bind--hidden=\"!context.image.src\" \/>\n\t\t\t\t\t\t\t\t\t\t<img decoding=\"async\" src=\"data:image\/gif;base64,R0lGODlhAQABAAD\/ACwAAAAAAQABAAACADs=\" data-wp-bind--hidden=\"context.image.src\" \/>\n\t\t\t\t\t\t\t\t\t<\/figure>\n\t\t\t\t\t\t\t\t\t<div class=\"field-image-option__label-wrapper\">\n\t\t\t\t\t\t\t\t\t\t<span class=\"field-image-option__label-code\" data-wp-text=\"context.image.letterCode\"><\/span>\n\t\t\t\t\t\t\t\t\t\t<span class=\"field-image-option__label\" data-wp-text=\"context.image.label\" data-wp-bind--hidden=\"!context.image.label\"><\/span>\n\t\t\t\t\t\t\t\t\t<\/div>\n\t\t\t\t\t\t\t\t<\/div>\n\t\t\t\t\t\t\t<\/template>\n\t\t\t\t\t\t<\/div>\n\t\t\t\t\t\t<div class=\"field-files\" data-wp-bind--hidden=\"!context.submission.files\">\n\t\t\t\t\t\t\t<template data-wp-each--file=\"context.submission.files\">\n\t\t\t\t\t\t\t\t<div class=\"field-file\">\n\t\t\t\t\t\t\t\t\t<div class=\"field-file__thumbnail\" data-wp-style--background-image=\"context.file.previewUrl\" data-wp-style--mask-image=\"context.file.iconUrl\" data-wp-bind--hidden=\"!context.file.hasPreview\"><\/div>\n\t\t\t\t\t\t\t\t\t<svg class=\"field-file__icon\" data-wp-bind--hidden=\"context.file.hasPreview\" width=\"20\" height=\"20\" viewBox=\"0 0 24 24\" fill=\"none\" xmlns=\"http:\/\/www.w3.org\/2000\/svg\" aria-hidden=\"true\">\n\t\t\t\t\t\t\t\t\t\t<path d=\"M14 2H6C4.9 2 4 2.9 4 4V20C4 21.1 4.89 22 5.99 22H18C19.1 22 20 21.1 20 20V8L14 2ZM18 20H6V4H13V9H18V20Z\" fill=\"currentColor\"\/>\n\t\t\t\t\t\t\t\t\t<\/svg>\n\t\t\t\t\t\t\t\t\t<span class=\"field-file__name\" data-wp-text=\"context.file.name\"><\/span>\n\t\t\t\t\t\t\t\t\t<span class=\"field-file__size\" data-wp-text=\"context.file.size\"><\/span>\n\t\t\t\t\t\t\t\t<\/div>\n\t\t\t\t\t\t\t<\/template>\n\t\t\t\t\t\t<\/div>\n\t\t\t\t\t<\/div>\n\t\t\t\t<\/template><\/div><form action='https:\/\/lisboa.wordcamp.org\/2012\/patrocinios\/'\n\t\t\t\tid='jp-form-f6b8c340173eae70f424d3ecd714f83c4d9fadb9'\n\t\t\t\tmethod='post'\n\t\t\t\tclass='contact-form commentsblock jetpack-contact-form__form has-no-jetpack-form-layout' aria-label=\"Patroc\u00ednios\"\n\t\t\t\tdata-wp-on--submit=\"actions.onFormSubmit\"\n\t\t\t\tdata-wp-on--reset=\"actions.onFormReset\"\n\t\t\t\tdata-wp-class--submission-success=\"context.submissionSuccess\"\n\t\t\t\tdata-wp-class--is-first-step=\"state.isFirstStep\"\n\t\t\t\tdata-wp-class--is-last-step=\"state.isLastStep\"\n\t\t\t\tdata-wp-class--is-ajax-form=\"context.useAjax\"\n\t\t\t\tnovalidate >\n<input type='hidden' name='jetpack_contact_form_jwt' value='eyJ0eXAiOiJKV1QiLCJhbGciOiJIUzI1NiJ9.eyJlbmNyeXB0ZWRfYXR0cmlidXRlcyI6IkpKMTcyYVE3cUxJSjNxUXBINk9NYnM3WmI4MEdlWW1FUGZsRU9yNmlOSSt4cVhsQmdBOUNDQlZ1OHlvMmVqM0R6d0ZuTkVYK1YvaUlWZmJhQ1FFc3cySXlRSmZhZTJJeTBBVkhhRzRMdVd2QjAyejYyVFhjTG5nN0ZPQmdlQkpVaHBja05Zd1hoaytOditTUVRVVGNJSm9VRjZTM0R5a0FpTTJCLytjY05vZlZtV1g1MkZza2loSW9JQ3YyNlYwd2pKbWRZM2JnY2xZbkRCb0N1SnhpbXVGRnh3ZCtTQWI1Tk5pMlJYSjdqWVBsaDBqNFNTTUtraVd3V2t4TnlLcGpnVW5xekMvNTZreFFpM1hRSkl5VTFjSFFrN1ozRkE0WitQcmVrSzZLS2dlb1lrQmhrb2hIZW4rdWV1dWpRWXBRbkZuT2lBSkJOd29aTmxSRWFqYnloM0hTd1hUWnltbmI5UU83Q1lqSUlIRitORXVOM0k4WTVrSzZCVCtCUitjaDg3eW1nekh0dzUycHVaZk9TTUM4bExFcFNPZk9Fakh2SHZUb0NnUnI2dkFFRFdYN1JLMFdreTZlZnFGaDNYZ3ZFMThXa0cxemJpcmNNSU9iSUFFZEcrNytEbmFINlhjWFhUR01JUXdEd0JpSkFaOVp3WlZQTVVYUkwwdkF1NXRQSDhxVWdvRFBYOHB2RGpXYnBYZUxCU1Z3ZTdBMWNoWUttNS80RjA2MVhkTVdKcW4vcGpnRVJYUUVhdngrSnBYSnBYSXRYeW96VFZNelAwQWkyTllTUDE3RERkU29OaFFwSDRDZTU0QlpRZ24zOFFpL3ZuZXc2citFUklhbENJcG0vZW1sRnBaTmRsRmlqeTFpOGZFMkVNeWpMQ1BtblA2YXg5T0FXZjJqTU9aTm9zT0hGSHZCM3VkcjlidXpLTS9TR0oyY2MrSGoxc1BNRFVPRnFsSDRJQzRUaE1NSTdmZnRjVTZzeDdQV2dKR0pRTU5sR1hhWjFiZEdoNElZazlLazlNYVFOSUkyOGZ6U1dFNXpkRXRRY0JGRnRoS1c2UFUxSzBOVm5WRGtacWZIRDIyR0YwMG1vSmtoc0p6NWlUbDhmNHp6VHBzdEIyRjY1V0YzVDh6THJ4Nmo0S1RKWHJRUktUNG1BQzMwaGFvekxKempxUTFDM3U2SGNCOXI4b2UxbHN0SU9wRT0iLCJjb250ZW50IjoiIiwiaGFzaCI6ImY2YjhjMzQwMTczZWFlNzBmNDI0ZDNlY2Q3MTRmODNjNGQ5ZmFkYjkiLCJzb3VyY2UiOnsiZW50cnlfdGl0bGUiOiJQYXRyb2NcdTAwZWRuaW9zIiwiZW50cnlfcGFnZSI6MSwic291cmNlX2lkIjoyMiwic291cmNlX3R5cGUiOiJzaW5nbGUiLCJyZXF1ZXN0X3VybCI6Imh0dHBzOi8vbGlzYm9hLndvcmRjYW1wLm9yZy8yMDEyL3dwLWpzb24vd3AvdjIvcGFnZXMvMjIifSwidmVyc2lvbiI6MiwiY2lwaGVyIjoiYWVzLTI1Ni1nY20ifQ.YK8OMAkOIx7XzzWOmSvGruwpoy8EkDOWnH5AigxBwaA' \/>\n\n\t\t\t\t\n<div style=\"\"  data-wp-interactive=\"jetpack\/form\" data-wp-context='{\"fieldId\":\"g22-name\",\"fieldType\":\"name\",\"fieldLabel\":\"Name\",\"fieldValue\":\"\",\"fieldPlaceholder\":\"\",\"fieldIsRequired\":\"1\",\"fieldErrorMessage\":\"\",\"fieldExtra\":[],\"formHash\":\"f6b8c340173eae70f424d3ecd714f83c4d9fadb9\"}'  class='grunion-field-name-wrap grunion-field-wrap'  data-wp-init='callbacks.initializeField' data-wp-on--jetpack-form-reset='callbacks.initializeField' >\n<label\n\t\t\t\tfor='g22-name' class=\"grunion-field-label name\" >Name<span class=\"grunion-label-required\" aria-hidden=\"true\">(required)<\/span><\/label>\n<input\n\t\t\t\t\ttype='text'\n\t\t\t\t\tname='g22-name'\n\t\t\t\t\tid='g22-name'\n\t\t\t\t\tvalue=''\n\n\t\t\t\t\tdata-wp-bind--aria-invalid='state.fieldAriaInvalid'\n\t\t\t\t\tdata-wp-bind--value='state.getFieldValue'\n\t\t\t\t\taria-describedby='g22-name-text-error-message'\n\t\t\t\t\tdata-wp-on--input='actions.onFieldChange'\n\t\t\t\t\tdata-wp-on--blur='actions.onFieldBlur'\n\t\t\t\t\tdata-wp-class--has-value='state.hasFieldValue'\n\n\t\t\t\t\tclass='name  grunion-field' \n\t\t\t\t\trequired='true' aria-required='true'  \/>\n \n\t\t\t<div id=\"g22-name-text-error\" class=\"contact-form__input-error\" data-wp-class--has-errors=\"state.fieldHasErrors\">\n\t\t\t\t<span class=\"contact-form__warning-icon\" aria-hidden=\"true\">\n\t\t\t\t\t<svg width=\"16\" height=\"16\" viewBox=\"0 0 16 16\" fill=\"none\" xmlns=\"http:\/\/www.w3.org\/2000\/svg\">\n\t\t\t\t\t\t<path d=\"M8.50015 11.6402H7.50015V10.6402H8.50015V11.6402Z\" \/>\n\t\t\t\t\t\t<path d=\"M7.50015 9.64018H8.50015V6.30684H7.50015V9.64018Z\" \/>\n\t\t\t\t\t\t<path fill-rule=\"evenodd\" clip-rule=\"evenodd\" d=\"M6.98331 3.0947C7.42933 2.30177 8.57096 2.30177 9.01698 3.09469L13.8771 11.7349C14.3145 12.5126 13.7525 13.4735 12.8602 13.4735H3.14004C2.24774 13.4735 1.68575 12.5126 2.12321 11.7349L6.98331 3.0947ZM8.14541 3.58496C8.08169 3.47168 7.9186 3.47168 7.85488 3.58496L2.99478 12.2251C2.93229 12.3362 3.01257 12.4735 3.14004 12.4735H12.8602C12.9877 12.4735 13.068 12.3362 13.0055 12.2251L8.14541 3.58496Z\" \/>\n\t\t\t\t\t<\/svg>\n\t\t\t\t<\/span>\n\t\t\t\t<span data-wp-text=\"state.errorMessage\" id=\"g22-name-text-error-message\"><\/span>\n\t\t\t<\/div> \n\t<\/div>\n\n\t\t\t\t\n<div style=\"\"  data-wp-interactive=\"jetpack\/form\" data-wp-context='{\"fieldId\":\"g22-email\",\"fieldType\":\"email\",\"fieldLabel\":\"Email\",\"fieldValue\":\"\",\"fieldPlaceholder\":\"\",\"fieldIsRequired\":\"1\",\"fieldErrorMessage\":\"\",\"fieldExtra\":[],\"formHash\":\"f6b8c340173eae70f424d3ecd714f83c4d9fadb9\"}'  class='grunion-field-email-wrap grunion-field-wrap'  data-wp-init='callbacks.initializeField' data-wp-on--jetpack-form-reset='callbacks.initializeField' >\n<label\n\t\t\t\tfor='g22-email' class=\"grunion-field-label email\" >Email<span class=\"grunion-label-required\" aria-hidden=\"true\">(required)<\/span><\/label>\n<input\n\t\t\t\t\ttype='email'\n\t\t\t\t\tname='g22-email'\n\t\t\t\t\tid='g22-email'\n\t\t\t\t\tvalue=''\n\n\t\t\t\t\tdata-wp-bind--aria-invalid='state.fieldAriaInvalid'\n\t\t\t\t\tdata-wp-bind--value='state.getFieldValue'\n\t\t\t\t\taria-describedby='g22-email-email-error-message'\n\t\t\t\t\tdata-wp-on--input='actions.onFieldChange'\n\t\t\t\t\tdata-wp-on--blur='actions.onFieldBlur'\n\t\t\t\t\tdata-wp-class--has-value='state.hasFieldValue'\n\n\t\t\t\t\tclass='email  grunion-field' \n\t\t\t\t\trequired='true' aria-required='true'  \/>\n \n\t\t\t<div id=\"g22-email-email-error\" class=\"contact-form__input-error\" data-wp-class--has-errors=\"state.fieldHasErrors\">\n\t\t\t\t<span class=\"contact-form__warning-icon\" aria-hidden=\"true\">\n\t\t\t\t\t<svg width=\"16\" height=\"16\" viewBox=\"0 0 16 16\" fill=\"none\" xmlns=\"http:\/\/www.w3.org\/2000\/svg\">\n\t\t\t\t\t\t<path d=\"M8.50015 11.6402H7.50015V10.6402H8.50015V11.6402Z\" \/>\n\t\t\t\t\t\t<path d=\"M7.50015 9.64018H8.50015V6.30684H7.50015V9.64018Z\" \/>\n\t\t\t\t\t\t<path fill-rule=\"evenodd\" clip-rule=\"evenodd\" d=\"M6.98331 3.0947C7.42933 2.30177 8.57096 2.30177 9.01698 3.09469L13.8771 11.7349C14.3145 12.5126 13.7525 13.4735 12.8602 13.4735H3.14004C2.24774 13.4735 1.68575 12.5126 2.12321 11.7349L6.98331 3.0947ZM8.14541 3.58496C8.08169 3.47168 7.9186 3.47168 7.85488 3.58496L2.99478 12.2251C2.93229 12.3362 3.01257 12.4735 3.14004 12.4735H12.8602C12.9877 12.4735 13.068 12.3362 13.0055 12.2251L8.14541 3.58496Z\" \/>\n\t\t\t\t\t<\/svg>\n\t\t\t\t<\/span>\n\t\t\t\t<span data-wp-text=\"state.errorMessage\" id=\"g22-email-email-error-message\"><\/span>\n\t\t\t<\/div> \n\t<\/div>\n\n\t\t\t\t\n<div style=\"\"  data-wp-interactive=\"jetpack\/form\" data-wp-context='{\"fieldId\":\"g22-website\",\"fieldType\":\"url\",\"fieldLabel\":\"Website\",\"fieldValue\":\"\",\"fieldPlaceholder\":\"\",\"fieldIsRequired\":\"\",\"fieldErrorMessage\":\"\",\"fieldExtra\":[],\"formHash\":\"f6b8c340173eae70f424d3ecd714f83c4d9fadb9\"}'  class='grunion-field-url-wrap grunion-field-wrap'  data-wp-init='callbacks.initializeField' data-wp-on--jetpack-form-reset='callbacks.initializeField' >\n<label\n\t\t\t\tfor='g22-website' class=\"grunion-field-label url\" >Website<\/label>\n<input\n\t\t\t\t\ttype='text'\n\t\t\t\t\tname='g22-website'\n\t\t\t\t\tid='g22-website'\n\t\t\t\t\tvalue=''\n\n\t\t\t\t\tdata-wp-bind--aria-invalid='state.fieldAriaInvalid'\n\t\t\t\t\tdata-wp-bind--value='state.getFieldValue'\n\t\t\t\t\taria-describedby='g22-website-text-error-message'\n\t\t\t\t\tdata-wp-on--input='actions.onFieldChange'\n\t\t\t\t\tdata-wp-on--blur='actions.onFieldBlur'\n\t\t\t\t\tdata-wp-class--has-value='state.hasFieldValue'\n\n\t\t\t\t\tclass='url  grunion-field' \n\t\t\t\t\t \/>\n \n\t\t\t<div id=\"g22-website-text-error\" class=\"contact-form__input-error\" data-wp-class--has-errors=\"state.fieldHasErrors\">\n\t\t\t\t<span class=\"contact-form__warning-icon\" aria-hidden=\"true\">\n\t\t\t\t\t<svg width=\"16\" height=\"16\" viewBox=\"0 0 16 16\" fill=\"none\" xmlns=\"http:\/\/www.w3.org\/2000\/svg\">\n\t\t\t\t\t\t<path d=\"M8.50015 11.6402H7.50015V10.6402H8.50015V11.6402Z\" \/>\n\t\t\t\t\t\t<path d=\"M7.50015 9.64018H8.50015V6.30684H7.50015V9.64018Z\" \/>\n\t\t\t\t\t\t<path fill-rule=\"evenodd\" clip-rule=\"evenodd\" d=\"M6.98331 3.0947C7.42933 2.30177 8.57096 2.30177 9.01698 3.09469L13.8771 11.7349C14.3145 12.5126 13.7525 13.4735 12.8602 13.4735H3.14004C2.24774 13.4735 1.68575 12.5126 2.12321 11.7349L6.98331 3.0947ZM8.14541 3.58496C8.08169 3.47168 7.9186 3.47168 7.85488 3.58496L2.99478 12.2251C2.93229 12.3362 3.01257 12.4735 3.14004 12.4735H12.8602C12.9877 12.4735 13.068 12.3362 13.0055 12.2251L8.14541 3.58496Z\" \/>\n\t\t\t\t\t<\/svg>\n\t\t\t\t<\/span>\n\t\t\t\t<span data-wp-text=\"state.errorMessage\" id=\"g22-website-text-error-message\"><\/span>\n\t\t\t<\/div> \n\t<\/div>\n\n\t\t\t\t\n<div style=\"\"  data-wp-interactive=\"jetpack\/form\" data-wp-context='{\"fieldId\":\"g22-message\",\"fieldType\":\"textarea\",\"fieldLabel\":\"Message\",\"fieldValue\":\"\",\"fieldPlaceholder\":\"\",\"fieldIsRequired\":\"\",\"fieldErrorMessage\":\"\",\"fieldExtra\":[],\"formHash\":\"f6b8c340173eae70f424d3ecd714f83c4d9fadb9\"}'  class='grunion-field-textarea-wrap grunion-field-wrap'  data-wp-init='callbacks.initializeField' data-wp-on--jetpack-form-reset='callbacks.initializeField' >\n<label\n\t\t\t\tfor='contact-form-comment-g22-message' class=\"grunion-field-label textarea\" >Message<\/label>\n<textarea\n\t\t                style=''\n\t\t                name='g22-message'\n\t\t                id='contact-form-comment-g22-message'\n\t\t                rows='20'\n\t\t\t\t\t\tdata-wp-text='state.getFieldValue'\n\t\t\t\t\t\tdata-wp-on--input='actions.onFieldChange'\n\t\t\t\t\t\tdata-wp-on--blur='actions.onFieldBlur'\n\t\t\t\t\t\tdata-wp-class--has-value='state.hasFieldValue'\n\t\t\t\t\t\taria-describedby='g22-message-textarea-error-message'\n\t\t\t\t\t\tdata-wp-bind--aria-invalid='state.fieldAriaInvalid'\n\t\t\t\t\t\tclass='textarea  grunion-field'  ><\/textarea>\n \n\t\t\t<div id=\"g22-message-textarea-error\" class=\"contact-form__input-error\" data-wp-class--has-errors=\"state.fieldHasErrors\">\n\t\t\t\t<span class=\"contact-form__warning-icon\" aria-hidden=\"true\">\n\t\t\t\t\t<svg width=\"16\" height=\"16\" viewBox=\"0 0 16 16\" fill=\"none\" xmlns=\"http:\/\/www.w3.org\/2000\/svg\">\n\t\t\t\t\t\t<path d=\"M8.50015 11.6402H7.50015V10.6402H8.50015V11.6402Z\" \/>\n\t\t\t\t\t\t<path d=\"M7.50015 9.64018H8.50015V6.30684H7.50015V9.64018Z\" \/>\n\t\t\t\t\t\t<path fill-rule=\"evenodd\" clip-rule=\"evenodd\" d=\"M6.98331 3.0947C7.42933 2.30177 8.57096 2.30177 9.01698 3.09469L13.8771 11.7349C14.3145 12.5126 13.7525 13.4735 12.8602 13.4735H3.14004C2.24774 13.4735 1.68575 12.5126 2.12321 11.7349L6.98331 3.0947ZM8.14541 3.58496C8.08169 3.47168 7.9186 3.47168 7.85488 3.58496L2.99478 12.2251C2.93229 12.3362 3.01257 12.4735 3.14004 12.4735H12.8602C12.9877 12.4735 13.068 12.3362 13.0055 12.2251L8.14541 3.58496Z\" \/>\n\t\t\t\t\t<\/svg>\n\t\t\t\t<\/span>\n\t\t\t\t<span data-wp-text=\"state.errorMessage\" id=\"g22-message-textarea-error-message\"><\/span>\n\t\t\t<\/div>\n\t<\/div>\n\t<p class='contact-submit'>\n<div class=\"contact-form__error\" data-wp-class--show-errors=\"state.showFormErrors\"><span class=\"contact-form__warning-icon\" aria-hidden=\"true\"><i><\/i><\/span><span class=\"contact-form__error-message\" tabindex=\"-1\" data-wp-watch=\"callbacks.focusOnValidationError\" data-wp-text=\"state.getFormErrorMessage\"><\/span><ul aria-label=\"Form errors\">\n\t\t\t\t<template data-wp-each=\"state.getErrorList\" data-wp-key=\"context.item.id\">\n\t\t\t\t\t<li><a data-wp-bind--href=\"context.item.anchor\" data-wp-on--click=\"actions.scrollIntoView\" data-wp-text=\"context.item.label\"><\/a><\/li>\n\t\t\t\t<\/template>\n\t\t\t\t<\/ul><\/div><div class=\"contact-form__error\" data-wp-class--show-errors=\"state.showSubmissionError\" data-wp-text=\"context.submissionError\" tabindex=\"-1\" data-wp-watch=\"callbacks.focusOnSubmissionError\"><\/div>\t\t<button type='submit' class='pushbutton-wide'>Submit<\/button>\t\t<input type='hidden' name='contact-form-id' value='22' \/>\n\t\t<input type='hidden' name='action' value='grunion-contact-form' \/>\n\t\t<input type='hidden' name='contact-form-hash' value='f6b8c340173eae70f424d3ecd714f83c4d9fadb9' \/>\n\t<\/p>\n<p style=\"display: none !important;\" class=\"akismet-fields-container\" data-prefix=\"ak_\"><label>&#916;<textarea name=\"ak_hp_textarea\" cols=\"45\" rows=\"8\" maxlength=\"100\"><\/textarea><\/label><input type=\"hidden\" id=\"ak_js_1\" name=\"ak_js\" value=\"156\"\/><script type=\"text\/javascript\">\n\/* <![CDATA[ *\/\ndocument.getElementById( \"ak_js_1\" ).setAttribute( \"value\", ( new Date() ).getTime() );\n\/* ]]> *\/\n<\/script>\n<\/p><\/form>\n<\/div><br \/>\n<a name=\"notas\"><\/a><\/p>\n<h3>Notas<\/h3>\n<ul>\n<li>Sempre que forem mostradas listas de patrocinadores (no site, em banners e outro material impresso), a ordem \u00e9 do n\u00edvel mais alto para o mais baixo, por ordem alfab\u00e9tica dentro de cada n\u00edvel<\/li>\n<li>O grafismo a incluir dever\u00e1 ser fornecido por si, com qualidade suficiente para ser impresso.<\/li>\n<li>Os bilhetes oferecidos (tanto para o evento como para o jantar de oradores) n\u00e3o s\u00e3o reembols\u00e1veis nem podem ser vendidos. Se quiser oferecer os bilhetes a colaboradores ou clientes da empresa, pode faze-lo, mas por favor avise-nos das mudan\u00e7as de nome.<\/li>\n<li>\u00c9 claro que se n\u00e3o puder de todo vir ao WordCamp nem tiver hip\u00f3tese de transferir o(s) bilhete(s), pode sempre doa-los de volta ao lote de bilhetes para venda, o que desde j\u00e1 agradecemos.<\/li>\n<li>Pode sugerir uma apresenta\u00e7\u00e3o, como qualquer outra pessoa. Lembre-se que a apresenta\u00e7\u00e3o tem obrigatoriamente que ter a ver com o WordPress e que o facto de patrocinar o evento n\u00e3o lhe d\u00e1 uma garantia que seja aprovada.<\/li>\n<li>A visualiza\u00e7\u00e3o de links e logotipos de patrocinadores n\u00e3o ser\u00e1 activada enquanto n\u00e3o for efectivamente recebido o montante do patroc\u00ednio.<\/li>\n<li>* Os tamanhos exactos dos logotipos ser\u00e3o divulgados aqui, assim que estiver no ar o novo tema deste site.<\/li>\n<\/ul>\n","protected":false},"excerpt":{"rendered":"<p>A Comu\u00adnidade Por\u00adtuguesa de Word\u00adPress conta com uma rede de vol\u00adun\u00adt\u00e1rios que prepara o Word\u00adCamp Lis\u00adboa ao por\u00admenor, em conjunto com algu\u00admas enti\u00addades que se asso\u00adcia\u00adram para o tornar pos\u00ads\u00edvel. Um evento desta dimen\u00ads\u00e3o, mesmo tendo colab\u00ado\u00adradores ded\u00adi\u00adca\u00addos, exige uma &hellip; <a href=\"https:\/\/lisboa.wordcamp.org\/2012\/patrocinios\/\">Continuar a ler <span class=\"assistive-text\">Patroc\u00ednios<\/span>  <span class=\"meta-nav\">&rarr;<\/span><\/a><\/p>\n","protected":false},"author":113620,"featured_media":0,"parent":0,"menu_order":0,"comment_status":"closed","ping_status":"open","template":"","meta":{"_crdt_document":"","jetpack_post_was_ever_published":false,"footnotes":""},"class_list":["post-22","page","type-page","status-publish","hentry"],"jetpack_shortlink":"https:\/\/wp.me\/P2mAry-m","jetpack_sharing_enabled":true,"_links":{"self":[{"href":"https:\/\/lisboa.wordcamp.org\/2012\/wp-json\/wp\/v2\/pages\/22","targetHints":{"allow":["GET"]}}],"collection":[{"href":"https:\/\/lisboa.wordcamp.org\/2012\/wp-json\/wp\/v2\/pages"}],"about":[{"href":"https:\/\/lisboa.wordcamp.org\/2012\/wp-json\/wp\/v2\/types\/page"}],"author":[{"embeddable":true,"href":"https:\/\/lisboa.wordcamp.org\/2012\/wp-json\/wp\/v2\/users\/113620"}],"replies":[{"embeddable":true,"href":"https:\/\/lisboa.wordcamp.org\/2012\/wp-json\/wp\/v2\/comments?post=22"}],"version-history":[{"count":16,"href":"https:\/\/lisboa.wordcamp.org\/2012\/wp-json\/wp\/v2\/pages\/22\/revisions"}],"predecessor-version":[{"id":988,"href":"https:\/\/lisboa.wordcamp.org\/2012\/wp-json\/wp\/v2\/pages\/22\/revisions\/988"}],"wp:attachment":[{"href":"https:\/\/lisboa.wordcamp.org\/2012\/wp-json\/wp\/v2\/media?parent=22"}],"curies":[{"name":"wp","href":"https:\/\/api.w.org\/{rel}","templated":true}]}}