{"id":255,"date":"2012-08-22T15:50:00","date_gmt":"2012-08-22T15:50:00","guid":{"rendered":"https:\/\/2012.lisboa.wordcamp.org\/?page_id=255"},"modified":"2012-08-31T05:49:17","modified_gmt":"2012-08-31T05:49:17","slug":"banners","status":"publish","type":"page","link":"https:\/\/lisboa.wordcamp.org\/2012\/banners\/","title":{"rendered":"Banners!"},"content":{"rendered":"<p>J\u00e1 comprou o seu <a href=\"http:\/\/wordcamp-lisboa-2012.eventbrite.com\/\">bilhete<\/a>? Vai <a href=\"\/patrocinios\/\">patrocinar o WordCamp<\/a>? A sua apresenta\u00e7\u00e3o foi aprovada?<\/p>\n<p>Ajude-nos a divulgar, usando um destes <em>banners<\/em> no seu site, para mostrar ao mundo que vai ao WordCamp Lisboa 2012. Mesmo que n\u00e3o possa vir, pode usar o primeiro para divulgar o evento. Obrigado!<\/p>\n<div style=\"clear: both\">\n\n\t\t<style type=\"text\/css\">\n\t\t\t#gallery-1 {\n\t\t\t\tmargin: auto;\n\t\t\t}\n\t\t\t#gallery-1 .gallery-item {\n\t\t\t\tfloat: left;\n\t\t\t\tmargin-top: 10px;\n\t\t\t\ttext-align: center;\n\t\t\t\twidth: 25%;\n\t\t\t}\n\t\t\t#gallery-1 img {\n\t\t\t\tborder: 2px solid #cfcfcf;\n\t\t\t}\n\t\t\t#gallery-1 .gallery-caption {\n\t\t\t\tmargin-left: 0;\n\t\t\t}\n\t\t\t\/* see gallery_shortcode() in wp-includes\/media.php *\/\n\t\t<\/style>\n\t\t<div id='gallery-1' class='gallery galleryid-255 gallery-columns-4 gallery-size-thumbnail'><dl class='gallery-item'>\n\t\t\t<dt class='gallery-icon landscape'>\n\t\t\t\t<a href='https:\/\/lisboa.wordcamp.org\/2012\/banners\/banners-150x150-bright-en-generic\/'><img loading=\"lazy\" decoding=\"async\" width=\"150\" height=\"150\" src=\"https:\/\/lisboa.wordcamp.org\/2012\/files\/2012\/08\/banners-150x150-bright-en-generic.png\" class=\"attachment-thumbnail size-thumbnail\" alt=\"\" \/><\/a>\n\t\t\t<\/dt><\/dl><dl class='gallery-item'>\n\t\t\t<dt class='gallery-icon landscape'>\n\t\t\t\t<a href='https:\/\/lisboa.wordcamp.org\/2012\/banners\/banners-150x150-bright-en-imattending\/'><img loading=\"lazy\" decoding=\"async\" width=\"150\" height=\"150\" src=\"https:\/\/lisboa.wordcamp.org\/2012\/files\/2012\/08\/banners-150x150-bright-en-imattending.png\" class=\"attachment-thumbnail size-thumbnail\" alt=\"\" \/><\/a>\n\t\t\t<\/dt><\/dl><dl class='gallery-item'>\n\t\t\t<dt class='gallery-icon landscape'>\n\t\t\t\t<a href='https:\/\/lisboa.wordcamp.org\/2012\/banners\/banners-150x150-bright-en-imspeaking\/'><img loading=\"lazy\" decoding=\"async\" width=\"150\" height=\"150\" src=\"https:\/\/lisboa.wordcamp.org\/2012\/files\/2012\/08\/banners-150x150-bright-en-imspeaking.png\" class=\"attachment-thumbnail size-thumbnail\" alt=\"\" \/><\/a>\n\t\t\t<\/dt><\/dl><dl class='gallery-item'>\n\t\t\t<dt class='gallery-icon landscape'>\n\t\t\t\t<a href='https:\/\/lisboa.wordcamp.org\/2012\/banners\/banners-150x150-bright-en-sponsor\/'><img loading=\"lazy\" decoding=\"async\" width=\"150\" height=\"150\" src=\"https:\/\/lisboa.wordcamp.org\/2012\/files\/2012\/08\/banners-150x150-bright-en-sponsor.png\" class=\"attachment-thumbnail size-thumbnail\" alt=\"\" \/><\/a>\n\t\t\t<\/dt><\/dl><br style=\"clear: both\" \/><dl class='gallery-item'>\n\t\t\t<dt class='gallery-icon landscape'>\n\t\t\t\t<a href='https:\/\/lisboa.wordcamp.org\/2012\/banners\/banners-150x150-bright-pt-euvou\/'><img loading=\"lazy\" decoding=\"async\" width=\"150\" height=\"150\" src=\"https:\/\/lisboa.wordcamp.org\/2012\/files\/2012\/08\/banners-150x150-bright-pt-euvou.png\" class=\"attachment-thumbnail size-thumbnail\" alt=\"\" \/><\/a>\n\t\t\t<\/dt><\/dl><dl class='gallery-item'>\n\t\t\t<dt class='gallery-icon landscape'>\n\t\t\t\t<a href='https:\/\/lisboa.wordcamp.org\/2012\/banners\/banners-150x150-bright-pt-generic\/'><img loading=\"lazy\" decoding=\"async\" width=\"150\" height=\"150\" src=\"https:\/\/lisboa.wordcamp.org\/2012\/files\/2012\/08\/banners-150x150-bright-pt-generic.png\" class=\"attachment-thumbnail size-thumbnail\" alt=\"\" \/><\/a>\n\t\t\t<\/dt><\/dl><dl class='gallery-item'>\n\t\t\t<dt class='gallery-icon landscape'>\n\t\t\t\t<a href='https:\/\/lisboa.wordcamp.org\/2012\/banners\/banners-150x150-bright-pt-patrocinador\/'><img loading=\"lazy\" decoding=\"async\" width=\"150\" height=\"150\" src=\"https:\/\/lisboa.wordcamp.org\/2012\/files\/2012\/08\/banners-150x150-bright-pt-patrocinador.png\" class=\"attachment-thumbnail size-thumbnail\" alt=\"\" \/><\/a>\n\t\t\t<\/dt><\/dl><dl class='gallery-item'>\n\t\t\t<dt class='gallery-icon landscape'>\n\t\t\t\t<a href='https:\/\/lisboa.wordcamp.org\/2012\/banners\/banners-150x150-bright-pt-voufalar\/'><img loading=\"lazy\" decoding=\"async\" width=\"150\" height=\"150\" src=\"https:\/\/lisboa.wordcamp.org\/2012\/files\/2012\/08\/banners-150x150-bright-pt-voufalar.png\" class=\"attachment-thumbnail size-thumbnail\" alt=\"\" \/><\/a>\n\t\t\t<\/dt><\/dl><br style=\"clear: both\" \/><dl class='gallery-item'>\n\t\t\t<dt class='gallery-icon landscape'>\n\t\t\t\t<a href='https:\/\/lisboa.wordcamp.org\/2012\/banners\/banners-150x150-dark-en-generic\/'><img loading=\"lazy\" decoding=\"async\" width=\"150\" height=\"150\" src=\"https:\/\/lisboa.wordcamp.org\/2012\/files\/2012\/08\/banners-150x150-dark-en-generic.png\" class=\"attachment-thumbnail size-thumbnail\" alt=\"\" \/><\/a>\n\t\t\t<\/dt><\/dl><dl class='gallery-item'>\n\t\t\t<dt class='gallery-icon landscape'>\n\t\t\t\t<a href='https:\/\/lisboa.wordcamp.org\/2012\/banners\/banners-150x150-dark-en-imattending\/'><img loading=\"lazy\" decoding=\"async\" width=\"150\" height=\"150\" src=\"https:\/\/lisboa.wordcamp.org\/2012\/files\/2012\/08\/banners-150x150-dark-en-imattending.png\" class=\"attachment-thumbnail size-thumbnail\" alt=\"\" \/><\/a>\n\t\t\t<\/dt><\/dl><dl class='gallery-item'>\n\t\t\t<dt class='gallery-icon landscape'>\n\t\t\t\t<a href='https:\/\/lisboa.wordcamp.org\/2012\/banners\/banners-150x150-dark-en-imspeaking\/'><img loading=\"lazy\" decoding=\"async\" width=\"150\" height=\"150\" src=\"https:\/\/lisboa.wordcamp.org\/2012\/files\/2012\/08\/banners-150x150-dark-en-imspeaking.png\" class=\"attachment-thumbnail size-thumbnail\" alt=\"\" \/><\/a>\n\t\t\t<\/dt><\/dl><dl class='gallery-item'>\n\t\t\t<dt class='gallery-icon landscape'>\n\t\t\t\t<a href='https:\/\/lisboa.wordcamp.org\/2012\/banners\/banners-150x150-dark-en-sponsor\/'><img loading=\"lazy\" decoding=\"async\" width=\"150\" height=\"150\" src=\"https:\/\/lisboa.wordcamp.org\/2012\/files\/2012\/08\/banners-150x150-dark-en-sponsor.png\" class=\"attachment-thumbnail size-thumbnail\" alt=\"\" \/><\/a>\n\t\t\t<\/dt><\/dl><br style=\"clear: both\" \/><dl class='gallery-item'>\n\t\t\t<dt class='gallery-icon landscape'>\n\t\t\t\t<a href='https:\/\/lisboa.wordcamp.org\/2012\/banners\/banners-150x150-dark-pt-euvou\/'><img loading=\"lazy\" decoding=\"async\" width=\"150\" height=\"150\" src=\"https:\/\/lisboa.wordcamp.org\/2012\/files\/2012\/08\/banners-150x150-dark-pt-euvou.png\" class=\"attachment-thumbnail size-thumbnail\" alt=\"\" \/><\/a>\n\t\t\t<\/dt><\/dl><dl class='gallery-item'>\n\t\t\t<dt class='gallery-icon landscape'>\n\t\t\t\t<a href='https:\/\/lisboa.wordcamp.org\/2012\/banners\/banners-150x150-dark-pt-generico\/'><img loading=\"lazy\" decoding=\"async\" width=\"150\" height=\"150\" src=\"https:\/\/lisboa.wordcamp.org\/2012\/files\/2012\/08\/banners-150x150-dark-pt-generico.png\" class=\"attachment-thumbnail size-thumbnail\" alt=\"\" \/><\/a>\n\t\t\t<\/dt><\/dl><dl class='gallery-item'>\n\t\t\t<dt class='gallery-icon landscape'>\n\t\t\t\t<a href='https:\/\/lisboa.wordcamp.org\/2012\/banners\/banners-150x150-dark-pt-patrocinador\/'><img loading=\"lazy\" decoding=\"async\" width=\"150\" height=\"150\" src=\"https:\/\/lisboa.wordcamp.org\/2012\/files\/2012\/08\/banners-150x150-dark-pt-patrocinador.png\" class=\"attachment-thumbnail size-thumbnail\" alt=\"\" \/><\/a>\n\t\t\t<\/dt><\/dl><dl class='gallery-item'>\n\t\t\t<dt class='gallery-icon landscape'>\n\t\t\t\t<a href='https:\/\/lisboa.wordcamp.org\/2012\/banners\/banners-150x150-dark-pt-voufalar\/'><img loading=\"lazy\" decoding=\"async\" width=\"150\" height=\"150\" src=\"https:\/\/lisboa.wordcamp.org\/2012\/files\/2012\/08\/banners-150x150-dark-pt-voufalar.png\" class=\"attachment-thumbnail size-thumbnail\" alt=\"\" \/><\/a>\n\t\t\t<\/dt><\/dl><br style=\"clear: both\" \/>\n\t\t<\/div>\n\n<\/div>\n","protected":false},"excerpt":{"rendered":"<p>J\u00e1 comprou o seu bilhete? Vai patrocinar o WordCamp? A sua apresenta\u00e7\u00e3o foi aprovada? Ajude-nos a divulgar, usando um destes banners no seu site, para mostrar ao mundo que vai ao WordCamp Lisboa 2012. Mesmo que n\u00e3o possa vir, pode &hellip; <a href=\"https:\/\/lisboa.wordcamp.org\/2012\/banners\/\">Continuar a ler <span class=\"assistive-text\">Banners!<\/span>  <span class=\"meta-nav\">&rarr;<\/span><\/a><\/p>\n","protected":false},"author":8164830,"featured_media":0,"parent":0,"menu_order":0,"comment_status":"open","ping_status":"open","template":"","meta":{"_crdt_document":"","jetpack_post_was_ever_published":false,"footnotes":""},"class_list":["post-255","page","type-page","status-publish","hentry"],"jetpack_shortlink":"https:\/\/wp.me\/P2mAry-47","jetpack_sharing_enabled":true,"_links":{"self":[{"href":"https:\/\/lisboa.wordcamp.org\/2012\/wp-json\/wp\/v2\/pages\/255","targetHints":{"allow":["GET"]}}],"collection":[{"href":"https:\/\/lisboa.wordcamp.org\/2012\/wp-json\/wp\/v2\/pages"}],"about":[{"href":"https:\/\/lisboa.wordcamp.org\/2012\/wp-json\/wp\/v2\/types\/page"}],"author":[{"embeddable":true,"href":"https:\/\/lisboa.wordcamp.org\/2012\/wp-json\/wp\/v2\/users\/8164830"}],"replies":[{"embeddable":true,"href":"https:\/\/lisboa.wordcamp.org\/2012\/wp-json\/wp\/v2\/comments?post=255"}],"version-history":[{"count":5,"href":"https:\/\/lisboa.wordcamp.org\/2012\/wp-json\/wp\/v2\/pages\/255\/revisions"}],"predecessor-version":[{"id":377,"href":"https:\/\/lisboa.wordcamp.org\/2012\/wp-json\/wp\/v2\/pages\/255\/revisions\/377"}],"wp:attachment":[{"href":"https:\/\/lisboa.wordcamp.org\/2012\/wp-json\/wp\/v2\/media?parent=255"}],"curies":[{"name":"wp","href":"https:\/\/api.w.org\/{rel}","templated":true}]}}