{"id":434,"date":"2012-09-02T19:45:00","date_gmt":"2012-09-02T19:45:00","guid":{"rendered":"https:\/\/2012.lisboa.wordcamp.org\/?page_id=434"},"modified":"2012-09-22T11:01:36","modified_gmt":"2012-09-22T11:01:36","slug":"programa","status":"publish","type":"page","link":"https:\/\/lisboa.wordcamp.org\/2012\/programa\/","title":{"rendered":"Programa"},"content":{"rendered":"<h2>S\u00e1bado, 29 de Setembro<\/h2>\n<table class=\"schedule\" border=\"0\">\n<thead>\n<tr>\n<th>Hora<\/th>\n<th>Apresenta\u00e7\u00e3o<\/th>\n<\/tr>\n<\/thead>\n<tbody>\n<tr>\n<td>8:30<\/td>\n<td class=\"widecell\">Registo, acredita\u00e7\u00e3o e <em>networking<\/em><\/td>\n<\/tr>\n<tr>\n<td>9:30<\/td>\n<td>Boas vindas<\/td>\n<\/tr>\n<tr>\n<td>9:45<\/td>\n<td><strong>Ryan Hellyer<\/strong><br \/>\n<a href=\"https:\/\/2012.lisboa.wordcamp.org\/session\/large-scale-wordpress-without-breaking-the-bank-en\/\">Large scale WordPress without breaking the bank<\/a> (en)<\/td>\n<\/tr>\n<tr>\n<td>10:15<\/td>\n<td><strong>Gon\u00e7alo Peres<br \/>\n<\/strong><a href=\"https:\/\/2012.lisboa.wordcamp.org\/session\/a-minha-plataforma-wordpress-ideal-e-outras-cenas\/\">A\u00a0minha plataforma WordPress ideal e outras cenas&#8230;<\/a><\/td>\n<\/tr>\n<tr>\n<td>10:45<\/td>\n<td class=\"widecell\"><em>\u00a0Intervalo<\/em><\/td>\n<\/tr>\n<tr>\n<td>11:00<\/td>\n<td><strong><strong>Noel Tock<br \/>\n<\/strong><\/strong><a href=\"https:\/\/2012.lisboa.wordcamp.org\/session\/lessons-learned-running-a-wordpress-business-en\/\">Lessons learned running a WordPress Business<\/a> (en)<\/td>\n<\/tr>\n<tr>\n<td>11:30<\/td>\n<td><strong>Vasco Marques<br \/>\n<\/strong><a href=\"https:\/\/2012.lisboa.wordcamp.org\/session\/wordpress-marketing\/\">WordPress Marketing<\/a><\/td>\n<\/tr>\n<tr>\n<td>12:00<\/td>\n<td><strong>Andrea Rota<br \/>\n<\/strong><a href=\"https:\/\/2012.lisboa.wordcamp.org\/session\/a-cms-framework-for-advanced-wordpress-projects\/\">Pods &#8211;\u00a0a CMS framework for advanced WordPress projects<\/a>\u00a0(en)<\/td>\n<\/tr>\n<tr>\n<td>12:30<\/td>\n<td class=\"widecell\"><em>Almo\u00e7o<\/em><\/td>\n<\/tr>\n<tr>\n<td>14:00<\/td>\n<td><strong>Kim Gjerstad<br \/>\n<\/strong><a href=\"https:\/\/2012.lisboa.wordcamp.org\/session\/how-to-build-a-business-around-a-plugin-wysijas-example\/\">How to build a business around a plugin. Wysija\u2019s example<\/a> (en)<\/td>\n<\/tr>\n<tr>\n<td>14:30<\/td>\n<td><strong>Hugo Fernandes<br \/>\n<\/strong><a href=\"https:\/\/2012.lisboa.wordcamp.org\/session\/wordpress-e-a-criatividade\/\">WordPress e a Criatividade<\/a><\/td>\n<\/tr>\n<tr>\n<td>15:00<\/td>\n<td><strong>Laura Alves, Lu\u00eds Cristov\u00e3o, Nuno Ramos, Gon\u00e7alo Brito e Associa\u00e7\u00e3o Mais Cidadania<br \/>\n<\/strong><a href=\"https:\/\/2012.lisboa.wordcamp.org\/2012\/09\/21\/start-spreading-the-news\/\">Start spreading the news\u00a0<\/a><\/td>\n<\/tr>\n<tr>\n<td class=\"widecell\"><em>15:30<\/em><\/td>\n<td><em>\u00a0Intervalo<\/em><\/td>\n<\/tr>\n<tr>\n<td>16:00<\/td>\n<td><strong>Hanni Ross\u00a0<\/strong>(en)<\/td>\n<\/tr>\n<tr>\n<td>16:30<\/td>\n<td><strong>Alexandre Marreiros<br \/>\n<\/strong><a href=\"https:\/\/2012.lisboa.wordcamp.org\/session\/wordpress-plugin-faca-o-seu\/\">WordPress plugin, fa\u00e7a o seu<\/a><\/td>\n<\/tr>\n<tr>\n<td>17:00<\/td>\n<td><strong>Cristi Burca<br \/>\n<\/strong><a href=\"https:\/\/2012.lisboa.wordcamp.org\/session\/cristi-burca\/\">Connecting The Dots<\/a>\u00a0(en)<\/td>\n<\/tr>\n<tr>\n<td>17:30<\/td>\n<td><strong>Z\u00e9 Fontainhas<br \/>\n<\/strong><a href=\"https:\/\/2012.lisboa.wordcamp.org\/session\/desmistificando-o-wordpress-para-os-seus-clientes-e-concorrencia\/\">Desmistificando o WordPress para os seus clientes e concorr\u00eancia<\/a>\u00a0(en)<\/td>\n<\/tr>\n<tr>\n<td class=\"widecell\">18:00<\/td>\n<td>\u00a0Fecho<\/td>\n<\/tr>\n<\/tbody>\n<\/table>\n<h2>Domingo, 30 de Setembro (<a title=\"Hack day!\" href=\"https:\/\/2012.lisboa.wordcamp.org\/2012\/09\/18\/hack-day\/\"><em>hack day<\/em><\/a>)<\/h2>\n<table class=\"schedule\" border=\"0\">\n<thead>\n<tr>\n<th>Hora<\/th>\n<th>Actividade<\/th>\n<\/tr>\n<\/thead>\n<tbody>\n<tr>\n<td>11:00<\/td>\n<td class=\"widecell\">\u00a0Registo, acredita\u00e7\u00e3o e <em>networking.<\/em>\u00a0Apresenta\u00e7\u00f5es da din\u00e2mica de grupos.<\/td>\n<\/tr>\n<tr>\n<td>11:30<\/td>\n<td>\u00a0Apresenta\u00e7\u00e3o do programa do dia e resultados do inqu\u00e9rito feito aos inscritos atrav\u00e9s do link fornecido. <em>Brainstorming\u00a0<\/em>\u00a0e organiza\u00e7\u00e3o dos grupos de trabalho.<\/td>\n<\/tr>\n<tr>\n<td>11:45<\/td>\n<td>\u00a0In\u00edcio dos trabalhos dos grupos que n\u00e3o necessitam de forma\u00e7\u00e3o.<br \/>\nForma\u00e7\u00f5es sobre como contribuir para o <em>core<\/em>\u00a0e como traduzir o WordPress<\/td>\n<\/tr>\n<tr>\n<td>12:45<\/td>\n<td>\u00a0In\u00edcio dos trabalhos dos dois grupos que tiveram forma\u00e7\u00e3o.<\/td>\n<\/tr>\n<tr>\n<td>13:00<\/td>\n<td class=\"widecell\"><em>\u00a0Almo\u00e7o\/intervalo.<\/em><\/td>\n<\/tr>\n<tr>\n<td>15:00<\/td>\n<td>\u00a0Organiza\u00e7\u00e3o hor\u00e1ria interna de cada grupo de trabalho.<\/td>\n<\/tr>\n<tr>\n<td>17:00<\/td>\n<td>\u00a0Termo das actividades no hack-lab. An\u00e1lise do que foi feito e do que falta.<\/td>\n<\/tr>\n<tr>\n<td>17:45<\/td>\n<td>\u00a0Agradecimentos, follow-up e fecho.<\/td>\n<\/tr>\n<\/tbody>\n<\/table>\n<p>&nbsp;<\/p>\n","protected":false},"excerpt":{"rendered":"<p>S\u00e1bado, 29 de Setembro Hora Apresenta\u00e7\u00e3o 8:30 Registo, acredita\u00e7\u00e3o e networking 9:30 Boas vindas 9:45 Ryan Hellyer Large scale WordPress without breaking the bank (en) 10:15 Gon\u00e7alo Peres A\u00a0minha plataforma WordPress ideal e outras cenas&#8230; 10:45 \u00a0Intervalo 11:00 Noel Tock &hellip; <a href=\"https:\/\/lisboa.wordcamp.org\/2012\/programa\/\">Continuar a ler <span class=\"assistive-text\">Programa<\/span>  <span class=\"meta-nav\">&rarr;<\/span><\/a><\/p>\n","protected":false},"author":6116161,"featured_media":0,"parent":0,"menu_order":0,"comment_status":"open","ping_status":"closed","template":"","meta":{"_crdt_document":"","jetpack_post_was_ever_published":false,"footnotes":""},"class_list":["post-434","page","type-page","status-publish","hentry"],"jetpack_shortlink":"https:\/\/wp.me\/P2mAry-70","jetpack_sharing_enabled":true,"_links":{"self":[{"href":"https:\/\/lisboa.wordcamp.org\/2012\/wp-json\/wp\/v2\/pages\/434","targetHints":{"allow":["GET"]}}],"collection":[{"href":"https:\/\/lisboa.wordcamp.org\/2012\/wp-json\/wp\/v2\/pages"}],"about":[{"href":"https:\/\/lisboa.wordcamp.org\/2012\/wp-json\/wp\/v2\/types\/page"}],"author":[{"embeddable":true,"href":"https:\/\/lisboa.wordcamp.org\/2012\/wp-json\/wp\/v2\/users\/6116161"}],"replies":[{"embeddable":true,"href":"https:\/\/lisboa.wordcamp.org\/2012\/wp-json\/wp\/v2\/comments?post=434"}],"version-history":[{"count":42,"href":"https:\/\/lisboa.wordcamp.org\/2012\/wp-json\/wp\/v2\/pages\/434\/revisions"}],"predecessor-version":[{"id":857,"href":"https:\/\/lisboa.wordcamp.org\/2012\/wp-json\/wp\/v2\/pages\/434\/revisions\/857"}],"wp:attachment":[{"href":"https:\/\/lisboa.wordcamp.org\/2012\/wp-json\/wp\/v2\/media?parent=434"}],"curies":[{"name":"wp","href":"https:\/\/api.w.org\/{rel}","templated":true}]}}