{"id":649,"date":"2015-05-10T20:59:19","date_gmt":"2015-05-10T19:59:19","guid":{"rendered":"https:\/\/2015.lisboa.wordcamp.org\/?page_id=649"},"modified":"2015-05-13T10:21:02","modified_gmt":"2015-05-13T09:21:02","slug":"programa","status":"publish","type":"page","link":"https:\/\/lisboa.wordcamp.org\/2015\/programa\/","title":{"rendered":"Programa"},"content":{"rendered":"<h2>S\u00e1bado, 16 de\u00a0Maio 2015<\/h2>\n<table class=\"schedule\" border=\"0\">\n<thead>\n<tr>\n<th>Hora<\/th>\n<th>Apresenta\u00e7\u00e3o<\/th>\n<\/tr>\n<\/thead>\n<tbody>\n<tr>\n<td>8:45<\/td>\n<td class=\"widecell\">Registo, acredita\u00e7\u00e3o e <em>networking<\/em><\/td>\n<\/tr>\n<tr>\n<td>9:25<\/td>\n<td>Boas vindas<\/td>\n<\/tr>\n<tr>\n<td>9:30<\/td>\n<td><strong>Ana Aires<br \/>\n<\/strong> <a href=\"https:\/\/2015.lisboa.wordcamp.org\/ana-aires-no-wordcamp-lisboa\/\">Regras b\u00e1sicas ao escolher Temas e Plugins<\/a><\/td>\n<\/tr>\n<tr>\n<td>10:00<\/td>\n<td><strong>Nemanja Aleksic<br \/>\n<\/strong><a href=\"https:\/\/2015.lisboa.wordcamp.org\/nemanja-aleksic-no-wordcamp-lisboa\/\">Why supporting your plugin is one of the best decisions you could make<\/a>\u00a0(en)<\/td>\n<\/tr>\n<tr>\n<td>10:30<\/td>\n<td><strong>Franz Vitulli<br \/>\n<\/strong><a href=\"https:\/\/2015.lisboa.wordcamp.org\/franz-vitulli-no-wordcamp-lisboa\/\" target=\"_blank\">Table tennis and meeting rooms: how to get things done in a co-working space<\/a> (en)<\/td>\n<\/tr>\n<tr>\n<td>11:00<\/td>\n<td class=\"widecell\"><strong>Pausa<\/strong><\/td>\n<\/tr>\n<tr>\n<td>11:30<\/td>\n<td><strong>Lu\u00eds Rodrigues<br \/>\n<\/strong><a href=\"https:\/\/2015.lisboa.wordcamp.org\/luis-rodrigues-no-palco-do-wordcamp-lisboa\/\">b3 starter theme<\/a><\/td>\n<\/tr>\n<tr>\n<td>12:00<\/td>\n<td><strong>Ana Botha<br \/>\n<\/strong><a href=\"https:\/\/2015.lisboa.wordcamp.org\/ana-botha-no-wordcamp-lisboa\/\">WordPress e marketing digital (SEO &amp; SEM)<\/a><\/td>\n<\/tr>\n<tr>\n<td>12:30<\/td>\n<td><strong>Susana Salgado<br \/>\n<\/strong><a href=\"https:\/\/2015.lisboa.wordcamp.org\/susana-salgado-no-palco-do-wordcamp-lisboa\/\" target=\"_blank\">UX e WordPress<\/a><\/td>\n<\/tr>\n<tr>\n<td>13:00<\/td>\n<td class=\"widecell\">Almo\u00e7o<\/td>\n<\/tr>\n<tr>\n<td>14:30<\/td>\n<td><strong>Leo Xavier<br \/>\n<\/strong><a href=\"https:\/\/2015.lisboa.wordcamp.org\/leo-xavier-confirmado-como-orador\/\" target=\"_blank\">O processo de cria\u00e7\u00e3o do Observador e muito mais<\/a><\/td>\n<\/tr>\n<tr>\n<td>15:00<\/td>\n<td><strong>Nikolay Bachiyski<br \/>\n<\/strong><a href=\"https:\/\/2015.lisboa.wordcamp.org\/nikolay-bachiyski-no-wordcamp-lisboa\/\">WP REST API<\/a> (en)<\/td>\n<\/tr>\n<tr>\n<td>15:30<\/td>\n<td><strong>Marcel Schmitz<br \/>\n<\/strong> <a href=\"https:\/\/2015.lisboa.wordcamp.org\/marcel-schmitz-no-wordcamp-lisboa\/\" target=\"_blank\">Integrar o WordPress no desenvolvimento para mobile<\/a><\/td>\n<\/tr>\n<tr>\n<td class=\"widecell\">16:00<\/td>\n<td><strong>Pausa<\/strong><\/td>\n<\/tr>\n<tr>\n<td>16:30<\/td>\n<td><strong>Roc\u00edo Valdivia<br \/>\n<\/strong> <a href=\"https:\/\/2015.lisboa.wordcamp.org\/rocio-valdivia-no-wordcamp-lisboa\/\" target=\"_blank\">Freemium model on WordPress plugins<\/a> (en)<\/td>\n<\/tr>\n<tr>\n<td>17:00<\/td>\n<td><strong>Marco Pereirinha<br \/>\n<\/strong> <span class=\"message_content\"><a href=\"https:\/\/2015.lisboa.wordcamp.org\/marco-pereirinha-no-wordcamp-lisboa\/\" target=\"_blank\">O conte\u00fado \u00e9 o rei, n\u00e3o a grelha<\/a><\/span><\/td>\n<\/tr>\n<tr>\n<td>17:30<\/td>\n<td><strong>Jos\u00e9 Freitas<br \/>\n<\/strong> <a href=\"https:\/\/2015.lisboa.wordcamp.org\/jose-freitas-no-wordcamp-lisboa\/\">O WordPress \u00e9 a comunidade<\/a><\/td>\n<\/tr>\n<tr>\n<td class=\"widecell\">18:00<\/td>\n<td>\u00a0Fecho<\/td>\n<\/tr>\n<\/tbody>\n<\/table>\n<h2>Domingo, 17 de Maio 2015 (<i>Hack day)<\/i><\/h2>\n<table class=\"schedule\" border=\"0\">\n<thead>\n<tr>\n<th>Hora<\/th>\n<th>Actividade<\/th>\n<\/tr>\n<\/thead>\n<tbody>\n<tr>\n<td>11:00<\/td>\n<td class=\"widecell\">\u00a0Registo, acredita\u00e7\u00e3o e <em>networking.<\/em>\u00a0Apresenta\u00e7\u00f5es da din\u00e2mica de grupos.<\/td>\n<\/tr>\n<tr>\n<td>11:30<\/td>\n<td>\u00a0Apresenta\u00e7\u00e3o do programa do dia e resultados do inqu\u00e9rito feito aos inscritos atrav\u00e9s do link fornecido. <em>Brainstorming\u00a0<\/em>\u00a0e organiza\u00e7\u00e3o dos grupos de trabalho.<\/td>\n<\/tr>\n<tr>\n<td>11:45<\/td>\n<td>\u00a0In\u00edcio dos trabalhos dos grupos que n\u00e3o necessitam de forma\u00e7\u00e3o.<br \/>\nForma\u00e7\u00f5es sobre como contribuir para o <em>core<\/em>\u00a0e como traduzir o WordPress<\/td>\n<\/tr>\n<tr>\n<td>12:45<\/td>\n<td>\u00a0In\u00edcio dos trabalhos dos dois grupos que tiveram forma\u00e7\u00e3o.<\/td>\n<\/tr>\n<tr>\n<td>13:00<\/td>\n<td class=\"widecell\"><em>\u00a0Almo\u00e7o\/intervalo.<\/em><\/td>\n<\/tr>\n<tr>\n<td>15:00<\/td>\n<td>\u00a0Organiza\u00e7\u00e3o hor\u00e1ria interna de cada grupo de trabalho.<\/td>\n<\/tr>\n<tr>\n<td>17:00<\/td>\n<td>\u00a0Termo das actividades e apresenta\u00e7\u00e3o de resultados.<\/td>\n<\/tr>\n<tr>\n<td>17:45<\/td>\n<td>\u00a0Agradecimentos, follow-up e fecho.<\/td>\n<\/tr>\n<\/tbody>\n<\/table>\n<p>&nbsp;<\/p>\n","protected":false},"excerpt":{"rendered":"<p>S\u00e1bado, 16 de\u00a0Maio 2015 Hora Apresenta\u00e7\u00e3o 8:45 Registo, acredita\u00e7\u00e3o e networking 9:25 Boas vindas 9:30 Ana Aires Regras b\u00e1sicas ao escolher Temas e Plugins 10:00 Nemanja Aleksic Why supporting your plugin is one of the best decisions you could make\u00a0(en) 10:30 Franz Vitulli Table tennis and meeting rooms: how to get things done in a &hellip; <a href=\"https:\/\/lisboa.wordcamp.org\/2015\/programa\/\" class=\"more-link\">Continuar a ler<span class=\"screen-reader-text\">Programa<\/span> <span class=\"meta-nav\">&rarr;<\/span><\/a><\/p>\n","protected":false},"author":355733,"featured_media":0,"parent":0,"menu_order":0,"comment_status":"open","ping_status":"open","template":"","meta":{"jetpack_post_was_ever_published":false,"footnotes":""},"class_list":["post-649","page","type-page","status-publish","hentry"],"jetpack_sharing_enabled":true,"jetpack_shortlink":"https:\/\/wp.me\/P5BrA2-at","_links":{"self":[{"href":"https:\/\/lisboa.wordcamp.org\/2015\/wp-json\/wp\/v2\/pages\/649","targetHints":{"allow":["GET"]}}],"collection":[{"href":"https:\/\/lisboa.wordcamp.org\/2015\/wp-json\/wp\/v2\/pages"}],"about":[{"href":"https:\/\/lisboa.wordcamp.org\/2015\/wp-json\/wp\/v2\/types\/page"}],"author":[{"embeddable":true,"href":"https:\/\/lisboa.wordcamp.org\/2015\/wp-json\/wp\/v2\/users\/355733"}],"replies":[{"embeddable":true,"href":"https:\/\/lisboa.wordcamp.org\/2015\/wp-json\/wp\/v2\/comments?post=649"}],"version-history":[{"count":13,"href":"https:\/\/lisboa.wordcamp.org\/2015\/wp-json\/wp\/v2\/pages\/649\/revisions"}],"predecessor-version":[{"id":754,"href":"https:\/\/lisboa.wordcamp.org\/2015\/wp-json\/wp\/v2\/pages\/649\/revisions\/754"}],"wp:attachment":[{"href":"https:\/\/lisboa.wordcamp.org\/2015\/wp-json\/wp\/v2\/media?parent=649"}],"curies":[{"name":"wp","href":"https:\/\/api.w.org\/{rel}","templated":true}]}}