{"id":11,"date":"2016-11-16T07:38:47","date_gmt":"2016-11-16T07:38:47","guid":{"rendered":"https:\/\/2017.lisboa.wordcamp.org\/location\/"},"modified":"2017-05-11T16:53:47","modified_gmt":"2017-05-11T15:53:47","slug":"venue","status":"publish","type":"page","link":"https:\/\/lisboa.wordcamp.org\/2017\/venue\/","title":{"rendered":"Localiza\u00e7\u00e3o"},"content":{"rendered":"<h1 class=\"sub_title\">Grande Audit\u00f3rio &#8211; ISCTE-IUL<\/h1>\n<div>Av. das For\u00e7as Armadas<br \/>\n1649-026 Lisboa<br \/>\nPortugal<\/div>\n<div><\/div>\n<h2><strong>Entrada\u00a0pela porta N<span class=\"il\">orte<\/span>\u00a0Edif\u00edcio II:<\/strong><\/h2>\n<div class=\"googlemaps\">\n\t\t\t\t<iframe loading=\"lazy\" width=\"600\" height=\"450\" frameborder=\"0\" scrolling=\"no\" marginheight=\"0\" marginwidth=\"0\"  src=\"https:\/\/www.google.com\/maps\/embed?pb=!1m18!1m12!1m3!1d777.9068741841288!2d-9.15359263228123!3d38.74930945164324!2m3!1f0!2f0!3f0!3m2!1i1024!2i768!4f13.1!3m3!1m2!1s0xd1933038553b367:0xd0b0444c3b4563d3!2sEdificio%20II,%201600%20Lisboa!5e0!3m2!1spt-PT!2spt!4v1494515609598\"><\/iframe>\n\t\t\t<\/div>\n<h2>Coordenadas<\/h2>\n<ul>\n<li>Latitude:\u00a038.748753<\/li>\n<li>Longitude:\u00a0-9.153692<\/li>\n<\/ul>\n<div><\/div>\n<h2>Direc\u00e7\u00f5es<\/h2>\n<div><\/div>\n<h3>De Carro<\/h3>\n<ul>\n<li>Subir a Av. das For\u00e7as Armadas (sentido\u00a0Entrecampos-Sete Rios);<\/li>\n<li>Virar \u00e0 direita para a Rua Prof. Gama Pinto;<\/li>\n<li>Sair na segunda sa\u00edda \u00e0 direita para o estacionamento do ISCTE-IUL;<\/li>\n<li>Seguir at\u00e9 ao fundo da Rua Branca Edm\u00e9e Marques e estacionar;<\/li>\n<\/ul>\n<div>\n<h3>De Comboio<\/h3>\n<ul>\n<li>Sair na esta\u00e7\u00e3o de Entre Campos na Av. da Rep\u00fablica;<\/li>\n<li>Caminhar cerca de 250 m em dire\u00e7\u00e3o \u00e0 Rotunda de Entrecampos;<\/li>\n<li>Na rotunda virar \u00e0 esquerda (Av. das For\u00e7as Armadas), subir cerca de 150 m em dire\u00e7\u00e3o a Sete Rios e encontra a entrada para o ISCTE-IUL \u00e0 sua esquerda.<\/li>\n<\/ul>\n<\/div>\n<div>\n<h3>De Autocarro da Carris<\/h3>\n<ul>\n<li>Apanhar os autocarros n\u00famero 32, 54 ou 55;<\/li>\n<li>Sair na paragem ao cima da Av. das For\u00e7as Armadas, frente ao &#8220;castelinho&#8221; da Faculdade de Farm\u00e1cia;<\/li>\n<li>Descer a avenida. A entrada para o ISCTE-IUL est\u00e1 localizada a cerca de 50 m \u00e0 sua esquerda.<\/li>\n<\/ul>\n<\/div>\n<div>\n<h3>De Metro<\/h3>\n<ul>\n<li>Sair na esta\u00e7\u00e3o de Entrecampos;<\/li>\n<li>Caminhar cerca de 150 m em dire\u00e7\u00e3o \u00e0 Rotunda de Entrecampos;<\/li>\n<li>Na rotunda virar \u00e0 esquerda (Av. das For\u00e7as Armadas), subir cerca de 150 m em dire\u00e7\u00e3o a Sete Rios e encontra a entrada para o ISCTE-IUL \u00e0 sua esquerda.<\/li>\n<\/ul>\n<\/div>\n","protected":false},"excerpt":{"rendered":"<p>Grande Audit\u00f3rio &#8211; ISCTE-IUL Av. das For\u00e7as Armadas 1649-026 Lisboa Portugal Entrada\u00a0pela porta Norte\u00a0Edif\u00edcio II: Coordenadas Latitude:\u00a038.748753 Longitude:\u00a0-9.153692 Direc\u00e7\u00f5es De Carro Subir a Av. das For\u00e7as Armadas (sentido\u00a0Entrecampos-Sete Rios); Virar \u00e0 direita para a Rua Prof. Gama Pinto; Sair na segunda sa\u00edda \u00e0 direita para o estacionamento do ISCTE-IUL; Seguir at\u00e9 ao fundo da Rua &hellip; <\/p>\n<p class=\"link-more\"><a href=\"https:\/\/lisboa.wordcamp.org\/2017\/venue\/\" class=\"more-link\">Continuar a ler <span class=\"screen-reader-text\">&#8220;Localiza\u00e7\u00e3o&#8221;<\/span><\/a><\/p>\n","protected":false},"author":355733,"featured_media":0,"parent":0,"menu_order":0,"comment_status":"closed","ping_status":"closed","template":"","meta":{"_crdt_document":"","jetpack_post_was_ever_published":false,"footnotes":""},"class_list":["post-11","page","type-page","status-publish","hentry"],"jetpack_sharing_enabled":true,"jetpack_shortlink":"https:\/\/wp.me\/P87hhA-b","_links":{"self":[{"href":"https:\/\/lisboa.wordcamp.org\/2017\/wp-json\/wp\/v2\/pages\/11","targetHints":{"allow":["GET"]}}],"collection":[{"href":"https:\/\/lisboa.wordcamp.org\/2017\/wp-json\/wp\/v2\/pages"}],"about":[{"href":"https:\/\/lisboa.wordcamp.org\/2017\/wp-json\/wp\/v2\/types\/page"}],"author":[{"embeddable":true,"href":"https:\/\/lisboa.wordcamp.org\/2017\/wp-json\/wp\/v2\/users\/355733"}],"replies":[{"embeddable":true,"href":"https:\/\/lisboa.wordcamp.org\/2017\/wp-json\/wp\/v2\/comments?post=11"}],"version-history":[{"count":7,"href":"https:\/\/lisboa.wordcamp.org\/2017\/wp-json\/wp\/v2\/pages\/11\/revisions"}],"predecessor-version":[{"id":1839,"href":"https:\/\/lisboa.wordcamp.org\/2017\/wp-json\/wp\/v2\/pages\/11\/revisions\/1839"}],"wp:attachment":[{"href":"https:\/\/lisboa.wordcamp.org\/2017\/wp-json\/wp\/v2\/media?parent=11"}],"curies":[{"name":"wp","href":"https:\/\/api.w.org\/{rel}","templated":true}]}}