{"id":1225,"date":"2017-05-15T22:17:46","date_gmt":"2017-05-15T21:17:46","guid":{"rendered":"https:\/\/2017.lisboa.wordcamp.org\/?page_id=1225"},"modified":"2017-05-18T09:53:21","modified_gmt":"2017-05-18T08:53:21","slug":"programa","status":"publish","type":"page","link":"https:\/\/lisboa.wordcamp.org\/2017\/programa\/","title":{"rendered":"Programa"},"content":{"rendered":"<h2>S\u00e1bado, 20 de\u00a0Maio &#8211; ISCTE<\/h2>\n<table class=\"schedule\" border=\"0\">\n<thead>\n<tr>\n<th>Hora<\/th>\n<th>Apresenta\u00e7\u00e3o<\/th>\n<\/tr>\n<\/thead>\n<tbody>\n<tr>\n<td>8:45<\/td>\n<td class=\"widecell\">Registo, acredita\u00e7\u00e3o e <em>networking<\/em><\/td>\n<\/tr>\n<tr>\n<td>9:25<\/td>\n<td>Boas vindas<\/td>\n<\/tr>\n<tr>\n<td>9:30<\/td>\n<td><strong>Tiago Machado &amp; Sandro Fernandes<br \/>\n<\/strong><a href=\"https:\/\/2017.lisboa.wordcamp.org\/session\/instituto-superior-tecnico-powered-by-wordpress\/\">Instituto Superior T\u00e9cnico: Powered by WordPress<\/a><\/td>\n<\/tr>\n<tr>\n<td>10:00<\/td>\n<td><strong>Noel Tock<br \/>\n<\/strong><a href=\"https:\/\/2017.lisboa.wordcamp.org\/session\/the-art-of-finding-remote-work\/\">The Art of Finding Remote Work<\/a>\u00a0(en)<\/td>\n<\/tr>\n<tr>\n<td>10:30<\/td>\n<td><strong>Luis Rull<br \/>\n<\/strong><a href=\"https:\/\/2017.lisboa.wordcamp.org\/session\/la-gran-linea-roja-en-la-comunidad-de-wordpress-em-espanhol\/\">La gran l\u00ednea roja en la comunidad de WordPress<\/a>\u00a0(es)<\/td>\n<\/tr>\n<tr>\n<td>11:00<\/td>\n<td class=\"widecell\"><strong>Pausa<\/strong><\/td>\n<\/tr>\n<tr>\n<td>11:30<\/td>\n<td><strong>Susana Salgado<br \/>\n<\/strong><a href=\"https:\/\/2017.lisboa.wordcamp.org\/session\/a-importancia-do-customer-relationship-metodologias-e-processos\/\">A import\u00e2ncia do Customer Relationship: metodologias e processos<\/a><\/td>\n<\/tr>\n<tr>\n<td>12:00<\/td>\n<td><strong>Lenon Leite<br \/>\n<\/strong><a href=\"https:\/\/2017.lisboa.wordcamp.org\/session\/wordpress-vs-hackers-como-minimizar-os-problemas\/\">WordPress Vs Hackers &#8211; Como minimizar os problemas<\/a><\/td>\n<\/tr>\n<tr>\n<td>12:30<\/td>\n<td><strong>Milan Ivanovi\u0107<br \/>\n<\/strong><a href=\"https:\/\/2017.lisboa.wordcamp.org\/session\/how-the-wordpress-community-helped-me-shape-my-life-em-ingles\/\">How the WordPress Community helped me shape my life<\/a> (en)<\/td>\n<\/tr>\n<tr>\n<td>13:00<\/td>\n<td class=\"widecell\">Almo\u00e7o<\/td>\n<\/tr>\n<tr>\n<td>14:30<\/td>\n<td><strong>Marcel Schmitz<br \/>\n<\/strong><a href=\"https:\/\/2017.lisboa.wordcamp.org\/session\/lojas-on-line-com-woocommerce-o-que-faz-o-que-nao-faz-e-o-que-deveria-fazer\/\">Lojas on-line com WooCommerce: o que faz, o que n\u00e3o faz e o que deveria fazer<\/a><\/td>\n<\/tr>\n<tr>\n<td>15:00<\/td>\n<td><strong>Pedro Martins<br \/>\n<\/strong><a href=\"https:\/\/2017.lisboa.wordcamp.org\/session\/a-importancia-de-um-contrato-de-servicos\/\">A import\u00e2ncia de um contrato de servi\u00e7os<\/a><\/td>\n<\/tr>\n<tr>\n<td>15:30<\/td>\n<td><strong>Craig Martin<br \/>\n<\/strong><a href=\"https:\/\/2017.lisboa.wordcamp.org\/session\/lessons-from-work-and-wordpress\/\">Lessons from Work and WordPress (en)<\/a><\/td>\n<\/tr>\n<tr>\n<td class=\"widecell\">16:00<\/td>\n<td><strong>Pausa<\/strong><\/td>\n<\/tr>\n<tr>\n<td>16:30<\/td>\n<td><strong>Konstantin Obenland<br \/>\n<\/strong><a href=\"https:\/\/2017.lisboa.wordcamp.org\/session\/the-plugin-directory-in-react-em-ingles\/\">The Plugin Directory in React (en)<\/a><\/td>\n<\/tr>\n<tr>\n<td>17:00<\/td>\n<td><strong>Susana Vila\u00e7a<br \/>\n<\/strong> <a href=\"https:\/\/2017.lisboa.wordcamp.org\/session\/o-que-esconde-uma-experiencia-de-utilizacao-fantastica\/\"><span class=\"message_content\">O que esconde uma experi\u00eancia de utiliza\u00e7\u00e3o fant\u00e1stica<\/span><\/a><\/td>\n<\/tr>\n<tr>\n<td>17:30<\/td>\n<td><strong>Jos\u00e9 Freitas<br \/>\n<\/strong><a href=\"https:\/\/2017.lisboa.wordcamp.org\/session\/quem-e-o-heroi-do-teu-site\/\">Quem \u00e9 o her\u00f3i do teu site? Skywalker, Yoda ou Disney?<\/a><\/td>\n<\/tr>\n<tr>\n<td class=\"widecell\">18:00<\/td>\n<td>Fecho<\/td>\n<\/tr>\n<\/tbody>\n<\/table>\n<h2>Workshops<\/h2>\n<table class=\"schedule\" border=\"0\">\n<thead>\n<tr>\n<th>Hora<\/th>\n<th>Apresenta\u00e7\u00e3o<\/th>\n<\/tr>\n<\/thead>\n<tbody>\n<tr>\n<td>8:45<\/td>\n<td class=\"widecell\">Registo, acredita\u00e7\u00e3o e <em>networking<\/em><\/td>\n<\/tr>\n<tr>\n<td>9:25<\/td>\n<td>Boas vindas<\/td>\n<\/tr>\n<tr>\n<td>9:30<\/td>\n<td><strong>Tiago Machado &amp; Sandro Fernandes<br \/>\n<\/strong><a href=\"https:\/\/2017.lisboa.wordcamp.org\/session\/instituto-superior-tecnico-powered-by-wordpress\/\">Instituto Superior T\u00e9cnico: Powered by WordPress<\/a><\/td>\n<\/tr>\n<tr>\n<td>10:00<\/td>\n<td><strong>Workshop Faz o teu site em WordPress<\/strong><\/td>\n<\/tr>\n<tr>\n<td>11:00<\/td>\n<td class=\"widecell\"><strong>Pausa<\/strong><\/td>\n<\/tr>\n<tr>\n<td>11:30<\/td>\n<td class=\"widecell\"><strong>Continua\u00e7\u00e3o do workshop<\/strong><\/td>\n<\/tr>\n<tr>\n<td>13:00<\/td>\n<td class=\"widecell\">Almo\u00e7o<\/td>\n<\/tr>\n<tr>\n<td>14:30<\/td>\n<td><strong>Marcel Schmitz<br \/>\n<\/strong><a href=\"https:\/\/2017.lisboa.wordcamp.org\/session\/lojas-on-line-com-woocommerce-o-que-faz-o-que-nao-faz-e-o-que-deveria-fazer\/\">Lojas on-line com WooCommerce: o que faz, o que n\u00e3o faz e o que deveria fazer<\/a><\/td>\n<\/tr>\n<tr>\n<td>15:00<\/td>\n<td><strong>Workshop Faz a tua loja em WordPress<br \/>\n<\/strong><\/td>\n<\/tr>\n<tr>\n<td>16:00<\/td>\n<td><strong>Pausa<br \/>\n<\/strong><\/td>\n<\/tr>\n<tr>\n<td>16:30<\/td>\n<td class=\"widecell\"><strong>Continua\u00e7\u00e3o do workshop<\/strong><\/td>\n<\/tr>\n<tr>\n<td class=\"widecell\">18:00<\/td>\n<td>Fecho<\/td>\n<\/tr>\n<\/tbody>\n<\/table>\n<h2>Domingo, 21\u00a0de Maio (<i>Hack day) <\/i>&#8211; LX Factory<\/h2>\n<table class=\"schedule\" border=\"0\">\n<thead>\n<tr>\n<th>Hora<\/th>\n<th>Actividade<\/th>\n<\/tr>\n<\/thead>\n<tbody>\n<tr>\n<td>10:30<\/td>\n<td class=\"widecell\">Abertura de portas: ch\u00e1, caf\u00e9 e bolinhos<\/td>\n<\/tr>\n<tr>\n<td>11:00<\/td>\n<td>Apresenta\u00e7\u00e3o da din\u00e2mica de grupos<br \/>\nApresenta\u00e7\u00e3o do programa do dia e resultados do inqu\u00e9rito<br \/>\nBrainstorming e organiza\u00e7\u00e3o dos grupos de trabalho.<\/td>\n<\/tr>\n<tr>\n<td>11:30<\/td>\n<td>Inicio dos trabalhos<br \/>\nworkshop sobre como contribuir para o core<br \/>\nworkshop sobre como traduzir o WordPress<\/td>\n<\/tr>\n<tr>\n<td>13:00<\/td>\n<td>Almo\u00e7o \/ intervalo<\/td>\n<\/tr>\n<tr>\n<td>15:00<\/td>\n<td>Coordena\u00e7\u00e3o: Organiza\u00e7\u00e3o hor\u00e1ria interna de cada grupo de trabalho.<\/td>\n<\/tr>\n<tr>\n<td>17:35<\/td>\n<td>Termo das actividades, apresenta\u00e7\u00f5es de resultados<\/td>\n<\/tr>\n<tr>\n<td>17:45<\/td>\n<td>Agradecimentos, follow-up e fecho.<\/td>\n<\/tr>\n<\/tbody>\n<\/table>\n","protected":false},"excerpt":{"rendered":"<p>S\u00e1bado, 20 de\u00a0Maio &#8211; ISCTE Hora Apresenta\u00e7\u00e3o 8:45 Registo, acredita\u00e7\u00e3o e networking 9:25 Boas vindas 9:30 Tiago Machado &amp; Sandro Fernandes Instituto Superior T\u00e9cnico: Powered by WordPress 10:00 Noel Tock The Art of Finding Remote Work\u00a0(en) 10:30 Luis Rull La gran l\u00ednea roja en la comunidad de WordPress\u00a0(es) 11:00 Pausa 11:30 Susana Salgado A import\u00e2ncia &hellip; <\/p>\n<p class=\"link-more\"><a href=\"https:\/\/lisboa.wordcamp.org\/2017\/programa\/\" class=\"more-link\">Continuar a ler <span class=\"screen-reader-text\">&#8220;Programa&#8221;<\/span><\/a><\/p>\n","protected":false},"author":6116161,"featured_media":0,"parent":0,"menu_order":0,"comment_status":"closed","ping_status":"closed","template":"","meta":{"_crdt_document":"","jetpack_post_was_ever_published":false,"footnotes":""},"class_list":["post-1225","page","type-page","status-publish","hentry"],"jetpack_sharing_enabled":true,"jetpack_shortlink":"https:\/\/wp.me\/P87hhA-jL","_links":{"self":[{"href":"https:\/\/lisboa.wordcamp.org\/2017\/wp-json\/wp\/v2\/pages\/1225","targetHints":{"allow":["GET"]}}],"collection":[{"href":"https:\/\/lisboa.wordcamp.org\/2017\/wp-json\/wp\/v2\/pages"}],"about":[{"href":"https:\/\/lisboa.wordcamp.org\/2017\/wp-json\/wp\/v2\/types\/page"}],"author":[{"embeddable":true,"href":"https:\/\/lisboa.wordcamp.org\/2017\/wp-json\/wp\/v2\/users\/6116161"}],"replies":[{"embeddable":true,"href":"https:\/\/lisboa.wordcamp.org\/2017\/wp-json\/wp\/v2\/comments?post=1225"}],"version-history":[{"count":17,"href":"https:\/\/lisboa.wordcamp.org\/2017\/wp-json\/wp\/v2\/pages\/1225\/revisions"}],"predecessor-version":[{"id":1428,"href":"https:\/\/lisboa.wordcamp.org\/2017\/wp-json\/wp\/v2\/pages\/1225\/revisions\/1428"}],"wp:attachment":[{"href":"https:\/\/lisboa.wordcamp.org\/2017\/wp-json\/wp\/v2\/media?parent=1225"}],"curies":[{"name":"wp","href":"https:\/\/api.w.org\/{rel}","templated":true}]}}