{"id":13,"date":"2017-02-06T15:48:55","date_gmt":"2017-02-06T15:48:55","guid":{"rendered":"https:\/\/2017.lisboa.wordcamp.org\/?page_id=13"},"modified":"2017-07-03T22:10:01","modified_gmt":"2017-07-03T21:10:01","slug":"bilhetes","status":"publish","type":"page","link":"https:\/\/lisboa.wordcamp.org\/2017\/bilhetes\/","title":{"rendered":"Bilhetes"},"content":{"rendered":"<p>No WordPress n\u00e3o h\u00e1 outro evento semelhante ao WordCamp. \u00c9 o evento.<\/p>\n<p>O deste ano \u00e9 a <a href=\"https:\/\/2017.lisboa.wordcamp.org\/2017\/02\/06\/wordcamp-lisboa-2017-20-21-maio\/\">20 e 21 de Maio, no ISCTE<\/a>.<\/p>\n<p>No pre\u00e7o do bilhete para o <strong>WordCamp<\/strong> est\u00e1 inclu\u00eddo o acesso \u00e0s apresenta\u00e7\u00f5es\u00a0e a tudo o que aprenderes com elas, o caf\u00e9, \u00e1gua e bolinhos dos <em>coffee breaks,\u00a0<\/em>o almo\u00e7o, a t-shirt oficial, o acesso \u00e0 fant\u00e1stica <em>after-party<\/em> e, quem sabe, eventuais surpresas. O item referente a \u201cfazer novos amigos\u201d \u00e9 gratuito.<\/p>\n<p>O bilhete para o <strong>Dia do Contribuidor<\/strong> inclui tudo o que est\u00e1 no ingresso para o WordCamp mais a presen\u00e7a nos eventos de domingo, como o prazer de contribuir para o projecto WordPress e devolver algo \u00e0 comunidade, o almo\u00e7o e algumas doses de cafe\u00edna.<\/p>\n<h4>Que tipo de bilhete devo comprar?<\/h4>\n<p>Se quiseres participar apenas no primeiro dia do WordCamp e estar em todas as sess\u00f5es, compra o bilhete WordCamp.<\/p>\n<p>Se quiseres participar nos dois dias, estar nas sess\u00f5es do WordCamp e no Dia do Contribuidor, compra o bilhete WordCamp + Dia do Contribuidor.<\/p>\n<p><strong>Tens d\u00favidas sobre como comprar bilhete, como pagar e se vais receber um bilhete em papel? <a href=\"https:\/\/2017.lisboa.wordcamp.org\/bilhetes-wordcamp-lisboa-2017\/\">Todas as respostas neste artigo<\/a><\/strong>.<\/p>\n<h2><\/h2>\n<a href=\"https:\/\/lisboa.wordcamp.org\/2017\/bilhetes\/\">Please view this page in a browser to purchase or manage tickets.<\/a>\n<h2><strong>Bilhetes para os workshops est\u00e3o esgotados.<\/strong><\/h2>\n<p>&nbsp;<\/p>\n","protected":false},"excerpt":{"rendered":"<p>No WordPress n\u00e3o h\u00e1 outro evento semelhante ao WordCamp. \u00c9 o evento. O deste ano \u00e9 a 20 e 21 de Maio, no ISCTE. No pre\u00e7o do bilhete para o WordCamp est\u00e1 inclu\u00eddo o acesso \u00e0s apresenta\u00e7\u00f5es\u00a0e a tudo o que aprenderes com elas, o caf\u00e9, \u00e1gua e bolinhos dos coffee breaks,\u00a0o almo\u00e7o, a t-shirt &hellip; <\/p>\n<p class=\"link-more\"><a href=\"https:\/\/lisboa.wordcamp.org\/2017\/bilhetes\/\" class=\"more-link\">Continuar a ler <span class=\"screen-reader-text\">&#8220;Bilhetes&#8221;<\/span><\/a><\/p>\n","protected":false},"author":355733,"featured_media":0,"parent":0,"menu_order":0,"comment_status":"closed","ping_status":"closed","template":"","meta":{"_crdt_document":"","jetpack_post_was_ever_published":false,"footnotes":""},"class_list":["post-13","page","type-page","status-publish","hentry"],"jetpack_sharing_enabled":true,"jetpack_shortlink":"https:\/\/wp.me\/P87hhA-d","_links":{"self":[{"href":"https:\/\/lisboa.wordcamp.org\/2017\/wp-json\/wp\/v2\/pages\/13","targetHints":{"allow":["GET"]}}],"collection":[{"href":"https:\/\/lisboa.wordcamp.org\/2017\/wp-json\/wp\/v2\/pages"}],"about":[{"href":"https:\/\/lisboa.wordcamp.org\/2017\/wp-json\/wp\/v2\/types\/page"}],"author":[{"embeddable":true,"href":"https:\/\/lisboa.wordcamp.org\/2017\/wp-json\/wp\/v2\/users\/355733"}],"replies":[{"embeddable":true,"href":"https:\/\/lisboa.wordcamp.org\/2017\/wp-json\/wp\/v2\/comments?post=13"}],"version-history":[{"count":11,"href":"https:\/\/lisboa.wordcamp.org\/2017\/wp-json\/wp\/v2\/pages\/13\/revisions"}],"predecessor-version":[{"id":1261,"href":"https:\/\/lisboa.wordcamp.org\/2017\/wp-json\/wp\/v2\/pages\/13\/revisions\/1261"}],"wp:attachment":[{"href":"https:\/\/lisboa.wordcamp.org\/2017\/wp-json\/wp\/v2\/media?parent=13"}],"curies":[{"name":"wp","href":"https:\/\/api.w.org\/{rel}","templated":true}]}}