{"id":216,"date":"2017-03-07T20:29:42","date_gmt":"2017-03-07T20:29:42","guid":{"rendered":"https:\/\/2017.lisboa.wordcamp.org\/?page_id=216"},"modified":"2017-03-08T11:30:52","modified_gmt":"2017-03-08T11:30:52","slug":"patrocinar","status":"publish","type":"page","link":"https:\/\/lisboa.wordcamp.org\/2017\/patrocinar\/","title":{"rendered":"Patrocinar"},"content":{"rendered":"<blockquote><p>Patrocinar um WordCamp \u00e9 uma excelente forma de apoiar a comunidade WordPress, de devolver a esta comunidade um pouco daquilo que todos os que contribuem para o projecto WordPress j\u00e1 lhe ofereceram. \u00c9 uma forma de fazer parte de algo partilhado por milh\u00f5es de pessoas e empresas em todo o mundo, retribuindo o trabalho volunt\u00e1rio de criar, traduzir, corrigir erros, prestar apoio e suporte aos utilizadores.<\/p><\/blockquote>\n<p>Empresas ou marcas que se associam ao WordCamp t\u00eam uma oportunidade extraordin\u00e1ria de promo\u00e7\u00e3o junto de uma comunidade vibrante e entusiasta, que se estende para al\u00e9m do pr\u00f3prio evento, comunicando atrav\u00e9s deste site, das redes sociais, do <a href=\"http:\/\/wp-portugal.com\" target=\"_blank\">site da Comunidade Portuguesa de WordPress<\/a>, e\u00a0do pr\u00f3prio local do evento, claro, onde s\u00e3o esperados mais de 300 participantes.<\/p>\n<p>A Comu\u00adnidade Por\u00adtuguesa de Word\u00adPress conta com uma rede de vol\u00adun\u00adt\u00e1rios que prepara o Word\u00adCamp Lis\u00adboa ao pormenor, em conjunto com algu\u00admas enti\u00addades que se asso\u00adcia\u00adram para o tornar pos\u00ads\u00edvel.<\/p>\n<p>Um evento desta dimen\u00ads\u00e3o, mesmo tendo colab\u00ado\u00adradores ded\u00adi\u00adca\u00addos, exige uma mobi\u00adliza\u00ad\u00e7\u00e3o de recur\u00adsos e uma log\u00eds\u00adtica a que o vol\u00adun\u00adtarismo por si s\u00f3 n\u00e3o pode respon\u00adder. Por isso, neces\u00adsi\u00adta\u00admos tam\u00adb\u00e9m de todos os que se queiram jun\u00adtar a n\u00f3s para tornar o Word\u00adCamp um evento nacional de dimen\u00ads\u00e3o global e um motivo de orgulho, con\u00adtribuindo acti\u00adva\u00admente com patroc\u00ednios ou mesmo ofer\u00adtas de natureza log\u00edstica.<\/p>\n<h3>Os WordCamps n\u00e3o t\u00eam fins lucrativos.<\/h3>\n<ul>\n<li><a href=\"#porque\">Porqu\u00ea patrocinar?<\/a><\/li>\n<li><a href=\"#niveis\">N\u00edveis de patroc\u00ednio<\/a><\/li>\n<li><a href=\"#quero-patrocinar\">Torne-se patrocinador<\/a><\/li>\n<li><a href=\"#notas\">Notas<\/a><\/li>\n<\/ul>\n<p><a name=\"porque\"><\/a><\/p>\n<h4>Porqu\u00ea patrocinar?<\/h4>\n<ul>\n<li>Na filosofia de um WordCamp, um patroc\u00ednio \u00e9 sobretudo, mais do que uma oportunidade de divulga\u00e7\u00e3o, uma maneira de retribuir \u00e0 comunidade o trabalho volunt\u00e1rio que esta desenvolve, seja a traduzir, corrigir erros ou a dar suporte a utilizadores<\/li>\n<li>\u00c9 tamb\u00e9m uma oportunidade \u00fanica para entrar em contacto directo com essa comunidade<\/li>\n<li>\u00c9 o melhor momento para se apresentar e dar a conhecer o que faz, fomentando o <em>networking<\/em>\u00a0(tanto nacional como internacional)<\/li>\n<li>Aumenta exponencialmente o <em>karma<\/em> da sua empresa \ud83d\ude09<\/li>\n<li>Jantar de oradores e <em>after-party<\/em>, \u00e9 preciso dizer mais?<\/li>\n<\/ul>\n<p><a name=\"niveis\"><\/a><\/p>\n<h4>N\u00edveis de patroc\u00ednio<\/h4>\n<p>Se est\u00e1 interessado em apoiar o WordCamp Lisboa 2017, estes s\u00e3o os n\u00edveis de patroc\u00ednio definidos. Note que n\u00e3o s\u00e3o r\u00edgidos e que estamos abertos a outras ideias que possa ter para patrocinar o evento, <span style=\"text-decoration: underline\">incluindo ajuda log\u00edstica<\/span>.<\/p>\n<p>&nbsp;<\/p>\n<p><strong>PLATINA \u2013 a par\u00adtir de 1500\u20ac<\/strong><\/p>\n<ul>\n<li>5 bil\u00adhetes e con\u00advite para o jan\u00adtar de oradores<\/li>\n<li>Log\u00f3tipo grande e link no site e em todo o mate\u00adr\u00adial pro\u00admo\u00adcional (emails, <em>ban\u00adners<\/em> no evento)<\/li>\n<li>Artigo no blog e <em>tweet<\/em> a anun\u00adciar o patroc\u00ednio<\/li>\n<li>Mate\u00adr\u00adial pro\u00admo\u00adcional no \u00e1trio (5 auto\u00adcolantes ou 3 objec\u00adtos)<\/li>\n<li>Agradec\u00adi\u00admento for\u00admal no evento<\/li>\n<\/ul>\n<p>&nbsp;<\/p>\n<p><strong>OURO \u2013 a par\u00adtir de 1000\u20ac<\/strong><\/p>\n<ul>\n<li>3 bil\u00adhetes e con\u00advite para o jan\u00adtar de oradores<\/li>\n<li>Log\u00f3tipo grande e link no site e em todo o mate\u00adr\u00adial pro\u00admo\u00adcional (emails, <em>ban\u00adners<\/em> no evento)<\/li>\n<li>Artigo no blog e <em>tweet<\/em> a anun\u00adciar o patroc\u00ednio<\/li>\n<li>Mate\u00adr\u00adial pro\u00admo\u00adcional no \u00e1trio (4 auto\u00adcolantes ou 2 objec\u00adtos)<\/li>\n<li>Agradec\u00adi\u00admento for\u00admal no evento<\/li>\n<\/ul>\n<p>&nbsp;<\/p>\n<p><strong>PRATA \u2013 700\u20ac<\/strong><\/p>\n<ul>\n<li>2 bil\u00adhetes e con\u00advite para o jan\u00adtar de oradores<\/li>\n<li>Log\u00f3tipo m\u00e9dio e link no site e em todo o mate\u00adr\u00adial pro\u00admo\u00adcional (emails, <em>ban\u00adners<\/em> no evento)<\/li>\n<li>Artigo no blog e <em>tweet<\/em> a anun\u00adciar o patroc\u00ednio<\/li>\n<li>Mate\u00adr\u00adial pro\u00admo\u00adcional no \u00e1trio (2 auto\u00adcolantes ou 1 objecto)<\/li>\n<li>Agradec\u00adi\u00admento for\u00admal no evento<\/li>\n<\/ul>\n<p>&nbsp;<\/p>\n<p><strong>BRONZE \u2013 300\u20ac<\/strong><\/p>\n<ul>\n<li>1 bil\u00adhete e con\u00advite para o jan\u00adtar de oradores<\/li>\n<li>Log\u00f3tipo pequeno e link no site e em todo o mate\u00adr\u00adial pro\u00admo\u00adcional (emails, <em>ban\u00adners<\/em> no evento)<\/li>\n<li>Artigo no blog e <em>tweet<\/em> a anun\u00adciar o patroc\u00ednio<\/li>\n<li>Mate\u00adr\u00adial pro\u00admo\u00adcional no \u00e1trio (1 auto\u00adcolante ou 1 objecto)<\/li>\n<li>Agradec\u00adi\u00admento for\u00admal no evento<\/li>\n<\/ul>\n<p>&nbsp;<\/p>\n<p><strong>MICRO \u2013 100\u20ac<\/strong><\/p>\n<ul>\n<li>1 bil\u00adhete e con\u00advite para o jan\u00adtar de oradores<\/li>\n<li>Link de texto no site<\/li>\n<\/ul>\n<p><a name=\"quero-patrocinar\"><\/a><\/p>\n<h4>Torne-se patrocinador<\/h4>\n<p>Por favor preencha este formul\u00e1rio para indicar o seu interesse em patrocinar o WordCamp Lisboa 2017<\/p>\n<div data-test='contact-form'\n\t\t\tid='contact-form-216'\n\t\t\tclass='jetpack-contact-form-container '\n\t\t\tdata-wp-interactive='jetpack\/form' data-wp-context='{\"formId\":\"216\",\"formHash\":\"e706f58fce1857935169be0590c70646b4907d80\",\"showErrors\":false,\"errors\":[],\"fields\":[],\"isMultiStep\":false,\"useAjax\":true,\"submissionData\":null,\"formattedSubmissionData\":[],\"submissionSuccess\":false,\"submissionError\":null,\"elementId\":\"jp-form-e706f58fce1857935169be0590c70646b4907d80\",\"isSingleInputForm\":false,\"isForcedHorizontal\":false}'\n\t\t\tdata-wp-watch--scroll-to-wrapper=\"callbacks.scrollToWrapper\"\n\t\t>\n<div class=\"contact-form-submission contact-form-ajax-submission\" data-wp-bind--aria-hidden=\"state.isSuccessMessageAriaHidden\" data-wp-class--submission-success=\"context.submissionSuccess\" id=\"contact-form-success-e706f58fce1857935169be0590c70646b4907d80\" tabindex=\"-1\" aria-labelledby=\"contact-form-success-header-e706f58fce1857935169be0590c70646b4907d80\"><p class=\"go-back-message\"><a class=\"link\" role=\"button\" tabindex=\"0\" data-wp-on--click=\"actions.goBack\" href=\"\/2017\/wp-json\/wp\/v2\/pages\/216\">\u2190 Back<\/a><\/p><h4 data-wp-bind--aria-hidden=\"state.isSuccessMessageAriaHidden\" id=\"contact-form-success-header-e706f58fce1857935169be0590c70646b4907d80\">Your message has been sent<\/h4>\n\n<template data-wp-each--submission=\"context.formattedSubmissionData\">\n\t\t\t\t\t<div class=\"jetpack_forms_contact-form-success-summary\">\n\t\t\t\t\t\t<div class=\"field-name-wrapper\">\n\t\t\t\t\t\t\t<div class=\"field-type-icon\" data-wp-watch=\"callbacks.watchFieldTypeIcon\"><\/div>\n\t\t\t\t\t\t\t<div class=\"field-name\" data-wp-text=\"context.submission.label\" data-wp-bind--hidden=\"!context.submission.label\"><\/div>\n\t\t\t\t\t\t<\/div>\n\t\t\t\t\t\t<div class=\"field-value\" data-wp-text=\"context.submission.value\" data-wp-bind--hidden=\"!context.submission.showPlainValue\"><\/div>\n\t\t\t\t\t\t<a class=\"field-url\" data-wp-bind--href=\"context.submission.url\" data-wp-text=\"context.submission.value\" data-wp-bind--hidden=\"!context.submission.url\" target=\"_blank\" rel=\"noopener noreferrer\"><\/a>\n\t\t\t\t\t\t<div class=\"field-rating\" data-wp-bind--hidden=\"!context.submission.rating\" data-wp-watch=\"callbacks.watchRatingIcons\"><\/div>\n\t\t\t\t\t\t<div class=\"field-images\" data-wp-bind--hidden=\"!context.submission.images\">\n\t\t\t\t\t\t\t<template data-wp-each--image=\"context.submission.images\">\n\t\t\t\t\t\t\t\t<div class=\"field-image-option\" data-wp-class--is-empty=\"!context.image.src\">\n\t\t\t\t\t\t\t\t\t<figure class=\"field-image-option__image\" data-wp-class--is-empty=\"!context.image.src\">\n\t\t\t\t\t\t\t\t\t\t<img data-wp-bind--src=\"context.image.src\" data-wp-bind--hidden=\"!context.image.src\" \/>\n\t\t\t\t\t\t\t\t\t\t<img decoding=\"async\" src=\"data:image\/gif;base64,R0lGODlhAQABAAD\/ACwAAAAAAQABAAACADs=\" data-wp-bind--hidden=\"context.image.src\" \/>\n\t\t\t\t\t\t\t\t\t<\/figure>\n\t\t\t\t\t\t\t\t\t<div class=\"field-image-option__label-wrapper\">\n\t\t\t\t\t\t\t\t\t\t<span class=\"field-image-option__label-code\" data-wp-text=\"context.image.letterCode\"><\/span>\n\t\t\t\t\t\t\t\t\t\t<span class=\"field-image-option__label\" data-wp-text=\"context.image.label\" data-wp-bind--hidden=\"!context.image.label\"><\/span>\n\t\t\t\t\t\t\t\t\t<\/div>\n\t\t\t\t\t\t\t\t<\/div>\n\t\t\t\t\t\t\t<\/template>\n\t\t\t\t\t\t<\/div>\n\t\t\t\t\t\t<div class=\"field-files\" data-wp-bind--hidden=\"!context.submission.files\">\n\t\t\t\t\t\t\t<template data-wp-each--file=\"context.submission.files\">\n\t\t\t\t\t\t\t\t<div class=\"field-file\">\n\t\t\t\t\t\t\t\t\t<div class=\"field-file__thumbnail\" data-wp-style--background-image=\"context.file.previewUrl\" data-wp-style--mask-image=\"context.file.iconUrl\" data-wp-bind--hidden=\"!context.file.hasPreview\"><\/div>\n\t\t\t\t\t\t\t\t\t<svg class=\"field-file__icon\" data-wp-bind--hidden=\"context.file.hasPreview\" width=\"20\" height=\"20\" viewBox=\"0 0 24 24\" fill=\"none\" xmlns=\"http:\/\/www.w3.org\/2000\/svg\" aria-hidden=\"true\">\n\t\t\t\t\t\t\t\t\t\t<path d=\"M14 2H6C4.9 2 4 2.9 4 4V20C4 21.1 4.89 22 5.99 22H18C19.1 22 20 21.1 20 20V8L14 2ZM18 20H6V4H13V9H18V20Z\" fill=\"currentColor\"\/>\n\t\t\t\t\t\t\t\t\t<\/svg>\n\t\t\t\t\t\t\t\t\t<span class=\"field-file__name\" data-wp-text=\"context.file.name\"><\/span>\n\t\t\t\t\t\t\t\t\t<span class=\"field-file__size\" data-wp-text=\"context.file.size\"><\/span>\n\t\t\t\t\t\t\t\t<\/div>\n\t\t\t\t\t\t\t<\/template>\n\t\t\t\t\t\t<\/div>\n\t\t\t\t\t<\/div>\n\t\t\t\t<\/template><\/div><form action='https:\/\/lisboa.wordcamp.org\/2017\/patrocinar\/'\n\t\t\t\tid='jp-form-e706f58fce1857935169be0590c70646b4907d80'\n\t\t\t\tmethod='post'\n\t\t\t\tclass='contact-form commentsblock jetpack-contact-form__form has-no-jetpack-form-layout' aria-label=\"Patrocinar\"\n\t\t\t\tdata-wp-on--submit=\"actions.onFormSubmit\"\n\t\t\t\tdata-wp-on--reset=\"actions.onFormReset\"\n\t\t\t\tdata-wp-class--submission-success=\"context.submissionSuccess\"\n\t\t\t\tdata-wp-class--is-first-step=\"state.isFirstStep\"\n\t\t\t\tdata-wp-class--is-last-step=\"state.isLastStep\"\n\t\t\t\tdata-wp-class--is-ajax-form=\"context.useAjax\"\n\t\t\t\tnovalidate >\n<input type='hidden' name='jetpack_contact_form_jwt' value='eyJ0eXAiOiJKV1QiLCJhbGciOiJIUzI1NiJ9.eyJlbmNyeXB0ZWRfYXR0cmlidXRlcyI6IitlMjhtc0ZHMU12TlVxeTE2K0ppTC8xMC9FUjRncWJsUndTZnlKNFU4Q0w3RGJIU1liNm1CYWNMa2p0a21pa1RPYnBuOW10RkFqZFY5YjdKKzNOZDFwdzFRYmVTdU9wUUxXaFk3ZWwzdlJ2aU9VbzYxNkFMbEp2NTlqakFMK0pmSjc1cSs3dkJuVjdVOU1PMTlzTWF5aXVWREJMdTc0eEh4bWFRSXBFem1FSEtuQ2k4TXVtZ0ZzaEw0YVVRaUJTcEhIU0tweHZDV2lOeWhxY3J6QUozcVltN3pnVElLakVWdzhtdHg5RFllODBOM052SkdHTTkraDlOUy9vUUE0RHNEdy9UMXZCbCt3TGRlYVc1YjgwV1ZkNTZxTkg2WCtoT0NhZ21ZbVQwR3owWEZDWXpNZ3JiRFNiQmVaQnZHcGNUblBFbnFldTluVmhvdnFhN1VIQ1NWenBzZnJOS25WUkl4SElkY2hxTGZZY3d4M3FDRitBWXV1MjBYdlJQYVZrZFFCQ05sQXNCMjZ3dTlVejlWZFlZcEc3Z1kwakJQVUE0cEVmVHJBVjF5L2JLc1Erbi9sUEdHVFNYeHBoNzk1Z0dKbnNWUklGNEJjS3h0eHZjdUI4dXhTWVlORStXdzdQTC81ZEZMdmRsKzg3S3NNOW44bStPWkVJU3NNMEtmb044NlB3blhtaG9nY0xWZTRyUHRqazFWWFpKZllKVitJNGNEQTRNQlM4cXZQWDhsZmVYWTRkeitaRm1qS204ZitsSkNtdzY3cituNzNCeDdaaTNMdk9HVkt6MjIyN3dERm13bWhQRjg0VEVFbTkyNXZMMVhocG9IdGx1SHFtTytyeFV6Vm9KNEVlVytKaDFBUU51cURsZ0RIR29CbGRwdjhPOTU2U1lKN1N6OHI3ZHNhbnBZckRCSkNmeDVpSGNtU05mbjVvS0RObnRDZkFCSnV1dllrdWJSUUxGMkxXUWZ3MEpWbjhqZS9lTUt5WlAzbnBrT3JjNE1sMjBoMUloQUhFWlB1Z1Q0UHQ2Q2JKSytYenJ1Q3FXOVhxS3NpTUQ3QjZMZmdkQTdja3EyYkg2Y215ekdlcmVxdkJ5bVdFYW1sd1lEeDgwZEZmOXRmem1xQW43THR1QS90OEJJeDVLNHcyOTVocjUrazVIRTlKUk12aEkyVThaMWdSTXlRZGZ6a1J5SUNnN3FGMVUiLCJjb250ZW50IjoiW2NvbnRhY3QtZmllbGQgbGFiZWw9XCJOb21lXCIgdHlwZT1cIm5hbWVcIiByZXF1aXJlZD1cIjFcIiAvXVtjb250YWN0LWZpZWxkIGxhYmVsPVwiRW1haWxcIiB0eXBlPVwiZW1haWxcIiByZXF1aXJlZD1cIjFcIiAvXVtjb250YWN0LWZpZWxkIGxhYmVsPVwiTWVuc2FnZW1cIiB0eXBlPVwidGV4dGFyZWFcIiByZXF1aXJlZD1cIjFcIiAvXSIsImhhc2giOiJlNzA2ZjU4ZmNlMTg1NzkzNTE2OWJlMDU5MGM3MDY0NmI0OTA3ZDgwIiwic291cmNlIjp7ImVudHJ5X3RpdGxlIjoiUGF0cm9jaW5hciIsImVudHJ5X3BhZ2UiOjEsInNvdXJjZV9pZCI6MjE2LCJzb3VyY2VfdHlwZSI6InNpbmdsZSIsInJlcXVlc3RfdXJsIjoiaHR0cHM6Ly9saXNib2Eud29yZGNhbXAub3JnLzIwMTcvd3AtanNvbi93cC92Mi9wYWdlcy8yMTYifSwidmVyc2lvbiI6MiwiY2lwaGVyIjoiYWVzLTI1Ni1nY20ifQ.MSaVMPw2VZzPmXrWZGJMLwBfQ97dTOymEaxGSYgkZe4' \/>\n\n<div style=\"\"  data-wp-interactive=\"jetpack\/form\" data-wp-context='{\"fieldId\":\"g216-nome\",\"fieldType\":\"name\",\"fieldLabel\":\"Nome\",\"fieldValue\":\"\",\"fieldPlaceholder\":\"\",\"fieldIsRequired\":\"1\",\"fieldErrorMessage\":\"\",\"fieldExtra\":[],\"formHash\":\"e706f58fce1857935169be0590c70646b4907d80\"}'  class='grunion-field-name-wrap grunion-field-wrap'  data-wp-init='callbacks.initializeField' data-wp-on--jetpack-form-reset='callbacks.initializeField' >\n<label\n\t\t\t\tfor='g216-nome' class=\"grunion-field-label name\" >Nome<span class=\"grunion-label-required\" aria-hidden=\"true\">(required)<\/span><\/label>\n<input\n\t\t\t\t\ttype='text'\n\t\t\t\t\tname='g216-nome'\n\t\t\t\t\tid='g216-nome'\n\t\t\t\t\tvalue=''\n\n\t\t\t\t\tdata-wp-bind--aria-invalid='state.fieldAriaInvalid'\n\t\t\t\t\tdata-wp-bind--value='state.getFieldValue'\n\t\t\t\t\taria-describedby='g216-nome-text-error-message'\n\t\t\t\t\tdata-wp-on--input='actions.onFieldChange'\n\t\t\t\t\tdata-wp-on--blur='actions.onFieldBlur'\n\t\t\t\t\tdata-wp-class--has-value='state.hasFieldValue'\n\n\t\t\t\t\tclass='name  grunion-field' \n\t\t\t\t\trequired='true' aria-required='true'  \/>\n \n\t\t\t<div id=\"g216-nome-text-error\" class=\"contact-form__input-error\" data-wp-class--has-errors=\"state.fieldHasErrors\">\n\t\t\t\t<span class=\"contact-form__warning-icon\" aria-hidden=\"true\">\n\t\t\t\t\t<svg width=\"16\" height=\"16\" viewBox=\"0 0 16 16\" fill=\"none\" xmlns=\"http:\/\/www.w3.org\/2000\/svg\">\n\t\t\t\t\t\t<path d=\"M8.50015 11.6402H7.50015V10.6402H8.50015V11.6402Z\" \/>\n\t\t\t\t\t\t<path d=\"M7.50015 9.64018H8.50015V6.30684H7.50015V9.64018Z\" \/>\n\t\t\t\t\t\t<path fill-rule=\"evenodd\" clip-rule=\"evenodd\" d=\"M6.98331 3.0947C7.42933 2.30177 8.57096 2.30177 9.01698 3.09469L13.8771 11.7349C14.3145 12.5126 13.7525 13.4735 12.8602 13.4735H3.14004C2.24774 13.4735 1.68575 12.5126 2.12321 11.7349L6.98331 3.0947ZM8.14541 3.58496C8.08169 3.47168 7.9186 3.47168 7.85488 3.58496L2.99478 12.2251C2.93229 12.3362 3.01257 12.4735 3.14004 12.4735H12.8602C12.9877 12.4735 13.068 12.3362 13.0055 12.2251L8.14541 3.58496Z\" \/>\n\t\t\t\t\t<\/svg>\n\t\t\t\t<\/span>\n\t\t\t\t<span data-wp-text=\"state.errorMessage\" id=\"g216-nome-text-error-message\"><\/span>\n\t\t\t<\/div> \n\t<\/div>\n\n<div style=\"\"  data-wp-interactive=\"jetpack\/form\" data-wp-context='{\"fieldId\":\"g216-email\",\"fieldType\":\"email\",\"fieldLabel\":\"Email\",\"fieldValue\":\"\",\"fieldPlaceholder\":\"\",\"fieldIsRequired\":\"1\",\"fieldErrorMessage\":\"\",\"fieldExtra\":[],\"formHash\":\"e706f58fce1857935169be0590c70646b4907d80\"}'  class='grunion-field-email-wrap grunion-field-wrap'  data-wp-init='callbacks.initializeField' data-wp-on--jetpack-form-reset='callbacks.initializeField' >\n<label\n\t\t\t\tfor='g216-email' class=\"grunion-field-label email\" >Email<span class=\"grunion-label-required\" aria-hidden=\"true\">(required)<\/span><\/label>\n<input\n\t\t\t\t\ttype='email'\n\t\t\t\t\tname='g216-email'\n\t\t\t\t\tid='g216-email'\n\t\t\t\t\tvalue=''\n\n\t\t\t\t\tdata-wp-bind--aria-invalid='state.fieldAriaInvalid'\n\t\t\t\t\tdata-wp-bind--value='state.getFieldValue'\n\t\t\t\t\taria-describedby='g216-email-email-error-message'\n\t\t\t\t\tdata-wp-on--input='actions.onFieldChange'\n\t\t\t\t\tdata-wp-on--blur='actions.onFieldBlur'\n\t\t\t\t\tdata-wp-class--has-value='state.hasFieldValue'\n\n\t\t\t\t\tclass='email  grunion-field' \n\t\t\t\t\trequired='true' aria-required='true'  \/>\n \n\t\t\t<div id=\"g216-email-email-error\" class=\"contact-form__input-error\" data-wp-class--has-errors=\"state.fieldHasErrors\">\n\t\t\t\t<span class=\"contact-form__warning-icon\" aria-hidden=\"true\">\n\t\t\t\t\t<svg width=\"16\" height=\"16\" viewBox=\"0 0 16 16\" fill=\"none\" xmlns=\"http:\/\/www.w3.org\/2000\/svg\">\n\t\t\t\t\t\t<path d=\"M8.50015 11.6402H7.50015V10.6402H8.50015V11.6402Z\" \/>\n\t\t\t\t\t\t<path d=\"M7.50015 9.64018H8.50015V6.30684H7.50015V9.64018Z\" \/>\n\t\t\t\t\t\t<path fill-rule=\"evenodd\" clip-rule=\"evenodd\" d=\"M6.98331 3.0947C7.42933 2.30177 8.57096 2.30177 9.01698 3.09469L13.8771 11.7349C14.3145 12.5126 13.7525 13.4735 12.8602 13.4735H3.14004C2.24774 13.4735 1.68575 12.5126 2.12321 11.7349L6.98331 3.0947ZM8.14541 3.58496C8.08169 3.47168 7.9186 3.47168 7.85488 3.58496L2.99478 12.2251C2.93229 12.3362 3.01257 12.4735 3.14004 12.4735H12.8602C12.9877 12.4735 13.068 12.3362 13.0055 12.2251L8.14541 3.58496Z\" \/>\n\t\t\t\t\t<\/svg>\n\t\t\t\t<\/span>\n\t\t\t\t<span data-wp-text=\"state.errorMessage\" id=\"g216-email-email-error-message\"><\/span>\n\t\t\t<\/div> \n\t<\/div>\n\n<div style=\"\"  data-wp-interactive=\"jetpack\/form\" data-wp-context='{\"fieldId\":\"g216-mensagem\",\"fieldType\":\"textarea\",\"fieldLabel\":\"Mensagem\",\"fieldValue\":\"\",\"fieldPlaceholder\":\"\",\"fieldIsRequired\":\"1\",\"fieldErrorMessage\":\"\",\"fieldExtra\":[],\"formHash\":\"e706f58fce1857935169be0590c70646b4907d80\"}'  class='grunion-field-textarea-wrap grunion-field-wrap'  data-wp-init='callbacks.initializeField' data-wp-on--jetpack-form-reset='callbacks.initializeField' >\n<label\n\t\t\t\tfor='contact-form-comment-g216-mensagem' class=\"grunion-field-label textarea\" >Mensagem<span class=\"grunion-label-required\" aria-hidden=\"true\">(required)<\/span><\/label>\n<textarea\n\t\t                style=''\n\t\t                name='g216-mensagem'\n\t\t                id='contact-form-comment-g216-mensagem'\n\t\t                rows='20'\n\t\t\t\t\t\tdata-wp-text='state.getFieldValue'\n\t\t\t\t\t\tdata-wp-on--input='actions.onFieldChange'\n\t\t\t\t\t\tdata-wp-on--blur='actions.onFieldBlur'\n\t\t\t\t\t\tdata-wp-class--has-value='state.hasFieldValue'\n\t\t\t\t\t\taria-describedby='g216-mensagem-textarea-error-message'\n\t\t\t\t\t\tdata-wp-bind--aria-invalid='state.fieldAriaInvalid'\n\t\t\t\t\t\tclass='textarea  grunion-field'  required aria-required='true'><\/textarea>\n \n\t\t\t<div id=\"g216-mensagem-textarea-error\" class=\"contact-form__input-error\" data-wp-class--has-errors=\"state.fieldHasErrors\">\n\t\t\t\t<span class=\"contact-form__warning-icon\" aria-hidden=\"true\">\n\t\t\t\t\t<svg width=\"16\" height=\"16\" viewBox=\"0 0 16 16\" fill=\"none\" xmlns=\"http:\/\/www.w3.org\/2000\/svg\">\n\t\t\t\t\t\t<path d=\"M8.50015 11.6402H7.50015V10.6402H8.50015V11.6402Z\" \/>\n\t\t\t\t\t\t<path d=\"M7.50015 9.64018H8.50015V6.30684H7.50015V9.64018Z\" \/>\n\t\t\t\t\t\t<path fill-rule=\"evenodd\" clip-rule=\"evenodd\" d=\"M6.98331 3.0947C7.42933 2.30177 8.57096 2.30177 9.01698 3.09469L13.8771 11.7349C14.3145 12.5126 13.7525 13.4735 12.8602 13.4735H3.14004C2.24774 13.4735 1.68575 12.5126 2.12321 11.7349L6.98331 3.0947ZM8.14541 3.58496C8.08169 3.47168 7.9186 3.47168 7.85488 3.58496L2.99478 12.2251C2.93229 12.3362 3.01257 12.4735 3.14004 12.4735H12.8602C12.9877 12.4735 13.068 12.3362 13.0055 12.2251L8.14541 3.58496Z\" \/>\n\t\t\t\t\t<\/svg>\n\t\t\t\t<\/span>\n\t\t\t\t<span data-wp-text=\"state.errorMessage\" id=\"g216-mensagem-textarea-error-message\"><\/span>\n\t\t\t<\/div>\n\t<\/div>\n\t<p class='contact-submit'>\n<div class=\"contact-form__error\" data-wp-class--show-errors=\"state.showFormErrors\"><span class=\"contact-form__warning-icon\" aria-hidden=\"true\"><i><\/i><\/span><span class=\"contact-form__error-message\" tabindex=\"-1\" data-wp-watch=\"callbacks.focusOnValidationError\" data-wp-text=\"state.getFormErrorMessage\"><\/span><ul aria-label=\"Form errors\">\n\t\t\t\t<template data-wp-each=\"state.getErrorList\" data-wp-key=\"context.item.id\">\n\t\t\t\t\t<li><a data-wp-bind--href=\"context.item.anchor\" data-wp-on--click=\"actions.scrollIntoView\" data-wp-text=\"context.item.label\"><\/a><\/li>\n\t\t\t\t<\/template>\n\t\t\t\t<\/ul><\/div><div class=\"contact-form__error\" data-wp-class--show-errors=\"state.showSubmissionError\" data-wp-text=\"context.submissionError\" tabindex=\"-1\" data-wp-watch=\"callbacks.focusOnSubmissionError\"><\/div>\t\t<button type='submit' class='pushbutton-wide'>Submit<\/button>\t\t<input type='hidden' name='contact-form-id' value='216' \/>\n\t\t<input type='hidden' name='action' value='grunion-contact-form' \/>\n\t\t<input type='hidden' name='contact-form-hash' value='e706f58fce1857935169be0590c70646b4907d80' \/>\n\t<\/p>\n<p style=\"display: none !important;\" class=\"akismet-fields-container\" data-prefix=\"ak_\"><label>&#916;<textarea name=\"ak_hp_textarea\" cols=\"45\" rows=\"8\" maxlength=\"100\"><\/textarea><\/label><input type=\"hidden\" id=\"ak_js_1\" name=\"ak_js\" value=\"201\"\/><script>\ndocument.getElementById( \"ak_js_1\" ).setAttribute( \"value\", ( new Date() ).getTime() );\n<\/script>\n<\/p><\/form>\n<\/div>\n<p><a name=\"notas\"><\/a><\/p>\n<h5>Notas<\/h5>\n<ul>\n<li>Os parceiros ser\u00e3o sempre apresentados (no site, em <em>banners<\/em> e outro material impresso), do n\u00edvel mais alto para o mais baixo.<\/li>\n<li>O grafismo a incluir dever\u00e1 ser fornecido pelo parceiro, com qualidade suficiente para ser impresso (de prefer\u00eancia em formato vectorial).<\/li>\n<li>Os bilhetes oferecidos, tanto para o evento como para o jantar de oradores, n\u00e3o s\u00e3o reembols\u00e1veis nem podem ser vendidos. Se quiser oferecer os bilhetes a colaboradores ou clientes da empresa, pode faze-lo, mas por favor avise a organiza\u00e7\u00e3o das mudan\u00e7as de nome.<\/li>\n<li>Se n\u00e3o puder participar no WordCamp nem tiver hip\u00f3tese de transferir o(s) bilhete(s), pode doa-los de volta ao lote de bilhetes para venda, o que desde j\u00e1 agradecemos.<\/li>\n<li>Pode sugerir uma apresenta\u00e7\u00e3o para o WordCamp. Lembre-se que a apresenta\u00e7\u00e3o tem obrigatoriamente de ter a ver com o WordPress. O facto de patrocinar o evento n\u00e3o d\u00e1 uma garantia que seja aprovada, estamos certos de que compreende.<\/li>\n<li>A visualiza\u00e7\u00e3o de links e log\u00f3tipos de patrocinadores n\u00e3o ser\u00e1 activada enquanto n\u00e3o for efectivamente recebido o montante do patroc\u00ednio.<\/li>\n<\/ul>\n","protected":false},"excerpt":{"rendered":"<p>Patrocinar um WordCamp \u00e9 uma excelente forma de apoiar a comunidade WordPress, de devolver a esta comunidade um pouco daquilo que todos os que contribuem para o projecto WordPress j\u00e1 lhe ofereceram. \u00c9 uma forma de fazer parte de algo partilhado por milh\u00f5es de pessoas e empresas em todo o mundo, retribuindo o trabalho volunt\u00e1rio &hellip; <\/p>\n<p class=\"link-more\"><a href=\"https:\/\/lisboa.wordcamp.org\/2017\/patrocinar\/\" class=\"more-link\">Continuar a ler <span class=\"screen-reader-text\">&#8220;Patrocinar&#8221;<\/span><\/a><\/p>\n","protected":false},"author":460946,"featured_media":0,"parent":0,"menu_order":0,"comment_status":"closed","ping_status":"closed","template":"","meta":{"_crdt_document":"","jetpack_post_was_ever_published":false,"footnotes":""},"class_list":["post-216","page","type-page","status-publish","hentry"],"jetpack_sharing_enabled":true,"jetpack_shortlink":"https:\/\/wp.me\/P87hhA-3u","_links":{"self":[{"href":"https:\/\/lisboa.wordcamp.org\/2017\/wp-json\/wp\/v2\/pages\/216","targetHints":{"allow":["GET"]}}],"collection":[{"href":"https:\/\/lisboa.wordcamp.org\/2017\/wp-json\/wp\/v2\/pages"}],"about":[{"href":"https:\/\/lisboa.wordcamp.org\/2017\/wp-json\/wp\/v2\/types\/page"}],"author":[{"embeddable":true,"href":"https:\/\/lisboa.wordcamp.org\/2017\/wp-json\/wp\/v2\/users\/460946"}],"replies":[{"embeddable":true,"href":"https:\/\/lisboa.wordcamp.org\/2017\/wp-json\/wp\/v2\/comments?post=216"}],"version-history":[{"count":8,"href":"https:\/\/lisboa.wordcamp.org\/2017\/wp-json\/wp\/v2\/pages\/216\/revisions"}],"predecessor-version":[{"id":318,"href":"https:\/\/lisboa.wordcamp.org\/2017\/wp-json\/wp\/v2\/pages\/216\/revisions\/318"}],"wp:attachment":[{"href":"https:\/\/lisboa.wordcamp.org\/2017\/wp-json\/wp\/v2\/media?parent=216"}],"curies":[{"name":"wp","href":"https:\/\/api.w.org\/{rel}","templated":true}]}}