{"id":8,"date":"2016-11-16T07:38:47","date_gmt":"2016-11-16T07:38:47","guid":{"rendered":"https:\/\/2017.lisboa.wordcamp.org\/speakers\/"},"modified":"2017-05-11T16:02:04","modified_gmt":"2017-05-11T15:02:04","slug":"oradores","status":"publish","type":"page","link":"https:\/\/lisboa.wordcamp.org\/2017\/oradores\/","title":{"rendered":"Oradores"},"content":{"rendered":"<p><span style=\"font-size: 1rem\">Interessado em WordPress? Ent\u00e3o n\u00e3o vais querer perder o WordCamp Lisboa! O programa contar\u00e1 com oradores\u00a0locais e\u00a0internacionais e que s\u00e3o\u00a0refer\u00eancias na comunidade<\/span>\u00a0WordPress . V\u00ea abaixo os oradores anunciados at\u00e9 ao momento.<\/p>\n\n\t<div class=\"wcorg-speakers\">\n\n\t\t\n\t\t\t<!-- Organizers note: The id attribute is deprecated and only remains for backwards compatibility, please use the corresponding class to target individual speakers -->\n\t\t\t<div id=\"wcorg-speaker-lenon-leite\" class=\"wcorg-speaker wcorg-speaker-lenon-leite\">\n\t\t\t\t<h2>\n\t\t\t\t\t\n\t\t\t\t\t\tLenon Leite\n\t\t\t\t\t\t\t\t\t<\/h2>\n\n\t\t\t\t<div class=\"wcorg-speaker-description\">\n\t\t\t\t\t<img alt='' src='https:\/\/secure.gravatar.com\/avatar\/9f75ee47ad86f527c5def908b8efd6ad79bab9cbf2451e3e1e307412fa74e51b?s=100&#038;d=mm&#038;r=g' srcset='https:\/\/secure.gravatar.com\/avatar\/9f75ee47ad86f527c5def908b8efd6ad79bab9cbf2451e3e1e307412fa74e51b?s=200&#038;d=mm&#038;r=g 2x' class='avatar avatar-100 photo' height='100' width='100' \/>\t\t\t\t\t<p>Amante da tecnologia, entusiasta da \u00e1rea de seguran\u00e7a da informa\u00e7\u00e3o. Desenvolvedor web desde 2007, Tecn\u00f3logo em Seguran\u00e7a de Sistema de Informa\u00e7\u00e3o pela faculdade ICESP com MBA em Engenharia de Software pela UPIS. Atualmente trabalhando como Software Engineer na log.pt<\/p>\n\t\t\t\t<\/div>\n\t\t\t<\/div>\n\n\t\t\n\t\t\t<!-- Organizers note: The id attribute is deprecated and only remains for backwards compatibility, please use the corresponding class to target individual speakers -->\n\t\t\t<div id=\"wcorg-speaker-noel-tock\" class=\"wcorg-speaker wcorg-speaker-noel-tock\">\n\t\t\t\t<h2>\n\t\t\t\t\t\n\t\t\t\t\t\tNoel Tock\n\t\t\t\t\t\t\t\t\t<\/h2>\n\n\t\t\t\t<div class=\"wcorg-speaker-description\">\n\t\t\t\t\t<img alt='' src='https:\/\/secure.gravatar.com\/avatar\/b4303acd88af245ede7355ce0eff10175455fe79135125519a9cce57a7b434c0?s=100&#038;d=mm&#038;r=g' srcset='https:\/\/secure.gravatar.com\/avatar\/b4303acd88af245ede7355ce0eff10175455fe79135125519a9cce57a7b434c0?s=200&#038;d=mm&#038;r=g 2x' class='avatar avatar-100 photo' height='100' width='100' \/>\t\t\t\t\t<p>Noel is a Swiss digital nomad who loves creating products online. He\u2019s one of three partners at Human Made, a 50+ distributed company and enterprise WordPress agency, having worked with Airbnb, Greenpeace and other large companies.<\/p>\n\t\t\t\t<\/div>\n\t\t\t<\/div>\n\n\t\t\n\t\t\t<!-- Organizers note: The id attribute is deprecated and only remains for backwards compatibility, please use the corresponding class to target individual speakers -->\n\t\t\t<div id=\"wcorg-speaker-susana-salgado\" class=\"wcorg-speaker wcorg-speaker-susana-salgado\">\n\t\t\t\t<h2>\n\t\t\t\t\t\n\t\t\t\t\t\tSusana Salgado\n\t\t\t\t\t\t\t\t\t<\/h2>\n\n\t\t\t\t<div class=\"wcorg-speaker-description\">\n\t\t\t\t\t<img alt='' src='https:\/\/secure.gravatar.com\/avatar\/61342eaec71fe03224b040cf75c2df137c2a6bd7e29e5f006e9dc7b26fa2d6ef?s=100&#038;d=mm&#038;r=g' srcset='https:\/\/secure.gravatar.com\/avatar\/61342eaec71fe03224b040cf75c2df137c2a6bd7e29e5f006e9dc7b26fa2d6ef?s=200&#038;d=mm&#038;r=g 2x' class='avatar avatar-100 photo' height='100' width='100' \/>\t\t\t\t\t<p>A Susana Salgado \u00e9 Partner &amp; Operations Manager na Kitchen Agency. Conta com mais de 12 anos de experi\u00eancia profissional em \u00e1reas muito variadas que lhe permitiram adquirir um conhecimento vasto da gest\u00e3o de um neg\u00f3cio na sua globalidade entre os quais se destacam cargos de gest\u00e3o, direc\u00e7\u00e3o financeira e recursos humanos, team management, project management e gest\u00e3o de clientes entre os quais Seguran\u00e7a Social, Funda\u00e7\u00e3o Calouste Gulbenkian e Sonae, entre outras.<\/p>\n\t\t\t\t<\/div>\n\t\t\t<\/div>\n\n\t\t\n\t\t\t<!-- Organizers note: The id attribute is deprecated and only remains for backwards compatibility, please use the corresponding class to target individual speakers -->\n\t\t\t<div id=\"wcorg-speaker-susana-vilaca\" class=\"wcorg-speaker wcorg-speaker-susana-vilaca\">\n\t\t\t\t<h2>\n\t\t\t\t\t\n\t\t\t\t\t\tSusana Vila\u00e7a\n\t\t\t\t\t\t\t\t\t<\/h2>\n\n\t\t\t\t<div class=\"wcorg-speaker-description\">\n\t\t\t\t\t<img alt='' src='https:\/\/secure.gravatar.com\/avatar\/fe570bd4d63f5e71527f2fb46d208bcbe2f1efa39347c72370477c59f20b0390?s=100&#038;d=mm&#038;r=g' srcset='https:\/\/secure.gravatar.com\/avatar\/fe570bd4d63f5e71527f2fb46d208bcbe2f1efa39347c72370477c59f20b0390?s=200&#038;d=mm&#038;r=g 2x' class='avatar avatar-100 photo' height='100' width='100' \/>\t\t\t\t\t<p>Susana Vila\u00e7a \u00e9 respons\u00e1vel pela \u00e1rea de Experi\u00eancia de Utiliza\u00e7\u00e3o numa das maiores ag\u00eancias portuguesas, a GrandUnion. Empenha-se em ajudar os clientes a alcan\u00e7ar o seu m\u00e1ximo potencial enquanto centra o utilizador nas decis\u00f5es que assume.<\/p>\n\t\t\t\t<\/div>\n\t\t\t<\/div>\n\n\t\t\n\t\t\t<!-- Organizers note: The id attribute is deprecated and only remains for backwards compatibility, please use the corresponding class to target individual speakers -->\n\t\t\t<div id=\"wcorg-speaker-jose-freitas\" class=\"wcorg-speaker wcorg-speaker-jose-freitas\">\n\t\t\t\t<h2>\n\t\t\t\t\t\n\t\t\t\t\t\tJos\u00e9 Freitas\n\t\t\t\t\t\t\t\t\t<\/h2>\n\n\t\t\t\t<div class=\"wcorg-speaker-description\">\n\t\t\t\t\t<img alt='' src='https:\/\/secure.gravatar.com\/avatar\/17ef1169e297fa92fdd7fd7d6d58d0d8586aa17a47f36d2808a438c442a82bed?s=100&#038;d=mm&#038;r=g' srcset='https:\/\/secure.gravatar.com\/avatar\/17ef1169e297fa92fdd7fd7d6d58d0d8586aa17a47f36d2808a438c442a82bed?s=200&#038;d=mm&#038;r=g 2x' class='avatar avatar-100 photo' height='100' width='100' \/>\t\t\t\t\t<p>Jornalista de profiss\u00e3o, adepto de hist\u00f3rias desde pequenino, prop\u00f5e-se responder \u00e0 pergunta \u201co que deve acontecer quando o s\u00edmbolo do cursor p\u00e1ra de piscar?\u201d e \u201cque mensagem devemos comunicar?\u201d<\/p>\n<p>Jos\u00e9 Freitas est\u00e1 no WordPress desde 2008, \u00e9 um f\u00e3 assumido e figura central da comunidade, e duvida da m\u00e1xima segundo a qual uma imagem vale mais que mil palavras.<\/p>\n\t\t\t\t<\/div>\n\t\t\t<\/div>\n\n\t\t\n\t\t\t<!-- Organizers note: The id attribute is deprecated and only remains for backwards compatibility, please use the corresponding class to target individual speakers -->\n\t\t\t<div id=\"wcorg-speaker-sandro-fernandes\" class=\"wcorg-speaker wcorg-speaker-sandro-fernandes\">\n\t\t\t\t<h2>\n\t\t\t\t\t\n\t\t\t\t\t\tSandro Fernandes\n\t\t\t\t\t\t\t\t\t<\/h2>\n\n\t\t\t\t<div class=\"wcorg-speaker-description\">\n\t\t\t\t\t<img alt='' src='https:\/\/secure.gravatar.com\/avatar\/f794aa290bd7f10cdb46acc180a2ec8c0ab5f2810d35b4ccd991f54d240b4c99?s=100&#038;d=mm&#038;r=g' srcset='https:\/\/secure.gravatar.com\/avatar\/f794aa290bd7f10cdb46acc180a2ec8c0ab5f2810d35b4ccd991f54d240b4c99?s=200&#038;d=mm&#038;r=g 2x' class='avatar avatar-100 photo' height='100' width='100' \/>\t\t\t\t\t<p>UI\/UX Designer no N\u00facleo de Design e Multim\u00e9dia do Instituto Superior T\u00e9cnico, desde 2014.<\/p>\n<p>Desde cedo que come\u00e7ou a usar Sistemas de Gest\u00e3o de Conte\u00fados, incluindo o WordPress.<\/p>\n<p>Com foco principal na \u00e1rea do web design, tem uma grande paix\u00e3o por <em>front-end development<\/em>, usabilidade e acessibilidade, tendo-se Licenciado em Educa\u00e7\u00e3o e Comunica\u00e7\u00e3o Multim\u00e9dia e mais tarde especializado em Novos Media e Pr\u00e1ticas Web.<\/p>\n\t\t\t\t<\/div>\n\t\t\t<\/div>\n\n\t\t\n\t\t\t<!-- Organizers note: The id attribute is deprecated and only remains for backwards compatibility, please use the corresponding class to target individual speakers -->\n\t\t\t<div id=\"wcorg-speaker-tiago-machado\" class=\"wcorg-speaker wcorg-speaker-tiago-machado\">\n\t\t\t\t<h2>\n\t\t\t\t\t\n\t\t\t\t\t\tTiago Machado\n\t\t\t\t\t\t\t\t\t<\/h2>\n\n\t\t\t\t<div class=\"wcorg-speaker-description\">\n\t\t\t\t\t<img alt='' src='https:\/\/secure.gravatar.com\/avatar\/04fc607c5cb89ecdfc60e3f6a3d7b8261fd04a6ebe9c7f7813dbe0459002f10b?s=100&#038;d=mm&#038;r=g' srcset='https:\/\/secure.gravatar.com\/avatar\/04fc607c5cb89ecdfc60e3f6a3d7b8261fd04a6ebe9c7f7813dbe0459002f10b?s=200&#038;d=mm&#038;r=g 2x' class='avatar avatar-100 photo' height='100' width='100' \/>\t\t\t\t\t<p>Tiago Machado \u00e9 um designer multidisciplinar portugu\u00eas.<\/p>\n<p>\u00c9 respons\u00e1vel pela \u00e1rea de Design e Multim\u00e9dia do Instituto Superior T\u00e9cnico da Universidade de Lisboa e co-fundador e professor da P\u00f3s-Gradua\u00e7\u00e3o em Digital Experience Design da Faculdade de Belas-Artes da Universidade de Lisboa.<\/p>\n<p>Atualmente desenvolve o seu doutoramento em design de comunica\u00e7\u00e3o na Faculdade de Belas-Artes da Universidade de Lisboa, com um estudo que pretende documentar a hist\u00f3ria do web design desde o seu surgimento.<\/p>\n\t\t\t\t<\/div>\n\t\t\t<\/div>\n\n\t\t\n\t\t\t<!-- Organizers note: The id attribute is deprecated and only remains for backwards compatibility, please use the corresponding class to target individual speakers -->\n\t\t\t<div id=\"wcorg-speaker-luis-rull\" class=\"wcorg-speaker wcorg-speaker-luis-rull\">\n\t\t\t\t<h2>\n\t\t\t\t\t\n\t\t\t\t\t\tLuis Rull\n\t\t\t\t\t\t\t\t\t<\/h2>\n\n\t\t\t\t<div class=\"wcorg-speaker-description\">\n\t\t\t\t\t<img alt='' src='https:\/\/secure.gravatar.com\/avatar\/1acc9bbbe61ed106fe59fc6705efc82da967041a0a6685193fb613d6ad858f13?s=100&#038;d=mm&#038;r=g' srcset='https:\/\/secure.gravatar.com\/avatar\/1acc9bbbe61ed106fe59fc6705efc82da967041a0a6685193fb613d6ad858f13?s=200&#038;d=mm&#038;r=g 2x' class='avatar avatar-100 photo' height='100' width='100' \/>\t\t\t\t\t<p>Utilizador de WordPress desde 2006. Fundador da empresa de desenvolvimento Mecus. Coordenador da equipa de tradu\u00e7\u00e3o da comunidade espanhola de WordPress. Organizador do WordCamp Sevilla e Europa.<\/p>\n<p>WordPress lover.<\/p>\n\t\t\t\t<\/div>\n\t\t\t<\/div>\n\n\t\t\n\t\t\t<!-- Organizers note: The id attribute is deprecated and only remains for backwards compatibility, please use the corresponding class to target individual speakers -->\n\t\t\t<div id=\"wcorg-speaker-pedro-martins\" class=\"wcorg-speaker wcorg-speaker-pedro-martins\">\n\t\t\t\t<h2>\n\t\t\t\t\t\n\t\t\t\t\t\tPedro Martins\n\t\t\t\t\t\t\t\t\t<\/h2>\n\n\t\t\t\t<div class=\"wcorg-speaker-description\">\n\t\t\t\t\t<img alt='' src='https:\/\/secure.gravatar.com\/avatar\/2242af1d3f8d778952ee844601127b33865627e6a3506fba583690d964802059?s=100&#038;d=mm&#038;r=g' srcset='https:\/\/secure.gravatar.com\/avatar\/2242af1d3f8d778952ee844601127b33865627e6a3506fba583690d964802059?s=200&#038;d=mm&#038;r=g 2x' class='avatar avatar-100 photo' height='100' width='100' \/>\t\t\t\t\t<p>Designer e <em>webdesigner<\/em> freelancer com cerca de 15 anos experi\u00eancia, \u00e9 licenciado em Design Visual pelo IADE \u2013 Creative University.<\/p>\n<p>Especializou-se em Tecnologias da Informa\u00e7\u00e3o e Linguagem Multim\u00e9dia no ano 2000, e em UX\/UI pela EDIT em 2015.<\/p>\n<p>Trabalhou na r\u00e1dio Renascen\u00e7a como webdesigner onde desenhou e programou os sites da Renasncen\u00e7a, RFM (entre outros) e as aplica\u00e7\u00f5es mov\u00e9is.<\/p>\n<p>Actualmente, \u00e9 <em>webdesigner<\/em> na Nova School of Business and Economics.<\/p>\n\t\t\t\t<\/div>\n\t\t\t<\/div>\n\n\t\t\n\t\t\t<!-- Organizers note: The id attribute is deprecated and only remains for backwards compatibility, please use the corresponding class to target individual speakers -->\n\t\t\t<div id=\"wcorg-speaker-milan-ivanovic\" class=\"wcorg-speaker wcorg-speaker-milan-ivanovic\">\n\t\t\t\t<h2>\n\t\t\t\t\t\n\t\t\t\t\t\tMilan Ivanovi\u0107\n\t\t\t\t\t\t\t\t\t<\/h2>\n\n\t\t\t\t<div class=\"wcorg-speaker-description\">\n\t\t\t\t\t<img alt='' src='https:\/\/secure.gravatar.com\/avatar\/09f5c5c37cae89e6a9417e53030f64eff6bbf668cce36781ce9d1188db4e6493?s=100&#038;d=mm&#038;r=g' srcset='https:\/\/secure.gravatar.com\/avatar\/09f5c5c37cae89e6a9417e53030f64eff6bbf668cce36781ce9d1188db4e6493?s=200&#038;d=mm&#038;r=g 2x' class='avatar avatar-100 photo' height='100' width='100' \/>\t\t\t\t\t<p>Milan lives and breathes WordPress: he\u2019s the WordPress.org General Translation Editor, WordPress Serbia lead and one of WordCamp Europe organizers.<\/p>\n<p>In his spare time he holds WordPress lectures and collects WordCamp T-shirts.<\/p>\n\t\t\t\t<\/div>\n\t\t\t<\/div>\n\n\t\t\n\t\t\t<!-- Organizers note: The id attribute is deprecated and only remains for backwards compatibility, please use the corresponding class to target individual speakers -->\n\t\t\t<div id=\"wcorg-speaker-craig-martin\" class=\"wcorg-speaker wcorg-speaker-craig-martin\">\n\t\t\t\t<h2>\n\t\t\t\t\t\n\t\t\t\t\t\tCraig Martin\n\t\t\t\t\t\t\t\t\t<\/h2>\n\n\t\t\t\t<div class=\"wcorg-speaker-description\">\n\t\t\t\t\t<img alt='' src='https:\/\/secure.gravatar.com\/avatar\/68b53484ca56bc443893a5acc3b42dee03a2ba89ea3b585e2fb1689da5145e3a?s=100&#038;d=mm&#038;r=g' srcset='https:\/\/secure.gravatar.com\/avatar\/68b53484ca56bc443893a5acc3b42dee03a2ba89ea3b585e2fb1689da5145e3a?s=200&#038;d=mm&#038;r=g 2x' class='avatar avatar-100 photo' height='100' width='100' \/>\t\t\t\t\t<p>Craig and his wife Linda have been travelling full-time since 2006: the same year they founded the Indie Travel Podcast, becoming one of the first pro-bloggers in the travel space in 2008. Craig spend three years on the board of the Professional Travel Blogger&#8217;s Association, the first President Elect.<\/p>\n<p>In 2014 they co-founded Performance Foundry, becoming one of the best WordPress services companies in the world, with managed WordPress hosting, development and optimisation. Through word of mouth recommendations, Performance Foundry has tripled in size each year.<\/p>\n<p>A Kiwi, Craig loves wine, coffee and hiking and can be reached on twitter at @craig_martin or @p_foundry.<\/p>\n\t\t\t\t<\/div>\n\t\t\t<\/div>\n\n\t\t\n\t\t\t<!-- Organizers note: The id attribute is deprecated and only remains for backwards compatibility, please use the corresponding class to target individual speakers -->\n\t\t\t<div id=\"wcorg-speaker-marcel-schmitz\" class=\"wcorg-speaker wcorg-speaker-marcel-schmitz\">\n\t\t\t\t<h2>\n\t\t\t\t\t\n\t\t\t\t\t\tMarcel Schmitz\n\t\t\t\t\t\t\t\t\t<\/h2>\n\n\t\t\t\t<div class=\"wcorg-speaker-description\">\n\t\t\t\t\t<img alt='' src='https:\/\/secure.gravatar.com\/avatar\/125a656b3f1360942f79f5e9fc8746791f3443619a41fc177800a64484a48742?s=100&#038;d=mm&#038;r=g' srcset='https:\/\/secure.gravatar.com\/avatar\/125a656b3f1360942f79f5e9fc8746791f3443619a41fc177800a64484a48742?s=200&#038;d=mm&#038;r=g 2x' class='avatar avatar-100 photo' height='100' width='100' \/>\t\t\t\t\t<p>Co-fundador da hellodev.us, WordPress e iOS developer, fot\u00f3grafo e piloto de drone nos tempos livres.<\/p>\n<p>Adora tudo o que est\u00e1 relacionado com programa\u00e7\u00e3o e tecnologia.<\/p>\n<p>Especialista em cria\u00e7\u00e3o de solu\u00e7\u00f5es e-commerce, na WP REST API e aplica\u00e7\u00f5es m\u00f3veis, e tudo relacionado no que toca a facilitar a vida das pessoas atrav\u00e9s de tecnologia.<\/p>\n\t\t\t\t<\/div>\n\t\t\t<\/div>\n\n\t\t\n\t\t\t<!-- Organizers note: The id attribute is deprecated and only remains for backwards compatibility, please use the corresponding class to target individual speakers -->\n\t\t\t<div id=\"wcorg-speaker-konstantin-obenland\" class=\"wcorg-speaker wcorg-speaker-konstantin-obenland\">\n\t\t\t\t<h2>\n\t\t\t\t\t\n\t\t\t\t\t\tKonstantin Obenland\n\t\t\t\t\t\t\t\t\t<\/h2>\n\n\t\t\t\t<div class=\"wcorg-speaker-description\">\n\t\t\t\t\t<img alt='' src='https:\/\/secure.gravatar.com\/avatar\/52571ff84e9ddc518a5a36d434c6cab38e1cfaab16a87ccdf49c51351b00c199?s=100&#038;d=mm&#038;r=g' srcset='https:\/\/secure.gravatar.com\/avatar\/52571ff84e9ddc518a5a36d434c6cab38e1cfaab16a87ccdf49c51351b00c199?s=200&#038;d=mm&#038;r=g 2x' class='avatar avatar-100 photo' height='100' width='100' \/>\t\t\t\t\t<p>Konstantin is a WordPress aficionado, and Core Developer based in Southern California.<\/p>\n<p>You might remember him from projects like WordPress 4.3 or the new WordPress.org Plugin Directory. At Automattic he\u2019s is part of a team that contributes to Core and WordPress.org full time.<\/p>\n<p>He enjoys home improvements, bourbons, and good food \u2014 sometimes so much that he blogs about it.<\/p>\n\t\t\t\t<\/div>\n\t\t\t<\/div>\n\n\t\t\n\t<\/div>\n\n\t\n","protected":false},"excerpt":{"rendered":"<p>Interessado em WordPress? Ent\u00e3o n\u00e3o vais querer perder o WordCamp Lisboa! O programa contar\u00e1 com oradores\u00a0locais e\u00a0internacionais e que s\u00e3o\u00a0refer\u00eancias na comunidade\u00a0WordPress . V\u00ea abaixo os oradores anunciados at\u00e9 ao momento.<\/p>\n","protected":false},"author":355733,"featured_media":0,"parent":0,"menu_order":0,"comment_status":"closed","ping_status":"closed","template":"","meta":{"_crdt_document":"","jetpack_post_was_ever_published":false,"footnotes":""},"class_list":["post-8","page","type-page","status-publish","hentry"],"jetpack_sharing_enabled":true,"jetpack_shortlink":"https:\/\/wp.me\/P87hhA-8","_links":{"self":[{"href":"https:\/\/lisboa.wordcamp.org\/2017\/wp-json\/wp\/v2\/pages\/8","targetHints":{"allow":["GET"]}}],"collection":[{"href":"https:\/\/lisboa.wordcamp.org\/2017\/wp-json\/wp\/v2\/pages"}],"about":[{"href":"https:\/\/lisboa.wordcamp.org\/2017\/wp-json\/wp\/v2\/types\/page"}],"author":[{"embeddable":true,"href":"https:\/\/lisboa.wordcamp.org\/2017\/wp-json\/wp\/v2\/users\/355733"}],"replies":[{"embeddable":true,"href":"https:\/\/lisboa.wordcamp.org\/2017\/wp-json\/wp\/v2\/comments?post=8"}],"version-history":[{"count":6,"href":"https:\/\/lisboa.wordcamp.org\/2017\/wp-json\/wp\/v2\/pages\/8\/revisions"}],"predecessor-version":[{"id":1118,"href":"https:\/\/lisboa.wordcamp.org\/2017\/wp-json\/wp\/v2\/pages\/8\/revisions\/1118"}],"wp:attachment":[{"href":"https:\/\/lisboa.wordcamp.org\/2017\/wp-json\/wp\/v2\/media?parent=8"}],"curies":[{"name":"wp","href":"https:\/\/api.w.org\/{rel}","templated":true}]}}