{"id":11,"date":"2018-06-30T09:36:38","date_gmt":"2018-06-30T09:36:38","guid":{"rendered":"https:\/\/2019.lisbon.wordcamp.org\/location\/"},"modified":"2019-05-18T08:24:48","modified_gmt":"2019-05-18T07:24:48","slug":"localizacao","status":"publish","type":"page","link":"https:\/\/lisboa.wordcamp.org\/2019\/localizacao\/","title":{"rendered":"Localiza\u00e7\u00e3o"},"content":{"rendered":"\n<div class=\"wp-block-columns has-2-columns is-layout-flex wp-container-core-columns-is-layout-9d6595d7 wp-block-columns-is-layout-flex\">\n<div class=\"wp-block-column is-layout-flow wp-block-column-is-layout-flow\">\n<h3 class=\"wp-block-heading\">ISCTE-IUL<\/h3>\n\n\n\n<h4 class=\"wp-block-heading\">Edif\u00edcio II<\/h4>\n\n\n\n<p>Av. das For\u00e7as Armadas<br>1649-026 Lisboa<br>Portugal<\/p>\n\n\n\n<p>GPS: <a href=\"https:\/\/maps.google.pt\/?ll=38.748753,-9.153692\" target=\"_blank\" rel=\"noreferrer noopener\" aria-label=\"38.748753,-9.153692 (opens in a new tab)\">38.748753,-9.153692<\/a><br><\/p>\n\n\n\n<p><small><a href=\"https:\/\/www.google.pt\/maps\/@38.7493331,-9.1544581,3a,75y,83.71h,89.88t\/data=!3m6!1e1!3m4!1ssXDurGYUtP-A_yLEMqK4og!2e0!7i13312!8i6656\" target=\"_blank\" rel=\"noreferrer noopener\" aria-label=\"Entrada directa pela Rua Prof. Dr. An\u00edbal Bettencourt (porta norte do Edf. II) (opens in a new tab)\">Entrada directa pela Rua Prof. Dr. An\u00edbal Bettencourt (porta norte do Edf. II)<\/a> mas tamb\u00e9m com acesso pela Av. das For\u00e7as Armadas.<\/small><\/p>\n<\/div>\n\n\n\n<div class=\"wp-block-column is-layout-flow wp-block-column-is-layout-flow\">\n<div data-map-provider=\"mapbox\" data-api-key=\"pk.eyJ1Ijoid2NsaXNib2EiLCJhIjoiY2p0MmxvNzExMHdsODQ0cDFtNHgweTlzYSJ9.p_HuN6Fg_qvfekctnbQwNg\" class=\"wp-block-jetpack-map\" data-map-style=\"default\" data-map-details=\"true\" data-points=\"[{&quot;placeTitle&quot;:&quot;ISCTE-IUL Instituto Universit\u00e1rio de Lisboa&quot;,&quot;title&quot;:&quot;ISCTE-IUL Instituto Universit\u00e1rio de Lisboa&quot;,&quot;caption&quot;:&quot;ISCTE-IUL Instituto Universit\u00e1rio de Lisboa, Av. das For\u00e7as Armadas, Lisboa, Lisboa, Portugal&quot;,&quot;id&quot;:&quot;poi.506806194452&quot;,&quot;coordinates&quot;:{&quot;longitude&quot;:-9.154321,&quot;latitude&quot;:38.74891}}]\" data-zoom=\"11.971432893072599\" data-map-center=\"{&quot;longitude&quot;:-122.41941550000001,&quot;latitude&quot;:37.7749295}\" data-marker-color=\"#000000\"><ul><li><a href=\"https:\/\/www.google.com\/maps\/search\/?api=1&amp;query=38.74891,-9.154321\">ISCTE-IUL Instituto Universit\u00e1rio de Lisboa<\/a><\/li><\/ul><\/div>\n<\/div>\n<\/div>\n\n\n\n<div style=\"height:50px\" aria-hidden=\"true\" class=\"wp-block-spacer\"><\/div>\n\n\n\n<h3 class=\"wp-block-heading\">Como chegar<\/h3>\n\n\n\n<div style=\"height:20px\" aria-hidden=\"true\" class=\"wp-block-spacer\"><\/div>\n\n\n\n<h4 class=\"wp-block-heading\">\u2014 \u2708\ufe0f de avi\u00e3o<\/h4>\n\n\n\n<ul class=\"wp-block-list\"><li>Aeroporto de Lisboa (<a rel=\"noreferrer noopener\" aria-label=\"LIS (opens in a new tab)\" href=\"https:\/\/www.aeroportolisboa.pt\/pt\/lis\/home\" target=\"_blank\">LIS<\/a>);<\/li><li>N\u00e3o \u00e9 necess\u00e1rio apanhar t\u00e1xi ou Uber, porque o aeroporto est\u00e1 servido por uma esta\u00e7\u00e3o de metro: <strong>Aeroporto<\/strong> (linha vermelha);<br><small>(Se ainda assim quiser apanhar um t\u00e1xi, a viagem at\u00e9 ao ISCTE n\u00e3o dever\u00e1 custar mais de 12\u20ac)<\/small><\/li><\/ul>\n\n\n\n<div style=\"height:20px\" aria-hidden=\"true\" class=\"wp-block-spacer\"><\/div>\n\n\n\n<h4 class=\"wp-block-heading\">\u2014 \ud83d\ude99 de carro<\/h4>\n\n\n\n<p>Nota: S\u00e1bado realiza-se um evento acad\u00e9mico pelo que podem existir constrangimentos de estacionamento.<\/p>\n\n\n\n<ul class=\"wp-block-list\"><li>No seu GPS pesquise por &#8220;Rua Branca Edm\u00e9e Marques&#8221;;<\/li><li>A partir da Rotunda de Entrecampos:<ul><li>Subir a Av. das For\u00e7as Armadas (sentido Entrecampos e Sete Rios);<\/li><li>Manter-se \u00e0 direita e, no cruzamento com sem\u00e1foros, virar \u00e0 direita na direc\u00e7\u00e3o Hospital de Santa Maria e Cidade Universit\u00e1ria, para a Av. Prof. Gama Pinto;<\/li><li>Virar na segunda \u00e0 direita, direc\u00e7\u00e3o ISCTE-IUL, na Rua Branca Edm\u00e9e Marques, seguir at\u00e9 ao fundo da rua e estacionar;<\/li><\/ul><\/li><li>A partir da A1 (norte):<ul><li>Seguir da A1 directamente para a 2\u00aa circular, passando em frente ao Aeroporto;<\/li><li>Antes das Torres de Lisboa sair para o Eixo Norte-Sul (direc\u00e7\u00e3o Hospital de Santa Maria e Sete rios);<\/li><li>Seguir cerca de 1400 m e sair em direc\u00e7\u00e3o a Entrecampos e Pra\u00e7a de Espanha;<\/li><li>Manter-se \u00e0 esquerda e seguir na direc\u00e7\u00e3o Entrecampos e Areeiro;<\/li><li>Manter-se \u00e0 esquerda e, no cruzamento com sem\u00e1foros, virar \u00e0 esquerda na direc\u00e7\u00e3o Hospital de Santa Maria e Cidade Universit\u00e1ria, para a Av. Prof. Gama Pinto;<\/li><li>Virar na segunda \u00e0 direita, direc\u00e7\u00e3o ISCTE-IUL, na Rua Branca Edm\u00e9e Marques, seguir at\u00e9 ao fundo da rua e estacionar;<\/li><\/ul><\/li><li>A partir da A2 (sul):<ul><li>Depois de passar a Ponte 25 de Abril, seguir em frente pelo Eixon Norte-Sul durante aproximadamente 5 km;<\/li><li>Sair ap\u00f3s Sete Rios na direc\u00e7\u00e3o Entrecampos e Areeiro;<\/li><li>Manter-se \u00e0 esquerda e, no cruzamento com sem\u00e1foros, virar \u00e0 esquerda na direc\u00e7\u00e3o Hospital de Santa Maria e Cidade Universit\u00e1ria, para a Av. Prof. Gama Pinto;<\/li><li>Virar na segunda \u00e0 direita, direc\u00e7\u00e3o ISCTE-IUL, na Rua Branca Edm\u00e9e Marques, seguir at\u00e9 ao fundo da rua e estacionar;<\/li><\/ul><\/li><\/ul>\n\n\n\n<div class=\"wp-block-columns has-2-columns is-layout-flex wp-container-core-columns-is-layout-9d6595d7 wp-block-columns-is-layout-flex\">\n<div class=\"wp-block-column is-layout-flow wp-block-column-is-layout-flow\">\n<p>\ud83d\uddfa <a href=\"https:\/\/www.google.pt\/maps\/dir\/\/38.749256,-9.154603\/@38.7492593,-9.1563393,17z\/data=!4m11!1m8!3m7!1s0x0:0x0!2zMzjCsDQ0JzU3LjMiTiA5wrAwOScxNi42Ilc!3b1!7e2!8m2!3d38.7492564!4d-9.1546032!4m1!3e2\" target=\"_blank\" rel=\"noreferrer noopener\" aria-label=\"Simular trajecto no Google Maps (opens in a new tab)\">Simular trajecto no Google Maps<\/a><\/p>\n<\/div>\n\n\n\n<div class=\"wp-block-column is-layout-flow wp-block-column-is-layout-flow\">\n<p>\ud83d\ude99 <a rel=\"noreferrer noopener\" aria-label=\"Parque de estacionamento &quot;Cidade Universit\u00e1ria&quot; (opens in a new tab)\" href=\"https:\/\/www.emel.pt\/pt\/parques\/cidade-universitaria\/\" target=\"_blank\">Parque de estacionamento &#8220;Cidade Universit\u00e1ria&#8221;<\/a> junto ao ISCTE, ou <a href=\"https:\/\/www.emel.pt\/pt\/onde-estacionar\/via-publica\/pesquisa-de-estacionamento\/\" target=\"_blank\" rel=\"noreferrer noopener\" aria-label=\"veja aqui alternativas (opens in a new tab)\">veja aqui alternativas<\/a><\/p>\n<\/div>\n<\/div>\n\n\n\n<div style=\"height:20px\" aria-hidden=\"true\" class=\"wp-block-spacer\"><\/div>\n\n\n\n<h4 class=\"wp-block-heading\">\u2014 \ud83d\ude86 de comboio<\/h4>\n\n\n\n<ul class=\"wp-block-list\"><li>Se vem da linha do norte:<ul><li>Sair na <strong>Gare do Oriente<\/strong>;<\/li><li>Apanhar qualquer comboio urbano com destino a Sintra ou Alc\u00e2ntara-Terra e sair na <strong>Esta\u00e7\u00e3o de Entrecampos<\/strong>;<\/li><li>A esta\u00e7\u00e3o tamb\u00e9m est\u00e1 servida por uma esta\u00e7\u00e3o de metro: <strong>Oriente<\/strong> (linha vermelha);<\/li><\/ul><\/li><li>Se vem do sul (Fertagus), ou o comboio p\u00e1ra na <strong>Esta\u00e7\u00e3o de Entrecampos<\/strong>:<ul><li>Sair na esta\u00e7\u00e3o de Entrecampos e fazer o trajecto pedonal como nas instru\u00e7\u00f5es em baixo (metro);<\/li><\/ul><\/li><\/ul>\n\n\n\n<div style=\"height:20px\" aria-hidden=\"true\" class=\"wp-block-spacer\"><\/div>\n\n\n\n<h4 class=\"wp-block-heading\">\u2014 \ud83d\ude87 de metro<\/h4>\n\n\n\n<ul class=\"wp-block-list\"><li>Sair na <strong>Esta\u00e7\u00e3o de Entrecampos<\/strong> (linha amarela) na Av. da Rep\u00fablica;<\/li><li>Caminhar cerca de 200 m em dire\u00e7\u00e3o \u00e0 Rotunda de Entrecampos;<\/li><li>Passar a rotunda e avan\u00e7ar mais 200m passando a C\u00e2mara de Lisboa;<\/li><li>Virar \u00e0 esquerda na Av. Prof. An\u00edbal Betterncourt e passados 200m encontra a entrada para o ISCTE-IUL \u00e0 sua esquerda;<\/li><\/ul>\n\n\n\n<div class=\"wp-block-columns has-2-columns is-layout-flex wp-container-core-columns-is-layout-9d6595d7 wp-block-columns-is-layout-flex\">\n<div class=\"wp-block-column is-layout-flow wp-block-column-is-layout-flow\">\n<p>\ud83d\uddfa <a rel=\"noreferrer noopener\" aria-label=\"Ver trajecto no Google Maps (opens in a new tab)\" href=\"https:\/\/www.google.pt\/maps\/dir\/38.7476298,-9.153277\/38.7463605,-9.1481506\/@38.7480541,-9.1527675,17.05z\/data=!4m2!4m1!3e2\" target=\"_blank\">Ver trajecto pedonal no Google Maps<\/a><\/p>\n<\/div>\n\n\n\n<div class=\"wp-block-column is-layout-flow wp-block-column-is-layout-flow\">\n<p>\ud83d\ude87 <a href=\"https:\/\/2019.lisboa.wordcamp.org\/files\/2019\/04\/metro-wclisboa.png\" target=\"_blank\" rel=\"noreferrer noopener\" aria-label=\"Ver diagrama da rede do Metro de Lisboa (opens in a new tab)\">Ver diagrama da rede do Metro de Lisboa<\/a><\/p>\n<\/div>\n<\/div>\n\n\n\n<div style=\"height:20px\" aria-hidden=\"true\" class=\"wp-block-spacer\"><\/div>\n\n\n\n<h4 class=\"wp-block-heading\">\u2014 \ud83d\ude8c de autocarro<\/h4>\n\n\n\n<ul class=\"wp-block-list\"><li>Apanhar os autocarros n\u00famero 32, 54 ou 55 da Carris;<\/li><li>Sair na paragem <strong>Faculdade de Farm\u00e1cia<\/strong>, ao cima da Av. das For\u00e7as Armadas;<\/li><li>Descer a avenida. A entrada para o ISCTE-IUL est\u00e1 localizada a cerca de 150 m \u00e0 esquerda.<\/li><\/ul>\n","protected":false},"excerpt":{"rendered":"<p>ISCTE-IUL Edif\u00edcio II Av. das For\u00e7as Armadas1649-026 LisboaPortugal GPS: 38.748753,-9.153692 Entrada directa pela Rua Prof. Dr. An\u00edbal Bettencourt (porta norte do Edf. II) mas tamb\u00e9m com acesso pela Av. das For\u00e7as Armadas. Como chegar \u2014 \u2708\ufe0f de avi\u00e3o Aeroporto de Lisboa (LIS); N\u00e3o \u00e9 necess\u00e1rio apanhar t\u00e1xi ou Uber, porque o aeroporto est\u00e1 servido por &hellip; <\/p>\n<p class=\"link-more\"><a href=\"https:\/\/lisboa.wordcamp.org\/2019\/localizacao\/\" class=\"more-link\">Continuar a ler <span class=\"screen-reader-text\">&#8220;Localiza\u00e7\u00e3o&#8221;<\/span><\/a><\/p>\n","protected":false},"author":6116161,"featured_media":1558,"parent":0,"menu_order":0,"comment_status":"closed","ping_status":"closed","template":"","meta":{"jetpack_post_was_ever_published":false,"footnotes":""},"class_list":["post-11","page","type-page","status-publish","has-post-thumbnail","hentry","entry"],"jetpack_sharing_enabled":false,"jetpack_shortlink":"https:\/\/wp.me\/Pa3kPU-b","_links":{"self":[{"href":"https:\/\/lisboa.wordcamp.org\/2019\/wp-json\/wp\/v2\/pages\/11","targetHints":{"allow":["GET"]}}],"collection":[{"href":"https:\/\/lisboa.wordcamp.org\/2019\/wp-json\/wp\/v2\/pages"}],"about":[{"href":"https:\/\/lisboa.wordcamp.org\/2019\/wp-json\/wp\/v2\/types\/page"}],"author":[{"embeddable":true,"href":"https:\/\/lisboa.wordcamp.org\/2019\/wp-json\/wp\/v2\/users\/6116161"}],"replies":[{"embeddable":true,"href":"https:\/\/lisboa.wordcamp.org\/2019\/wp-json\/wp\/v2\/comments?post=11"}],"version-history":[{"count":42,"href":"https:\/\/lisboa.wordcamp.org\/2019\/wp-json\/wp\/v2\/pages\/11\/revisions"}],"predecessor-version":[{"id":3980,"href":"https:\/\/lisboa.wordcamp.org\/2019\/wp-json\/wp\/v2\/pages\/11\/revisions\/3980"}],"wp:featuredmedia":[{"embeddable":true,"href":"https:\/\/lisboa.wordcamp.org\/2019\/wp-json\/wp\/v2\/media\/1558"}],"wp:attachment":[{"href":"https:\/\/lisboa.wordcamp.org\/2019\/wp-json\/wp\/v2\/media?parent=11"}],"curies":[{"name":"wp","href":"https:\/\/api.w.org\/{rel}","templated":true}]}}