{"id":12,"date":"2018-06-30T09:36:38","date_gmt":"2018-06-30T09:36:38","guid":{"rendered":"https:\/\/2019.lisbon.wordcamp.org\/organizers\/"},"modified":"2019-05-16T10:59:16","modified_gmt":"2019-05-16T09:59:16","slug":"organizadores","status":"publish","type":"page","link":"https:\/\/lisboa.wordcamp.org\/2019\/organizadores\/","title":{"rendered":"Organizadores"},"content":{"rendered":"\t<div class=\"wcorg-organizers\">\n\n\t\t\n\t\t\t<div class=\"wcorg-organizer\">\n\t\t\t\t<h2>Marco Almeida<\/h2>\n\t\t\t\t<div class=\"wcorg-organizer-description\">\n\t\t\t\t\t\t\t\t\t\t<img alt='' src='https:\/\/secure.gravatar.com\/avatar\/1083d402b1086bd5a378ca35a0d2d3576fd8e12c70e8cd01b6e8dbe6b506773b?s=100&#038;d=mm&#038;r=g' srcset='https:\/\/secure.gravatar.com\/avatar\/1083d402b1086bd5a378ca35a0d2d3576fd8e12c70e8cd01b6e8dbe6b506773b?s=200&#038;d=mm&#038;r=g 2x' class='avatar avatar-100 photo' height='100' width='100' \/>\t\t\t\t\t\r\n<div class=\"organizer-team-meta\">Speakers dinner e after-party<\/div>\r\n<p><em>Chief Executive Meerkat<\/em> e programador na Webdados. Autor de v\u00e1rios plugins WordPress, gratuitos e comerciais, com especial foco no WooCommerce. Fot\u00f3grafo de concertos e fundador do musicfest.pt. Esbardalhou-se de bicicleta aos 10 anos e lixou um joelho. Desde ent\u00e3o consegue prever o tempo com uma elevada taxa de sucesso.<\/p>\r\n\t\t\t\t<\/div>\n\t\t\t<\/div>\n\n\t\t\n\t\t\t<div class=\"wcorg-organizer\">\n\t\t\t\t<h2>Caribay Camacho<\/h2>\n\t\t\t\t<div class=\"wcorg-organizer-description\">\n\t\t\t\t\t\t\t\t\t\t<img alt='' src='https:\/\/secure.gravatar.com\/avatar\/df6b81e8129e994a0aeaf8f5fe754f11f2cbc925b003ba77abd9f28315509341?s=100&#038;d=mm&#038;r=g' srcset='https:\/\/secure.gravatar.com\/avatar\/df6b81e8129e994a0aeaf8f5fe754f11f2cbc925b003ba77abd9f28315509341?s=200&#038;d=mm&#038;r=g 2x' class='avatar avatar-100 photo' height='100' width='100' \/>\t\t\t\t\t\r\n<div class=\"organizer-team-meta\">Patroc\u00ednios<\/div>\r\n<p>Tradutora de leis, especializada em propriedade intelectual e prote\u00e7\u00e3o de dados, procuro oferecer aos empreendedores digitais toda a informa\u00e7\u00e3o necess\u00e1ria para proteger legalmente o melhor que tem o seu site: as suas ideias, partilhando o que sei para fomentar um uso mais respons\u00e1vel das tecnologias da informa\u00e7\u00e3o.<\/p>\r\n\t\t\t\t<\/div>\n\t\t\t<\/div>\n\n\t\t\n\t\t\t<div class=\"wcorg-organizer\">\n\t\t\t\t<h2>Val\u00e9rio Vaz<\/h2>\n\t\t\t\t<div class=\"wcorg-organizer-description\">\n\t\t\t\t\t\t\t\t\t\t<img alt='' src='https:\/\/secure.gravatar.com\/avatar\/1e27985266eca38653d30abef9fc12ce95dcceda63b3b8279fcc2fc500473f63?s=100&#038;d=mm&#038;r=g' srcset='https:\/\/secure.gravatar.com\/avatar\/1e27985266eca38653d30abef9fc12ce95dcceda63b3b8279fcc2fc500473f63?s=200&#038;d=mm&#038;r=g 2x' class='avatar avatar-100 photo' height='100' width='100' \/>\t\t\t\t\t<div class=\"organizer-team-meta\">Workshops<\/div>\n<div>Fundou a <a href=\"https:\/\/www.facebook.com\/wpbox\/\">WPBox<\/a>, uma software-house que se especializou em WordPress, no desenvolvimento e suporte de websites. Foi no Customer Support que encontrou o elo de liga\u00e7\u00e3o com a comunidade Open-Source. \u00c9 Site Health Specialist na <a href=\"https:\/\/www.valet.io\/\">Valet<\/a> onde \u00e9 respons\u00e1vel pela manuten\u00e7\u00e3o e seguran\u00e7a de sites em WordPress e formador de linguagens de programa\u00e7\u00e3o front-end.<\/div>\n\t\t\t\t<\/div>\n\t\t\t<\/div>\n\n\t\t\n\t\t\t<div class=\"wcorg-organizer\">\n\t\t\t\t<h2>Jos\u00e9 Freitas<\/h2>\n\t\t\t\t<div class=\"wcorg-organizer-description\">\n\t\t\t\t\t\t\t\t\t\t<img alt='' src='https:\/\/secure.gravatar.com\/avatar\/17ef1169e297fa92fdd7fd7d6d58d0d8586aa17a47f36d2808a438c442a82bed?s=100&#038;d=mm&#038;r=g' srcset='https:\/\/secure.gravatar.com\/avatar\/17ef1169e297fa92fdd7fd7d6d58d0d8586aa17a47f36d2808a438c442a82bed?s=200&#038;d=mm&#038;r=g 2x' class='avatar avatar-100 photo' height='100' width='100' \/>\t\t\t\t\t\r\n<div class=\"organizer-team-meta\">Comunica\u00e7\u00e3o<\/div>\r\n<p>No WordPress desde 2008. Hoje ajuda pequenas e m\u00e9dias empresas a criar estrat\u00e9gias de comunica\u00e7\u00e3o para terem mais clientes, com sites WordPress no centro. Noutros tempos, e durante 25 anos, foi jornalista. \u00c9 um empenhado defensor da comunidade WordPress como forma de mudar o mundo. Um site de cada vez.<\/p>\r\n\t\t\t\t<\/div>\n\t\t\t<\/div>\n\n\t\t\n\t\t\t<div class=\"wcorg-organizer\">\n\t\t\t\t<h2>Rita Severo<\/h2>\n\t\t\t\t<div class=\"wcorg-organizer-description\">\n\t\t\t\t\t\t\t\t\t\t<img alt='' src='https:\/\/secure.gravatar.com\/avatar\/8ae4e06bda1afaf42155db1321977bca9c2fb56e34c21997da3ebc17f4a5cbe6?s=100&#038;d=mm&#038;r=g' srcset='https:\/\/secure.gravatar.com\/avatar\/8ae4e06bda1afaf42155db1321977bca9c2fb56e34c21997da3ebc17f4a5cbe6?s=200&#038;d=mm&#038;r=g 2x' class='avatar avatar-100 photo' height='100' width='100' \/>\t\t\t\t\t<div class=\"organizer-team-meta\">Oradores<\/div>\n\t\t\t\t<\/div>\n\t\t\t<\/div>\n\n\t\t\n\t\t\t<div class=\"wcorg-organizer\">\n\t\t\t\t<h2>Helder Vilela<\/h2>\n\t\t\t\t<div class=\"wcorg-organizer-description\">\n\t\t\t\t\t\t\t\t\t\t<img alt='' src='https:\/\/secure.gravatar.com\/avatar\/c02c55133edc1848860afb2ddd3307e4743e65061536af13cdfc0cc6b4a71b66?s=100&#038;d=mm&#038;r=g' srcset='https:\/\/secure.gravatar.com\/avatar\/c02c55133edc1848860afb2ddd3307e4743e65061536af13cdfc0cc6b4a71b66?s=200&#038;d=mm&#038;r=g 2x' class='avatar avatar-100 photo' height='100' width='100' \/>\t\t\t\t\t<div class=\"organizer-team-meta\">Design e website<\/div>\n\t\t\t\t<\/div>\n\t\t\t<\/div>\n\n\t\t\n\t\t\t<div class=\"wcorg-organizer\">\n\t\t\t\t<h2>Telmo Teixeira<\/h2>\n\t\t\t\t<div class=\"wcorg-organizer-description\">\n\t\t\t\t\t\t\t\t\t\t<img alt='' src='https:\/\/secure.gravatar.com\/avatar\/3e36292b466e6758e260c1c552681afecd62be0314e254e9e050187fea30ebfb?s=100&#038;d=mm&#038;r=g' srcset='https:\/\/secure.gravatar.com\/avatar\/3e36292b466e6758e260c1c552681afecd62be0314e254e9e050187fea30ebfb?s=200&#038;d=mm&#038;r=g 2x' class='avatar avatar-100 photo' height='100' width='100' \/>\t\t\t\t\t<div class=\"organizer-team-meta\">Dia de Contribui\u00e7\u00e3o<\/div>\n\t\t\t\t<\/div>\n\t\t\t<\/div>\n\n\t\t\n\t\t\t<div class=\"wcorg-organizer\">\n\t\t\t\t<h2>Pedro Mendon\u00e7a<\/h2>\n\t\t\t\t<div class=\"wcorg-organizer-description\">\n\t\t\t\t\t\t\t\t\t\t<img alt='' src='https:\/\/secure.gravatar.com\/avatar\/ec6a49f01b047a37da956a20ebc3f4097c99fc4f559c9be8fecce6b38a758acd?s=100&#038;d=mm&#038;r=g' srcset='https:\/\/secure.gravatar.com\/avatar\/ec6a49f01b047a37da956a20ebc3f4097c99fc4f559c9be8fecce6b38a758acd?s=200&#038;d=mm&#038;r=g 2x' class='avatar avatar-100 photo' height='100' width='100' \/>\t\t\t\t\t\r\n<div class=\"organizer-team-meta\">Swag e impress\u00e3o<\/div>\r\n<p>Designer, gestor de projecto, tradutor do WordPress, de temas e plugins. Interessa-se pela internacionaliza\u00e7\u00e3o (i18n) e localiza\u00e7\u00e3o (l10n) do WordPress, participa na Comunidade Portuguesa de WordPress como General Translation Editor, na preserva\u00e7\u00e3o da tradu\u00e7\u00e3o do core e de outros projectos do ecossistema do WordPress.<\/p>\r\n\t\t\t\t<\/div>\n\t\t\t<\/div>\n\n\t\t\n\t\t\t<div class=\"wcorg-organizer\">\n\t\t\t\t<h2>Bruno Cartaxeiro<\/h2>\n\t\t\t\t<div class=\"wcorg-organizer-description\">\n\t\t\t\t\t\t\t\t\t\t<img alt='' src='https:\/\/secure.gravatar.com\/avatar\/899d2352c60cbc9520395a363d1acf6a0bedb5f49addc5e81d54c5229d4f3522?s=100&#038;d=mm&#038;r=g' srcset='https:\/\/secure.gravatar.com\/avatar\/899d2352c60cbc9520395a363d1acf6a0bedb5f49addc5e81d54c5229d4f3522?s=200&#038;d=mm&#038;r=g 2x' class='avatar avatar-100 photo' height='100' width='100' \/>\t\t\t\t\t<div class=\"organizer-team-meta\">Design e website<\/div>\n\t\t\t\t<\/div>\n\t\t\t<\/div>\n\n\t\t\n\t\t\t<div class=\"wcorg-organizer\">\n\t\t\t\t<h2>Pedro de Carvalho<\/h2>\n\t\t\t\t<div class=\"wcorg-organizer-description\">\n\t\t\t\t\t\t\t\t\t\t<img alt='' src='https:\/\/secure.gravatar.com\/avatar\/52d5621220a9afcf2b1cfe60038100e195af1b90105d71f6b4382e38c9e27334?s=100&#038;d=mm&#038;r=g' srcset='https:\/\/secure.gravatar.com\/avatar\/52d5621220a9afcf2b1cfe60038100e195af1b90105d71f6b4382e38c9e27334?s=200&#038;d=mm&#038;r=g 2x' class='avatar avatar-100 photo' height='100' width='100' \/>\t\t\t\t\t<div class=\"organizer-team-meta\">Volunt\u00e1rios, Dia de Contribui\u00e7\u00e3o<\/div>\n<p>Freelancer WebDev, with a knack for sysadmin. Been using WP since 2007, and have made websites for all kind of business, small and large.<\/p>\n<p>Along the years had the chance to work with amazing teams and great projects, and now i\u2019m privileged to be working on arte.tv!<\/p>\n\t\t\t\t<\/div>\n\t\t\t<\/div>\n\n\t\t\n\t\t\t<div class=\"wcorg-organizer\">\n\t\t\t\t<h2>Olga Kuvshinova<\/h2>\n\t\t\t\t<div class=\"wcorg-organizer-description\">\n\t\t\t\t\t\t\t\t\t\t<img alt='' src='https:\/\/secure.gravatar.com\/avatar\/d1a3761594958632f111c9b1b57294d2da2eb2efdf33f63153b182d400e25a46?s=100&#038;d=mm&#038;r=g' srcset='https:\/\/secure.gravatar.com\/avatar\/d1a3761594958632f111c9b1b57294d2da2eb2efdf33f63153b182d400e25a46?s=200&#038;d=mm&#038;r=g 2x' class='avatar avatar-100 photo' height='100' width='100' \/>\t\t\t\t\t<div class=\"organizer-team-meta\">Volunt\u00e1rios<\/div>\n\t\t\t\t<\/div>\n\t\t\t<\/div>\n\n\t\t\n\t\t\t<div class=\"wcorg-organizer\">\n\t\t\t\t<h2>Z\u00e9 Fontainhas<\/h2>\n\t\t\t\t<div class=\"wcorg-organizer-description\">\n\t\t\t\t\t\t\t\t\t\t<img alt='' src='https:\/\/secure.gravatar.com\/avatar\/d81276b5affa64b20d7edddb0a5d441110a8a0fd0ef31923407719a0cea964ed?s=100&#038;d=mm&#038;r=g' srcset='https:\/\/secure.gravatar.com\/avatar\/d81276b5affa64b20d7edddb0a5d441110a8a0fd0ef31923407719a0cea964ed?s=200&#038;d=mm&#038;r=g 2x' class='avatar avatar-100 photo' height='100' width='100' \/>\t\t\t\t\t<div class=\"organizer-team-meta\">Oradores<\/div>\n\t\t\t\t<\/div>\n\t\t\t<\/div>\n\n\t\t\n\t\t\t<div class=\"wcorg-organizer\">\n\t\t\t\t<h2>Ana Aires<\/h2>\n\t\t\t\t<div class=\"wcorg-organizer-description\">\n\t\t\t\t\t\t\t\t\t\t<img alt='' src='https:\/\/secure.gravatar.com\/avatar\/e15765488d27f7085323027f04f8d9daeac7a103b555d381e9beb44b822ee4ed?s=100&#038;d=mm&#038;r=g' srcset='https:\/\/secure.gravatar.com\/avatar\/e15765488d27f7085323027f04f8d9daeac7a103b555d381e9beb44b822ee4ed?s=200&#038;d=mm&#038;r=g 2x' class='avatar avatar-100 photo' height='100' width='100' \/>\t\t\t\t\t<div class=\"organizer-team-meta\">Catering<\/div>\n<div><\/div>\n<div>Ana Aires \u00e9 s\u00f3cia fundadora e COO da WidgiLabs uma empresa especializada em desenvolvimento WordPress. Tem background como programadora mas na Widgilabs usa v\u00e1rios chap\u00e9us e gest\u00e3o de projectos\/clientes \u00e9 um deles. \u00c9 focada na concretiza\u00e7\u00e3o dos projetos com qualidade, on time e on budget. Quando n\u00e3o est\u00e1 a trabalhar podem encontr\u00e1-la no seu papel de m\u00e3e ou escondida a ler um livro.<\/div>\n\t\t\t\t<\/div>\n\t\t\t<\/div>\n\n\t\t\n\t\t\t<div class=\"wcorg-organizer\">\n\t\t\t\t<h2>V\u00edtor Silva<\/h2>\n\t\t\t\t<div class=\"wcorg-organizer-description\">\n\t\t\t\t\t\t\t\t\t\t<img alt='' src='https:\/\/secure.gravatar.com\/avatar\/f81f58ad909e8a213ab0a690f6ed65e5c0e0e2274bf35ac49ff31d7988d483ce?s=100&#038;d=mm&#038;r=g' srcset='https:\/\/secure.gravatar.com\/avatar\/f81f58ad909e8a213ab0a690f6ed65e5c0e0e2274bf35ac49ff31d7988d483ce?s=200&#038;d=mm&#038;r=g 2x' class='avatar avatar-100 photo' height='100' width='100' \/>\t\t\t\t\t<div class=\"organizer-team-meta\">Suporte<\/div>\n\t\t\t\t<\/div>\n\t\t\t<\/div>\n\n\t\t\n\t\t\t<div class=\"wcorg-organizer\">\n\t\t\t\t<h2>Tiago Carrondo<\/h2>\n\t\t\t\t<div class=\"wcorg-organizer-description\">\n\t\t\t\t\t\t\t\t\t\t<img alt='' src='https:\/\/secure.gravatar.com\/avatar\/19b1abda0c2fa46ba9a0a30935c95c070b201e7d9deff946f281f50a7dc7f172?s=100&#038;d=mm&#038;r=g' srcset='https:\/\/secure.gravatar.com\/avatar\/19b1abda0c2fa46ba9a0a30935c95c070b201e7d9deff946f281f50a7dc7f172?s=200&#038;d=mm&#038;r=g 2x' class='avatar avatar-100 photo' height='100' width='100' \/>\t\t\t\t\t<div class=\"organizer-team-meta\">Wifi<\/div>\n\t\t\t\t<\/div>\n\t\t\t<\/div>\n\n\t\t\n\t\t\t<div class=\"wcorg-organizer\">\n\t\t\t\t<h2>\u00c1lvaro G\u00f3is dos Santos<\/h2>\n\t\t\t\t<div class=\"wcorg-organizer-description\">\n\t\t\t\t\t\t\t\t\t\t<img alt='' src='https:\/\/secure.gravatar.com\/avatar\/2794b9a3cf41aa07d8ba0ced0219b77d7e2c9a6aa4d9889b784a4a0125260595?s=100&#038;d=mm&#038;r=g' srcset='https:\/\/secure.gravatar.com\/avatar\/2794b9a3cf41aa07d8ba0ced0219b77d7e2c9a6aa4d9889b784a4a0125260595?s=200&#038;d=mm&#038;r=g 2x' class='avatar avatar-100 photo' height='100' width='100' \/>\t\t\t\t\t\r\n<div class=\"organizer-team-meta\">Lead<\/div>\r\n<p>Formou-se em Psicologia mas desenvolveu actividade profissional na \u00e1rea gr\u00e1fica desde os anos 1980. Dedicou-se \u00e0 edi\u00e7\u00e3o, tradu\u00e7\u00e3o, revis\u00e3o, design e ao WordPress. Em 2005 criou a ovni, editora dedicada a g\u00e9neros menos comuns. Colabora com a <a href=\"https:\/\/empower-up.pt\" rel=\"noopener noreferrer\" target=\"_blank\">Empower<\/a>. \u00c9 apaixonado pela flexibilidade e plasticidade do WordPress, e como estas permitem que utilizadores comuns criem a sua presen\u00e7a online. Faz parte da <a href=\"https:\/\/wp-portugal.com\" rel=\"noopener noreferrer\" target=\"_blank\">Comunidade Portuguesa de WordPress<\/a>, \u00e9 tradutor, Locale Manager e Global Translation Editor do WordPress para Portugal e participa na organiza\u00e7\u00e3o de WordCamps. \u00c9 lead organizer do WordCamp Lisboa 2019.<\/p>\r\n\t\t\t\t<\/div>\n\t\t\t<\/div>\n\n\t\t\n\t\t\t<div class=\"wcorg-organizer\">\n\t\t\t\t<h2>Marco Peralta<\/h2>\n\t\t\t\t<div class=\"wcorg-organizer-description\">\n\t\t\t\t\t\t\t\t\t\t<img alt='' src='https:\/\/secure.gravatar.com\/avatar\/e2a92b91af3753ac1b0582446bd1c034c9580f62ce97b22d170a7ead760f6069?s=100&#038;d=mm&#038;r=g' srcset='https:\/\/secure.gravatar.com\/avatar\/e2a92b91af3753ac1b0582446bd1c034c9580f62ce97b22d170a7ead760f6069?s=200&#038;d=mm&#038;r=g 2x' class='avatar avatar-100 photo' height='100' width='100' \/>\t\t\t\t\t<div class=\"organizer-team-meta\">Design e website<\/div>\n\t\t\t\t<\/div>\n\t\t\t<\/div>\n\n\t\t\n\t\t\t<div class=\"wcorg-organizer\">\n\t\t\t\t<h2>Nuno Morgadinho<\/h2>\n\t\t\t\t<div class=\"wcorg-organizer-description\">\n\t\t\t\t\t\t\t\t\t\t<img alt='' src='https:\/\/secure.gravatar.com\/avatar\/1587a4bd9aa73818823dae1b661300f3f148e145df6ee441653fbd95b3741e5c?s=100&#038;d=mm&#038;r=g' srcset='https:\/\/secure.gravatar.com\/avatar\/1587a4bd9aa73818823dae1b661300f3f148e145df6ee441653fbd95b3741e5c?s=200&#038;d=mm&#038;r=g 2x' class='avatar avatar-100 photo' height='100' width='100' \/>\t\t\t\t\t<div class=\"organizer-team-meta\">Venue<\/div>\n<p>Director da WidgiLabs, ag\u00eancia digital WordPress, onde d\u00e1 asas \u00e0s suas ideias. \u00c9 um apaixonado por \u201cbeautiful software\u201d, onde encaixa perfeitamente o WordPress.<\/p>\n\t\t\t\t<\/div>\n\t\t\t<\/div>\n\n\t\t\n\t\t\t<div class=\"wcorg-organizer\">\n\t\t\t\t<h2>Jo\u00e3o Curinha<\/h2>\n\t\t\t\t<div class=\"wcorg-organizer-description\">\n\t\t\t\t\t\t\t\t\t\t<img alt='' src='https:\/\/secure.gravatar.com\/avatar\/568f951d91277882d6a077a8cad46e74e8fd4965d18a72a9282c6cc9df163dd0?s=100&#038;d=mm&#038;r=g' srcset='https:\/\/secure.gravatar.com\/avatar\/568f951d91277882d6a077a8cad46e74e8fd4965d18a72a9282c6cc9df163dd0?s=200&#038;d=mm&#038;r=g 2x' class='avatar avatar-100 photo' height='100' width='100' \/>\t\t\t\t\t\t\t\t\t<\/div>\n\t\t\t<\/div>\n\n\t\t\n\t<\/div><!-- .wcorg-organizers -->\n\t\n","protected":false},"excerpt":{"rendered":"","protected":false},"author":6116161,"featured_media":1421,"parent":0,"menu_order":0,"comment_status":"closed","ping_status":"closed","template":"","meta":{"jetpack_post_was_ever_published":false,"footnotes":""},"class_list":["post-12","page","type-page","status-publish","has-post-thumbnail","hentry","entry"],"jetpack_sharing_enabled":true,"jetpack_shortlink":"https:\/\/wp.me\/Pa3kPU-c","_links":{"self":[{"href":"https:\/\/lisboa.wordcamp.org\/2019\/wp-json\/wp\/v2\/pages\/12","targetHints":{"allow":["GET"]}}],"collection":[{"href":"https:\/\/lisboa.wordcamp.org\/2019\/wp-json\/wp\/v2\/pages"}],"about":[{"href":"https:\/\/lisboa.wordcamp.org\/2019\/wp-json\/wp\/v2\/types\/page"}],"author":[{"embeddable":true,"href":"https:\/\/lisboa.wordcamp.org\/2019\/wp-json\/wp\/v2\/users\/6116161"}],"replies":[{"embeddable":true,"href":"https:\/\/lisboa.wordcamp.org\/2019\/wp-json\/wp\/v2\/comments?post=12"}],"version-history":[{"count":34,"href":"https:\/\/lisboa.wordcamp.org\/2019\/wp-json\/wp\/v2\/pages\/12\/revisions"}],"predecessor-version":[{"id":2784,"href":"https:\/\/lisboa.wordcamp.org\/2019\/wp-json\/wp\/v2\/pages\/12\/revisions\/2784"}],"wp:featuredmedia":[{"embeddable":true,"href":"https:\/\/lisboa.wordcamp.org\/2019\/wp-json\/wp\/v2\/media\/1421"}],"wp:attachment":[{"href":"https:\/\/lisboa.wordcamp.org\/2019\/wp-json\/wp\/v2\/media?parent=12"}],"curies":[{"name":"wp","href":"https:\/\/api.w.org\/{rel}","templated":true}]}}