{"id":1415,"date":"2019-04-30T10:20:41","date_gmt":"2019-04-30T09:20:41","guid":{"rendered":"https:\/\/2019.lisboa.wordcamp.org\/?page_id=1415"},"modified":"2019-04-30T10:42:23","modified_gmt":"2019-04-30T09:42:23","slug":"voluntarios","status":"publish","type":"page","link":"https:\/\/lisboa.wordcamp.org\/2019\/voluntarios\/","title":{"rendered":"Volunt\u00e1rios"},"content":{"rendered":"\n<p>Os WordCamps apenas s\u00e3o poss\u00edveis gra\u00e7as ao trabalho de equipa de dezenas de volunt\u00e1rios com m\u00faltiplos pap\u00e9is, desde a pr\u00f3pria organiza\u00e7\u00e3o at\u00e9 aos apresentadores e formadores dos workshops.<\/p>\n\n\n\n<div class=\"wp-block-button aligncenter is-style-outline wc-button is-style-outline--1\"><a class=\"wp-block-button__link\" href=\"https:\/\/wp-portugal.com\/2019\/04\/11\/ajuda-a-fazer-o-wordcamp-lisboa-2019#form-voluntarios\">Quero ser volunt\u00e1rio\/a<\/a><\/div>\n\n\n\n<h3 class=\"wp-block-heading\">Benef\u00edcios<\/h3>\n\n\n\n<div class=\"wp-block-columns has-2-columns is-layout-flex wp-container-core-columns-is-layout-9d6595d7 wp-block-columns-is-layout-flex\">\n<div class=\"wp-block-column is-layout-flow wp-block-column-is-layout-flow\">\n<ul class=\"wp-block-list\"><li>Ser uma parte essencial do WordCamp e da Comunidade Portuguesa de WordPress<\/li><li>Conv\u00edvio com os oradores e toda a organiza\u00e7\u00e3o no jantar da v\u00e9spera <\/li><li>Entrada gratuita no evento<\/li><\/ul>\n<\/div>\n\n\n\n<div class=\"wp-block-column is-layout-flow wp-block-column-is-layout-flow\">\n<div class=\"wp-block-image\"><figure class=\"aligncenter\"><img loading=\"lazy\" decoding=\"async\" width=\"300\" height=\"300\" src=\"https:\/\/2019.lisboa.wordcamp.org\/files\/2019\/04\/banner_PT_volunteer@300.png\" alt=\"\" class=\"wp-image-2233\" srcset=\"https:\/\/lisboa.wordcamp.org\/2019\/files\/2019\/04\/banner_PT_volunteer@300.png 300w, https:\/\/lisboa.wordcamp.org\/2019\/files\/2019\/04\/banner_PT_volunteer@300-150x150.png 150w\" sizes=\"auto, (max-width: 300px) 100vw, 300px\" \/><\/figure><\/div>\n<\/div>\n<\/div>\n\n\n\n<p>Contamos com toda a ajuda para as seguintes tarefas ainda em aberto:<\/p>\n\n\n\n<hr class=\"wp-block-separator is-style-wide\" \/>\n\n\n\n<div class=\"wp-block-columns has-2-columns is-layout-flex wp-container-core-columns-is-layout-9d6595d7 wp-block-columns-is-layout-flex\">\n<div class=\"wp-block-column is-layout-flow wp-block-column-is-layout-flow\">\n<h4 class=\"wp-block-heading\">Recep\u00e7\u00e3o<\/h4>\n\n\n\n<p>&#8220;<em>Bem-vindo\/a ao WordCamp Lisboa<\/em>&#8221; \u00e9 a tua mensagem principal para receber os participantes na entrada.<br><\/p>\n\n\n\n<ul class=\"wp-block-list\"><li>Verificar bilhetes<\/li><li>Preparar e distribuir crach\u00e1s, swag e t-shirts<\/li><li>Informar os participantes<\/li><\/ul>\n\n\n\n<p>A equipa da recep\u00e7\u00e3o ter\u00e1 um refor\u00e7o maior nas horas iniciais. Ir\u00e1 estar sempre algu\u00e9m da organiza\u00e7\u00e3o.<\/p>\n<\/div>\n\n\n\n<div class=\"wp-block-column is-layout-flow wp-block-column-is-layout-flow\">\n<h4 class=\"wp-block-heading\">Portas<\/h4>\n\n\n\n<ul class=\"wp-block-list\"><li>Direccionar as pessoas para o registo na parte da manh\u00e3.<\/li><li>Podes iniciar conversas e ajudar pessoas que parecem perdidas, <\/li><li>Direccionar as pessoas sem crach\u00e1 para a recep\u00e7\u00e3o.<\/li><\/ul>\n\n\n\n<p>Se gostas de interagir com as pessoas, \u00e9 o posto perfeito para ti.<\/p>\n<\/div>\n<\/div>\n\n\n\n<hr class=\"wp-block-separator is-style-wide\" \/>\n\n\n\n<div class=\"wp-block-columns has-2-columns is-layout-flex wp-container-core-columns-is-layout-9d6595d7 wp-block-columns-is-layout-flex\">\n<div class=\"wp-block-column is-layout-flow wp-block-column-is-layout-flow\">\n<h4 class=\"wp-block-heading\">Workshop jovens<\/h4>\n\n\n\n<ul class=\"wp-block-list\"><li>Criar um ambiente seguro e amig\u00e1vel para os formadores do workshop.<\/li><li>Os participantes precisam do bilhete dos workshops para entrar. Ser\u00e1 o teu trabalho verificar isso \u00e0 entrada da sala.<\/li><li>Certificar que ningu\u00e9m cria perturba\u00e7\u00f5es durante um workshop.<\/li><\/ul>\n\n\n\n<p>Este posto \u00e9 perfeito se gostas de interagir com <strong>jovens.<\/strong><\/p>\n<\/div>\n\n\n\n<div class=\"wp-block-column is-layout-flow wp-block-column-is-layout-flow\">\n<h4 class=\"wp-block-heading\">Workshops de inicia\u00e7\u00e3o<\/h4>\n\n\n\n<ul class=\"wp-block-list\"><li>Criar um ambiente seguro e amig\u00e1vel para os formadores do workshop.<\/li><li>Os participantes precisam do bilhete dos workshops para entrar. Ser\u00e1 o teu trabalho verificar isso \u00e0 entrada da sala.<\/li><li>Certificar que ningu\u00e9m cria perturba\u00e7\u00f5es durante um workshop.<\/li><\/ul>\n\n\n\n<p>Este posto \u00e9 perfeito se gostas de interagir com as pessoas e<strong> ajudar a esclarecer d\u00favidas, mesmo as mais b\u00e1sicas.<\/strong><\/p>\n<\/div>\n<\/div>\n\n\n\n<hr class=\"wp-block-separator is-style-wide\" \/>\n\n\n\n<div class=\"wp-block-columns has-2-columns is-layout-flex wp-container-core-columns-is-layout-9d6595d7 wp-block-columns-is-layout-flex\">\n<div class=\"wp-block-column is-layout-flow wp-block-column-is-layout-flow\">\n<h4 class=\"wp-block-heading\">Coordenador dos apresentadores<\/h4>\n\n\n\n<ul class=\"wp-block-list\"><li>Ir\u00e1s colaborar directamente com a organiza\u00e7\u00e3o e com os apresentadores.<\/li><li>Receber as pessoas antes do in\u00edcio da sess\u00e3o.<\/li><li>Ajudar os apresentadores a respeitarem o tempo dispon\u00edvel.<\/li><\/ul>\n<\/div>\n\n\n\n<div class=\"wp-block-column is-layout-flow wp-block-column-is-layout-flow\">\n<h4 class=\"wp-block-heading\">Controlador do tempo da apresenta\u00e7\u00e3o<\/h4>\n\n\n\n<ul class=\"wp-block-list\"><li>Mostrar aos apresentadores os pain\u00e9is de tempo restantes durante a sess\u00e3o.<\/li><li>Requer aten\u00e7\u00e3o e coordena\u00e7\u00e3o.<\/li><\/ul>\n<\/div>\n<\/div>\n\n\n\n<hr class=\"wp-block-separator is-style-wide\" \/>\n\n\n\n<div class=\"wp-block-columns has-2-columns is-layout-flex wp-container-core-columns-is-layout-9d6595d7 wp-block-columns-is-layout-flex\">\n<div class=\"wp-block-column is-layout-flow wp-block-column-is-layout-flow\">\n<h4 class=\"wp-block-heading\">Equipa das sess\u00f5es<\/h4>\n\n\n\n<p>Esta equipa faz com que o evento seja executado sem problemas em todas as salas de sess\u00e3o.<br>Existem v\u00e1rios postos:<\/p>\n\n\n\n<ul class=\"wp-block-list\"><li>Garantir que as pessoas que entram ou saem das salas durante as palestras o fa\u00e7am o mais silenciosamente poss\u00edvel;<\/li><li>Ajudar a levar os microfones a todos os pontos da sala, durante as perguntas e respostas.<\/li><\/ul>\n<\/div>\n\n\n\n<div class=\"wp-block-column is-layout-flow wp-block-column-is-layout-flow\">\n<h4 class=\"wp-block-heading\">Happiness Bar<\/h4>\n\n\n\n<p>Oferece um pouco do teu tempo e aptid\u00f5es para ajudar quem precisa de ajuda.<\/p>\n\n\n\n<p>Ir\u00e1s ter a ajuda do chefe de equipa.<\/p>\n\n\n\n<p>\u00c9 necess\u00e1rio algum conhecimento t\u00e9cnico ou experi\u00eancia mais alargada com o WordPress.<\/p>\n<\/div>\n<\/div>\n\n\n\n<div class=\"wp-block-button aligncenter is-style-outline wc-button is-style-outline--2\"><a class=\"wp-block-button__link\" href=\"https:\/\/wp-portugal.com\/2019\/04\/11\/ajuda-a-fazer-o-wordcamp-lisboa-2019#form-voluntarios\"><strong>Quero ser volunt\u00e1rio\/a<\/strong><\/a><\/div>\n\n\n\n<p><\/p>\n","protected":false},"excerpt":{"rendered":"<p>Os WordCamps apenas s\u00e3o poss\u00edveis gra\u00e7as ao trabalho de equipa de dezenas de volunt\u00e1rios com m\u00faltiplos pap\u00e9is, desde a pr\u00f3pria organiza\u00e7\u00e3o at\u00e9 aos apresentadores e formadores dos workshops. Benef\u00edcios Ser uma parte essencial do WordCamp e da Comunidade Portuguesa de WordPress Conv\u00edvio com os oradores e toda a organiza\u00e7\u00e3o no jantar da v\u00e9spera Entrada gratuita &hellip; <\/p>\n<p class=\"link-more\"><a href=\"https:\/\/lisboa.wordcamp.org\/2019\/voluntarios\/\" class=\"more-link\">Continuar a ler <span class=\"screen-reader-text\">&#8220;Volunt\u00e1rios&#8221;<\/span><\/a><\/p>\n","protected":false},"author":14971438,"featured_media":1421,"parent":0,"menu_order":0,"comment_status":"closed","ping_status":"closed","template":"","meta":{"jetpack_post_was_ever_published":false,"footnotes":""},"class_list":["post-1415","page","type-page","status-publish","has-post-thumbnail","hentry","entry"],"jetpack_sharing_enabled":true,"jetpack_shortlink":"https:\/\/wp.me\/Pa3kPU-mP","_links":{"self":[{"href":"https:\/\/lisboa.wordcamp.org\/2019\/wp-json\/wp\/v2\/pages\/1415","targetHints":{"allow":["GET"]}}],"collection":[{"href":"https:\/\/lisboa.wordcamp.org\/2019\/wp-json\/wp\/v2\/pages"}],"about":[{"href":"https:\/\/lisboa.wordcamp.org\/2019\/wp-json\/wp\/v2\/types\/page"}],"author":[{"embeddable":true,"href":"https:\/\/lisboa.wordcamp.org\/2019\/wp-json\/wp\/v2\/users\/14971438"}],"replies":[{"embeddable":true,"href":"https:\/\/lisboa.wordcamp.org\/2019\/wp-json\/wp\/v2\/comments?post=1415"}],"version-history":[{"count":30,"href":"https:\/\/lisboa.wordcamp.org\/2019\/wp-json\/wp\/v2\/pages\/1415\/revisions"}],"predecessor-version":[{"id":2246,"href":"https:\/\/lisboa.wordcamp.org\/2019\/wp-json\/wp\/v2\/pages\/1415\/revisions\/2246"}],"wp:featuredmedia":[{"embeddable":true,"href":"https:\/\/lisboa.wordcamp.org\/2019\/wp-json\/wp\/v2\/media\/1421"}],"wp:attachment":[{"href":"https:\/\/lisboa.wordcamp.org\/2019\/wp-json\/wp\/v2\/media?parent=1415"}],"curies":[{"name":"wp","href":"https:\/\/api.w.org\/{rel}","templated":true}]}}