{"id":1582,"date":"2019-04-15T16:26:08","date_gmt":"2019-04-15T15:26:08","guid":{"rendered":"https:\/\/2019.lisboa.wordcamp.org\/?page_id=1582"},"modified":"2019-05-18T08:28:47","modified_gmt":"2019-05-18T07:28:47","slug":"location","status":"publish","type":"page","link":"https:\/\/lisboa.wordcamp.org\/2019\/location\/","title":{"rendered":"Location"},"content":{"rendered":"\n<div class=\"wp-block-columns has-2-columns is-layout-flex wp-container-core-columns-is-layout-9d6595d7 wp-block-columns-is-layout-flex\">\n<div class=\"wp-block-column is-layout-flow wp-block-column-is-layout-flow\">\n<h3 class=\"wp-block-heading\">ISCTE-IUL<\/h3>\n\n\n\n<h4 class=\"wp-block-heading\">Building II<\/h4>\n\n\n\n<p>Av. das For\u00e7as Armadas<br>1649-026 Lisboa<br>Portugal<\/p>\n\n\n\n<p>GPS: <a href=\"https:\/\/maps.google.pt\/?ll=38.748753,-9.153692\" target=\"_blank\" rel=\"noreferrer noopener\" aria-label=\"38.748753,-9.153692 (opens in a new tab)\">38.748753,-9.153692<\/a><br><\/p>\n\n\n\n<p><small>Direct entrance by Rua Prof. Dr. An\u00edbal Bettencourt but also accessible by Av. das For\u00e7as Armadas.<\/small><\/p>\n<\/div>\n\n\n\n<div class=\"wp-block-column is-layout-flow wp-block-column-is-layout-flow\">\n<div data-map-provider=\"mapbox\" data-api-key=\"pk.eyJ1Ijoid2NsaXNib2EiLCJhIjoiY2p0MmxvNzExMHdsODQ0cDFtNHgweTlzYSJ9.p_HuN6Fg_qvfekctnbQwNg\" class=\"wp-block-jetpack-map\" data-map-style=\"default\" data-map-details=\"true\" data-points=\"[{&quot;placeTitle&quot;:&quot;ISCTE-IUL Instituto Universit\u00e1rio de Lisboa&quot;,&quot;title&quot;:&quot;ISCTE-IUL Instituto Universit\u00e1rio de Lisboa&quot;,&quot;caption&quot;:&quot;ISCTE-IUL Instituto Universit\u00e1rio de Lisboa, Av. das For\u00e7as Armadas, Lisboa, Lisboa, Portugal&quot;,&quot;id&quot;:&quot;poi.506806194452&quot;,&quot;coordinates&quot;:{&quot;longitude&quot;:-9.154321,&quot;latitude&quot;:38.74891}}]\" data-zoom=\"7.881742084444899\" data-map-center=\"{&quot;longitude&quot;:-122.41941550000001,&quot;latitude&quot;:37.7749295}\" data-marker-color=\"#000000\"><ul><li><a href=\"https:\/\/www.google.com\/maps\/search\/?api=1&amp;query=38.74891,-9.154321\">ISCTE-IUL Instituto Universit\u00e1rio de Lisboa<\/a><\/li><\/ul><\/div>\n<\/div>\n<\/div>\n\n\n\n<div style=\"height:50px\" aria-hidden=\"true\" class=\"wp-block-spacer\"><\/div>\n\n\n\n<h3 class=\"wp-block-heading\">How to get there<\/h3>\n\n\n\n<div style=\"height:20px\" aria-hidden=\"true\" class=\"wp-block-spacer\"><\/div>\n\n\n\n<h4 class=\"wp-block-heading\">\u2014 \u2708\ufe0f by plane<\/h4>\n\n\n\n<ul class=\"wp-block-list\"><li>Lisbon Airport (<a rel=\"noreferrer noopener\" aria-label=\" (opens in a new tab)\" href=\"https:\/\/www.aeroportolisboa.pt\/en\/lis\/home\" target=\"_blank\">LIS<\/a>);<\/li><li>It&#8217;s not necessary to take a taxi or Uber because the airport has its own subway station: <strong>Aeroporto<\/strong> (red line);<br><small>(If you still want to take a taxi, the trip to the venue should not cost more than 12\u20ac)<\/small><\/li><\/ul>\n\n\n\n<div style=\"height:20px\" aria-hidden=\"true\" class=\"wp-block-spacer\"><\/div>\n\n\n\n<h4 class=\"wp-block-heading\">\u2014 \ud83d\ude99 by car<\/h4>\n\n\n\n<ul class=\"wp-block-list\"><li>On your GPS search for &#8220;Rua Branca Edm\u00e9e Marques, Lisbon&#8221;;<\/li><\/ul>\n\n\n\n<div class=\"wp-block-columns has-2-columns is-layout-flex wp-container-core-columns-is-layout-9d6595d7 wp-block-columns-is-layout-flex\">\n<div class=\"wp-block-column is-layout-flow wp-block-column-is-layout-flow\">\n<p>\ud83d\uddfa <a rel=\"noreferrer noopener\" aria-label=\"Simular trajecto no Google Maps (opens in a new tab)\" href=\"https:\/\/www.google.pt\/maps\/dir\/\/38.749256,-9.154603\/@38.7492593,-9.1563393,17z\/data=!4m11!1m8!3m7!1s0x0:0x0!2zMzjCsDQ0JzU3LjMiTiA5wrAwOScxNi42Ilc!3b1!7e2!8m2!3d38.7492564!4d-9.1546032!4m1!3e2\" target=\"_blank\">Simulate trajectory on Google Maps<\/a><\/p>\n<\/div>\n\n\n\n<div class=\"wp-block-column is-layout-flow wp-block-column-is-layout-flow\">\n<p><\/p>\n<\/div>\n<\/div>\n\n\n\n<div style=\"height:20px\" aria-hidden=\"true\" class=\"wp-block-spacer\"><\/div>\n\n\n\n<h4 class=\"wp-block-heading\">\u2014 \ud83d\ude86 by train<\/h4>\n\n\n\n<ul class=\"wp-block-list\"><li>From the north line:<ul><li>Get out at <strong>Gare do Oriente<\/strong>;<\/li><li>Take any urban train with Sintra or Alc\u00e2ntara-Terra as destination and exit at <strong>Entrecampos<\/strong>;<\/li><li>The Oriente train station also has a subway station: <strong>Oriente<\/strong> (red line);<\/li><\/ul><\/li><li>If you&#8217;re coming from the south (Fertagus train), or your train stops at <strong>Entrecampos<\/strong>:<ul><li>Get out at Entrecampos and make the pedestrian route as explained below (subway);<\/li><\/ul><\/li><\/ul>\n\n\n\n<div style=\"height:20px\" aria-hidden=\"true\" class=\"wp-block-spacer\"><\/div>\n\n\n\n<h4 class=\"wp-block-heading\">\u2014 \ud83d\ude87 by subway (we call it &#8220;metro&#8221;)<\/h4>\n\n\n\n<ul class=\"wp-block-list\"><li>Get out at <strong>Esta\u00e7\u00e3o de Entrecampos<\/strong> (Yellow line) at Av. da Rep\u00fablica;<\/li><li>Walk for 200 m in direction of Rotunda de Entrecampos;<\/li><li>After the roundabout walk for 200m passing the City Hall;<\/li><li>Turn left to Av. Prof. An\u00edbal Betterncourt for 200m until you get ISCTE-IUL entrance, at left;<\/li><\/ul>\n\n\n\n<div class=\"wp-block-columns has-2-columns is-layout-flex wp-container-core-columns-is-layout-9d6595d7 wp-block-columns-is-layout-flex\">\n<div class=\"wp-block-column is-layout-flow wp-block-column-is-layout-flow\">\n<p>\ud83d\uddfa <a rel=\"noreferrer noopener\" aria-label=\"Ver trajecto no Google Maps (opens in a new tab)\" href=\"https:\/\/www.google.pt\/maps\/dir\/38.7476298,-9.153277\/38.7463605,-9.1481506\/@38.7480541,-9.1527675,17.05z\/data=!4m2!4m1!3e2\" target=\"_blank\">Check out the pedestrian route at Google Maps<\/a><\/p>\n<\/div>\n\n\n\n<div class=\"wp-block-column is-layout-flow wp-block-column-is-layout-flow\">\n<p>\ud83d\ude87 <a rel=\"noreferrer noopener\" aria-label=\"Ver diagrama da rede do Metro de Lisboa (opens in a new tab)\" href=\"https:\/\/2019.lisboa.wordcamp.org\/files\/2019\/04\/metro-wclisboa.png\" target=\"_blank\">Check out the subway network diagram<\/a><\/p>\n<\/div>\n<\/div>\n\n\n\n<div style=\"height:20px\" aria-hidden=\"true\" class=\"wp-block-spacer\"><\/div>\n\n\n\n<h4 class=\"wp-block-heading\">\u2014 \ud83d\ude8c by bus<\/h4>\n\n\n\n<ul class=\"wp-block-list\"><li>Take the 32, 54 or 55 Carris bus;<\/li><li>Get out at the bus stop <strong>Faculdade de Farm\u00e1cia<\/strong>, on top of &#8220;Av. das For\u00e7as Armadas&#8221;;<\/li><li>Go down the avenue around 150 m. The ISCTE-IUL entrance is located on your left.<\/li><\/ul>\n","protected":false},"excerpt":{"rendered":"<p>ISCTE-IUL Building II Av. das For\u00e7as Armadas1649-026 LisboaPortugal GPS: 38.748753,-9.153692 Direct entrance by Rua Prof. Dr. An\u00edbal Bettencourt but also accessible by Av. das For\u00e7as Armadas. How to get there \u2014 \u2708\ufe0f by plane Lisbon Airport (LIS); It&#8217;s not necessary to take a taxi or Uber because the airport has its own subway station: Aeroporto &hellip; <\/p>\n<p class=\"link-more\"><a href=\"https:\/\/lisboa.wordcamp.org\/2019\/location\/\" class=\"more-link\">Continuar a ler <span class=\"screen-reader-text\">&#8220;Location&#8221;<\/span><\/a><\/p>\n","protected":false},"author":13328421,"featured_media":1558,"parent":0,"menu_order":0,"comment_status":"closed","ping_status":"closed","template":"","meta":{"jetpack_post_was_ever_published":false,"footnotes":""},"class_list":["post-1582","page","type-page","status-publish","has-post-thumbnail","hentry","entry"],"jetpack_sharing_enabled":false,"jetpack_shortlink":"https:\/\/wp.me\/Pa3kPU-pw","_links":{"self":[{"href":"https:\/\/lisboa.wordcamp.org\/2019\/wp-json\/wp\/v2\/pages\/1582","targetHints":{"allow":["GET"]}}],"collection":[{"href":"https:\/\/lisboa.wordcamp.org\/2019\/wp-json\/wp\/v2\/pages"}],"about":[{"href":"https:\/\/lisboa.wordcamp.org\/2019\/wp-json\/wp\/v2\/types\/page"}],"author":[{"embeddable":true,"href":"https:\/\/lisboa.wordcamp.org\/2019\/wp-json\/wp\/v2\/users\/13328421"}],"replies":[{"embeddable":true,"href":"https:\/\/lisboa.wordcamp.org\/2019\/wp-json\/wp\/v2\/comments?post=1582"}],"version-history":[{"count":14,"href":"https:\/\/lisboa.wordcamp.org\/2019\/wp-json\/wp\/v2\/pages\/1582\/revisions"}],"predecessor-version":[{"id":3981,"href":"https:\/\/lisboa.wordcamp.org\/2019\/wp-json\/wp\/v2\/pages\/1582\/revisions\/3981"}],"wp:featuredmedia":[{"embeddable":true,"href":"https:\/\/lisboa.wordcamp.org\/2019\/wp-json\/wp\/v2\/media\/1558"}],"wp:attachment":[{"href":"https:\/\/lisboa.wordcamp.org\/2019\/wp-json\/wp\/v2\/media?parent=1582"}],"curies":[{"name":"wp","href":"https:\/\/api.w.org\/{rel}","templated":true}]}}