{"id":19,"date":"2018-06-30T09:36:38","date_gmt":"2018-06-30T09:36:38","guid":{"rendered":"https:\/\/2019.lisbon.wordcamp.org\/code-of-conduct\/"},"modified":"2019-04-15T10:29:19","modified_gmt":"2019-04-15T09:29:19","slug":"codigo-de-conduta","status":"publish","type":"page","link":"https:\/\/lisboa.wordcamp.org\/2019\/codigo-de-conduta\/","title":{"rendered":"C\u00f3digo de Conduta"},"content":{"rendered":"<ol>\n<li>\n<h3>Objectivo<\/h3>\n<p>No WordCamp acreditamos que a nossa comunidade deve ser verdadeiramente aberta a todos. Estamos comprometidos a propiciar um ambiente amig\u00e1vel, seguro e acolhedor para qualquer pessoa, independentemente do g\u00e9nero, orienta\u00e7\u00e3o sexual, defici\u00eancias, etnia, religi\u00e3o, sistema operativo preferido, linguagem de programa\u00e7\u00e3o ou editor de texto.<\/p>\n<p>Este c\u00f3digo de conduta estabelece as nossas expectativas para o comportamento dos participantes, bem como as consequ\u00eancias para comportamentos inaceit\u00e1veis.<\/p>\n<p>Convidamos todos os patrocinadores, volunt\u00e1rios, oradores, participantes e outros a ajudar a criar uma experi\u00eancia segura e positiva para todos.<\/li>\n<li>\n<h3>Cidadania Open Source<\/h3>\n<p>Um objectivo suplementar deste c\u00f3digo de conduta \u00e9 aumentar a cidadania do Open Source (c\u00f3digo aberto), incentivando os participantes a reconhecer e fortalecer as rela\u00e7\u00f5es entre o que fazemos e a comunidade em geral.<\/p>\n<p>Para cumprir esse objectivo, a organiza\u00e7\u00e3o do WordCamp ir\u00e1 nomear cidad\u00e3os exemplares durante todo o evento e reconhecer, no site, os participantes seleccionados depois da confer\u00eancia.<\/p>\n<p>Se identificares algu\u00e9m que est\u00e1 a fazer um esfor\u00e7o extra para garantir que a nossa comunidade \u00e9 acolhedora e amig\u00e1vel, e incentiva todos os participantes a contribuir ao m\u00e1ximo, queremos saber. Podes nomear algu\u00e9m na \u00e1rea de Registo ou atrav\u00e9s do <a href=\"https:\/\/2019.lisboa.wordcamp.org\/contactos\/\">formul\u00e1rio de contacto<\/a>.<\/li>\n<li>\n<h3>Comportamento esperado<\/h3>\n<ul>\n<li>Ser atenciosa\/o, respeitosa\/o e colaborativa\/o.<\/li>\n<li>Abster-se de comportamentos discriminat\u00f3rios ou de ass\u00e9dio.<\/li>\n<li>Ter consci\u00eancia de quem est\u00e1 em redor e dos colegas participantes. Alertar os organizadores da confer\u00eancia ao detectar uma situa\u00e7\u00e3o perigosa ou algu\u00e9m em perigo.<\/li>\n<li>Participar de forma aut\u00eantica e activa. Ao faz\u00ea-lo est\u00e1 a ajudar o WordCamp e a torn\u00e1-lo seu.<\/li>\n<\/ul>\n<\/li>\n<li>\n<h3>Comportamento inaceit\u00e1vel<\/h3>\n<p>Comportamentos inaceit\u00e1veis incluem: condutas de intimida\u00e7\u00e3o, ass\u00e9dio, abuso, discriminat\u00f3ria, depreciativa e humilhante de qualquer participante no WordCamp e eventos relacionados. Os espa\u00e7os do WordCamp podem ser partilhados com outras pessoas; por favor, respeite todos os clientes desses locais.<\/p>\n<p>Ass\u00e9dio inclui: coment\u00e1rios verbais relacionados com o g\u00e9nero, orienta\u00e7\u00e3o sexual, religi\u00e3o, defici\u00eancias; o uso desadequado de imagens de nudez ou sexuais em espa\u00e7os p\u00fablicos (incluindo <em>slides<\/em> de apresenta\u00e7\u00f5es); intimida\u00e7\u00e3o deliberada, persegui\u00e7\u00e3o; ass\u00e9dio fotogr\u00e1fico ou v\u00eddeo; interrup\u00e7\u00e3o cont\u00ednua de conversas ou outros eventos; uso inapropriado de contacto f\u00edsico e aten\u00e7\u00e3o sexual indesejada.<\/li>\n<li>\n<h3>Consequ\u00eancias de comportamento inaceit\u00e1vel<\/h3>\n<p>O comportamento inaceit\u00e1vel n\u00e3o ser\u00e1 tolerado por outros participantes, organizadores, patrocinadores, <em>staff<\/em> dos locais ou outros clientes dos locais do WordCamp.<\/p>\n<p>\u00c9 esperado que, a quem for solicitado que pare com comportamentos inaceit\u00e1veis, respeite de imediato esse pedido.<\/p>\n<p>Se um participante se envolve em comportamento inaceit\u00e1vel, a organiza\u00e7\u00e3o da confer\u00eancia pode tomar qualquer ac\u00e7\u00e3o que considere apropriada, incluindo a expuls\u00e3o da confer\u00eancia, sem aviso ou reembolso.<\/li>\n<li>\n<h3>O que deves fazer se testemunhares ou fores sujeita\/o a comportamento inaceit\u00e1vel<\/h3>\n<p>Se fores sujeita\/o a qualquer comportamento inaceit\u00e1vel, verificares que outra pessoa est\u00e1 a ser sujeita a comportamento inaceit\u00e1vel ou tiveres outra preocupa\u00e7\u00e3o, por favor, informa a organiza\u00e7\u00e3o da confer\u00eancia o mais r\u00e1pido poss\u00edvel.<\/p>\n<p>A equipa do WordCamp est\u00e1 dispon\u00edvel para ajudar a contactar a seguran\u00e7a do local ou as for\u00e7as de seguran\u00e7a, providenciar escolta ou ajudar, de outra forma, aqueles que forem sujeitos a comportamentos inaceit\u00e1veis, para que se sintam seguros durante a confer\u00eancia.<\/p>\n<p>Os elementos da organiza\u00e7\u00e3o e os volunt\u00e1rios usam uma t-shirt distinta. Qualquer volunt\u00e1rio poder\u00e1 fazer a liga\u00e7\u00e3o com a organiza\u00e7\u00e3o da confer\u00eancia. Podes ainda dirigir-te \u00e0 \u00e1rea de registo e pedir a compar\u00eancia de algu\u00e9m da organiza\u00e7\u00e3o.<\/li>\n<li>\n<h3>\u00c2mbito<\/h3>\n<p>Esperamos que todos os participantes na confer\u00eancia (patrocinadores, volunt\u00e1rios, oradores, participantes e convidados) cumpram este c\u00f3digo de conduta em todos os locais da confer\u00eancia e eventos sociais com ela relacionados.<\/li>\n<li>\n<h3>Informa\u00e7\u00e3o de contacto<\/h3>\n<p>Podes contactar-nos atrav\u00e9s do <a href=\"https:\/\/2019.lisboa.wordcamp.org\/contacto\/\" target=\"_blank\" rel=\"noopener noreferrer\">formul\u00e1rio online<\/a>.<\/li>\n<li>\n<h3>Licen\u00e7a e Cr\u00e9ditos<\/h3>\n<p>Este C\u00f3digo de Conduta \u00e9 uma adapta\u00e7\u00e3o directa do excelente trabalho do Open Source Bridge, mas com a substitui\u00e7\u00e3o da informa\u00e7\u00e3o do nosso evento. O original est\u00e1 dispon\u00edvel <a href=\"http:\/\/opensourcebridge.org\/about\/code-of-conduct\/\" target=\"_blank\" rel=\"noopener noreferrer\">aqui<\/a> e \u00e9 disponibilizado segundo uma licen\u00e7a Creative Commons de <a href=\"http:\/\/creativecommons.org\/choose\/results-one?license_code=by-sa\" target=\"_blank\" rel=\"noopener noreferrer\">Atribui\u00e7\u00e3o \u2013 Partilha nos Termos da Mesma Licen\u00e7a<\/a>.<\/li>\n<\/ol>\n","protected":false},"excerpt":{"rendered":"<p>Objectivo No WordCamp acreditamos que a nossa comunidade deve ser verdadeiramente aberta a todos. Estamos comprometidos a propiciar um ambiente amig\u00e1vel, seguro e acolhedor para qualquer pessoa, independentemente do g\u00e9nero, orienta\u00e7\u00e3o sexual, defici\u00eancias, etnia, religi\u00e3o, sistema operativo preferido, linguagem de programa\u00e7\u00e3o ou editor de texto. Este c\u00f3digo de conduta estabelece as nossas expectativas para o &hellip; <\/p>\n<p class=\"link-more\"><a href=\"https:\/\/lisboa.wordcamp.org\/2019\/codigo-de-conduta\/\" class=\"more-link\">Continuar a ler <span class=\"screen-reader-text\">&#8220;C\u00f3digo de Conduta&#8221;<\/span><\/a><\/p>\n","protected":false},"author":6116161,"featured_media":1563,"parent":0,"menu_order":0,"comment_status":"closed","ping_status":"closed","template":"","meta":{"jetpack_post_was_ever_published":false,"footnotes":""},"class_list":["post-19","page","type-page","status-publish","has-post-thumbnail","hentry","entry"],"jetpack_sharing_enabled":true,"jetpack_shortlink":"https:\/\/wp.me\/Pa3kPU-j","_links":{"self":[{"href":"https:\/\/lisboa.wordcamp.org\/2019\/wp-json\/wp\/v2\/pages\/19","targetHints":{"allow":["GET"]}}],"collection":[{"href":"https:\/\/lisboa.wordcamp.org\/2019\/wp-json\/wp\/v2\/pages"}],"about":[{"href":"https:\/\/lisboa.wordcamp.org\/2019\/wp-json\/wp\/v2\/types\/page"}],"author":[{"embeddable":true,"href":"https:\/\/lisboa.wordcamp.org\/2019\/wp-json\/wp\/v2\/users\/6116161"}],"replies":[{"embeddable":true,"href":"https:\/\/lisboa.wordcamp.org\/2019\/wp-json\/wp\/v2\/comments?post=19"}],"version-history":[{"count":5,"href":"https:\/\/lisboa.wordcamp.org\/2019\/wp-json\/wp\/v2\/pages\/19\/revisions"}],"predecessor-version":[{"id":505,"href":"https:\/\/lisboa.wordcamp.org\/2019\/wp-json\/wp\/v2\/pages\/19\/revisions\/505"}],"wp:featuredmedia":[{"embeddable":true,"href":"https:\/\/lisboa.wordcamp.org\/2019\/wp-json\/wp\/v2\/media\/1563"}],"wp:attachment":[{"href":"https:\/\/lisboa.wordcamp.org\/2019\/wp-json\/wp\/v2\/media?parent=19"}],"curies":[{"name":"wp","href":"https:\/\/api.w.org\/{rel}","templated":true}]}}