{"id":2200,"date":"2019-05-02T23:54:33","date_gmt":"2019-05-02T22:54:33","guid":{"rendered":"https:\/\/2019.lisboa.wordcamp.org\/?page_id=2200"},"modified":"2024-01-15T12:16:26","modified_gmt":"2024-01-15T12:16:26","slug":"dia-do-contribuidor","status":"publish","type":"page","link":"https:\/\/lisboa.wordcamp.org\/2019\/dia-do-contribuidor\/","title":{"rendered":"Dia de Contribui\u00e7\u00e3o"},"content":{"rendered":"\n<h2 class=\"wp-block-heading\">O que \u00e9 o Dia de Contribui\u00e7\u00e3o<\/h2>\n\n\n\n<p>O Dia de Contribui\u00e7\u00e3o \u00e9 uma excelente forma de contribuir para o WordPress.<\/p>\n\n\n\n<p>Como em qualquer projecto que vive da colabora\u00e7\u00e3o de v\u00e1rias pessoas, o WordPress precisa da ajuda de todos os que quiserem envolver-se: tradutores, designers, programadores, gestores de projectos, criadores de conte\u00fado e muito mais.<\/p>\n\n\n\n<p>Todos s\u00e3o bem-vindos.<\/p>\n\n\n\n<p>Neste dia em especial, vais ter a companhia de v\u00e1rios elementos da comunidade.<\/p>\n\n\n\n<p>Se n\u00e3o sabes como podes ajudar, n\u00e3o te preocupes. Haver\u00e1 pessoas para te ajudar a come\u00e7ar.<\/p>\n\n\n\n<h2 class=\"wp-block-heading\">Tema<\/h2>\n\n\n\n<p>Este ano vamos apostar em oferecer mais meios de contribui\u00e7\u00e3o e dotar mais gente com essas capacidades.<\/p>\n\n\n\n<p><strong>O dia ser\u00e1 mais focado na educa\u00e7\u00e3o e ferramentas de contribui\u00e7\u00e3o.<\/strong><\/p>\n\n\n\n<h2 class=\"wp-block-heading\">Local<\/h2>\n\n\n\n<p>No Refeit\u00f3rio 2, junto ao ISCTE, o mesmo local onde decorrer\u00e1 o almo\u00e7o de s\u00e1bado. Ver as <a href=\"https:\/\/2019.lisboa.wordcamp.org\/localizacao\/\">direc\u00e7\u00f5es aqui.<\/a><\/p>\n\n\n\n<p>H\u00e1 v\u00e1rias zonas onde decorrer\u00e3o actividades diversas: apresenta\u00e7\u00f5es, mesas de trabalho, networking.<\/p>\n\n\n\n<p>O almo\u00e7o ser\u00e1 servido na mesma sala.<\/p>\n\n\n\n<h2 class=\"wp-block-heading\">Domingo, 19 de Maio<\/h2>\n\n\n<table class=\"wcpt-schedule\" border=\"0\"><thead><tr><th class=\"wcpt-col-time\">Hora<\/th><th class=\"wcpt-col-track\"> <span class=\"wcpt-track-name\">Dia de Contribui\u00e7\u00e3o :: talks<\/span> <span class=\"wcpt-track-description\"><\/span> <\/th><th class=\"wcpt-col-track\"> <span class=\"wcpt-track-name\">Dia de Contribui\u00e7\u00e3o :: Grupos de trabalho<\/span> <span class=\"wcpt-track-description\"><\/span> <\/th><\/tr><\/thead><tbody><tr class=\"wcpt-time-1000\"><td class=\"wcpt-time\">10:00<\/td><td class=\"wcpt-session-empty\"><\/td><td colspan=\"1\" class=\"wcb-speaker-caribay-camacho wcb-speaker-pedro-mendonca wcb-speaker-jorge-costa wcb-track-dia-do-contribuidor-grupos wcpt-session-type-session wcb-session-apresentacoes-de-introducao-e-dos-grupos-de-trabalho-com-os-mentores\" data-track-title=\"Dia de Contribui\u00e7\u00e3o :: Grupos de trabalho\" data-session-id=\"2216\"><div class=\"wcb-session-cell-content\"><a class=\"wcpt-session-title\" href=\"https:\/\/lisboa.wordcamp.org\/2019\/session\/apresentacoes-de-introducao-e-dos-grupos-de-trabalho-com-os-mentores\/\">Apresenta\u00e7\u00f5es de introdu\u00e7\u00e3o e dos grupos de trabalho com os mentores<\/a> <span class=\"wcpt-session-speakers\">Caribay Camacho, Pedro Mendon\u00e7a, Jorge Costa<\/span><\/div><div class=\"wcb-session-favourite-icon\"><a href=\"#\" role=\"button\" class=\"fav-session-button\" aria-pressed=\"false\"><span class=\"screen-reader-text\">Sess\u00e3o favorita: Apresenta\u00e7\u00f5es de introdu\u00e7\u00e3o e dos grupos de trabalho com os mentores<\/span><span class=\"dashicons dashicons-star-filled\"><\/span><\/a><\/div><\/td><\/tr><tr class=\"wcpt-time-1020 global-session coffee-break\"><td class=\"wcpt-time\">10:20<\/td><td colspan=\"2\" class=\"wcb-track-dia-do-contribuidor-grupos wcb-track-dia-do-contribuidor-talks wcpt-session-type-custom wcb-session-coffee-break-3\" data-track-title=\"Dia de Contribui\u00e7\u00e3o :: Grupos de trabalho, Dia de Contribui\u00e7\u00e3o :: talks\" data-session-id=\"2387\"><div class=\"wcb-session-cell-content\"><span class=\"wcpt-session-title\">Coffee-break<\/span><\/div><\/td><\/tr><tr class=\"wcpt-time-1045\"><td class=\"wcpt-time\">10:45<\/td><td colspan=\"1\" class=\"wcb-speaker-jorge-costa wcb-track-dia-do-contribuidor-talks wcb-session-category-desenvolvimento wcb-session-category-portugues wcpt-session-type-session wcb-session-core-js-workflow\" data-track-title=\"Dia de Contribui\u00e7\u00e3o :: talks\" data-session-id=\"2399\"><div class=\"wcb-session-cell-content\"><a class=\"wcpt-session-title\" href=\"https:\/\/lisboa.wordcamp.org\/2019\/session\/core-js-workflow\/\">Core Js Workflow<\/a> <span class=\"wcpt-session-speakers\">Jorge Costa<\/span><\/div><div class=\"wcb-session-favourite-icon\"><a href=\"#\" role=\"button\" class=\"fav-session-button\" aria-pressed=\"false\"><span class=\"screen-reader-text\">Sess\u00e3o favorita: Core Js Workflow<\/span><span class=\"dashicons dashicons-star-filled\"><\/span><\/a><\/div><\/td><td class=\"wcpt-session-empty\"><\/td><\/tr><tr class=\"wcpt-time-1115\"><td class=\"wcpt-time\">11:15<\/td><td colspan=\"1\" class=\"wcb-speaker-pedro-mendonca wcb-track-dia-do-contribuidor-talks wcb-session-category-portugues wcb-session-category-traducao wcpt-session-type-session wcb-session-i18n\" data-track-title=\"Dia de Contribui\u00e7\u00e3o :: talks\" data-session-id=\"2397\"><div class=\"wcb-session-cell-content\"><a class=\"wcpt-session-title\" href=\"https:\/\/lisboa.wordcamp.org\/2019\/session\/i18n\/\">I18n<\/a> <span class=\"wcpt-session-speakers\">Pedro Mendon\u00e7a<\/span><\/div><div class=\"wcb-session-favourite-icon\"><a href=\"#\" role=\"button\" class=\"fav-session-button\" aria-pressed=\"false\"><span class=\"screen-reader-text\">Sess\u00e3o favorita: I18n<\/span><span class=\"dashicons dashicons-star-filled\"><\/span><\/a><\/div><\/td><td class=\"wcpt-session-empty\"><\/td><\/tr><tr class=\"wcpt-time-1145\"><td class=\"wcpt-time\">11:45<\/td><td colspan=\"1\" class=\"wcb-speaker-caribay-camacho wcb-track-dia-do-contribuidor-talks wcb-session-category-media wcb-session-category-negocio wcb-session-category-portugues wcpt-session-type-session wcb-session-media\" data-track-title=\"Dia de Contribui\u00e7\u00e3o :: talks\" data-session-id=\"2404\"><div class=\"wcb-session-cell-content\"><a class=\"wcpt-session-title\" href=\"https:\/\/lisboa.wordcamp.org\/2019\/session\/media\/\">V\u00eddeo Marketing<\/a> <span class=\"wcpt-session-speakers\">Caribay Camacho<\/span><\/div><div class=\"wcb-session-favourite-icon\"><a href=\"#\" role=\"button\" class=\"fav-session-button\" aria-pressed=\"false\"><span class=\"screen-reader-text\">Sess\u00e3o favorita: V\u00eddeo Marketing<\/span><span class=\"dashicons dashicons-star-filled\"><\/span><\/a><\/div><\/td><td class=\"wcpt-session-empty\"><\/td><\/tr><tr class=\"wcpt-time-1215\"><td class=\"wcpt-time\">12:15<\/td><td colspan=\"1\" class=\"wcb-speaker-reimar-kosack wcb-track-dia-do-contribuidor-talks wcb-session-category-english wcb-session-category-negocio wcpt-session-type-session wcb-session-marketing\" data-track-title=\"Dia de Contribui\u00e7\u00e3o :: talks\" data-session-id=\"2408\"><div class=\"wcb-session-cell-content\"><a class=\"wcpt-session-title\" href=\"https:\/\/lisboa.wordcamp.org\/2019\/session\/marketing\/\">Marketing<\/a> <span class=\"wcpt-session-speakers\">Reimar Kosack<\/span><\/div><div class=\"wcb-session-favourite-icon\"><a href=\"#\" role=\"button\" class=\"fav-session-button\" aria-pressed=\"false\"><span class=\"screen-reader-text\">Sess\u00e3o favorita: Marketing<\/span><span class=\"dashicons dashicons-star-filled\"><\/span><\/a><\/div><\/td><td class=\"wcpt-session-empty\"><\/td><\/tr><tr class=\"wcpt-time-1245 global-session almoo\"><td class=\"wcpt-time\">12:45<\/td><td colspan=\"2\" class=\"wcb-track-dia-do-contribuidor-grupos wcb-track-dia-do-contribuidor-talks wcpt-session-type-custom wcb-session-almoco-2\" data-track-title=\"Dia de Contribui\u00e7\u00e3o :: Grupos de trabalho, Dia de Contribui\u00e7\u00e3o :: talks\" data-session-id=\"2384\"><div class=\"wcb-session-cell-content\"><span class=\"wcpt-session-title\">Almo\u00e7o<\/span><\/div><\/td><\/tr><tr class=\"wcpt-time-1430\"><td class=\"wcpt-time\">14:30<\/td><td colspan=\"1\" class=\"wcb-track-dia-do-contribuidor-talks wcpt-session-type-session wcb-session-lightning-talks\" data-track-title=\"Dia de Contribui\u00e7\u00e3o :: talks\" data-session-id=\"2395\"><div class=\"wcb-session-cell-content\"><a class=\"wcpt-session-title\" href=\"https:\/\/lisboa.wordcamp.org\/2019\/session\/lightning-talks\/\">Lightning talks<\/a><\/div><div class=\"wcb-session-favourite-icon\"><a href=\"#\" role=\"button\" class=\"fav-session-button\" aria-pressed=\"false\"><span class=\"screen-reader-text\">Sess\u00e3o favorita: Lightning talks<\/span><span class=\"dashicons dashicons-star-filled\"><\/span><\/a><\/div><\/td><td colspan=\"1\" class=\"wcb-speaker-caribay-camacho wcb-speaker-pedro-mendonca wcb-speaker-jorge-costa wcb-track-dia-do-contribuidor-grupos wcpt-session-type-session wcb-session-grupos-de-trabalho-com-os-mentores\" data-track-title=\"Dia de Contribui\u00e7\u00e3o :: Grupos de trabalho\" data-session-id=\"2391\"><div class=\"wcb-session-cell-content\"><a class=\"wcpt-session-title\" href=\"https:\/\/lisboa.wordcamp.org\/2019\/session\/grupos-de-trabalho-com-os-mentores\/\">Grupos de Trabalho com os mentores<\/a> <span class=\"wcpt-session-speakers\">Caribay Camacho, Pedro Mendon\u00e7a, Jorge Costa<\/span><\/div><div class=\"wcb-session-favourite-icon\"><a href=\"#\" role=\"button\" class=\"fav-session-button\" aria-pressed=\"false\"><span class=\"screen-reader-text\">Sess\u00e3o favorita: Grupos de Trabalho com os mentores<\/span><span class=\"dashicons dashicons-star-filled\"><\/span><\/a><\/div><\/td><\/tr><tr class=\"wcpt-time-1445\"><td class=\"wcpt-time\">14:45<\/td><td colspan=\"1\" class=\"wcb-speaker-jenny-wong wcb-track-dia-do-contribuidor-talks wcb-session-category-desenvolvimento wcb-session-category-english wcpt-session-type-session wcb-session-php-7-3\" data-track-title=\"Dia de Contribui\u00e7\u00e3o :: talks\" data-session-id=\"2401\"><div class=\"wcb-session-cell-content\"><a class=\"wcpt-session-title\" href=\"https:\/\/lisboa.wordcamp.org\/2019\/session\/php-7-3\/\">Moving your code to modern PHP<\/a> <span class=\"wcpt-session-speakers\">Jenny Wong<\/span><\/div><div class=\"wcb-session-favourite-icon\"><a href=\"#\" role=\"button\" class=\"fav-session-button\" aria-pressed=\"false\"><span class=\"screen-reader-text\">Sess\u00e3o favorita: Moving your code to modern PHP<\/span><span class=\"dashicons dashicons-star-filled\"><\/span><\/a><\/div><\/td><td class=\"wcpt-session-empty\"><\/td><\/tr><tr class=\"wcpt-time-1530 global-session coffee-break\"><td class=\"wcpt-time\">15:30<\/td><td colspan=\"2\" class=\"wcb-track-dia-do-contribuidor-grupos wcb-track-dia-do-contribuidor-talks wcpt-session-type-custom wcb-session-coffee-break-4\" data-track-title=\"Dia de Contribui\u00e7\u00e3o :: Grupos de trabalho, Dia de Contribui\u00e7\u00e3o :: talks\" data-session-id=\"2389\"><div class=\"wcb-session-cell-content\"><span class=\"wcpt-session-title\">Coffee-break<\/span><\/div><\/td><\/tr><tr class=\"wcpt-time-1600\"><td class=\"wcpt-time\">16:00<\/td><td colspan=\"1\" class=\"wcb-speaker-alain-schlesser wcb-track-dia-do-contribuidor-talks wcb-session-category-desenvolvimento wcb-session-category-english wcpt-session-type-session wcb-session-a-new-plugin-boilerplate-for-a-new-era\" data-track-title=\"Dia de Contribui\u00e7\u00e3o :: talks\" data-session-id=\"2756\"><div class=\"wcb-session-cell-content\"><a class=\"wcpt-session-title\" href=\"https:\/\/lisboa.wordcamp.org\/2019\/session\/a-new-plugin-boilerplate-for-a-new-era\/\">A New Plugin Boilerplate for a New Era<\/a> <span class=\"wcpt-session-speakers\">Alain Schlesser<\/span><\/div><div class=\"wcb-session-favourite-icon\"><a href=\"#\" role=\"button\" class=\"fav-session-button\" aria-pressed=\"false\"><span class=\"screen-reader-text\">Sess\u00e3o favorita: A New Plugin Boilerplate for a New Era<\/span><span class=\"dashicons dashicons-star-filled\"><\/span><\/a><\/div><\/td><td class=\"wcpt-session-empty\"><\/td><\/tr><tr class=\"wcpt-time-1700\"><td class=\"wcpt-time\">17:00<\/td><td colspan=\"1\" class=\"wcb-speaker-marco-pereirinha wcb-track-dia-do-contribuidor-talks wcb-session-category-desenvolvimento wcb-session-category-portugues wcpt-session-type-session wcb-session-wp-snapshots\" data-track-title=\"Dia de Contribui\u00e7\u00e3o :: talks\" data-session-id=\"2410\"><div class=\"wcb-session-cell-content\"><a class=\"wcpt-session-title\" href=\"https:\/\/lisboa.wordcamp.org\/2019\/session\/wp-snapshots\/\">WP Snapshots<\/a> <span class=\"wcpt-session-speakers\">Marco Pereirinha<\/span><\/div><div class=\"wcb-session-favourite-icon\"><a href=\"#\" role=\"button\" class=\"fav-session-button\" aria-pressed=\"false\"><span class=\"screen-reader-text\">Sess\u00e3o favorita: WP Snapshots<\/span><span class=\"dashicons dashicons-star-filled\"><\/span><\/a><\/div><\/td><td class=\"wcpt-session-empty\"><\/td><\/tr><tr class=\"wcpt-time-1745 global-session agradecimentos-e-encerramento-do-dia-de-contribuio\"><td class=\"wcpt-time\">17:45<\/td><td colspan=\"2\" class=\"wcb-track-dia-do-contribuidor-grupos wcb-track-dia-do-contribuidor-talks wcpt-session-type-session wcb-session-agradecimentos-e-encerramento-do-dia-de-contribuicao\" data-track-title=\"Dia de Contribui\u00e7\u00e3o :: Grupos de trabalho, Dia de Contribui\u00e7\u00e3o :: talks\" data-session-id=\"2393\"><div class=\"wcb-session-cell-content\"><a class=\"wcpt-session-title\" href=\"https:\/\/lisboa.wordcamp.org\/2019\/session\/agradecimentos-e-encerramento-do-dia-de-contribuicao\/\">Agradecimentos e encerramento do Dia de contribui\u00e7\u00e3o<\/a><\/div><div class=\"wcb-session-favourite-icon\"><a href=\"#\" role=\"button\" class=\"fav-session-button\" aria-pressed=\"false\"><span class=\"screen-reader-text\">Sess\u00e3o favorita: Agradecimentos e encerramento do Dia de contribui\u00e7\u00e3o<\/span><span class=\"dashicons dashicons-star-filled\"><\/span><\/a><\/div><\/td><\/tr><\/tbody><\/table>\n\t<div class=\"email-form fav-session-email-form-hide\">\n\t\t<!-- Tab links -->\n\t\t<div class=\"fav-session-share-tab\">\n\t\t\t\t\t\t\t<div class=\"fav-session-tablinks\" id=\"fav-session-btn-email\">\n\t\t\t\t\tEmail\t\t\t\t<\/div>\n\t\t\t\n\t\t\t<div class=\"fav-session-tablinks\" id=\"fav-session-btn-link\">\n\t\t\t\tLiga\u00e7\u00e3o\t\t\t<\/div>\n\n\t\t\t<div class=\"fav-session-tablinks\" id=\"fav-session-btn-print\">\n\t\t\t\tImprimir\t\t\t<\/div>\n\t\t<\/div>\n\n\t\t<!-- Tab content -->\n\t\t\t\t\t<div id=\"fav-session-tab-email\" class=\"fav-session-share-tabcontent\">\n\t\t\t\t<div id=\"fav-session-email-form\">\n\t\t\t\t\tEnvie-me as minhas sess\u00f5es favoritas:\n\t\t\t\t\t<form id=\"fav-sessions-form\">\n\t\t\t\t\t\t<input\n\t\t\t\t\t\t\ttype=\"text\"\n\t\t\t\t\t\t\tname=\"email_address\"\n\t\t\t\t\t\t\tid=\"fav-sessions-email-address\"\n\t\t\t\t\t\t\tplaceholder=\"me@protonmail.com\"\n\t\t\t\t\t\t\/>\n\t\t\t\t\t\t<input type=\"submit\" value=\"Enviar\" \/>\n\t\t\t\t\t<\/form>\n\t\t\t\t<\/div>\n\n\t\t\t\t<div class=\"fav-session-email-wait-spinner\"><\/div>\n\t\t\t\t<div class=\"fav-session-email-result\"><\/div>\n\t\t\t<\/div>\n\t\t\n\t\t<div id=\"fav-session-tab-link\" class=\"fav-session-share-tabcontent\">\n\t\t\tShareable link:\t\t\t<br \/>\n\t\t\t<a id=\"fav-sessions-link\" href=\"\"><\/a>\n\t\t<\/div>\n\n\t\t<div id=\"fav-session-tab-print\" class=\"fav-session-share-tabcontent\">\n\t\t\t<button id=\"fav-session-print\">\n\t\t\t\tPrint favorite sessions\t\t\t<\/button>\n\t\t<\/div>\n\t<\/div>\n\n\t<a class=\"show-email-form\" href=\"javascript:\">\n\t\t<span class=\"dashicons dashicons-star-filled\"><\/span>\n\t\t<span class=\"dashicons dashicons-email-alt\"><\/span>\n\t<\/a>\n\n\t\n","protected":false},"excerpt":{"rendered":"<p>O que \u00e9 o Dia de Contribui\u00e7\u00e3o O Dia de Contribui\u00e7\u00e3o \u00e9 uma excelente forma de contribuir para o WordPress. Como em qualquer projecto que vive da colabora\u00e7\u00e3o de v\u00e1rias pessoas, o WordPress precisa da ajuda de todos os que quiserem envolver-se: tradutores, designers, programadores, gestores de projectos, criadores de conte\u00fado e muito mais. Todos &hellip; <\/p>\n<p class=\"link-more\"><a href=\"https:\/\/lisboa.wordcamp.org\/2019\/dia-do-contribuidor\/\" class=\"more-link\">Continuar a ler <span class=\"screen-reader-text\">&#8220;Dia de Contribui\u00e7\u00e3o&#8221;<\/span><\/a><\/p>\n","protected":false},"author":14971438,"featured_media":2201,"parent":0,"menu_order":0,"comment_status":"closed","ping_status":"closed","template":"","meta":{"jetpack_post_was_ever_published":false,"footnotes":""},"class_list":["post-2200","page","type-page","status-publish","has-post-thumbnail","hentry","entry"],"jetpack_sharing_enabled":true,"jetpack_shortlink":"https:\/\/wp.me\/Pa3kPU-zu","_links":{"self":[{"href":"https:\/\/lisboa.wordcamp.org\/2019\/wp-json\/wp\/v2\/pages\/2200","targetHints":{"allow":["GET"]}}],"collection":[{"href":"https:\/\/lisboa.wordcamp.org\/2019\/wp-json\/wp\/v2\/pages"}],"about":[{"href":"https:\/\/lisboa.wordcamp.org\/2019\/wp-json\/wp\/v2\/types\/page"}],"author":[{"embeddable":true,"href":"https:\/\/lisboa.wordcamp.org\/2019\/wp-json\/wp\/v2\/users\/14971438"}],"replies":[{"embeddable":true,"href":"https:\/\/lisboa.wordcamp.org\/2019\/wp-json\/wp\/v2\/comments?post=2200"}],"version-history":[{"count":22,"href":"https:\/\/lisboa.wordcamp.org\/2019\/wp-json\/wp\/v2\/pages\/2200\/revisions"}],"predecessor-version":[{"id":4116,"href":"https:\/\/lisboa.wordcamp.org\/2019\/wp-json\/wp\/v2\/pages\/2200\/revisions\/4116"}],"wp:featuredmedia":[{"embeddable":true,"href":"https:\/\/lisboa.wordcamp.org\/2019\/wp-json\/wp\/v2\/media\/2201"}],"wp:attachment":[{"href":"https:\/\/lisboa.wordcamp.org\/2019\/wp-json\/wp\/v2\/media?parent=2200"}],"curies":[{"name":"wp","href":"https:\/\/api.w.org\/{rel}","templated":true}]}}