{"id":2297,"date":"2019-05-03T11:23:45","date_gmt":"2019-05-03T10:23:45","guid":{"rendered":"https:\/\/2019.lisboa.wordcamp.org\/?page_id=2297"},"modified":"2019-05-03T13:18:04","modified_gmt":"2019-05-03T12:18:04","slug":"after-party","status":"publish","type":"page","link":"https:\/\/lisboa.wordcamp.org\/2019\/after-party\/","title":{"rendered":"After-party"},"content":{"rendered":"\n<h2 class=\"wp-block-heading\">S\u00e1bado, 18 de Maio, a partir das 21h<\/h2>\n\n\n\n<p>A after-party do WordCamp Lisboa 2019 vai acontecer no &#8220;<a rel=\"noreferrer noopener\" aria-label=\"Boteco da Dri (opens in a new tab)\" href=\"http:\/\/botecodadri.com\/\" target=\"_blank\">Boteco da Dri<\/a>&#8220;, um restaurante e bar brasileiro localizado a 200 m da esta\u00e7\u00e3o de metro do Cais do Sodr\u00e9, junto ao Rio Tejo, e que est\u00e1 aberto das 7h da tarde \u00e0s 4h da manh\u00e3.<\/p>\n\n\n\n<p>Todos os participantes do WordCamp Lisboa 2019 que quiserem estar presentes na after-party devem levar consigo o <em>badge<\/em> do evento para usufruir da oferta de senhas de consumo no bar, bem como garantir a entrada no local.<\/p>\n\n\n\n<div class=\"wp-block-columns has-2-columns is-layout-flex wp-container-core-columns-is-layout-9d6595d7 wp-block-columns-is-layout-flex\">\n<div class=\"wp-block-column is-layout-flow wp-block-column-is-layout-flow\">\n<p><\/p>\n<\/div>\n\n\n\n<div class=\"wp-block-column is-layout-flow wp-block-column-is-layout-flow\">\n<p><\/p>\n<\/div>\n<\/div>\n\n\n\n<div class=\"wp-block-columns has-2-columns is-layout-flex wp-container-core-columns-is-layout-9d6595d7 wp-block-columns-is-layout-flex\">\n<div class=\"wp-block-column is-layout-flow wp-block-column-is-layout-flow\">\n<figure class=\"wp-block-image\"><img loading=\"lazy\" decoding=\"async\" width=\"1024\" height=\"683\" src=\"https:\/\/2019.lisboa.wordcamp.org\/files\/2019\/05\/boteco-dri-edificio-fb-1024x683.jpg\" alt=\"\" class=\"wp-image-2376\" srcset=\"https:\/\/lisboa.wordcamp.org\/2019\/files\/2019\/05\/boteco-dri-edificio-fb.jpg 1024w, https:\/\/lisboa.wordcamp.org\/2019\/files\/2019\/05\/boteco-dri-edificio-fb-300x200.jpg 300w, https:\/\/lisboa.wordcamp.org\/2019\/files\/2019\/05\/boteco-dri-edificio-fb-768x512.jpg 768w, https:\/\/lisboa.wordcamp.org\/2019\/files\/2019\/05\/boteco-dri-edificio-fb-450x300.jpg 450w\" sizes=\"auto, (max-width: 1024px) 100vw, 1024px\" \/><\/figure>\n<\/div>\n\n\n\n<div class=\"wp-block-column is-layout-flow wp-block-column-is-layout-flow\">\n<div data-map-provider=\"mapbox\" data-api-key=\"pk.eyJ1Ijoid2NsaXNib2EiLCJhIjoiY2p0MmxvNzExMHdsODQ0cDFtNHgweTlzYSJ9.p_HuN6Fg_qvfekctnbQwNg\" class=\"wp-block-jetpack-map\" data-map-style=\"default\" data-map-details=\"true\" data-points=\"[{&quot;placeTitle&quot;:&quot;B.leza&quot;,&quot;title&quot;:&quot;Boteco da Dri&quot;,&quot;caption&quot;:&quot;B.leza, Rua da Cintura do Porto de Lisboa, 16 arm.B, Lisboa, Lisboa, Portugal&quot;,&quot;id&quot;:&quot;poi.1649267473874&quot;,&quot;coordinates&quot;:{&quot;longitude&quot;:-9.147238,&quot;latitude&quot;:38.705482}}]\" data-zoom=\"12.969935005899906\" data-map-center=\"{&quot;longitude&quot;:-122.41941550000001,&quot;latitude&quot;:37.7749295}\" data-marker-color=\"#0073a8\"><ul><li><a href=\"https:\/\/www.google.com\/maps\/search\/?api=1&amp;query=38.705482,-9.147238\">Boteco da Dri<\/a><\/li><\/ul><\/div>\n<\/div>\n<\/div>\n\n\n\n<div class=\"wp-block-columns has-2-columns is-layout-flex wp-container-core-columns-is-layout-9d6595d7 wp-block-columns-is-layout-flex\">\n<div class=\"wp-block-column is-layout-flow wp-block-column-is-layout-flow\">\n<p><strong>Reservas para jantar:<\/strong><br><a href=\"mailto:renato@botecodadri.com?subject=Reserva para jantar 18 de Maio - Dinner reservation May 18 - WordCamp Lisboa 2019\">renato@botecodadri.com<\/a><\/p>\n\n\n\n<p><a rel=\"noreferrer noopener\" aria-label=\" (opens in a new tab)\" href=\"http:\/\/botecodadri.com\/\" target=\"_blank\">botecodadri.com<\/a><br><a rel=\"noreferrer noopener\" aria-label=\"facebook.com\/botecodadri (opens in a new tab)\" href=\"https:\/\/www.facebook.com\/botecodadri\/\" target=\"_blank\">facebook.com\/botecodadri<\/a><\/p>\n<\/div>\n\n\n\n<div class=\"wp-block-column is-layout-flow wp-block-column-is-layout-flow\">\n<p><strong>Boteco da Dri<\/strong><br>Cais G\u00e1s 19, Lisboa<br>(junto \u00e0 Esta\u00e7\u00e3o do Cais do Sodr\u00e9)<\/p>\n\n\n\n<p>Telefone: (+351) 960 378 763<\/p>\n<\/div>\n<\/div>\n\n\n\n<h2 class=\"wp-block-heading\">Como chegar<\/h2>\n\n\n\n<div class=\"wp-block-columns has-2-columns is-layout-flex wp-container-core-columns-is-layout-9d6595d7 wp-block-columns-is-layout-flex\">\n<div class=\"wp-block-column is-layout-flow wp-block-column-is-layout-flow\">\n<h3 class=\"wp-block-heading\">\ud83d\ude87 de metro<\/h3>\n\n\n\n<ul class=\"wp-block-list\"><li>Ir at\u00e9 \u00e0 <strong>Esta\u00e7\u00e3o do Cais do Sodr\u00e9<\/strong> (linha verde) e usar a sa\u00edda virada para o rio;<\/li><li>Virar \u00e0 direita e andar 200 m at\u00e9 encontrar o &#8220;Boteco da Dri&#8221;;<\/li><\/ul>\n<\/div>\n\n\n\n<div class=\"wp-block-column is-layout-flow wp-block-column-is-layout-flow\">\n<h3 class=\"wp-block-heading\">\ud83d\ude99 de carro, t\u00e1xi ou Uber<\/h3>\n\n\n\n<ul class=\"wp-block-list\"><li>Apontar o GPS ou pedir que o levem para a Esta\u00e7\u00e3o de comboios do Cais do Sodr\u00e9 ou &#8220;Discoteca B&#8217;Leza&#8221;, que fica junto ao &#8220;Boteco da Dri&#8221;;<\/li><\/ul>\n<\/div>\n<\/div>\n\n\n\n<h2 class=\"wp-block-heading\">O Boteco da Dri<\/h2>\n\n\n\n<p>O espa\u00e7o disp\u00f5e de duas salas, uma de Bar e outra de Restaurante. <strong>Quem quiser aproveitar para jantar neste espa\u00e7o deve <a href=\"mailto:renato@botecodadri.com?subject=Reserva para jantar 18 de Maio - Dinner reservation May 18 - WordCamp Lisboa 2019\">reservar mesa<\/a> o quanto antes<\/strong>, preferencialmente indicando que vai \u00e0 after-party do WordCamp Lisboa 2019.<\/p>\n\n\n\n<ul class=\"wp-block-gallery columns-4 is-cropped wp-block-gallery-1 is-layout-flex wp-block-gallery-is-layout-flex\"><li class=\"blocks-gallery-item\"><figure><a href=\"https:\/\/2019.lisboa.wordcamp.org\/files\/2019\/05\/boteco-dri-edificio-2-768x1024.jpg\"><img loading=\"lazy\" decoding=\"async\" width=\"768\" height=\"1024\" src=\"https:\/\/2019.lisboa.wordcamp.org\/files\/2019\/05\/boteco-dri-edificio-2-768x1024.jpg\" alt=\"\" data-id=\"2330\" data-link=\"https:\/\/2019.lisboa.wordcamp.org\/?attachment_id=2330\" class=\"wp-image-2330\" srcset=\"https:\/\/lisboa.wordcamp.org\/2019\/files\/2019\/05\/boteco-dri-edificio-2-768x1024.jpg 768w, https:\/\/lisboa.wordcamp.org\/2019\/files\/2019\/05\/boteco-dri-edificio-2-225x300.jpg 225w, https:\/\/lisboa.wordcamp.org\/2019\/files\/2019\/05\/boteco-dri-edificio-2.jpg 900w\" sizes=\"auto, (max-width: 768px) 100vw, 768px\" \/><\/a><\/figure><\/li><li class=\"blocks-gallery-item\"><figure><a href=\"https:\/\/2019.lisboa.wordcamp.org\/files\/2019\/05\/boteco-dri-restaurante-1024x768.jpg\"><img loading=\"lazy\" decoding=\"async\" width=\"1024\" height=\"768\" src=\"https:\/\/2019.lisboa.wordcamp.org\/files\/2019\/05\/boteco-dri-restaurante-1024x768.jpg\" alt=\"\" data-id=\"2329\" data-link=\"https:\/\/2019.lisboa.wordcamp.org\/?attachment_id=2329\" class=\"wp-image-2329\" srcset=\"https:\/\/lisboa.wordcamp.org\/2019\/files\/2019\/05\/boteco-dri-restaurante-1024x768.jpg 1024w, https:\/\/lisboa.wordcamp.org\/2019\/files\/2019\/05\/boteco-dri-restaurante-300x225.jpg 300w, https:\/\/lisboa.wordcamp.org\/2019\/files\/2019\/05\/boteco-dri-restaurante-768x576.jpg 768w, https:\/\/lisboa.wordcamp.org\/2019\/files\/2019\/05\/boteco-dri-restaurante-400x300.jpg 400w, https:\/\/lisboa.wordcamp.org\/2019\/files\/2019\/05\/boteco-dri-restaurante.jpg 1200w\" sizes=\"auto, (max-width: 1024px) 100vw, 1024px\" \/><\/a><\/figure><\/li><li class=\"blocks-gallery-item\"><figure><a href=\"https:\/\/2019.lisboa.wordcamp.org\/files\/2019\/05\/boteco-dri-bar-768x1024.jpg\"><img loading=\"lazy\" decoding=\"async\" width=\"768\" height=\"1024\" src=\"https:\/\/2019.lisboa.wordcamp.org\/files\/2019\/05\/boteco-dri-bar-768x1024.jpg\" alt=\"\" data-id=\"2328\" data-link=\"https:\/\/2019.lisboa.wordcamp.org\/?attachment_id=2328\" class=\"wp-image-2328\" srcset=\"https:\/\/lisboa.wordcamp.org\/2019\/files\/2019\/05\/boteco-dri-bar-768x1024.jpg 768w, https:\/\/lisboa.wordcamp.org\/2019\/files\/2019\/05\/boteco-dri-bar-225x300.jpg 225w, https:\/\/lisboa.wordcamp.org\/2019\/files\/2019\/05\/boteco-dri-bar.jpg 900w\" sizes=\"auto, (max-width: 768px) 100vw, 768px\" \/><\/a><\/figure><\/li><li class=\"blocks-gallery-item\"><figure><a href=\"https:\/\/2019.lisboa.wordcamp.org\/files\/2019\/05\/boteco-dri-restaurante-2-1024x768.jpg\"><img loading=\"lazy\" decoding=\"async\" width=\"1024\" height=\"768\" src=\"https:\/\/2019.lisboa.wordcamp.org\/files\/2019\/05\/boteco-dri-restaurante-2-1024x768.jpg\" alt=\"\" data-id=\"2327\" data-link=\"https:\/\/2019.lisboa.wordcamp.org\/?attachment_id=2327\" class=\"wp-image-2327\" srcset=\"https:\/\/lisboa.wordcamp.org\/2019\/files\/2019\/05\/boteco-dri-restaurante-2-1024x768.jpg 1024w, https:\/\/lisboa.wordcamp.org\/2019\/files\/2019\/05\/boteco-dri-restaurante-2-300x225.jpg 300w, https:\/\/lisboa.wordcamp.org\/2019\/files\/2019\/05\/boteco-dri-restaurante-2-768x576.jpg 768w, https:\/\/lisboa.wordcamp.org\/2019\/files\/2019\/05\/boteco-dri-restaurante-2-400x300.jpg 400w, https:\/\/lisboa.wordcamp.org\/2019\/files\/2019\/05\/boteco-dri-restaurante-2.jpg 1200w\" sizes=\"auto, (max-width: 1024px) 100vw, 1024px\" \/><\/a><\/figure><\/li><\/ul>\n\n\n\n<h2 class=\"wp-block-heading\">Ementa do Bar<\/h2>\n\n\n\n<div class=\"wp-block-columns has-2-columns is-layout-flex wp-container-core-columns-is-layout-9d6595d7 wp-block-columns-is-layout-flex\">\n<div class=\"wp-block-column is-layout-flow wp-block-column-is-layout-flow\">\n<ul class=\"wp-block-list\"><li>Cerveja de press\u00e3o 20cl: 1,50\u20ac<\/li><li>Cerveja de press\u00e3o 33cl: 2,50\u20ac<\/li><li>Cerveja de press\u00e3o 50cl: 3,50\u20ac<\/li><li>Refrigerante: 2,00\u20ac<\/li><\/ul>\n<\/div>\n\n\n\n<div class=\"wp-block-column is-layout-flow wp-block-column-is-layout-flow\">\n<ul class=\"wp-block-list\"><li>Caipirinha: 6,50\u20ac<\/li><li>Gin t\u00f3nico: 6,50\u20ac<\/li><li>&#8230;entre outras bebidas e tapas variadas<\/li><\/ul>\n<\/div>\n<\/div>\n\n\n\n<p>A organiza\u00e7\u00e3o do WordCamp Lisboa 2019 disponibilizar\u00e1 a cada participante (que se apresente com o <em>badge<\/em> do evento) duas senhas de consumo.<\/p>\n\n\n\n<ul class=\"wp-block-list\"><li>1 senha: Vale uma cerveja de press\u00e3o de 33cl, refrigerante ou equivalente.<\/li><li>2 senhas: Vale uma caipirinha (promo\u00e7\u00e3o especial WordCamp).<\/li><\/ul>\n\n\n\n<h2 class=\"wp-block-heading\">Ementa do Restaurante<\/h2>\n\n\n\n<h3 class=\"wp-block-heading\">Saladas<\/h3>\n\n\n\n<figure class=\"wp-block-image\"><img loading=\"lazy\" decoding=\"async\" width=\"1024\" height=\"100\" src=\"https:\/\/2019.lisboa.wordcamp.org\/files\/2019\/05\/image-1024x100.png\" alt=\"\" class=\"wp-image-2337\" srcset=\"https:\/\/lisboa.wordcamp.org\/2019\/files\/2019\/05\/image-1024x100.png 1024w, https:\/\/lisboa.wordcamp.org\/2019\/files\/2019\/05\/image-300x29.png 300w, https:\/\/lisboa.wordcamp.org\/2019\/files\/2019\/05\/image-768x75.png 768w, https:\/\/lisboa.wordcamp.org\/2019\/files\/2019\/05\/image-500x49.png 500w, https:\/\/lisboa.wordcamp.org\/2019\/files\/2019\/05\/image.png 1173w\" sizes=\"auto, (max-width: 1024px) 100vw, 1024px\" \/><\/figure>\n\n\n\n<h3 class=\"wp-block-heading\">Entradas<\/h3>\n\n\n\n<figure class=\"wp-block-image\"><img loading=\"lazy\" decoding=\"async\" width=\"1024\" height=\"354\" src=\"https:\/\/2019.lisboa.wordcamp.org\/files\/2019\/05\/image-1-1024x354.png\" alt=\"\" class=\"wp-image-2338\" srcset=\"https:\/\/lisboa.wordcamp.org\/2019\/files\/2019\/05\/image-1-1024x354.png 1024w, https:\/\/lisboa.wordcamp.org\/2019\/files\/2019\/05\/image-1-300x104.png 300w, https:\/\/lisboa.wordcamp.org\/2019\/files\/2019\/05\/image-1-768x266.png 768w, https:\/\/lisboa.wordcamp.org\/2019\/files\/2019\/05\/image-1-500x173.png 500w, https:\/\/lisboa.wordcamp.org\/2019\/files\/2019\/05\/image-1.png 1170w\" sizes=\"auto, (max-width: 1024px) 100vw, 1024px\" \/><\/figure>\n\n\n\n<h3 class=\"wp-block-heading\">Pratos principais<\/h3>\n\n\n\n<p>Todos os pratos s\u00e3o suficientes para 2 pessoas, excepto o Falafel (vegan) que \u00e9 normalmente para 1 pessoa.<\/p>\n\n\n\n<figure class=\"wp-block-image\"><img loading=\"lazy\" decoding=\"async\" width=\"1024\" height=\"293\" src=\"https:\/\/2019.lisboa.wordcamp.org\/files\/2019\/05\/image-2-1024x293.png\" alt=\"\" class=\"wp-image-2339\" srcset=\"https:\/\/lisboa.wordcamp.org\/2019\/files\/2019\/05\/image-2-1024x293.png 1024w, https:\/\/lisboa.wordcamp.org\/2019\/files\/2019\/05\/image-2-300x86.png 300w, https:\/\/lisboa.wordcamp.org\/2019\/files\/2019\/05\/image-2-768x220.png 768w, https:\/\/lisboa.wordcamp.org\/2019\/files\/2019\/05\/image-2-500x143.png 500w, https:\/\/lisboa.wordcamp.org\/2019\/files\/2019\/05\/image-2.png 1167w\" sizes=\"auto, (max-width: 1024px) 100vw, 1024px\" \/><\/figure>\n\n\n\n<figure class=\"wp-block-image\"><img loading=\"lazy\" decoding=\"async\" width=\"1024\" height=\"263\" src=\"https:\/\/2019.lisboa.wordcamp.org\/files\/2019\/05\/image-3-1024x263.png\" alt=\"\" class=\"wp-image-2368\" srcset=\"https:\/\/lisboa.wordcamp.org\/2019\/files\/2019\/05\/image-3-1024x263.png 1024w, https:\/\/lisboa.wordcamp.org\/2019\/files\/2019\/05\/image-3-300x77.png 300w, https:\/\/lisboa.wordcamp.org\/2019\/files\/2019\/05\/image-3-768x198.png 768w, https:\/\/lisboa.wordcamp.org\/2019\/files\/2019\/05\/image-3-500x129.png 500w, https:\/\/lisboa.wordcamp.org\/2019\/files\/2019\/05\/image-3-1568x403.png 1568w, https:\/\/lisboa.wordcamp.org\/2019\/files\/2019\/05\/image-3.png 1574w\" sizes=\"auto, (max-width: 1024px) 100vw, 1024px\" \/><\/figure>\n","protected":false},"excerpt":{"rendered":"<p>S\u00e1bado, 18 de Maio, a partir das 21h A after-party do WordCamp Lisboa 2019 vai acontecer no &#8220;Boteco da Dri&#8220;, um restaurante e bar brasileiro localizado a 200 m da esta\u00e7\u00e3o de metro do Cais do Sodr\u00e9, junto ao Rio Tejo, e que est\u00e1 aberto das 7h da tarde \u00e0s 4h da manh\u00e3. Todos os &hellip; <\/p>\n<p class=\"link-more\"><a href=\"https:\/\/lisboa.wordcamp.org\/2019\/after-party\/\" class=\"more-link\">Continuar a ler <span class=\"screen-reader-text\">&#8220;After-party&#8221;<\/span><\/a><\/p>\n","protected":false},"author":13328421,"featured_media":2376,"parent":0,"menu_order":0,"comment_status":"closed","ping_status":"closed","template":"","meta":{"jetpack_post_was_ever_published":false,"footnotes":""},"class_list":["post-2297","page","type-page","status-publish","has-post-thumbnail","hentry","entry"],"jetpack_sharing_enabled":true,"jetpack_shortlink":"https:\/\/wp.me\/Pa3kPU-B3","_links":{"self":[{"href":"https:\/\/lisboa.wordcamp.org\/2019\/wp-json\/wp\/v2\/pages\/2297","targetHints":{"allow":["GET"]}}],"collection":[{"href":"https:\/\/lisboa.wordcamp.org\/2019\/wp-json\/wp\/v2\/pages"}],"about":[{"href":"https:\/\/lisboa.wordcamp.org\/2019\/wp-json\/wp\/v2\/types\/page"}],"author":[{"embeddable":true,"href":"https:\/\/lisboa.wordcamp.org\/2019\/wp-json\/wp\/v2\/users\/13328421"}],"replies":[{"embeddable":true,"href":"https:\/\/lisboa.wordcamp.org\/2019\/wp-json\/wp\/v2\/comments?post=2297"}],"version-history":[{"count":43,"href":"https:\/\/lisboa.wordcamp.org\/2019\/wp-json\/wp\/v2\/pages\/2297\/revisions"}],"predecessor-version":[{"id":2379,"href":"https:\/\/lisboa.wordcamp.org\/2019\/wp-json\/wp\/v2\/pages\/2297\/revisions\/2379"}],"wp:featuredmedia":[{"embeddable":true,"href":"https:\/\/lisboa.wordcamp.org\/2019\/wp-json\/wp\/v2\/media\/2376"}],"wp:attachment":[{"href":"https:\/\/lisboa.wordcamp.org\/2019\/wp-json\/wp\/v2\/media?parent=2297"}],"curies":[{"name":"wp","href":"https:\/\/api.w.org\/{rel}","templated":true}]}}