{"id":958,"date":"2019-04-02T21:13:09","date_gmt":"2019-04-02T21:13:09","guid":{"rendered":"https:\/\/2019.lisboa.wordcamp.org\/?page_id=958"},"modified":"2019-05-29T15:42:38","modified_gmt":"2019-05-29T14:42:38","slug":"frontpage","status":"publish","type":"page","link":"https:\/\/lisboa.wordcamp.org\/2019\/","title":{"rendered":"Frontpage"},"content":{"rendered":"\n<figure class=\"wp-block-image alignfull home-topo-mobile\"><img loading=\"lazy\" decoding=\"async\" width=\"1200\" height=\"565\" src=\"https:\/\/2019.lisboa.wordcamp.org\/files\/2019\/04\/logo-mobile.png\" alt=\"\" class=\"wp-image-1161\" srcset=\"https:\/\/lisboa.wordcamp.org\/2019\/files\/2019\/04\/logo-mobile.png 1200w, https:\/\/lisboa.wordcamp.org\/2019\/files\/2019\/04\/logo-mobile-300x141.png 300w, https:\/\/lisboa.wordcamp.org\/2019\/files\/2019\/04\/logo-mobile-768x362.png 768w, https:\/\/lisboa.wordcamp.org\/2019\/files\/2019\/04\/logo-mobile-1024x482.png 1024w, https:\/\/lisboa.wordcamp.org\/2019\/files\/2019\/04\/logo-mobile-500x235.png 500w\" sizes=\"auto, (max-width: 1200px) 100vw, 1200px\" \/><\/figure>\n\n\n\n<figure class=\"wp-block-image alignfull home-topo-desktop\"><img loading=\"lazy\" decoding=\"async\" width=\"2000\" height=\"800\" src=\"https:\/\/2019.lisboa.wordcamp.org\/files\/2019\/04\/topo.png\" alt=\"\" class=\"wp-image-1162\" srcset=\"https:\/\/lisboa.wordcamp.org\/2019\/files\/2019\/04\/topo.png 2000w, https:\/\/lisboa.wordcamp.org\/2019\/files\/2019\/04\/topo-300x120.png 300w, https:\/\/lisboa.wordcamp.org\/2019\/files\/2019\/04\/topo-768x307.png 768w, https:\/\/lisboa.wordcamp.org\/2019\/files\/2019\/04\/topo-1024x410.png 1024w, https:\/\/lisboa.wordcamp.org\/2019\/files\/2019\/04\/topo-500x200.png 500w, https:\/\/lisboa.wordcamp.org\/2019\/files\/2019\/04\/topo-1568x627.png 1568w\" sizes=\"auto, (max-width: 2000px) 100vw, 2000px\" \/><\/figure>\n\n\n\n<div style=\"height:50px\" aria-hidden=\"true\" class=\"wp-block-spacer\"><\/div>\n\n\n\n<div class=\"wp-block-columns has-3-columns cta-principal is-layout-flex wp-container-core-columns-is-layout-9d6595d7 wp-block-columns-is-layout-flex\">\n<div class=\"wp-block-column is-layout-flow wp-block-column-is-layout-flow\">\n<figure class=\"wp-block-image\"><img loading=\"lazy\" decoding=\"async\" width=\"200\" height=\"200\" src=\"https:\/\/2019.lisboa.wordcamp.org\/files\/2019\/05\/cta-principal-feedback.png\" alt=\"\" class=\"wp-image-2914\" srcset=\"https:\/\/lisboa.wordcamp.org\/2019\/files\/2019\/05\/cta-principal-feedback.png 200w, https:\/\/lisboa.wordcamp.org\/2019\/files\/2019\/05\/cta-principal-feedback-150x150.png 150w\" sizes=\"auto, (max-width: 200px) 100vw, 200px\" \/><\/figure>\n\n\n\n<div style=\"height:10px\" aria-hidden=\"true\" class=\"wp-block-spacer\"><\/div>\n\n\n\n<h4 class=\"wp-block-heading\" style=\"text-align:center\">Avalia\u00e7\u00e3o<\/h4>\n\n\n\n<p style=\"text-align:center\">No final do WordCamp, \u00e9 importante ficar a conhecer a opini\u00e3o, o que \u00e9 valorizado e as cr\u00edticas, para melhorarmos.<br><\/p>\n\n\n\n<div style=\"height:10px\" aria-hidden=\"true\" class=\"wp-block-spacer\"><\/div>\n\n\n\n<div class=\"wp-block-button aligncenter is-style-outline wc-button is-style-outline--1\"><a class=\"wp-block-button__link\" href=\"https:\/\/2019.lisboa.wordcamp.org\/wordcamp-lisboa-2019-um-evento-para-recomendar-a-amigos\">Ver artigo<\/a><\/div>\n\n\n\n<p><\/p>\n<\/div>\n\n\n\n<div class=\"wp-block-column is-layout-flow wp-block-column-is-layout-flow\">\n<figure class=\"wp-block-image\"><img loading=\"lazy\" decoding=\"async\" width=\"200\" height=\"200\" src=\"https:\/\/2019.lisboa.wordcamp.org\/files\/2019\/05\/cta-principal-videos.png\" alt=\"\" class=\"wp-image-2915\" srcset=\"https:\/\/lisboa.wordcamp.org\/2019\/files\/2019\/05\/cta-principal-videos.png 200w, https:\/\/lisboa.wordcamp.org\/2019\/files\/2019\/05\/cta-principal-videos-150x150.png 150w\" sizes=\"auto, (max-width: 200px) 100vw, 200px\" \/><\/figure>\n\n\n\n<div style=\"height:10px\" aria-hidden=\"true\" class=\"wp-block-spacer\"><\/div>\n\n\n\n<h4 class=\"wp-block-heading\" style=\"text-align:center\">V\u00eddeos<\/h4>\n\n\n\n<p style=\"text-align:center\">O registo v\u00eddeo da maioria das apresenta\u00e7\u00f5es, para quem n\u00e3o p\u00f4de estar ou para rever o que foi o WordCamp.<br><\/p>\n\n\n\n<div style=\"height:10px\" aria-hidden=\"true\" class=\"wp-block-spacer\"><\/div>\n\n\n\n<div class=\"wp-block-button aligncenter is-style-outline wc-button is-style-outline--2\"><a class=\"wp-block-button__link\" href=\"https:\/\/2019.lisboa.wordcamp.org\/os-videos-das-talks-no-wordcamp-lisboa-2019\/\">Ver os v\u00eddeos<\/a><\/div>\n<\/div>\n\n\n\n<div class=\"wp-block-column is-layout-flow wp-block-column-is-layout-flow\">\n<figure class=\"wp-block-image\"><img loading=\"lazy\" decoding=\"async\" width=\"200\" height=\"200\" src=\"https:\/\/2019.lisboa.wordcamp.org\/files\/2019\/05\/cta-principal-milan.png\" alt=\"\" class=\"wp-image-2567\" srcset=\"https:\/\/lisboa.wordcamp.org\/2019\/files\/2019\/05\/cta-principal-milan.png 200w, https:\/\/lisboa.wordcamp.org\/2019\/files\/2019\/05\/cta-principal-milan-150x150.png 150w\" sizes=\"auto, (max-width: 200px) 100vw, 200px\" \/><\/figure>\n\n\n\n<div style=\"height:10px\" aria-hidden=\"true\" class=\"wp-block-spacer\"><\/div>\n\n\n\n<h4 class=\"wp-block-heading\" style=\"text-align:center\">Programa<\/h4>\n\n\n\n<p style=\"text-align:center\">Fica a conhecer o que te reservam os dois dias deste evento, entre apresenta\u00e7\u00f5es, workshops e muito mais.<br><\/p>\n\n\n\n<div style=\"height:10px\" aria-hidden=\"true\" class=\"wp-block-spacer\"><\/div>\n\n\n\n<div class=\"wp-block-button aligncenter is-style-outline wc-button is-style-outline--3\"><a class=\"wp-block-button__link\" href=\"https:\/\/2019.lisboa.wordcamp.org\/programa-talks\/\"><strong>Saber mais<\/strong><\/a><\/div>\n<\/div>\n<\/div>\n\n\n\n<div style=\"height:50px\" aria-hidden=\"true\" class=\"wp-block-spacer\"><\/div>\n\n\n\n<div class=\"wp-block-columns has-2-columns is-layout-flex wp-container-core-columns-is-layout-9d6595d7 wp-block-columns-is-layout-flex\">\n<div class=\"wp-block-column is-layout-flow wp-block-column-is-layout-flow\">\n<p>Pela quinta vez desde o primeiro WordCamp em 2011, Lisboa volta a receber o mais importante evento WordPress. Ao longo destes anos a plataforma tem vindo a afirmar-se como a escolha de elei\u00e7\u00e3o para a publica\u00e7\u00e3o <em>online <\/em>tamb\u00e9m no nosso pa\u00eds.<\/p>\n<\/div>\n\n\n\n<div class=\"wp-block-column is-layout-flow wp-block-column-is-layout-flow\">\n<p>O ISCTE ser\u00e1 novamente o anfitri\u00e3o da festa da Comunidade Portuguesa de WordPress, que se dividir\u00e1 por dois dias, <strong>18 e 19 de Maio<\/strong>. <\/p>\n<\/div>\n<\/div>\n\n\n\n<figure class=\"wp-block-image is-resized\"><img loading=\"lazy\" decoding=\"async\" src=\"https:\/\/2019.lisboa.wordcamp.org\/files\/2019\/04\/audiencia-horizontal.jpg\" alt=\"\" class=\"wp-image-1233\" width=\"2000\" height=\"603\" srcset=\"https:\/\/lisboa.wordcamp.org\/2019\/files\/2019\/04\/audiencia-horizontal.jpg 2000w, https:\/\/lisboa.wordcamp.org\/2019\/files\/2019\/04\/audiencia-horizontal-300x90.jpg 300w, https:\/\/lisboa.wordcamp.org\/2019\/files\/2019\/04\/audiencia-horizontal-768x232.jpg 768w, https:\/\/lisboa.wordcamp.org\/2019\/files\/2019\/04\/audiencia-horizontal-1024x309.jpg 1024w, https:\/\/lisboa.wordcamp.org\/2019\/files\/2019\/04\/audiencia-horizontal-500x151.jpg 500w, https:\/\/lisboa.wordcamp.org\/2019\/files\/2019\/04\/audiencia-horizontal-1568x473.jpg 1568w\" sizes=\"auto, (max-width: 2000px) 100vw, 2000px\" \/><\/figure>\n\n\n\n<div class=\"wp-block-columns has-2-columns is-layout-flex wp-container-core-columns-is-layout-9d6595d7 wp-block-columns-is-layout-flex\">\n<div class=\"wp-block-column is-layout-flow wp-block-column-is-layout-flow\">\n<p>Com o programa ainda em constru\u00e7\u00e3o, o que podemos para j\u00e1 antever \u00e9 que no primeiro dia se concentrar\u00e3o as apresenta\u00e7\u00f5es e <em>workshops<\/em> de inicia\u00e7\u00e3o, e que no segundo dia, com \u00eanfase especial na contribui\u00e7\u00e3o para a plataforma, teremos \u00e1reas espec\u00edficas de contribui\u00e7\u00e3o e <em>workshops<\/em> t\u00e9cnicos.<\/p>\n<\/div>\n\n\n\n<div class=\"wp-block-column is-layout-flow wp-block-column-is-layout-flow\">\n<p>Tal como o WordPress, o WordCamp \u00e9 um evento que \u00e9 feito por todos os que colaboram: organizadores, volunt\u00e1rios, patrocinadores, <em>speakers<\/em>, participantes\u2026<\/p>\n<\/div>\n<\/div>\n\n\n\n<div style=\"height:50px\" aria-hidden=\"true\" class=\"wp-block-spacer\"><\/div>\n\n\n\n<h3 class=\"wp-block-heading\">Blog<\/h3>\n\n\n<ul class=\"wp-block-latest-posts__list is-grid columns-4 has-dates wp-block-latest-posts\"><\/ul>","protected":false},"excerpt":{"rendered":"<p>Avalia\u00e7\u00e3o No final do WordCamp, \u00e9 importante ficar a conhecer a opini\u00e3o, o que \u00e9 valorizado e as cr\u00edticas, para melhorarmos. V\u00eddeos O registo v\u00eddeo da maioria das apresenta\u00e7\u00f5es, para quem n\u00e3o p\u00f4de estar ou para rever o que foi o WordCamp. Programa Fica a conhecer o que te reservam os dois dias deste evento, &hellip; <\/p>\n<p class=\"link-more\"><a href=\"https:\/\/lisboa.wordcamp.org\/2019\/\" class=\"more-link\">Continuar a ler <span class=\"screen-reader-text\">&#8220;Frontpage&#8221;<\/span><\/a><\/p>\n","protected":false},"author":460946,"featured_media":0,"parent":0,"menu_order":0,"comment_status":"closed","ping_status":"closed","template":"","meta":{"jetpack_post_was_ever_published":false,"footnotes":""},"class_list":["post-958","page","type-page","status-publish","hentry","entry"],"jetpack_sharing_enabled":true,"jetpack_shortlink":"https:\/\/wp.me\/Pa3kPU-fs","_links":{"self":[{"href":"https:\/\/lisboa.wordcamp.org\/2019\/wp-json\/wp\/v2\/pages\/958","targetHints":{"allow":["GET"]}}],"collection":[{"href":"https:\/\/lisboa.wordcamp.org\/2019\/wp-json\/wp\/v2\/pages"}],"about":[{"href":"https:\/\/lisboa.wordcamp.org\/2019\/wp-json\/wp\/v2\/types\/page"}],"author":[{"embeddable":true,"href":"https:\/\/lisboa.wordcamp.org\/2019\/wp-json\/wp\/v2\/users\/460946"}],"replies":[{"embeddable":true,"href":"https:\/\/lisboa.wordcamp.org\/2019\/wp-json\/wp\/v2\/comments?post=958"}],"version-history":[{"count":60,"href":"https:\/\/lisboa.wordcamp.org\/2019\/wp-json\/wp\/v2\/pages\/958\/revisions"}],"predecessor-version":[{"id":2917,"href":"https:\/\/lisboa.wordcamp.org\/2019\/wp-json\/wp\/v2\/pages\/958\/revisions\/2917"}],"wp:attachment":[{"href":"https:\/\/lisboa.wordcamp.org\/2019\/wp-json\/wp\/v2\/media?parent=958"}],"curies":[{"name":"wp","href":"https:\/\/api.w.org\/{rel}","templated":true}]}}