{"id":1001,"date":"2023-01-07T12:53:45","date_gmt":"2023-01-07T12:53:45","guid":{"rendered":"https:\/\/lisboa.wordcamp.org\/2023\/?page_id=1001"},"modified":"2023-05-04T14:50:31","modified_gmt":"2023-05-04T13:50:31","slug":"dia-de-contribuicao","status":"publish","type":"page","link":"https:\/\/lisboa.wordcamp.org\/2023\/dia-de-contribuicao\/","title":{"rendered":"Dia de contribui\u00e7\u00e3o"},"content":{"rendered":"\n<p>O Dia de Contribui\u00e7\u00e3o \u00e9 a ess\u00eancia do WordPress.<\/p>\n\n\n\n<p>Um projecto como o WordPress, comunit\u00e1rio e de c\u00f3digo aberto, vive da colabora\u00e7\u00e3o de pessoas de todo o mundo, nas mais diversas \u00e1reas: programadores, designers, tradutores, gestores de projectos, criadores de conte\u00fado e muito mais.<\/p>\n\n\n\n<p>Neste dia ter\u00e1s a oportunidade de contribuir em algumas destas \u00e1reas: <em>Tradu\u00e7\u00e3o<\/em>, <em>Core<\/em>, <em>Documenta\u00e7\u00e3o<\/em>, <em>Marketing<\/em>, etc.<\/p>\n\n\n\n<p>Se n\u00e3o sabes como podes ajudar, n\u00e3o te preocupes. Haver\u00e1 v\u00e1rias pessoas que te poder\u00e3o ajudar e ensinar.<\/p>\n\n\n\n<p>No final deste dia, o WordPress estar\u00e1 melhor, ter\u00e1 o teu contributo.<\/p>\n\n\n\n<figure class=\"wp-block-gallery has-nested-images columns-default is-cropped wp-block-gallery-1 is-layout-flex wp-block-gallery-is-layout-flex\">\n<figure class=\"wp-block-image size-large\"><img loading=\"lazy\" decoding=\"async\" width=\"1024\" height=\"683\" data-id=\"399\" src=\"https:\/\/lisboa.wordcamp.org\/2023\/files\/2022\/06\/wpcamp2019-day2-31-1024x683.jpeg\" alt=\"People sitting working on their computer.\" class=\"wp-image-399\" srcset=\"https:\/\/lisboa.wordcamp.org\/2023\/files\/2022\/06\/wpcamp2019-day2-31-1024x683.jpeg 1024w, https:\/\/lisboa.wordcamp.org\/2023\/files\/2022\/06\/wpcamp2019-day2-31-300x200.jpeg 300w, https:\/\/lisboa.wordcamp.org\/2023\/files\/2022\/06\/wpcamp2019-day2-31-768x512.jpeg 768w, https:\/\/lisboa.wordcamp.org\/2023\/files\/2022\/06\/wpcamp2019-day2-31-450x300.jpeg 450w, https:\/\/lisboa.wordcamp.org\/2023\/files\/2022\/06\/wpcamp2019-day2-31-1536x1024.jpeg 1536w, https:\/\/lisboa.wordcamp.org\/2023\/files\/2022\/06\/wpcamp2019-day2-31-2048x1365.jpeg 2048w\" sizes=\"auto, (max-width: 1024px) 100vw, 1024px\" \/><\/figure>\n\n\n\n<figure class=\"wp-block-image size-large\"><img loading=\"lazy\" decoding=\"async\" width=\"1024\" height=\"683\" data-id=\"4031\" src=\"https:\/\/lisboa.wordcamp.org\/2023\/files\/2023\/04\/34866066372_8dac4d1ac9_k-1024x683.jpeg\" alt=\"\" class=\"wp-image-4031\" srcset=\"https:\/\/lisboa.wordcamp.org\/2023\/files\/2023\/04\/34866066372_8dac4d1ac9_k-1024x683.jpeg 1024w, https:\/\/lisboa.wordcamp.org\/2023\/files\/2023\/04\/34866066372_8dac4d1ac9_k-300x200.jpeg 300w, https:\/\/lisboa.wordcamp.org\/2023\/files\/2023\/04\/34866066372_8dac4d1ac9_k-768x512.jpeg 768w, https:\/\/lisboa.wordcamp.org\/2023\/files\/2023\/04\/34866066372_8dac4d1ac9_k-450x300.jpeg 450w, https:\/\/lisboa.wordcamp.org\/2023\/files\/2023\/04\/34866066372_8dac4d1ac9_k-1536x1024.jpeg 1536w, https:\/\/lisboa.wordcamp.org\/2023\/files\/2023\/04\/34866066372_8dac4d1ac9_k.jpeg 2048w\" sizes=\"auto, (max-width: 1024px) 100vw, 1024px\" \/><\/figure>\n\n\n\n<figure class=\"wp-block-image size-large\"><img loading=\"lazy\" decoding=\"async\" width=\"1024\" height=\"683\" data-id=\"4032\" src=\"https:\/\/lisboa.wordcamp.org\/2023\/files\/2023\/04\/34898028111_0799912e24_k-1024x683.jpeg\" alt=\"\" class=\"wp-image-4032\" srcset=\"https:\/\/lisboa.wordcamp.org\/2023\/files\/2023\/04\/34898028111_0799912e24_k-1024x683.jpeg 1024w, https:\/\/lisboa.wordcamp.org\/2023\/files\/2023\/04\/34898028111_0799912e24_k-300x200.jpeg 300w, https:\/\/lisboa.wordcamp.org\/2023\/files\/2023\/04\/34898028111_0799912e24_k-768x512.jpeg 768w, https:\/\/lisboa.wordcamp.org\/2023\/files\/2023\/04\/34898028111_0799912e24_k-450x300.jpeg 450w, https:\/\/lisboa.wordcamp.org\/2023\/files\/2023\/04\/34898028111_0799912e24_k-1536x1024.jpeg 1536w, https:\/\/lisboa.wordcamp.org\/2023\/files\/2023\/04\/34898028111_0799912e24_k.jpeg 2048w\" sizes=\"auto, (max-width: 1024px) 100vw, 1024px\" \/><\/figure>\n\n\n\n<figure class=\"wp-block-image size-large\"><img loading=\"lazy\" decoding=\"async\" width=\"1024\" height=\"683\" data-id=\"4033\" src=\"https:\/\/lisboa.wordcamp.org\/2023\/files\/2023\/04\/34989704036_358d756a08_k-1024x683.jpeg\" alt=\"\" class=\"wp-image-4033\" srcset=\"https:\/\/lisboa.wordcamp.org\/2023\/files\/2023\/04\/34989704036_358d756a08_k-1024x683.jpeg 1024w, https:\/\/lisboa.wordcamp.org\/2023\/files\/2023\/04\/34989704036_358d756a08_k-300x200.jpeg 300w, https:\/\/lisboa.wordcamp.org\/2023\/files\/2023\/04\/34989704036_358d756a08_k-768x512.jpeg 768w, https:\/\/lisboa.wordcamp.org\/2023\/files\/2023\/04\/34989704036_358d756a08_k-450x300.jpeg 450w, https:\/\/lisboa.wordcamp.org\/2023\/files\/2023\/04\/34989704036_358d756a08_k-1536x1024.jpeg 1536w, https:\/\/lisboa.wordcamp.org\/2023\/files\/2023\/04\/34989704036_358d756a08_k.jpeg 2048w\" sizes=\"auto, (max-width: 1024px) 100vw, 1024px\" \/><\/figure>\n\n\n\n<figure class=\"wp-block-image size-large\"><img loading=\"lazy\" decoding=\"async\" width=\"1024\" height=\"683\" data-id=\"4030\" src=\"https:\/\/lisboa.wordcamp.org\/2023\/files\/2023\/04\/wpcamp2019-day2-12-1024x683-1.jpeg\" alt=\"\" class=\"wp-image-4030\" srcset=\"https:\/\/lisboa.wordcamp.org\/2023\/files\/2023\/04\/wpcamp2019-day2-12-1024x683-1.jpeg 1024w, https:\/\/lisboa.wordcamp.org\/2023\/files\/2023\/04\/wpcamp2019-day2-12-1024x683-1-300x200.jpeg 300w, https:\/\/lisboa.wordcamp.org\/2023\/files\/2023\/04\/wpcamp2019-day2-12-1024x683-1-768x512.jpeg 768w, https:\/\/lisboa.wordcamp.org\/2023\/files\/2023\/04\/wpcamp2019-day2-12-1024x683-1-450x300.jpeg 450w\" sizes=\"auto, (max-width: 1024px) 100vw, 1024px\" \/><\/figure>\n\n\n\n<figure class=\"wp-block-image size-large\"><img loading=\"lazy\" decoding=\"async\" width=\"1024\" height=\"683\" data-id=\"4029\" src=\"https:\/\/lisboa.wordcamp.org\/2023\/files\/2023\/04\/wpcamp2019-day2-38-1024x683-1.jpeg\" alt=\"\" class=\"wp-image-4029\" srcset=\"https:\/\/lisboa.wordcamp.org\/2023\/files\/2023\/04\/wpcamp2019-day2-38-1024x683-1.jpeg 1024w, https:\/\/lisboa.wordcamp.org\/2023\/files\/2023\/04\/wpcamp2019-day2-38-1024x683-1-300x200.jpeg 300w, https:\/\/lisboa.wordcamp.org\/2023\/files\/2023\/04\/wpcamp2019-day2-38-1024x683-1-768x512.jpeg 768w, https:\/\/lisboa.wordcamp.org\/2023\/files\/2023\/04\/wpcamp2019-day2-38-1024x683-1-450x300.jpeg 450w\" sizes=\"auto, (max-width: 1024px) 100vw, 1024px\" \/><\/figure>\n<\/figure>\n\n\n\n<hr class=\"wp-block-separator has-alpha-channel-opacity\" \/>\n\n\n\n<div style=\"height:100px\" aria-hidden=\"true\" class=\"wp-block-spacer\"><\/div>\n\n\n\n<h2 class=\"wp-block-heading has-text-align-center\">Programa<\/h2>\n\n\n\n<p><\/p>\n\n\n\n<div\n\tclass=\"wp-block-wordcamp-schedule alignwide is-loading\"\n\t\tdata-attributes=\"{&quot;__isStylesPreview&quot;:false,&quot;align&quot;:&quot;wide&quot;,&quot;chooseSpecificDays&quot;:true,&quot;chosenDays&quot;:[&quot;2023-05-19&quot;],&quot;chooseSpecificTracks&quot;:false,&quot;chosenTrackIds&quot;:[],&quot;showCategories&quot;:true,&quot;useClientTimezone&quot;:false,&quot;className&quot;:&quot;is-style-default&quot;}\"\n>\n\tA carregar&#8230;<\/div>\n\n\n\t<div class=\"email-form fav-session-email-form-hide\">\n\t\t<!-- Tab links -->\n\t\t<div class=\"fav-session-share-tab\">\n\t\t\t\t\t\t\t<div class=\"fav-session-tablinks\" id=\"fav-session-btn-email\">\n\t\t\t\t\tEmail\t\t\t\t<\/div>\n\t\t\t\n\t\t\t<div class=\"fav-session-tablinks\" id=\"fav-session-btn-link\">\n\t\t\t\tLiga\u00e7\u00e3o\t\t\t<\/div>\n\n\t\t\t<div class=\"fav-session-tablinks\" id=\"fav-session-btn-print\">\n\t\t\t\tImprimir\t\t\t<\/div>\n\t\t<\/div>\n\n\t\t<!-- Tab content -->\n\t\t\t\t\t<div id=\"fav-session-tab-email\" class=\"fav-session-share-tabcontent\">\n\t\t\t\t<div id=\"fav-session-email-form\">\n\t\t\t\t\tEnvie-me as minhas sess\u00f5es favoritas:\n\t\t\t\t\t<form id=\"fav-sessions-form\">\n\t\t\t\t\t\t<input\n\t\t\t\t\t\t\ttype=\"text\"\n\t\t\t\t\t\t\tname=\"email_address\"\n\t\t\t\t\t\t\tid=\"fav-sessions-email-address\"\n\t\t\t\t\t\t\tplaceholder=\"me@protonmail.com\"\n\t\t\t\t\t\t\/>\n\t\t\t\t\t\t<input type=\"submit\" value=\"Enviar\" \/>\n\t\t\t\t\t<\/form>\n\t\t\t\t<\/div>\n\n\t\t\t\t<div class=\"fav-session-email-wait-spinner\"><\/div>\n\t\t\t\t<div class=\"fav-session-email-result\"><\/div>\n\t\t\t<\/div>\n\t\t\n\t\t<div id=\"fav-session-tab-link\" class=\"fav-session-share-tabcontent\">\n\t\t\tShareable link:\t\t\t<br \/>\n\t\t\t<a id=\"fav-sessions-link\" href=\"\"><\/a>\n\t\t<\/div>\n\n\t\t<div id=\"fav-session-tab-print\" class=\"fav-session-share-tabcontent\">\n\t\t\t<button id=\"fav-session-print\">\n\t\t\t\tPrint favorite sessions\t\t\t<\/button>\n\t\t<\/div>\n\t<\/div>\n\n\t<a class=\"show-email-form\" href=\"javascript:\">\n\t\t<span class=\"dashicons dashicons-star-filled\"><\/span>\n\t\t<span class=\"dashicons dashicons-email-alt\"><\/span>\n\t<\/a>\n\n\t","protected":false},"excerpt":{"rendered":"<p>O Dia de Contribui\u00e7\u00e3o \u00e9 a ess\u00eancia do WordPress. Um projecto como o WordPress, comunit\u00e1rio e de c\u00f3digo aberto, vive da colabora\u00e7\u00e3o de pessoas de todo o mundo, nas mais diversas \u00e1reas: programadores, designers, tradutores, gestores de projectos, criadores de conte\u00fado e muito mais. Neste dia ter\u00e1s a oportunidade de contribuir em algumas destas \u00e1reas: [&hellip;]<\/p>\n","protected":false},"author":13328421,"featured_media":1237,"parent":0,"menu_order":0,"comment_status":"closed","ping_status":"closed","template":"","meta":{"advanced_seo_description":"","jetpack_seo_html_title":"","jetpack_seo_noindex":false,"jetpack_post_was_ever_published":false,"footnotes":""},"class_list":["post-1001","page","type-page","status-publish","has-post-thumbnail","hentry"],"jetpack_sharing_enabled":true,"_links":{"self":[{"href":"https:\/\/lisboa.wordcamp.org\/2023\/wp-json\/wp\/v2\/pages\/1001","targetHints":{"allow":["GET"]}}],"collection":[{"href":"https:\/\/lisboa.wordcamp.org\/2023\/wp-json\/wp\/v2\/pages"}],"about":[{"href":"https:\/\/lisboa.wordcamp.org\/2023\/wp-json\/wp\/v2\/types\/page"}],"author":[{"embeddable":true,"href":"https:\/\/lisboa.wordcamp.org\/2023\/wp-json\/wp\/v2\/users\/13328421"}],"replies":[{"embeddable":true,"href":"https:\/\/lisboa.wordcamp.org\/2023\/wp-json\/wp\/v2\/comments?post=1001"}],"version-history":[{"count":8,"href":"https:\/\/lisboa.wordcamp.org\/2023\/wp-json\/wp\/v2\/pages\/1001\/revisions"}],"predecessor-version":[{"id":4187,"href":"https:\/\/lisboa.wordcamp.org\/2023\/wp-json\/wp\/v2\/pages\/1001\/revisions\/4187"}],"wp:featuredmedia":[{"embeddable":true,"href":"https:\/\/lisboa.wordcamp.org\/2023\/wp-json\/wp\/v2\/media\/1237"}],"wp:attachment":[{"href":"https:\/\/lisboa.wordcamp.org\/2023\/wp-json\/wp\/v2\/media?parent=1001"}],"curies":[{"name":"wp","href":"https:\/\/api.w.org\/{rel}","templated":true}]}}