{"id":1004,"date":"2023-01-07T12:54:42","date_gmt":"2023-01-07T12:54:42","guid":{"rendered":"https:\/\/lisboa.wordcamp.org\/2023\/?page_id=1004"},"modified":"2023-04-05T13:43:53","modified_gmt":"2023-04-05T13:43:53","slug":"after-party","status":"publish","type":"page","link":"https:\/\/lisboa.wordcamp.org\/2023\/after-party\/","title":{"rendered":"After-party"},"content":{"rendered":"\n<p>Alguns dir\u00e3o que \u00e9 o momento mais aguardado do WordCamp. N\u00f3s n\u00e3o vamos t\u00e3o longe \u2013 o WordCamp tem diversos momentos especiais para todos. Mas a verdade \u00e9 que, al\u00e9m de celebrarmos o regresso do WordCamp a Lisboa, estamos tamb\u00e9m a comemorar uma data redonda: 20 anos desde que, em Maio de 2003, saiu a primeira vers\u00e3o do WordPress, depois de <a rel=\"noreferrer noopener\" href=\"https:\/\/ma.tt\/2003\/01\/the-blogging-software-dilemma\/#comment-445\" target=\"_blank\">Matt Mullenweg e Mike Little decidirem fazer o <em>fork<\/em> do b2\/cafelog<\/a>.<\/p>\n\n\n\n<p>A after-party do WordCamp Lisboa 2023 realiza-se no s\u00e1bado, dia 20 de Maio, ap\u00f3s o evento principal. A partir das 20 horas, vamos ter uma festa de acesso livre<strong><a href=\"#notas\">*<\/a><\/strong> a todos os participantes do WordCamp. <strong>A apresenta\u00e7\u00e3o do <em>badge<\/em> do evento \u00e9 obrigat\u00f3ria<\/strong>, por isso, n\u00e3o te esque\u00e7as de o levar contigo.<\/p>\n\n\n\n<p><strong>A after-party vai decorrer entre as 20:00 e as 24:00<\/strong> no <a rel=\"noreferrer noopener\" href=\"https:\/\/www.facebook.com\/Restauranteclubi\" target=\"_blank\">Restaurante I-Terrace<\/a>. O espa\u00e7o fica situado no terra\u00e7o do edif\u00edcio do INDEG, dentro das instala\u00e7\u00f5es do ISCTE e a menos de 100 metros do local do evento principal. Vai ser oferecido um <em>buffet<\/em> de <em>finger-food<\/em> com bebidas inclu\u00eddas<strong><a href=\"#notas\">*<\/a><\/strong>.<\/p>\n\n\n\n<figure class=\"wp-block-gallery has-nested-images columns-default is-cropped wp-block-gallery-1 is-layout-flex wp-block-gallery-is-layout-flex\">\n<figure class=\"wp-block-image size-large\"><img loading=\"lazy\" decoding=\"async\" width=\"1024\" height=\"768\" data-id=\"3588\" src=\"https:\/\/lisboa.wordcamp.org\/2023\/files\/2023\/04\/279929526_500702318419294_6522477969771280765_n-1024x768.jpeg\" alt=\"\" class=\"wp-image-3588\" srcset=\"https:\/\/lisboa.wordcamp.org\/2023\/files\/2023\/04\/279929526_500702318419294_6522477969771280765_n-1024x768.jpeg 1024w, https:\/\/lisboa.wordcamp.org\/2023\/files\/2023\/04\/279929526_500702318419294_6522477969771280765_n-300x225.jpeg 300w, https:\/\/lisboa.wordcamp.org\/2023\/files\/2023\/04\/279929526_500702318419294_6522477969771280765_n-768x576.jpeg 768w, https:\/\/lisboa.wordcamp.org\/2023\/files\/2023\/04\/279929526_500702318419294_6522477969771280765_n-400x300.jpeg 400w, https:\/\/lisboa.wordcamp.org\/2023\/files\/2023\/04\/279929526_500702318419294_6522477969771280765_n.jpeg 1440w\" sizes=\"auto, (max-width: 1024px) 100vw, 1024px\" \/><\/figure>\n\n\n\n<figure class=\"wp-block-image size-full\"><img loading=\"lazy\" decoding=\"async\" width=\"710\" height=\"724\" data-id=\"3591\" src=\"https:\/\/lisboa.wordcamp.org\/2023\/files\/2023\/04\/319866337_676339714168169_6926509223049245738_n.jpeg\" alt=\"\" class=\"wp-image-3591\" srcset=\"https:\/\/lisboa.wordcamp.org\/2023\/files\/2023\/04\/319866337_676339714168169_6926509223049245738_n.jpeg 710w, https:\/\/lisboa.wordcamp.org\/2023\/files\/2023\/04\/319866337_676339714168169_6926509223049245738_n-294x300.jpeg 294w\" sizes=\"auto, (max-width: 710px) 100vw, 710px\" \/><\/figure>\n\n\n\n<figure class=\"wp-block-image size-large\"><img loading=\"lazy\" decoding=\"async\" width=\"1024\" height=\"1024\" data-id=\"3616\" src=\"https:\/\/lisboa.wordcamp.org\/2023\/files\/2023\/04\/edf2-indeg-1024x1024.png\" alt=\"\" class=\"wp-image-3616\" srcset=\"https:\/\/lisboa.wordcamp.org\/2023\/files\/2023\/04\/edf2-indeg-1024x1024.png 1024w, https:\/\/lisboa.wordcamp.org\/2023\/files\/2023\/04\/edf2-indeg-300x300.png 300w, https:\/\/lisboa.wordcamp.org\/2023\/files\/2023\/04\/edf2-indeg-150x150.png 150w, https:\/\/lisboa.wordcamp.org\/2023\/files\/2023\/04\/edf2-indeg-768x768.png 768w, https:\/\/lisboa.wordcamp.org\/2023\/files\/2023\/04\/edf2-indeg.png 1227w\" sizes=\"auto, (max-width: 1024px) 100vw, 1024px\" \/><\/figure>\n<\/figure>\n\n\n\n<p>Vamos aproveitar o momento de festa para celebrar o 20.\u00ba anivers\u00e1rio do WordPress e haver\u00e1 bolo comemorativo! Depois haver\u00e1 servi\u00e7o de bar, m\u00fasica ambiente e mais conv\u00edvio.<\/p>\n\n\n\n<div style=\"height:10px\" aria-hidden=\"true\" class=\"wp-block-spacer\"><\/div>\n\n\n\n<div class=\"wp-block-group is-layout-constrained wp-block-group-is-layout-constrained\">\n<div class=\"wp-block-cover hero100 hero100-wp20\" style=\"min-height:300px;aspect-ratio:unset;\"><span aria-hidden=\"true\" class=\"wp-block-cover__background has-background-dim-0 has-background-dim\"><\/span><img loading=\"lazy\" decoding=\"async\" width=\"2560\" height=\"1440\" class=\"wp-block-cover__image-background wp-image-1656\" alt=\"\" src=\"https:\/\/lisboa.wordcamp.org\/2023\/files\/2023\/01\/wordpress20-bg-scaled.webp\" data-object-fit=\"cover\" srcset=\"https:\/\/lisboa.wordcamp.org\/2023\/files\/2023\/01\/wordpress20-bg-scaled.webp 2560w, https:\/\/lisboa.wordcamp.org\/2023\/files\/2023\/01\/wordpress20-bg-300x169.webp 300w, https:\/\/lisboa.wordcamp.org\/2023\/files\/2023\/01\/wordpress20-bg-1024x576.webp 1024w, https:\/\/lisboa.wordcamp.org\/2023\/files\/2023\/01\/wordpress20-bg-768x432.webp 768w, https:\/\/lisboa.wordcamp.org\/2023\/files\/2023\/01\/wordpress20-bg-500x281.webp 500w, https:\/\/lisboa.wordcamp.org\/2023\/files\/2023\/01\/wordpress20-bg-1536x864.webp 1536w, https:\/\/lisboa.wordcamp.org\/2023\/files\/2023\/01\/wordpress20-bg-2048x1152.webp 2048w\" sizes=\"auto, (max-width: 2560px) 100vw, 2560px\" \/><div class=\"wp-block-cover__inner-container is-layout-flow wp-block-cover-is-layout-flow\">\n<figure class=\"wp-block-image aligncenter size-large is-resized\"><img loading=\"lazy\" decoding=\"async\" src=\"https:\/\/lisboa.wordcamp.org\/2023\/files\/2023\/02\/wp20-logo-anniversary-th-white@3x-1024x412.png\" alt=\"\" class=\"wp-image-2373\" width=\"256\" height=\"103\" srcset=\"https:\/\/lisboa.wordcamp.org\/2023\/files\/2023\/02\/wp20-logo-anniversary-th-white@3x-1024x412.png 1024w, https:\/\/lisboa.wordcamp.org\/2023\/files\/2023\/02\/wp20-logo-anniversary-th-white@3x-300x121.png 300w, https:\/\/lisboa.wordcamp.org\/2023\/files\/2023\/02\/wp20-logo-anniversary-th-white@3x-768x309.png 768w, https:\/\/lisboa.wordcamp.org\/2023\/files\/2023\/02\/wp20-logo-anniversary-th-white@3x-500x201.png 500w, https:\/\/lisboa.wordcamp.org\/2023\/files\/2023\/02\/wp20-logo-anniversary-th-white@3x-1536x618.png 1536w, https:\/\/lisboa.wordcamp.org\/2023\/files\/2023\/02\/wp20-logo-anniversary-th-white@3x-2048x824.png 2048w\" sizes=\"auto, (max-width: 256px) 100vw, 256px\" \/><\/figure>\n\n\n\n<div style=\"height:15px\" aria-hidden=\"true\" class=\"wp-block-spacer\"><\/div>\n\n\n\n<h2 class=\"wp-block-heading has-text-align-center has-link-color has-medium-font-size wp-elements-e9370c315b8599681b170a9ee4251998\">O WordPress faz 20 anos em 2023 &#8211; <a href=\"https:\/\/lisboa.wordcamp.org\/2023\/tickets\/\" data-type=\"page\" data-id=\"13\">Celebramos juntos em Lisboa?<\/a><\/h2>\n<\/div><\/div>\n<\/div>\n\n\n\n<div style=\"height:10px\" aria-hidden=\"true\" class=\"wp-block-spacer\"><\/div>\n\n\n\n<h4 class=\"wp-block-heading\">Programa previsto:<\/h4>\n\n\n\n<p><strong>20:00 \u00e0s 22:00:<\/strong> <em>Buffet<\/em> com <em>finger-food<\/em> e bebidas inclu\u00eddas<strong><a href=\"#notas\">*<\/a><\/strong>.<\/p>\n\n\n\n<p><strong>22:00 \u00e0s 22:30:<\/strong> Celebra\u00e7\u00e3o de 20.\u00ba anivers\u00e1rio do WordPress.<\/p>\n\n\n\n<p><strong>22:30 \u00e0s 24:00:<\/strong> Servi\u00e7o de bar (com custo de bebidas a suportar por cada participante).<\/p>\n\n\n\n<div style=\"height:10px\" aria-hidden=\"true\" class=\"wp-block-spacer\"><\/div>\n\n\n\n<h2 class=\"wp-block-heading has-text-align-left\">A festa tem o patroc\u00ednio especial da IfthenPay e PTisp<\/h2>\n\n\n\n<div class=\"wp-block-columns is-layout-flex wp-container-core-columns-is-layout-28f84493 wp-block-columns-is-layout-flex\">\n<div class=\"wp-block-column is-layout-flow wp-block-column-is-layout-flow\">\n<figure class=\"wp-block-image size-large\"><a href=\"https:\/\/lisboa.wordcamp.org\/2023\/sponsor\/ifthenpay\/\"><img loading=\"lazy\" decoding=\"async\" width=\"1024\" height=\"538\" src=\"https:\/\/lisboa.wordcamp.org\/2023\/files\/2023\/01\/ifthenpay-1024x538.png\" alt=\"\" class=\"wp-image-2061\" srcset=\"https:\/\/lisboa.wordcamp.org\/2023\/files\/2023\/01\/ifthenpay-1024x538.png 1024w, https:\/\/lisboa.wordcamp.org\/2023\/files\/2023\/01\/ifthenpay-300x158.png 300w, https:\/\/lisboa.wordcamp.org\/2023\/files\/2023\/01\/ifthenpay-768x403.png 768w, https:\/\/lisboa.wordcamp.org\/2023\/files\/2023\/01\/ifthenpay-500x263.png 500w, https:\/\/lisboa.wordcamp.org\/2023\/files\/2023\/01\/ifthenpay.png 1200w\" sizes=\"auto, (max-width: 1024px) 100vw, 1024px\" \/><\/a><\/figure>\n<\/div>\n\n\n\n<div class=\"wp-block-column is-layout-flow wp-block-column-is-layout-flow\">\n<figure class=\"wp-block-image size-large\"><a href=\"https:\/\/lisboa.wordcamp.org\/2023\/sponsor\/ptisp\/\"><img loading=\"lazy\" decoding=\"async\" width=\"1024\" height=\"538\" src=\"https:\/\/lisboa.wordcamp.org\/2023\/files\/2023\/01\/ptisp-1024x538.png\" alt=\"\" class=\"wp-image-2042\" srcset=\"https:\/\/lisboa.wordcamp.org\/2023\/files\/2023\/01\/ptisp-1024x538.png 1024w, https:\/\/lisboa.wordcamp.org\/2023\/files\/2023\/01\/ptisp-300x158.png 300w, https:\/\/lisboa.wordcamp.org\/2023\/files\/2023\/01\/ptisp-768x403.png 768w, https:\/\/lisboa.wordcamp.org\/2023\/files\/2023\/01\/ptisp-500x263.png 500w, https:\/\/lisboa.wordcamp.org\/2023\/files\/2023\/01\/ptisp.png 1200w\" sizes=\"auto, (max-width: 1024px) 100vw, 1024px\" \/><\/a><\/figure>\n<\/div>\n<\/div>\n\n\n\n<p>O bolo de comemora\u00e7\u00e3o do 20.\u00ba anivers\u00e1rio do WordPress \u00e9 uma oferta do <a href=\"https:\/\/lisboa.wordcamp.org\/2023\/sponsor\/chefpanda\/\" data-type=\"wcb_sponsor\" data-id=\"2965\">ChefPanda<\/a>.<\/p>\n\n\n\n<div style=\"height:10px\" aria-hidden=\"true\" class=\"wp-block-spacer\"><\/div>\n\n\n\n<p class=\"has-small-font-size\" id=\"notas\"><strong>* Notas relativamente ao acesso \u00e0 after-party:<\/strong><\/p>\n\n\n\n<p class=\"has-small-font-size\">A organiza\u00e7\u00e3o vai reservar o espa\u00e7o e quantidade de <em>buffet<\/em> e bebidas inclu\u00eddas conforme o n\u00famero de participantes esperados, de acordo com a prefer\u00eancia indicada aquando da compra do bilhete e da experi\u00eancia de eventos anteriores. <\/p>\n\n\n\n<p class=\"has-small-font-size\">Na eventualidade de o n\u00famero real de participantes ser superior ao esperado, poder\u00e1 n\u00e3o ser garantida a manuten\u00e7\u00e3o do <em>buffet<\/em> at\u00e9 ao hor\u00e1rio previsto, independentemente da prefer\u00eancia indicada no bilhete. <\/p>\n\n\n\n<p class=\"has-small-font-size\">N\u00e3o \u00e9 expect\u00e1vel que haja limita\u00e7\u00e3o de acesso \u00e0 festa, a n\u00e3o ser que, em determinado momento, se considere que o n\u00famero de participantes no espa\u00e7o possa colocar em risco a seguran\u00e7a de todos.<\/p>\n","protected":false},"excerpt":{"rendered":"<p>Alguns dir\u00e3o que \u00e9 o momento mais aguardado do WordCamp. N\u00f3s n\u00e3o vamos t\u00e3o longe \u2013 o WordCamp tem diversos momentos especiais para todos. Mas a verdade \u00e9 que, al\u00e9m de celebrarmos o regresso do WordCamp a Lisboa, estamos tamb\u00e9m a comemorar uma data redonda: 20 anos desde que, em Maio de 2003, saiu a [&hellip;]<\/p>\n","protected":false},"author":13328421,"featured_media":1237,"parent":0,"menu_order":0,"comment_status":"closed","ping_status":"closed","template":"","meta":{"advanced_seo_description":"","jetpack_seo_html_title":"","jetpack_seo_noindex":false,"jetpack_post_was_ever_published":false,"footnotes":""},"class_list":["post-1004","page","type-page","status-publish","has-post-thumbnail","hentry"],"jetpack_sharing_enabled":true,"_links":{"self":[{"href":"https:\/\/lisboa.wordcamp.org\/2023\/wp-json\/wp\/v2\/pages\/1004","targetHints":{"allow":["GET"]}}],"collection":[{"href":"https:\/\/lisboa.wordcamp.org\/2023\/wp-json\/wp\/v2\/pages"}],"about":[{"href":"https:\/\/lisboa.wordcamp.org\/2023\/wp-json\/wp\/v2\/types\/page"}],"author":[{"embeddable":true,"href":"https:\/\/lisboa.wordcamp.org\/2023\/wp-json\/wp\/v2\/users\/13328421"}],"replies":[{"embeddable":true,"href":"https:\/\/lisboa.wordcamp.org\/2023\/wp-json\/wp\/v2\/comments?post=1004"}],"version-history":[{"count":41,"href":"https:\/\/lisboa.wordcamp.org\/2023\/wp-json\/wp\/v2\/pages\/1004\/revisions"}],"predecessor-version":[{"id":3647,"href":"https:\/\/lisboa.wordcamp.org\/2023\/wp-json\/wp\/v2\/pages\/1004\/revisions\/3647"}],"wp:featuredmedia":[{"embeddable":true,"href":"https:\/\/lisboa.wordcamp.org\/2023\/wp-json\/wp\/v2\/media\/1237"}],"wp:attachment":[{"href":"https:\/\/lisboa.wordcamp.org\/2023\/wp-json\/wp\/v2\/media?parent=1004"}],"curies":[{"name":"wp","href":"https:\/\/api.w.org\/{rel}","templated":true}]}}