{"id":13,"date":"2022-06-17T19:57:26","date_gmt":"2022-06-17T18:57:26","guid":{"rendered":"https:\/\/lisboa.wordcamp.org\/2022\/?page_id=13"},"modified":"2023-05-17T21:30:04","modified_gmt":"2023-05-17T20:30:04","slug":"tickets","status":"publish","type":"page","link":"https:\/\/lisboa.wordcamp.org\/2023\/tickets\/","title":{"rendered":"Bilhetes <em>Tickets<\/em>"},"content":{"rendered":"\n<div class=\"wp-block-columns is-layout-flex wp-container-core-columns-is-layout-28f84493 wp-block-columns-is-layout-flex\">\n<div class=\"wp-block-column is-layout-flow wp-block-column-is-layout-flow\">\n<figure class=\"wp-block-image size-full is-resized\"><img loading=\"lazy\" decoding=\"async\" src=\"https:\/\/lisboa.wordcamp.org\/2023\/files\/2023\/01\/badge-lang-pt.png\" alt=\"O texto seguinte est\u00e1 em Portugu\u00eas\" class=\"wp-image-1781\" width=\"125\" height=\"20\" srcset=\"https:\/\/lisboa.wordcamp.org\/2023\/files\/2023\/01\/badge-lang-pt.png 400w, https:\/\/lisboa.wordcamp.org\/2023\/files\/2023\/01\/badge-lang-pt-300x48.png 300w\" sizes=\"auto, (max-width: 125px) 100vw, 125px\" \/><\/figure>\n\n\n\n<p class=\"has-luminous-vivid-amber-background-color has-background\"><strong>A bilheteira est\u00e1 encerrada e todos os bilhetes foram vendidos.<\/strong> Podes acompanhar na mesma parte do evento atrav\u00e9s do <a href=\"https:\/\/lisboa.wordcamp.org\/2023\/streaming\/\">streaming online em directo<\/a>.<\/p>\n\n\n\n<p>O WordCamp Lisboa 2023 acontece a 19 e 20 de Maio, no ISCTE, e o bilhete inclui:<\/p>\n\n\n\n<ul class=\"wp-block-list\">\n<li>Acesso ao dia de contribui\u00e7\u00e3o, a 19 de Maio;<\/li>\n\n\n\n<li>Acesso ao dia de confer\u00eancias, com dois audit\u00f3rios com palestras a funcionarem em simult\u00e2neo, a 20 de Maio;<\/li>\n\n\n\n<li>Workshops (com lota\u00e7\u00e3o limitada e com sistema de marca\u00e7\u00e3o a anunciar), a 20 de Maio;<\/li>\n\n\n\n<li>Almo\u00e7o e coffee breaks nos dois dias;<\/li>\n\n\n\n<li>T-shirt e outro swag (sujeito ao stock existente);<\/li>\n\n\n\n<li>Acesso \u00e0 espectacular after-party (com lota\u00e7\u00e3o limitada e com sistema de marca\u00e7\u00e3o a anunciar), a 20 de Maio, depois do evento principal;<\/li>\n<\/ul>\n\n\n\n<h3 class=\"wp-block-heading\">Tipos de bilhetes dispon\u00edveis:<\/h3>\n\n\n\n<ul class=\"wp-block-list\">\n<li><strong>Bilhete WordCamp Lisboa 2023<\/strong>: inclui tudo o indicado em cima, <strong>por 35\u20ac<\/strong>;<\/li>\n\n\n\n<li><strong>Bilhete Microsponsor WordCamp Lisboa 2023<\/strong>: inclui tudo o indicado em cima, pontos de karma extra e um link de texto na p\u00e1gina de patrocinadores deste website, <strong>por 150\u20ac<\/strong>, um valor mais aproximado do custo real por participante;<\/li>\n<\/ul>\n\n\n\n<h3 class=\"wp-block-heading\">Datas importantes:<\/h3>\n\n\n\n<ul class=\"wp-block-list\">\n<li><strong>30 de Abril<\/strong>: \u00faltimo<strong> <\/strong>dia para garantir t-shirt e outras ofertas surpresa \ud83d\ude09 na compra do bilhete;<\/li>\n\n\n\n<li><strong>15 de Maio<\/strong>: \u00faltimo dia para comprar bilhete;<\/li>\n\n\n\n<li><strong>19 de Maio<\/strong>: dia de contribui\u00e7\u00e3o;<\/li>\n\n\n\n<li><strong>20 de Maio<\/strong>: apresenta\u00e7\u00f5es e after-party;<\/li>\n<\/ul>\n\n\n\n<h3 class=\"wp-block-heading\">Anuncia que vais estar presente:<\/h3>\n\n\n\n<p>Depois de comprares o bilhete, usa a imagem em baixo para anunciares nas redes sociais a tua presen\u00e7a.<\/p>\n\n\n\n<figure class=\"wp-block-image size-large is-resized\"><a href=\"https:\/\/lisboa.wordcamp.org\/2023\/files\/2023\/04\/WC_SMCard_euVou.png\" target=\"_blank\" rel=\"noreferrer noopener\"><img loading=\"lazy\" decoding=\"async\" src=\"https:\/\/lisboa.wordcamp.org\/2023\/files\/2023\/04\/WC_SMCard_euVou-1024x1024.png\" alt=\"\" class=\"wp-image-3995\" width=\"256\" height=\"256\" srcset=\"https:\/\/lisboa.wordcamp.org\/2023\/files\/2023\/04\/WC_SMCard_euVou-1024x1024.png 1024w, https:\/\/lisboa.wordcamp.org\/2023\/files\/2023\/04\/WC_SMCard_euVou-300x300.png 300w, https:\/\/lisboa.wordcamp.org\/2023\/files\/2023\/04\/WC_SMCard_euVou-150x150.png 150w, https:\/\/lisboa.wordcamp.org\/2023\/files\/2023\/04\/WC_SMCard_euVou-768x768.png 768w, https:\/\/lisboa.wordcamp.org\/2023\/files\/2023\/04\/WC_SMCard_euVou-1536x1536.png 1536w, https:\/\/lisboa.wordcamp.org\/2023\/files\/2023\/04\/WC_SMCard_euVou.png 2048w\" sizes=\"auto, (max-width: 256px) 100vw, 256px\" \/><\/a><\/figure>\n<\/div>\n\n\n\n<div class=\"wp-block-column is-layout-flow wp-block-column-is-layout-flow\">\n<figure class=\"wp-block-image size-full is-resized\"><img loading=\"lazy\" decoding=\"async\" src=\"https:\/\/lisboa.wordcamp.org\/2023\/files\/2023\/01\/badge-lang-en.png\" alt=\"The following text is in English\" class=\"wp-image-1784\" width=\"97\" height=\"20\" srcset=\"https:\/\/lisboa.wordcamp.org\/2023\/files\/2023\/01\/badge-lang-en.png 310w, https:\/\/lisboa.wordcamp.org\/2023\/files\/2023\/01\/badge-lang-en-300x62.png 300w\" sizes=\"auto, (max-width: 97px) 100vw, 97px\" \/><\/figure>\n\n\n\n<p class=\"has-luminous-vivid-amber-background-color has-background\"><em><strong><span lang=\"en\" dir=\"ltr\" class=\"lang-attribute\">The ticket office is closed and all tickets have been sold.<\/span><\/strong><\/em> You can still follow part of the event through <a href=\"https:\/\/lisboa.wordcamp.org\/2023\/streaming\/\">live streaming<\/a>.<\/p>\n\n\n\n<p><em><span lang=\"en\" dir=\"ltr\" class=\"lang-attribute\">WordCamp Lisboa 2023 takes place on the 19th and 20th of May, at ISCTE, and the ticket includes:<\/span><\/em><\/p>\n\n\n\n<ul class=\"wp-block-list\">\n<li><em><span lang=\"en\" dir=\"ltr\" class=\"lang-attribute\">Access to the contribution day, on  the 19th of May;<\/span><\/em><\/li>\n\n\n\n<li><em><span lang=\"en\" dir=\"ltr\" class=\"lang-attribute\">Access to the conference day, with two auditoriums with talks running simultaneously, on the 20th of May;<\/span><\/em><\/li>\n\n\n\n<li><em><span lang=\"en\" dir=\"ltr\" class=\"lang-attribute\">Workshops (with limited capacity and appointment method to be announced), on the 20th of May;<\/span><\/em><\/li>\n\n\n\n<li><em><span lang=\"en\" dir=\"ltr\" class=\"lang-attribute\">Lunch and coffee breaks on both days;<\/span><\/em><\/li>\n\n\n\n<li><em><span lang=\"en\" dir=\"ltr\" class=\"lang-attribute\">T-shirt and other swag (subject to existing stock);<\/span><\/em><\/li>\n\n\n\n<li><em><span lang=\"en\" dir=\"ltr\" class=\"lang-attribute\">Access to the spectacular after-party<em> (with limited capacity and appointment method to be announced)<\/em>, on the 20th of May, after the main event;<\/span><\/em><\/li>\n<\/ul>\n\n\n\n<h3 class=\"wp-block-heading\"><em><span lang=\"en\" dir=\"ltr\" class=\"lang-attribute\">Types of tickets available:<\/span><\/em><\/h3>\n\n\n\n<ul class=\"wp-block-list\">\n<li><em><span lang=\"en\" dir=\"ltr\" class=\"lang-attribute\"><strong>Bilhete WordCamp Lisboa 2023<\/strong>: includes everything above, <strong>for 35\u20ac<\/strong>;<\/span><\/em><\/li>\n\n\n\n<li><em><span lang=\"en\" dir=\"ltr\" class=\"lang-attribute\"><strong>Bilhete Microsponsor WordCamp Lisboa 2023<\/strong>: includes everything above, extra karma points and a text link on the sponsors page of this website, <strong>for 150\u20ac<\/strong>, a value closer to the actual cost per participant;<\/span><\/em><\/li>\n<\/ul>\n\n\n\n<h3 class=\"wp-block-heading\"><span lang=\"en\" dir=\"ltr\" class=\"lang-attribute\"><em>Important dates:<\/em><\/span><\/h3>\n\n\n\n<ul class=\"wp-block-list\">\n<li><span lang=\"en\" dir=\"ltr\" class=\"lang-attribute\"><em><strong>April 30th<\/strong>: last day to guarantee a t-shirt and other surprise swag \ud83d\ude09 included with the ticket;<\/em><\/span><\/li>\n\n\n\n<li><span lang=\"en\" dir=\"ltr\" class=\"lang-attribute\"><em><strong>May 15th<\/strong>: last day to buy a ticket;<\/em><\/span><\/li>\n\n\n\n<li><span lang=\"en\" dir=\"ltr\" class=\"lang-attribute\"><em><strong>May 19th<\/strong>: contribution day;<\/em><\/span><\/li>\n\n\n\n<li><span lang=\"en\" dir=\"ltr\" class=\"lang-attribute\"><em><strong>May 20th<\/strong>: talks and after-party;<\/em><\/span><\/li>\n<\/ul>\n\n\n\n<h3 class=\"wp-block-heading\"><em><span lang=\"en\" dir=\"ltr\" class=\"lang-attribute\">Announce that you&#8217;ll be attending:<\/span><\/em><\/h3>\n\n\n\n<p><em><span lang=\"en\" dir=\"ltr\" class=\"lang-attribute\">After purchasing the ticket, use the image below to announce your presence on social media.<\/span><\/em><\/p>\n\n\n\n<figure class=\"wp-block-image size-large is-resized\"><a href=\"https:\/\/lisboa.wordcamp.org\/2023\/files\/2023\/04\/WC_SMCard_imAttending.png\" target=\"_blank\" rel=\"noreferrer noopener\"><img loading=\"lazy\" decoding=\"async\" src=\"https:\/\/lisboa.wordcamp.org\/2023\/files\/2023\/04\/WC_SMCard_imAttending-1024x1024.png\" alt=\"\" class=\"wp-image-3994\" width=\"256\" height=\"256\" srcset=\"https:\/\/lisboa.wordcamp.org\/2023\/files\/2023\/04\/WC_SMCard_imAttending-1024x1024.png 1024w, https:\/\/lisboa.wordcamp.org\/2023\/files\/2023\/04\/WC_SMCard_imAttending-300x300.png 300w, https:\/\/lisboa.wordcamp.org\/2023\/files\/2023\/04\/WC_SMCard_imAttending-150x150.png 150w, https:\/\/lisboa.wordcamp.org\/2023\/files\/2023\/04\/WC_SMCard_imAttending-768x768.png 768w, https:\/\/lisboa.wordcamp.org\/2023\/files\/2023\/04\/WC_SMCard_imAttending-1536x1536.png 1536w, https:\/\/lisboa.wordcamp.org\/2023\/files\/2023\/04\/WC_SMCard_imAttending.png 2048w\" sizes=\"auto, (max-width: 256px) 100vw, 256px\" \/><\/a><\/figure>\n\n\n\n<p>\u26a0\ufe0f <em><strong><span lang=\"en\" dir=\"ltr\" class=\"lang-attribute\">We&#8217;re sorry, but the ticketing system only allows one language per WordCamp, so all the buying process is in Portuguese. Feel free to contact us if you need any help.<\/span><\/strong><\/em><\/p>\n<\/div>\n<\/div>\n\n\n\n<h2 class=\"wp-block-heading has-text-align-center\">Estou convencido, vamos a isto<br><em><span lang=\"en\" dir=\"ltr\" class=\"lang-attribute\">I&#8217;m convinced, let&#8217;s do it<\/span><\/em><\/h2>\n\n\n<a href=\"https:\/\/lisboa.wordcamp.org\/2023\/tickets\/\">Please view this page in a browser to purchase or manage tickets.<\/a>\n\n\n\n<div class=\"wp-block-columns is-layout-flex wp-container-core-columns-is-layout-28f84493 wp-block-columns-is-layout-flex\">\n<div class=\"wp-block-column is-layout-flow wp-block-column-is-layout-flow\">\n<p>Para fins promocionais e de constru\u00e7\u00e3o da comunidade, haver\u00e1 volunt\u00e1rios e\/ou fot\u00f3grafos e cameramens profissionais no WordCamp Lisboa 2023. Ao participar no evento, concordas que tua imagem seja usada nas fotos ou v\u00eddeos resultantes que possam mostrar a tua participa\u00e7\u00e3o no WordCamp.<\/p>\n<\/div>\n\n\n\n<div class=\"wp-block-column is-layout-flow wp-block-column-is-layout-flow\">\n<p><em><span lang=\"en\" dir=\"ltr\" class=\"lang-attribute\">For community-building and promotional purposes, there will be volunteer and\/or professional photographers and videographers at WordCamp Lisboa 2023. By attending the event, you consent to your image being used in resulting photos or videos that may show your participation in the WordCamp.<\/span><\/em><\/p>\n<\/div>\n<\/div>\n","protected":false},"excerpt":{"rendered":"<p>A bilheteira est\u00e1 encerrada e todos os bilhetes foram vendidos. Podes acompanhar na mesma parte do evento atrav\u00e9s do streaming online em directo. O WordCamp Lisboa 2023 acontece a 19 e 20 de Maio, no ISCTE, e o bilhete inclui: Tipos de bilhetes dispon\u00edveis: Datas importantes: Anuncia que vais estar presente: Depois de comprares o [&hellip;]<\/p>\n","protected":false},"author":13328421,"featured_media":1237,"parent":0,"menu_order":0,"comment_status":"closed","ping_status":"closed","template":"","meta":{"advanced_seo_description":"","jetpack_seo_html_title":"","jetpack_seo_noindex":false,"jetpack_post_was_ever_published":true,"footnotes":""},"class_list":["post-13","page","type-page","status-publish","has-post-thumbnail","hentry"],"jetpack_sharing_enabled":true,"_links":{"self":[{"href":"https:\/\/lisboa.wordcamp.org\/2023\/wp-json\/wp\/v2\/pages\/13","targetHints":{"allow":["GET"]}}],"collection":[{"href":"https:\/\/lisboa.wordcamp.org\/2023\/wp-json\/wp\/v2\/pages"}],"about":[{"href":"https:\/\/lisboa.wordcamp.org\/2023\/wp-json\/wp\/v2\/types\/page"}],"author":[{"embeddable":true,"href":"https:\/\/lisboa.wordcamp.org\/2023\/wp-json\/wp\/v2\/users\/13328421"}],"replies":[{"embeddable":true,"href":"https:\/\/lisboa.wordcamp.org\/2023\/wp-json\/wp\/v2\/comments?post=13"}],"version-history":[{"count":38,"href":"https:\/\/lisboa.wordcamp.org\/2023\/wp-json\/wp\/v2\/pages\/13\/revisions"}],"predecessor-version":[{"id":12479,"href":"https:\/\/lisboa.wordcamp.org\/2023\/wp-json\/wp\/v2\/pages\/13\/revisions\/12479"}],"wp:featuredmedia":[{"embeddable":true,"href":"https:\/\/lisboa.wordcamp.org\/2023\/wp-json\/wp\/v2\/media\/1237"}],"wp:attachment":[{"href":"https:\/\/lisboa.wordcamp.org\/2023\/wp-json\/wp\/v2\/media?parent=13"}],"curies":[{"name":"wp","href":"https:\/\/api.w.org\/{rel}","templated":true}]}}