{"id":4835,"date":"2023-05-16T12:36:31","date_gmt":"2023-05-16T11:36:31","guid":{"rendered":"https:\/\/lisboa.wordcamp.org\/2023\/?page_id=4835"},"modified":"2023-05-31T11:59:58","modified_gmt":"2023-05-31T10:59:58","slug":"streaming","status":"publish","type":"page","link":"https:\/\/lisboa.wordcamp.org\/2023\/streaming\/","title":{"rendered":"Streaming"},"content":{"rendered":"\n<div class=\"wp-block-columns is-layout-flex wp-container-core-columns-is-layout-28f84493 wp-block-columns-is-layout-flex\">\n<div class=\"wp-block-column is-layout-flow wp-block-column-is-layout-flow\">\n<figure class=\"wp-block-image size-full is-resized\"><img loading=\"lazy\" decoding=\"async\" src=\"https:\/\/lisboa.wordcamp.org\/2023\/files\/2023\/01\/badge-lang-pt.png\" alt=\"O texto seguinte est\u00e1 em Portugu\u00eas\" class=\"wp-image-1781\" width=\"125\" height=\"20\" srcset=\"https:\/\/lisboa.wordcamp.org\/2023\/files\/2023\/01\/badge-lang-pt.png 400w, https:\/\/lisboa.wordcamp.org\/2023\/files\/2023\/01\/badge-lang-pt-300x48.png 300w\" sizes=\"auto, (max-width: 125px) 100vw, 125px\" \/><\/figure>\n\n\n\n<p>Agora que o evento terminou, podes ver todas as apresenta\u00e7\u00f5es em <a rel=\"noreferrer noopener\" href=\"https:\/\/wordpress.tv\/event\/wordcamp-lisboa-2023\/\" data-type=\"URL\" data-id=\"https:\/\/wordpress.tv\/event\/wordcamp-lisboa-2023\/\" target=\"_blank\">wordpress.tv<\/a><\/p>\n\n\n\n<p class=\"has-cyan-bluish-gray-color has-text-color\">Nesta p\u00e1gina vais poder ver todas as sess\u00f5es do WordCamp Lisboa (excepto workshops) em directo, no S\u00e1bado dia 20 de Maio, entre as 09:15 e 19:00, hor\u00e1rio de Lisboa.<\/p>\n\n\n\n<p class=\"has-cyan-bluish-gray-color has-text-color\"><a href=\"https:\/\/lisboa.wordcamp.org\/2023\/programa-schedule\/\" data-type=\"page\" data-id=\"7\">Consulta o programa aqui<\/a>.<\/p>\n<\/div>\n\n\n\n<div class=\"wp-block-column is-layout-flow wp-block-column-is-layout-flow\">\n<figure class=\"wp-block-image size-full is-resized\"><img loading=\"lazy\" decoding=\"async\" src=\"https:\/\/lisboa.wordcamp.org\/2023\/files\/2023\/01\/badge-lang-en.png\" alt=\"The following text is in English\" class=\"wp-image-1784\" width=\"97\" height=\"20\" srcset=\"https:\/\/lisboa.wordcamp.org\/2023\/files\/2023\/01\/badge-lang-en.png 310w, https:\/\/lisboa.wordcamp.org\/2023\/files\/2023\/01\/badge-lang-en-300x62.png 300w\" sizes=\"auto, (max-width: 97px) 100vw, 97px\" \/><\/figure>\n\n\n\n<p><em><span lang=\"en\" dir=\"ltr\" class=\"lang-attribute\">Now that the event is over, you can see all the presentations on <a rel=\"noreferrer noopener\" href=\"https:\/\/wordpress.tv\/event\/wordcamp-lisboa-2023\/\" target=\"_blank\">wordpress.tv<\/a><\/span><\/em><\/p>\n\n\n\n<p class=\"has-cyan-bluish-gray-color has-text-color\"><em><span lang=\"en\" dir=\"ltr\" class=\"lang-attribute\">On this page you&#8217;ll be able to watch all the WordCamp Lisboa sessions (except workshops) live, on Saturday May 20th, from 9:15 AM to 7:00 PM, Lisbon time.<\/span><\/em><\/p>\n\n\n\n<p><em><span lang=\"en\" dir=\"ltr\" class=\"lang-attribute\"><a href=\"https:\/\/lisboa.wordcamp.org\/2023\/programa-schedule\/\" data-type=\"page\" data-id=\"7\">Check out the schedule here<\/a>.<\/span><\/em><\/p>\n<\/div>\n<\/div>\n\n\n\n<h2 class=\"wp-block-heading\">Track 1<\/h2>\n\n\n\n<figure class=\"wp-block-embed is-type-video is-provider-youtube wp-block-embed-youtube wp-embed-aspect-16-9 wp-has-aspect-ratio\"><div class=\"wp-block-embed__wrapper\">\n<iframe loading=\"lazy\" title=\"WordCamp Lisboa 2023 - Track 1\" width=\"500\" height=\"281\" src=\"https:\/\/www.youtube.com\/embed\/gpWWRFQCCSQ?feature=oembed\" frameborder=\"0\" allow=\"accelerometer; autoplay; clipboard-write; encrypted-media; gyroscope; picture-in-picture; web-share\" referrerpolicy=\"strict-origin-when-cross-origin\" allowfullscreen><\/iframe>\n<\/div><\/figure>\n\n\n\n<h2 class=\"wp-block-heading\">Track 2<\/h2>\n\n\n\n<figure class=\"wp-block-embed is-type-video is-provider-youtube wp-block-embed-youtube wp-embed-aspect-16-9 wp-has-aspect-ratio\"><div class=\"wp-block-embed__wrapper\">\n<iframe loading=\"lazy\" title=\"WordCamp Lisboa 2023 - Track 2\" width=\"500\" height=\"281\" src=\"https:\/\/www.youtube.com\/embed\/-HODQqUAopY?feature=oembed\" frameborder=\"0\" allow=\"accelerometer; autoplay; clipboard-write; encrypted-media; gyroscope; picture-in-picture; web-share\" referrerpolicy=\"strict-origin-when-cross-origin\" allowfullscreen><\/iframe>\n<\/div><\/figure>\n","protected":false},"excerpt":{"rendered":"<p>Agora que o evento terminou, podes ver todas as apresenta\u00e7\u00f5es em wordpress.tv Nesta p\u00e1gina vais poder ver todas as sess\u00f5es do WordCamp Lisboa (excepto workshops) em directo, no S\u00e1bado dia 20 de Maio, entre as 09:15 e 19:00, hor\u00e1rio de Lisboa. Consulta o programa aqui. Now that the event is over, you can see all [&hellip;]<\/p>\n","protected":false},"author":13328421,"featured_media":0,"parent":0,"menu_order":0,"comment_status":"closed","ping_status":"closed","template":"","meta":{"advanced_seo_description":"","jetpack_seo_html_title":"","jetpack_seo_noindex":false,"jetpack_post_was_ever_published":false,"footnotes":""},"class_list":["post-4835","page","type-page","status-publish","hentry"],"jetpack_sharing_enabled":true,"_links":{"self":[{"href":"https:\/\/lisboa.wordcamp.org\/2023\/wp-json\/wp\/v2\/pages\/4835","targetHints":{"allow":["GET"]}}],"collection":[{"href":"https:\/\/lisboa.wordcamp.org\/2023\/wp-json\/wp\/v2\/pages"}],"about":[{"href":"https:\/\/lisboa.wordcamp.org\/2023\/wp-json\/wp\/v2\/types\/page"}],"author":[{"embeddable":true,"href":"https:\/\/lisboa.wordcamp.org\/2023\/wp-json\/wp\/v2\/users\/13328421"}],"replies":[{"embeddable":true,"href":"https:\/\/lisboa.wordcamp.org\/2023\/wp-json\/wp\/v2\/comments?post=4835"}],"version-history":[{"count":6,"href":"https:\/\/lisboa.wordcamp.org\/2023\/wp-json\/wp\/v2\/pages\/4835\/revisions"}],"predecessor-version":[{"id":5799,"href":"https:\/\/lisboa.wordcamp.org\/2023\/wp-json\/wp\/v2\/pages\/4835\/revisions\/5799"}],"wp:attachment":[{"href":"https:\/\/lisboa.wordcamp.org\/2023\/wp-json\/wp\/v2\/media?parent=4835"}],"curies":[{"name":"wp","href":"https:\/\/api.w.org\/{rel}","templated":true}]}}