{"id":7,"date":"2022-06-17T19:57:26","date_gmt":"2022-06-17T19:57:26","guid":{"rendered":"https:\/\/lisboa.wordcamp.org\/2022\/schedule\/"},"modified":"2023-05-03T15:20:33","modified_gmt":"2023-05-03T14:20:33","slug":"programa-schedule","status":"publish","type":"page","link":"https:\/\/lisboa.wordcamp.org\/2023\/programa-schedule\/","title":{"rendered":"Programa <em>Schedule<\/em>"},"content":{"rendered":"\n<h4 class=\"wp-block-heading\">Quinta, 18 de Maio &#8211; Warm up &#8211; Lisboa WordPress Meetup<br><em><span lang=\"en\" dir=\"ltr\" class=\"lang-attribute\">Thursday, May 18th &#8211; Warm up &#8211; Lisboa WordPress Meetup<\/span><\/em><\/h4>\n\n\n\n<div class=\"wp-block-columns is-layout-flex wp-container-core-columns-is-layout-28f84493 wp-block-columns-is-layout-flex\">\n<div class=\"wp-block-column is-layout-flow wp-block-column-is-layout-flow\">\n<figure class=\"wp-block-image size-full is-resized\"><img loading=\"lazy\" decoding=\"async\" src=\"https:\/\/lisboa.wordcamp.org\/2023\/files\/2023\/01\/badge-lang-pt.png\" alt=\"O texto seguinte est\u00e1 em Portugu\u00eas\" class=\"wp-image-1781\" width=\"125\" height=\"20\" srcset=\"https:\/\/lisboa.wordcamp.org\/2023\/files\/2023\/01\/badge-lang-pt.png 400w, https:\/\/lisboa.wordcamp.org\/2023\/files\/2023\/01\/badge-lang-pt-300x48.png 300w\" sizes=\"auto, (max-width: 125px) 100vw, 125px\" \/><\/figure>\n\n\n\n<p>No dia anterior ao in\u00edcio do WordCamp Lisboa, vamos reunir-nos no Hotel Pr\u00edncipe, pelas 19:00, para o habitual Meetup mensal da comunidade WordPress de Lisboa.<\/p>\n\n\n\n<p>O tema \u00e9 &#8220;Podcasting: uma conversa dom BobWP&#8221; e as <a href=\"https:\/\/www.meetup.com\/wordpress-lisboa\/events\/293298408\/\" data-type=\"URL\" data-id=\"https:\/\/www.meetup.com\/wordpress-lisboa\/events\/293298408\/\" target=\"_blank\" rel=\"noreferrer noopener\">inscri\u00e7\u00f5es gratuitas est\u00e3o dispon\u00edveis no meetup.com<\/a><\/p>\n\n\n\n<p>Como sempre, ap\u00f3s o meetup, quem quiser pode-se juntar ao jantar, com marca\u00e7\u00e3o a confirmar.<\/p>\n<\/div>\n\n\n\n<div class=\"wp-block-column is-layout-flow wp-block-column-is-layout-flow\">\n<figure class=\"wp-block-image size-full is-resized\"><img loading=\"lazy\" decoding=\"async\" src=\"https:\/\/lisboa.wordcamp.org\/2023\/files\/2023\/01\/badge-lang-en.png\" alt=\"The following text is in English\" class=\"wp-image-1784\" width=\"97\" height=\"20\" srcset=\"https:\/\/lisboa.wordcamp.org\/2023\/files\/2023\/01\/badge-lang-en.png 310w, https:\/\/lisboa.wordcamp.org\/2023\/files\/2023\/01\/badge-lang-en-300x62.png 300w\" sizes=\"auto, (max-width: 97px) 100vw, 97px\" \/><\/figure>\n\n\n\n<p><span lang=\"en\" dir=\"ltr\" class=\"lang-attribute\"><em>The day before WordCamp Lisboa starts, we will gather at Hotel Pr\u00edncipe, at 7:00 pm, for the usual monthly Meetup of the Lisbon WordPress community.<\/em><\/span><\/p>\n\n\n\n<p><span lang=\"en\" dir=\"ltr\" class=\"lang-attribute\"><em>The subject is &#8220;Podcasting: a conversation with BobWP&#8221; and the <a href=\"https:\/\/www.meetup.com\/wordpress-lisboa\/events\/293298408\/\" target=\"_blank\" rel=\"noreferrer noopener\">free signup is available at meetup.com<\/a><\/em><\/span><\/p>\n\n\n\n<p><em><span lang=\"en\" dir=\"ltr\" class=\"lang-attribute\">As always, after the meetup, anyone who wants can join dinner, with appointment to be confirmed.<\/span><\/em><\/p>\n<\/div>\n<\/div>\n\n\n\n<div style=\"height:30px\" aria-hidden=\"true\" class=\"wp-block-spacer\"><\/div>\n\n\n\n<h2 class=\"wp-block-heading\">Sexta, 19 de Maio &#8211; Dia de contribui\u00e7\u00e3o<br><em><span lang=\"en\" dir=\"ltr\" class=\"lang-attribute\">Friday, May 19th &#8211; Contribution day<\/span><\/em><\/h2>\n\n\n\n<div\n\tclass=\"wp-block-wordcamp-schedule alignwide is-loading\"\n\t\tdata-attributes=\"{&quot;__isStylesPreview&quot;:false,&quot;align&quot;:&quot;wide&quot;,&quot;chooseSpecificDays&quot;:true,&quot;chosenDays&quot;:[&quot;2023-05-19&quot;],&quot;chooseSpecificTracks&quot;:false,&quot;chosenTrackIds&quot;:[],&quot;showCategories&quot;:true,&quot;useClientTimezone&quot;:false,&quot;className&quot;:&quot;is-style-default&quot;}\"\n>\n\tA carregar&#8230;<\/div>\n\n\n\t<div class=\"email-form fav-session-email-form-hide\">\n\t\t<!-- Tab links -->\n\t\t<div class=\"fav-session-share-tab\">\n\t\t\t\t\t\t\t<div class=\"fav-session-tablinks\" id=\"fav-session-btn-email\">\n\t\t\t\t\tEmail\t\t\t\t<\/div>\n\t\t\t\n\t\t\t<div class=\"fav-session-tablinks\" id=\"fav-session-btn-link\">\n\t\t\t\tLiga\u00e7\u00e3o\t\t\t<\/div>\n\n\t\t\t<div class=\"fav-session-tablinks\" id=\"fav-session-btn-print\">\n\t\t\t\tImprimir\t\t\t<\/div>\n\t\t<\/div>\n\n\t\t<!-- Tab content -->\n\t\t\t\t\t<div id=\"fav-session-tab-email\" class=\"fav-session-share-tabcontent\">\n\t\t\t\t<div id=\"fav-session-email-form\">\n\t\t\t\t\tEnvie-me as minhas sess\u00f5es favoritas:\n\t\t\t\t\t<form id=\"fav-sessions-form\">\n\t\t\t\t\t\t<input\n\t\t\t\t\t\t\ttype=\"text\"\n\t\t\t\t\t\t\tname=\"email_address\"\n\t\t\t\t\t\t\tid=\"fav-sessions-email-address\"\n\t\t\t\t\t\t\tplaceholder=\"me@protonmail.com\"\n\t\t\t\t\t\t\/>\n\t\t\t\t\t\t<input type=\"submit\" value=\"Enviar\" \/>\n\t\t\t\t\t<\/form>\n\t\t\t\t<\/div>\n\n\t\t\t\t<div class=\"fav-session-email-wait-spinner\"><\/div>\n\t\t\t\t<div class=\"fav-session-email-result\"><\/div>\n\t\t\t<\/div>\n\t\t\n\t\t<div id=\"fav-session-tab-link\" class=\"fav-session-share-tabcontent\">\n\t\t\tShareable link:\t\t\t<br \/>\n\t\t\t<a id=\"fav-sessions-link\" href=\"\"><\/a>\n\t\t<\/div>\n\n\t\t<div id=\"fav-session-tab-print\" class=\"fav-session-share-tabcontent\">\n\t\t\t<button id=\"fav-session-print\">\n\t\t\t\tPrint favorite sessions\t\t\t<\/button>\n\t\t<\/div>\n\t<\/div>\n\n\t<a class=\"show-email-form\" href=\"javascript:\">\n\t\t<span class=\"dashicons dashicons-star-filled\"><\/span>\n\t\t<span class=\"dashicons dashicons-email-alt\"><\/span>\n\t<\/a>\n\n\t\n\n\n<div style=\"height:30px\" aria-hidden=\"true\" class=\"wp-block-spacer\"><\/div>\n\n\n\n<h2 class=\"wp-block-heading\">S\u00e1bado, 20 de Maio &#8211; Palestras<br><em><span lang=\"en\" dir=\"ltr\" class=\"lang-attribute\">Saturday, May 20th &#8211; Tal<\/span>ks<\/em><\/h2>\n\n\n\n<div\n\tclass=\"wp-block-wordcamp-schedule alignwide is-loading\"\n\t\tdata-attributes=\"{&quot;__isStylesPreview&quot;:false,&quot;align&quot;:&quot;wide&quot;,&quot;chooseSpecificDays&quot;:true,&quot;chosenDays&quot;:[&quot;2023-05-20&quot;],&quot;chooseSpecificTracks&quot;:false,&quot;chosenTrackIds&quot;:[],&quot;showCategories&quot;:true,&quot;useClientTimezone&quot;:false,&quot;className&quot;:&quot;is-style-default&quot;}\"\n>\n\tA carregar&#8230;<\/div>\n\n\n\n\n<div style=\"height:30px\" aria-hidden=\"true\" class=\"wp-block-spacer\"><\/div>\n\n\n\n<h2 class=\"wp-block-heading\">After-party<\/h2>\n\n\n\n<div class=\"wp-block-columns is-layout-flex wp-container-core-columns-is-layout-28f84493 wp-block-columns-is-layout-flex\">\n<div class=\"wp-block-column is-layout-flow wp-block-column-is-layout-flow\">\n<figure class=\"wp-block-image size-full is-resized\"><img loading=\"lazy\" decoding=\"async\" src=\"https:\/\/lisboa.wordcamp.org\/2023\/files\/2023\/01\/badge-lang-pt.png\" alt=\"O texto seguinte est\u00e1 em Portugu\u00eas\" class=\"wp-image-1781\" width=\"125\" height=\"20\" srcset=\"https:\/\/lisboa.wordcamp.org\/2023\/files\/2023\/01\/badge-lang-pt.png 400w, https:\/\/lisboa.wordcamp.org\/2023\/files\/2023\/01\/badge-lang-pt-300x48.png 300w\" sizes=\"auto, (max-width: 125px) 100vw, 125px\" \/><\/figure>\n\n\n\n<p>Depois das sess\u00f5es de S\u00e1bado, dia 20, vamos ter uma <a href=\"https:\/\/lisboa.wordcamp.org\/2023\/after-party\/\" data-type=\"page\" data-id=\"1004\">after-party no I-Terrace<\/a>, no terra\u00e7o do edif\u00edcio do INDEG ISCTE.<\/p>\n\n\n\n<p><strong>20:00 \u00e0s 22:00:<\/strong> <em>Buffet<\/em> com <em>finger-food<\/em> e bebidas inclu\u00eddas.<\/p>\n\n\n\n<p><strong>22:00 \u00e0s 22:30:<\/strong> Celebra\u00e7\u00e3o de 20.\u00ba anivers\u00e1rio do WordPress.<\/p>\n\n\n\n<p><strong>22:30 \u00e0s 24:00:<\/strong> Servi\u00e7o de bar.<\/p>\n<\/div>\n\n\n\n<div class=\"wp-block-column is-layout-flow wp-block-column-is-layout-flow\">\n<figure class=\"wp-block-image size-full is-resized\"><img loading=\"lazy\" decoding=\"async\" src=\"https:\/\/lisboa.wordcamp.org\/2023\/files\/2023\/01\/badge-lang-en.png\" alt=\"The following text is in English\" class=\"wp-image-1784\" width=\"97\" height=\"20\" srcset=\"https:\/\/lisboa.wordcamp.org\/2023\/files\/2023\/01\/badge-lang-en.png 310w, https:\/\/lisboa.wordcamp.org\/2023\/files\/2023\/01\/badge-lang-en-300x62.png 300w\" sizes=\"auto, (max-width: 97px) 100vw, 97px\" \/><\/figure>\n\n\n\n<p><em><span lang=\"en\" dir=\"ltr\" class=\"lang-attribute\">After the Satruday talks, we&#8217;ll host an <a href=\"https:\/\/lisboa.wordcamp.org\/2023\/english\/after-party\/\">after-party at I-Terrace<\/a>, on the rooftop of INDEG ISCTE.<\/span><\/em><\/p>\n\n\n\n<p><em><span lang=\"en\" dir=\"ltr\" class=\"lang-attribute\"><strong>8:00 pm to 10:00 pm:<\/strong> Finger-food buffet with included drinks.<\/span><\/em><\/p>\n\n\n\n<p><em><span lang=\"en\" dir=\"ltr\" class=\"lang-attribute\"><strong>10:00 pm to 10:30 pm:<\/strong> WordPress 20th anniversary celebration.<\/span><\/em><\/p>\n\n\n\n<p><em><span lang=\"en\" dir=\"ltr\" class=\"lang-attribute\"><strong>10:30 pm to 12:00 am:<\/strong> Bar service.<\/span><\/em><\/p>\n<\/div>\n<\/div>\n","protected":false},"excerpt":{"rendered":"<p>Quinta, 18 de Maio &#8211; Warm up &#8211; Lisboa WordPress MeetupThursday, May 18th &#8211; Warm up &#8211; Lisboa WordPress Meetup No dia anterior ao in\u00edcio do WordCamp Lisboa, vamos reunir-nos no Hotel Pr\u00edncipe, pelas 19:00, para o habitual Meetup mensal da comunidade WordPress de Lisboa. O tema \u00e9 &#8220;Podcasting: uma conversa dom BobWP&#8221; e as [&hellip;]<\/p>\n","protected":false},"author":13328421,"featured_media":0,"parent":0,"menu_order":0,"comment_status":"closed","ping_status":"closed","template":"","meta":{"advanced_seo_description":"","jetpack_seo_html_title":"","jetpack_seo_noindex":false,"jetpack_post_was_ever_published":false,"footnotes":""},"class_list":["post-7","page","type-page","status-publish","hentry"],"jetpack_sharing_enabled":true,"_links":{"self":[{"href":"https:\/\/lisboa.wordcamp.org\/2023\/wp-json\/wp\/v2\/pages\/7","targetHints":{"allow":["GET"]}}],"collection":[{"href":"https:\/\/lisboa.wordcamp.org\/2023\/wp-json\/wp\/v2\/pages"}],"about":[{"href":"https:\/\/lisboa.wordcamp.org\/2023\/wp-json\/wp\/v2\/types\/page"}],"author":[{"embeddable":true,"href":"https:\/\/lisboa.wordcamp.org\/2023\/wp-json\/wp\/v2\/users\/13328421"}],"replies":[{"embeddable":true,"href":"https:\/\/lisboa.wordcamp.org\/2023\/wp-json\/wp\/v2\/comments?post=7"}],"version-history":[{"count":39,"href":"https:\/\/lisboa.wordcamp.org\/2023\/wp-json\/wp\/v2\/pages\/7\/revisions"}],"predecessor-version":[{"id":4162,"href":"https:\/\/lisboa.wordcamp.org\/2023\/wp-json\/wp\/v2\/pages\/7\/revisions\/4162"}],"wp:attachment":[{"href":"https:\/\/lisboa.wordcamp.org\/2023\/wp-json\/wp\/v2\/media?parent=7"}],"curies":[{"name":"wp","href":"https:\/\/api.w.org\/{rel}","templated":true}]}}