{"id":428,"date":"2024-12-04T18:32:54","date_gmt":"2024-12-04T18:32:54","guid":{"rendered":"https:\/\/lisboa.wordcamp.org\/2025\/?page_id=428"},"modified":"2025-05-17T09:38:55","modified_gmt":"2025-05-17T08:38:55","slug":"tickets","status":"publish","type":"page","link":"https:\/\/lisboa.wordcamp.org\/2025\/tickets\/","title":{"rendered":"Bilhetes <em>Tickets<\/em>"},"content":{"rendered":"\n<div class=\"wp-block-columns is-layout-flex wp-container-core-columns-is-layout-28f84493 wp-block-columns-is-layout-flex\">\n<div class=\"wp-block-column is-layout-flow wp-block-column-is-layout-flow\">\n<figure class=\"wp-block-image size-full is-resized\"><img loading=\"lazy\" decoding=\"async\" width=\"400\" height=\"64\" src=\"https:\/\/lisboa.wordcamp.org\/2025\/files\/2024\/09\/badge-lang-pt.png\" alt=\"\" class=\"wp-image-118\" style=\"object-fit:cover;width:125px;height:20px\" srcset=\"https:\/\/lisboa.wordcamp.org\/2025\/files\/2024\/09\/badge-lang-pt.png 400w, https:\/\/lisboa.wordcamp.org\/2025\/files\/2024\/09\/badge-lang-pt-300x48.png 300w\" sizes=\"auto, (max-width: 400px) 100vw, 400px\" \/><\/figure>\n\n\n\n<p>O WordCamp Lisboa 2025 acontece a 16 e 17 de Maio, no ISCTE, e o bilhete inclui:<\/p>\n\n\n\n<ul class=\"wp-block-list\">\n<li>Acesso ao dia da comunidade e contribui\u00e7\u00e3o, a 16 de Maio;<\/li>\n\n\n\n<li>Acesso ao dia de confer\u00eancias, com dois audit\u00f3rios com palestras a funcionarem em simult\u00e2neo, a 17 de Maio;<\/li>\n\n\n\n<li>Workshops (com lota\u00e7\u00e3o limitada e com sistema de marca\u00e7\u00e3o a anunciar), a 17 de Maio;<\/li>\n\n\n\n<li>Almo\u00e7o e coffee breaks nos dois dias;<\/li>\n\n\n\n<li>T-shirt e outro swag (sujeito ao stock existente);<\/li>\n\n\n\n<li>Acesso \u00e0 espectacular after-party (com lota\u00e7\u00e3o limitada e com sistema de marca\u00e7\u00e3o a anunciar), a 17 de Maio, depois do evento principal;<\/li>\n<\/ul>\n\n\n\n<p class=\"hide has-luminous-vivid-amber-background-color has-background\"><strong>A bilheteira est\u00e1 encerrada e todos os bilhetes foram vendidos.<\/strong> Podes acompanhar na mesma parte do evento atrav\u00e9s do <a href=\"https:\/\/lisboa.wordcamp.org\/2025\/streaming\/\" data-type=\"page\" data-id=\"471\">streaming online em directo<\/a>.<\/p>\n\n\n\n<h3 class=\"wp-block-heading\">Tipos de bilhetes dispon\u00edveis:<\/h3>\n\n\n\n<ul class=\"wp-block-list\">\n<li><strong>Bilhete WordCamp Lisboa 2025<\/strong>: inclui tudo o indicado em cima, <strong>por 35\u20ac<\/strong> (primeiros 100 bilhetes a 30\u20ac);<\/li>\n\n\n\n<li><strong>Bilhete Microsponsor WordCamp Lisboa 2025<\/strong>: inclui tudo o indicado em cima, pontos de karma extra e um link de texto na p\u00e1gina de patrocinadores deste website, <strong>por 150\u20ac<\/strong>, um valor mais aproximado do custo real por participante;<\/li>\n<\/ul>\n\n\n\n<p class=\"hide has-luminous-vivid-amber-background-color has-background\"><strong>A bilheteira est\u00e1 encerrada e todos os bilhetes foram vendidos.<\/strong> Podes acompanhar na mesma parte do evento atrav\u00e9s do <a href=\"https:\/\/lisboa.wordcamp.org\/2025\/streaming\/\" data-type=\"page\" data-id=\"471\">streaming online em directo<\/a>.<\/p>\n<\/div>\n\n\n\n<div class=\"wp-block-column is-layout-flow wp-block-column-is-layout-flow\">\n<figure class=\"wp-block-image size-full is-resized\"><img loading=\"lazy\" decoding=\"async\" width=\"310\" height=\"64\" src=\"https:\/\/lisboa.wordcamp.org\/2025\/files\/2024\/09\/badge-lang-en-1.png\" alt=\"\" class=\"wp-image-121\" style=\"object-fit:cover;width:97px;height:20px\" srcset=\"https:\/\/lisboa.wordcamp.org\/2025\/files\/2024\/09\/badge-lang-en-1.png 310w, https:\/\/lisboa.wordcamp.org\/2025\/files\/2024\/09\/badge-lang-en-1-300x62.png 300w\" sizes=\"auto, (max-width: 310px) 100vw, 310px\" \/><\/figure>\n\n\n\n<p><em><span lang=\"en\" dir=\"ltr\" class=\"lang-attribute\">WordCamp Lisboa 2025 takes place on the 16th and 17th of May, at ISCTE, and the ticket includes:<\/span><\/em><\/p>\n\n\n\n<ul class=\"wp-block-list\">\n<li><em><span lang=\"en\" dir=\"ltr\" class=\"lang-attribute\">Access to the community and contribution day, on  the 16th of May;<\/span><\/em><\/li>\n\n\n\n<li><em><span lang=\"en\" dir=\"ltr\" class=\"lang-attribute\">Access to the conference day, with two auditoriums with talks running simultaneously, on the 17th of May;<\/span><\/em><\/li>\n\n\n\n<li><em><span lang=\"en\" dir=\"ltr\" class=\"lang-attribute\">Workshops (with limited capacity and appointment method to be announced), on the 17th of May;<\/span><\/em><\/li>\n\n\n\n<li><em><span lang=\"en\" dir=\"ltr\" class=\"lang-attribute\">Lunch and coffee breaks on both days;<\/span><\/em><\/li>\n\n\n\n<li><em><span lang=\"en\" dir=\"ltr\" class=\"lang-attribute\">T-shirt and other swag (subject to existing stock);<\/span><\/em><\/li>\n\n\n\n<li><em><span lang=\"en\" dir=\"ltr\" class=\"lang-attribute\">Access to the spectacular after-party<em> (with limited capacity and appointment method to be announced)<\/em>, on the 17th of May, after the main event;<\/span><\/em><\/li>\n<\/ul>\n\n\n\n<p class=\"hide has-luminous-vivid-amber-background-color has-background\"><em><strong><span lang=\"en\" dir=\"ltr\" class=\"lang-attribute\">The ticket office is closed and all tickets have been sold.<\/span><\/strong><\/em> You can still follow part of the event through <a href=\"https:\/\/lisboa.wordcamp.org\/2025\/streaming\/\" data-type=\"page\" data-id=\"471\">live streaming<\/a>.<\/p>\n\n\n\n<h3 class=\"wp-block-heading\"><em><span lang=\"en\" dir=\"ltr\" class=\"lang-attribute\">Types of tickets available:<\/span><\/em><\/h3>\n\n\n\n<ul class=\"wp-block-list\">\n<li><em><span lang=\"en\" dir=\"ltr\" class=\"lang-attribute\"><strong>Bilhete WordCamp Lisboa 2025<\/strong>: includes everything above, <strong>for 35\u20ac<\/strong> (first 100 early-bird tickets for 30\u20ac);<\/span><\/em><\/li>\n\n\n\n<li><em><span lang=\"en\" dir=\"ltr\" class=\"lang-attribute\"><strong>Bilhete Microsponsor WordCamp Lisboa 2025<\/strong>: includes everything above, extra karma points and a text link on the sponsors page of this website, <strong>for 150\u20ac<\/strong>, a value closer to the actual cost per participant;<\/span><\/em><\/li>\n<\/ul>\n\n\n\n<p>\u26a0\ufe0f <em><strong><span lang=\"en\" dir=\"ltr\" class=\"lang-attribute\">We&#8217;re sorry, but the ticketing system only allows one language per WordCamp, so the entire purchase process is in Portuguese. Feel free to contact us if you need any help.<\/span><\/strong><\/em><\/p>\n\n\n\n<p class=\"hide has-luminous-vivid-amber-background-color has-background\"><em><strong><span lang=\"en\" dir=\"ltr\" class=\"lang-attribute\">The ticket office is closed and all tickets have been sold.<\/span><\/strong><\/em> You can still follow part of the event through <a href=\"https:\/\/lisboa.wordcamp.org\/2025\/streaming\/\" data-type=\"page\" data-id=\"471\">live streaming<\/a>.<\/p>\n<\/div>\n<\/div>\n\n\n\n<h2 class=\"wp-block-heading has-text-align-center\">Estou convencido, vamos a isto<br><em><span lang=\"en\" dir=\"ltr\" class=\"lang-attribute\">I&#8217;m convinced, let&#8217;s do this<\/span><\/em><\/h2>\n\n\n<a href=\"https:\/\/lisboa.wordcamp.org\/2025\/tickets\/\">Please view this page in a browser to purchase or manage tickets.<\/a>\n\n\n\n<div class=\"wp-block-columns is-layout-flex wp-container-core-columns-is-layout-28f84493 wp-block-columns-is-layout-flex\">\n<div class=\"wp-block-column is-layout-flow wp-block-column-is-layout-flow\">\n<figure class=\"wp-block-image size-full is-resized\"><img loading=\"lazy\" decoding=\"async\" width=\"400\" height=\"64\" src=\"https:\/\/lisboa.wordcamp.org\/2025\/files\/2024\/09\/badge-lang-pt.png\" alt=\"\" class=\"wp-image-118\" style=\"object-fit:cover;width:125px;height:20px\" srcset=\"https:\/\/lisboa.wordcamp.org\/2025\/files\/2024\/09\/badge-lang-pt.png 400w, https:\/\/lisboa.wordcamp.org\/2025\/files\/2024\/09\/badge-lang-pt-300x48.png 300w\" sizes=\"auto, (max-width: 400px) 100vw, 400px\" \/><\/figure>\n\n\n\n<h3 class=\"wp-block-heading\">Datas importantes:<\/h3>\n\n\n\n<ul class=\"wp-block-list\">\n<li><strong>25 de Abril<\/strong>: \u00faltimo<strong> <\/strong>dia para garantir t-shirt e outras ofertas surpresa \ud83d\ude09 na compra do bilhete; (e Dia da Liberdade em Portugal)<\/li>\n\n\n\n<li><strong>12 de Maio<\/strong>: \u00faltimo dia para comprar bilhete;<\/li>\n\n\n\n<li><strong>15 de Maio<\/strong>: <a href=\"https:\/\/www.meetup.com\/wordpress-lisboa\/\" target=\"_blank\" rel=\"noreferrer noopener\">Meetup WordPress Lisboa<\/a><\/li>\n\n\n\n<li><strong>16 de Maio<\/strong>: dia da comunidade e contribui\u00e7\u00e3o;<\/li>\n\n\n\n<li><strong>17 de Maio<\/strong>: dia da confer\u00eancia e after-party;<\/li>\n<\/ul>\n\n\n\n<h3 class=\"wp-block-heading\">Anuncia que vais estar presente:<\/h3>\n\n\n\n<p>Depois de comprares o bilhete, usa a imagem em baixo para anunciares nas redes sociais a tua presen\u00e7a.<\/p>\n\n\n\n<figure class=\"wp-block-image size-large is-resized\"><a href=\"https:\/\/lisboa.wordcamp.org\/2025\/files\/2025\/02\/WCLX2025-SocialMedia-Card_1200x1200-EuVou.png\" target=\"_blank\" rel=\"noreferrer noopener\"><img loading=\"lazy\" decoding=\"async\" width=\"1024\" height=\"1024\" src=\"https:\/\/lisboa.wordcamp.org\/2025\/files\/2025\/02\/WCLX2025-SocialMedia-Card_1200x1200-EuVou-1024x1024.png\" alt=\"\" class=\"wp-image-1263\" style=\"width:256px;height:256px\" srcset=\"https:\/\/lisboa.wordcamp.org\/2025\/files\/2025\/02\/WCLX2025-SocialMedia-Card_1200x1200-EuVou-1024x1024.png 1024w, https:\/\/lisboa.wordcamp.org\/2025\/files\/2025\/02\/WCLX2025-SocialMedia-Card_1200x1200-EuVou-300x300.png 300w, https:\/\/lisboa.wordcamp.org\/2025\/files\/2025\/02\/WCLX2025-SocialMedia-Card_1200x1200-EuVou-150x150.png 150w, https:\/\/lisboa.wordcamp.org\/2025\/files\/2025\/02\/WCLX2025-SocialMedia-Card_1200x1200-EuVou-768x768.png 768w, https:\/\/lisboa.wordcamp.org\/2025\/files\/2025\/02\/WCLX2025-SocialMedia-Card_1200x1200-EuVou.png 1200w\" sizes=\"auto, (max-width: 1024px) 100vw, 1024px\" \/><\/a><\/figure>\n\n\n\n<p>Para fins promocionais e de constru\u00e7\u00e3o da comunidade, haver\u00e1 volunt\u00e1rios e\/ou fot\u00f3grafos e cameramens profissionais no WordCamp Lisboa 2025. Ao participar no evento, concordas que tua imagem seja usada nas fotos ou v\u00eddeos resultantes que possam mostrar a tua participa\u00e7\u00e3o no WordCamp.<\/p>\n<\/div>\n\n\n\n<div class=\"wp-block-column is-layout-flow wp-block-column-is-layout-flow\">\n<figure class=\"wp-block-image size-full is-resized\"><img loading=\"lazy\" decoding=\"async\" width=\"310\" height=\"64\" src=\"https:\/\/lisboa.wordcamp.org\/2025\/files\/2024\/09\/badge-lang-en-1.png\" alt=\"\" class=\"wp-image-121\" style=\"object-fit:cover;width:97px;height:20px\" srcset=\"https:\/\/lisboa.wordcamp.org\/2025\/files\/2024\/09\/badge-lang-en-1.png 310w, https:\/\/lisboa.wordcamp.org\/2025\/files\/2024\/09\/badge-lang-en-1-300x62.png 300w\" sizes=\"auto, (max-width: 310px) 100vw, 310px\" \/><\/figure>\n\n\n\n<h3 class=\"wp-block-heading\"><span lang=\"en\" dir=\"ltr\" class=\"lang-attribute\"><em>Important dates:<\/em><\/span><\/h3>\n\n\n\n<ul class=\"wp-block-list\">\n<li><em><bdo lang=\"en\" dir=\"ltr\"><span lang=\"en\" dir=\"ltr\" class=\"lang-attribute\"><strong>April 25th<\/strong>: last day to guarantee a t-shirt and other surprise swag <\/span><\/bdo><\/em><bdo lang=\"en\" dir=\"ltr\"><span lang=\"en\" dir=\"ltr\" class=\"lang-attribute\">\ud83d\ude09<\/span><\/bdo><em><bdo lang=\"en\" dir=\"ltr\"><span lang=\"en\" dir=\"ltr\" class=\"lang-attribute\"> included with the ticket;<\/span> (and Freedom Day in Portugal)<\/bdo><\/em><\/li>\n\n\n\n<li><span lang=\"en\" dir=\"ltr\" class=\"lang-attribute\"><em><strong>May 12th<\/strong>: last day to buy a ticket;<\/em><\/span><\/li>\n\n\n\n<li><em><bdo lang=\"en\" dir=\"ltr\"><strong>May 15th<\/strong>: <a href=\"https:\/\/www.meetup.com\/wordpress-lisboa\/\" target=\"_blank\" rel=\"noreferrer noopener\">Meetup WordPress Lisboa<\/a><\/bdo><\/em><\/li>\n\n\n\n<li><span lang=\"en\" dir=\"ltr\" class=\"lang-attribute\"><em><strong>May 16th<\/strong>: community and contribution day;<\/em><\/span><\/li>\n\n\n\n<li><span lang=\"en\" dir=\"ltr\" class=\"lang-attribute\"><em><strong>May 17th<\/strong>: conference day and after-party;<\/em><\/span><\/li>\n<\/ul>\n\n\n\n<h3 class=\"wp-block-heading\"><em><span lang=\"en\" dir=\"ltr\" class=\"lang-attribute\">Announce that you&#8217;ll be attending:<\/span><\/em><\/h3>\n\n\n\n<p><em><span lang=\"en\" dir=\"ltr\" class=\"lang-attribute\">After purchasing the ticket, use the image below to announce your presence on social media.<\/span><\/em><\/p>\n\n\n\n<figure class=\"wp-block-image size-large is-resized\"><a href=\"https:\/\/lisboa.wordcamp.org\/2025\/files\/2025\/02\/WCLX2025-SocialMedia-Card_1200x1200-EuVou-EN2.png\" target=\"_blank\" rel=\"noreferrer noopener\"><img loading=\"lazy\" decoding=\"async\" width=\"1024\" height=\"1024\" src=\"https:\/\/lisboa.wordcamp.org\/2025\/files\/2025\/02\/WCLX2025-SocialMedia-Card_1200x1200-EuVou-EN2-1024x1024.png\" alt=\"\" class=\"wp-image-1264\" style=\"width:256px;height:256px\" srcset=\"https:\/\/lisboa.wordcamp.org\/2025\/files\/2025\/02\/WCLX2025-SocialMedia-Card_1200x1200-EuVou-EN2-1024x1024.png 1024w, https:\/\/lisboa.wordcamp.org\/2025\/files\/2025\/02\/WCLX2025-SocialMedia-Card_1200x1200-EuVou-EN2-300x300.png 300w, https:\/\/lisboa.wordcamp.org\/2025\/files\/2025\/02\/WCLX2025-SocialMedia-Card_1200x1200-EuVou-EN2-150x150.png 150w, https:\/\/lisboa.wordcamp.org\/2025\/files\/2025\/02\/WCLX2025-SocialMedia-Card_1200x1200-EuVou-EN2-768x768.png 768w, https:\/\/lisboa.wordcamp.org\/2025\/files\/2025\/02\/WCLX2025-SocialMedia-Card_1200x1200-EuVou-EN2.png 1200w\" sizes=\"auto, (max-width: 1024px) 100vw, 1024px\" \/><\/a><\/figure>\n\n\n\n<p><em><span lang=\"en\" dir=\"ltr\" class=\"lang-attribute\">For community-building and promotional purposes, there will be volunteer and\/or professional photographers and videographers at WordCamp Lisboa 2025. By attending the event, you consent to your image being used in resulting photos or videos that may show your participation in the WordCamp.<\/span><\/em><\/p>\n<\/div>\n<\/div>\n","protected":false},"excerpt":{"rendered":"<p>O WordCamp Lisboa 2025 acontece a 16 e 17 de Maio, no ISCTE, e o bilhete inclui: A bilheteira est\u00e1 encerrada e todos os bilhetes foram vendidos. Podes acompanhar na mesma parte do evento atrav\u00e9s do streaming online em directo. Tipos de bilhetes dispon\u00edveis: A bilheteira est\u00e1 encerrada e todos os bilhetes foram vendidos. Podes [&hellip;]<\/p>\n","protected":false},"author":13884858,"featured_media":0,"parent":0,"menu_order":0,"comment_status":"closed","ping_status":"closed","template":"","meta":{"jetpack_post_was_ever_published":true,"footnotes":""},"class_list":["post-428","page","type-page","status-publish","hentry"],"jetpack_sharing_enabled":true,"_links":{"self":[{"href":"https:\/\/lisboa.wordcamp.org\/2025\/wp-json\/wp\/v2\/pages\/428","targetHints":{"allow":["GET"]}}],"collection":[{"href":"https:\/\/lisboa.wordcamp.org\/2025\/wp-json\/wp\/v2\/pages"}],"about":[{"href":"https:\/\/lisboa.wordcamp.org\/2025\/wp-json\/wp\/v2\/types\/page"}],"author":[{"embeddable":true,"href":"https:\/\/lisboa.wordcamp.org\/2025\/wp-json\/wp\/v2\/users\/13884858"}],"replies":[{"embeddable":true,"href":"https:\/\/lisboa.wordcamp.org\/2025\/wp-json\/wp\/v2\/comments?post=428"}],"version-history":[{"count":24,"href":"https:\/\/lisboa.wordcamp.org\/2025\/wp-json\/wp\/v2\/pages\/428\/revisions"}],"predecessor-version":[{"id":2708,"href":"https:\/\/lisboa.wordcamp.org\/2025\/wp-json\/wp\/v2\/pages\/428\/revisions\/2708"}],"wp:attachment":[{"href":"https:\/\/lisboa.wordcamp.org\/2025\/wp-json\/wp\/v2\/media?parent=428"}],"curies":[{"name":"wp","href":"https:\/\/api.w.org\/{rel}","templated":true}]}}