{"id":453,"date":"2024-12-04T18:44:56","date_gmt":"2024-12-04T18:44:56","guid":{"rendered":"https:\/\/lisboa.wordcamp.org\/2025\/?page_id=453"},"modified":"2025-05-15T09:31:09","modified_gmt":"2025-05-15T08:31:09","slug":"programa-schedule","status":"publish","type":"page","link":"https:\/\/lisboa.wordcamp.org\/2025\/programa-schedule\/","title":{"rendered":"Programa <em>Schedule<\/em>"},"content":{"rendered":"\n<div class=\"wp-block-group is-style-default is-layout-flow wp-block-group-is-layout-flow\">\n<h2 class=\"wp-block-heading\">Quinta, 15 de Maio &#8211; Warm up &#8211; Lisboa WordPress Meetup<br><em><span lang=\"en\" dir=\"ltr\" class=\"lang-attribute\">Thursday, May 15th &#8211; Warm up &#8211; Lisboa WordPress Meetup<\/span><\/em><\/h2>\n\n\n\n<div class=\"wp-block-columns is-layout-flex wp-container-core-columns-is-layout-28f84493 wp-block-columns-is-layout-flex\">\n<div class=\"wp-block-column is-layout-flow wp-block-column-is-layout-flow\">\n<figure class=\"wp-block-image size-full is-resized\"><img loading=\"lazy\" decoding=\"async\" width=\"400\" height=\"64\" src=\"https:\/\/lisboa.wordcamp.org\/2025\/files\/2024\/09\/badge-lang-pt.png\" alt=\"\" class=\"wp-image-118\" style=\"object-fit:cover;width:125px;height:20px\" srcset=\"https:\/\/lisboa.wordcamp.org\/2025\/files\/2024\/09\/badge-lang-pt.png 400w, https:\/\/lisboa.wordcamp.org\/2025\/files\/2024\/09\/badge-lang-pt-300x48.png 300w\" sizes=\"auto, (max-width: 400px) 100vw, 400px\" \/><\/figure>\n\n\n\n<p>No dia anterior ao in\u00edcio do WordCamp Lisboa, vamos reunir-nos no <a href=\"https:\/\/maps.app.goo.gl\/rsgt6A5cvLAHmG2dA\" target=\"_blank\" rel=\"noreferrer noopener\">IDEA Spaces &#8211; Pal\u00e1cio Sotto Mayor<\/a>, pelas 19:00, para o habitual Meetup mensal da comunidade WordPress de Lisboa.<\/p>\n\n\n\n<p>A oradora ser\u00e1 <strong>Milana Cap<\/strong>, com o tema &#8220;<strong>WordPress gems for devs: HTML API<\/strong>&#8220;, e a&nbsp;<a href=\"https:\/\/www.meetup.com\/wordpress-lisboa\/events\/307191616\/\" target=\"_blank\" rel=\"noreferrer noopener\">inscri\u00e7\u00e3o gratuita \u00e9 importante e est\u00e1 dispon\u00edvel no meetup.com<\/a><\/p>\n\n\n\n<p>Como sempre, ap\u00f3s o meetup, quem quiser pode-se juntar ao jantar no <a href=\"https:\/\/maps.app.goo.gl\/McBZVkBPwMRaA8478\" target=\"_blank\" rel=\"noreferrer noopener\">Restaurante A Valenciana<\/a>, com marca\u00e7\u00e3o a confirmar (consumo por conta de cada participante).<\/p>\n<\/div>\n\n\n\n<div class=\"wp-block-column is-layout-flow wp-block-column-is-layout-flow\">\n<figure class=\"wp-block-image size-full is-resized\"><img loading=\"lazy\" decoding=\"async\" width=\"310\" height=\"64\" src=\"https:\/\/lisboa.wordcamp.org\/2025\/files\/2024\/09\/badge-lang-en-1.png\" alt=\"\" class=\"wp-image-121\" style=\"object-fit:cover;width:97px;height:20px\" srcset=\"https:\/\/lisboa.wordcamp.org\/2025\/files\/2024\/09\/badge-lang-en-1.png 310w, https:\/\/lisboa.wordcamp.org\/2025\/files\/2024\/09\/badge-lang-en-1-300x62.png 300w\" sizes=\"auto, (max-width: 310px) 100vw, 310px\" \/><\/figure>\n\n\n\n<p><span lang=\"en\" dir=\"ltr\" class=\"lang-attribute\"><em>The day before WordCamp Lisboa starts, we will gather at <a href=\"https:\/\/maps.app.goo.gl\/rsgt6A5cvLAHmG2dA\" target=\"_blank\" rel=\"noreferrer noopener\">IDEA Spaces &#8211; Pal\u00e1cio Sotto Mayor<\/a>, at 7:00 pm, for the usual monthly Meetup of the Lisbon WordPress community.<\/em><\/span><\/p>\n\n\n\n<p><em><bdo lang=\"en\" dir=\"ltr\">The speaker will be <strong>Milana Cap<\/strong>, with the subject &#8220;<strong>WordPress gems for devs: HTML API<\/strong>&#8220;, <em>and the&nbsp;<a href=\"https:\/\/www.meetup.com\/wordpress-lisboa\/events\/307191616\/\" target=\"_blank\" rel=\"noreferrer noopener\">free signup is important and available at meetup.com<\/a><\/em><\/bdo><\/em><\/p>\n\n\n\n<p><em><span lang=\"en\" dir=\"ltr\" class=\"lang-attribute\">As always, after the meetup, anyone who wants can join dinner at <a href=\"https:\/\/maps.app.goo.gl\/McBZVkBPwMRaA8478\" target=\"_blank\" rel=\"noreferrer noopener\">Restaurante A Valenciana<\/a>, with appointment to be confirmed <em><bdo lang=\"en\" dir=\"ltr\">(consumption at the expense of each participant)<\/bdo><\/em>.<\/span><\/em><\/p>\n<\/div>\n<\/div>\n<\/div>\n\n\n\n<div style=\"height:30px\" aria-hidden=\"true\" class=\"wp-block-spacer\"><\/div>\n\n\n\n<h2 class=\"wp-block-heading\">Sexta, 16 de Maio &#8211; Dia da Comunidade e Contribui\u00e7\u00e3o<br><em><span lang=\"en\" dir=\"ltr\" class=\"lang-attribute\">Friday, May 16th &#8211; Community and Contribution day<\/span><\/em><\/h2>\n\n\n\n<div\n\tclass=\"wp-block-wordcamp-schedule alignwide is-loading\"\n\t\tdata-attributes=\"{&quot;__isStylesPreview&quot;:false,&quot;align&quot;:&quot;wide&quot;,&quot;chooseSpecificDays&quot;:true,&quot;chosenDays&quot;:[&quot;2023-05-19&quot;,&quot;2025-05-16&quot;],&quot;chooseSpecificTracks&quot;:false,&quot;chosenTrackIds&quot;:[],&quot;showCategories&quot;:true,&quot;useClientTimezone&quot;:false,&quot;className&quot;:&quot;is-style-default&quot;}\"\n>\n\tA carregar&#8230;<\/div>\n\n\n\t<div class=\"email-form fav-session-email-form-hide\">\n\t\t<!-- Tab links -->\n\t\t<div class=\"fav-session-share-tab\">\n\t\t\t\t\t\t\t<div class=\"fav-session-tablinks\" id=\"fav-session-btn-email\">\n\t\t\t\t\tEmail\t\t\t\t<\/div>\n\t\t\t\n\t\t\t<div class=\"fav-session-tablinks\" id=\"fav-session-btn-link\">\n\t\t\t\tLiga\u00e7\u00e3o\t\t\t<\/div>\n\n\t\t\t<div class=\"fav-session-tablinks\" id=\"fav-session-btn-print\">\n\t\t\t\tImprimir\t\t\t<\/div>\n\t\t<\/div>\n\n\t\t<!-- Tab content -->\n\t\t\t\t\t<div id=\"fav-session-tab-email\" class=\"fav-session-share-tabcontent\">\n\t\t\t\t<div id=\"fav-session-email-form\">\n\t\t\t\t\tEnvie-me as minhas sess\u00f5es favoritas:\n\t\t\t\t\t<form id=\"fav-sessions-form\">\n\t\t\t\t\t\t<input\n\t\t\t\t\t\t\ttype=\"text\"\n\t\t\t\t\t\t\tname=\"email_address\"\n\t\t\t\t\t\t\tid=\"fav-sessions-email-address\"\n\t\t\t\t\t\t\tplaceholder=\"me@protonmail.com\"\n\t\t\t\t\t\t\/>\n\t\t\t\t\t\t<input type=\"submit\" value=\"Enviar\" \/>\n\t\t\t\t\t<\/form>\n\t\t\t\t<\/div>\n\n\t\t\t\t<div class=\"fav-session-email-wait-spinner\"><\/div>\n\t\t\t\t<div class=\"fav-session-email-result\"><\/div>\n\t\t\t<\/div>\n\t\t\n\t\t<div id=\"fav-session-tab-link\" class=\"fav-session-share-tabcontent\">\n\t\t\tShareable link:\t\t\t<br \/>\n\t\t\t<a id=\"fav-sessions-link\" href=\"\"><\/a>\n\t\t<\/div>\n\n\t\t<div id=\"fav-session-tab-print\" class=\"fav-session-share-tabcontent\">\n\t\t\t<button id=\"fav-session-print\">\n\t\t\t\tPrint favorite sessions\t\t\t<\/button>\n\t\t<\/div>\n\t<\/div>\n\n\t<a class=\"show-email-form\" href=\"javascript:\">\n\t\t<span class=\"dashicons dashicons-star-filled\"><\/span>\n\t\t<span class=\"dashicons dashicons-email-alt\"><\/span>\n\t<\/a>\n\n\t\n\n\n<div style=\"height:30px\" aria-hidden=\"true\" class=\"wp-block-spacer\"><\/div>\n\n\n\n<h2 class=\"wp-block-heading\">S\u00e1bado, 17 de Maio &#8211; Palestras<br><em><span lang=\"en\" dir=\"ltr\" class=\"lang-attribute\">Saturday, May 17th &#8211; Talks<\/span><\/em><\/h2>\n\n\n\n<div\n\tclass=\"wp-block-wordcamp-schedule alignwide is-loading\"\n\t\tdata-attributes=\"{&quot;__isStylesPreview&quot;:false,&quot;align&quot;:&quot;wide&quot;,&quot;chooseSpecificDays&quot;:true,&quot;chosenDays&quot;:[&quot;2023-05-20&quot;,&quot;2025-05-17&quot;],&quot;chooseSpecificTracks&quot;:false,&quot;chosenTrackIds&quot;:[],&quot;showCategories&quot;:true,&quot;useClientTimezone&quot;:false,&quot;className&quot;:&quot;is-style-default&quot;}\"\n>\n\tA carregar&#8230;<\/div>\n\n\n\n\n<div style=\"height:30px\" aria-hidden=\"true\" class=\"wp-block-spacer\"><\/div>\n\n\n\n<h2 class=\"wp-block-heading\">After-party<\/h2>\n\n\n\n<div class=\"wp-block-columns is-layout-flex wp-container-core-columns-is-layout-28f84493 wp-block-columns-is-layout-flex\">\n<div class=\"wp-block-column is-layout-flow wp-block-column-is-layout-flow\">\n<figure class=\"wp-block-image size-full is-resized\"><img loading=\"lazy\" decoding=\"async\" width=\"400\" height=\"64\" src=\"https:\/\/lisboa.wordcamp.org\/2025\/files\/2024\/09\/badge-lang-pt.png\" alt=\"\" class=\"wp-image-118\" style=\"object-fit:cover;width:125px;height:20px\" srcset=\"https:\/\/lisboa.wordcamp.org\/2025\/files\/2024\/09\/badge-lang-pt.png 400w, https:\/\/lisboa.wordcamp.org\/2025\/files\/2024\/09\/badge-lang-pt-300x48.png 300w\" sizes=\"auto, (max-width: 400px) 100vw, 400px\" \/><\/figure>\n\n\n\n<p>Depois das sess\u00f5es de S\u00e1bado, dia 17, vamos ter uma <a href=\"https:\/\/lisboa.wordcamp.org\/2025\/after-party\/\">after-party<\/a> no I-Terrace, no terra\u00e7o do edif\u00edcio do INDEG ISCTE.<\/p>\n\n\n\n<p><strong>19:00 \u00e0s 20:30:<\/strong> I-Terrace aberto com servi\u00e7o de bar (consumo por conta de cada participante).<br><strong>20:30 \u00e0s 22:30:<\/strong> In\u00edcio da after-party e <em>Buffet<\/em> com <em>finger-food<\/em> e bebidas inclu\u00eddas.<br><strong>22:30 \u00e0s 00:00:<\/strong> Continua\u00e7\u00e3o da after-party, com servi\u00e7o de bar (consumo por conta de cada participante).<\/p>\n\n\n\n<p>A apresenta\u00e7\u00e3o do badge do evento \u00e9 obrigat\u00f3ria para acesso \u00e0 after-party.<\/p>\n<\/div>\n\n\n\n<div class=\"wp-block-column is-layout-flow wp-block-column-is-layout-flow\">\n<figure class=\"wp-block-image size-full is-resized\"><img loading=\"lazy\" decoding=\"async\" width=\"310\" height=\"64\" src=\"https:\/\/lisboa.wordcamp.org\/2025\/files\/2024\/09\/badge-lang-en-1.png\" alt=\"\" class=\"wp-image-121\" style=\"object-fit:cover;width:97px;height:20px\" srcset=\"https:\/\/lisboa.wordcamp.org\/2025\/files\/2024\/09\/badge-lang-en-1.png 310w, https:\/\/lisboa.wordcamp.org\/2025\/files\/2024\/09\/badge-lang-en-1-300x62.png 300w\" sizes=\"auto, (max-width: 310px) 100vw, 310px\" \/><\/figure>\n\n\n\n<p><em><span lang=\"en\" dir=\"ltr\" class=\"lang-attribute\">After the Saturday talks, on the 17th, we&#8217;ll host an <a href=\"https:\/\/lisboa.wordcamp.org\/2025\/english\/after-party\/\" data-type=\"page\" data-id=\"554\">after-party<\/a> at I-Terrace, on the rooftop of INDEG ISCTE.<\/span><\/em><\/p>\n\n\n\n<p><em><bdo lang=\"en\" dir=\"ltr\"><strong>7 pm to 8:30 pm:<\/strong> I-Terrace open with bar service (consumption at the expense of each participant).<br><\/bdo><span lang=\"en\" dir=\"ltr\" class=\"lang-attribute\"><strong>8:30 pm to 10:30 pm:<\/strong> After party start and Finger-food buffet with included drinks.<\/span><\/em><br><em><bdo lang=\"en\" dir=\"ltr\"><strong>10:30 pm to 0 am:<\/strong> Continuation of the after-party, with bar service (consumption at the expense of each participant).<\/bdo><\/em><\/p>\n\n\n\n<p><em><bdo lang=\"en\" dir=\"ltr\">Presentation of the event badge is mandator<\/bdo><bdo lang=\"en\" dir=\"ltr\">y<\/bdo><bdo lang=\"en\" dir=\"ltr\"> for access to the after-party.<\/bdo><\/em><\/p>\n<\/div>\n<\/div>\n","protected":false},"excerpt":{"rendered":"<p>Quinta, 15 de Maio &#8211; Warm up &#8211; Lisboa WordPress MeetupThursday, May 15th &#8211; Warm up &#8211; Lisboa WordPress Meetup No dia anterior ao in\u00edcio do WordCamp Lisboa, vamos reunir-nos no IDEA Spaces &#8211; Pal\u00e1cio Sotto Mayor, pelas 19:00, para o habitual Meetup mensal da comunidade WordPress de Lisboa. A oradora ser\u00e1 Milana Cap, com [&hellip;]<\/p>\n","protected":false},"author":13884858,"featured_media":0,"parent":0,"menu_order":0,"comment_status":"closed","ping_status":"closed","template":"","meta":{"jetpack_post_was_ever_published":false,"footnotes":""},"class_list":["post-453","page","type-page","status-publish","hentry"],"jetpack_sharing_enabled":true,"_links":{"self":[{"href":"https:\/\/lisboa.wordcamp.org\/2025\/wp-json\/wp\/v2\/pages\/453","targetHints":{"allow":["GET"]}}],"collection":[{"href":"https:\/\/lisboa.wordcamp.org\/2025\/wp-json\/wp\/v2\/pages"}],"about":[{"href":"https:\/\/lisboa.wordcamp.org\/2025\/wp-json\/wp\/v2\/types\/page"}],"author":[{"embeddable":true,"href":"https:\/\/lisboa.wordcamp.org\/2025\/wp-json\/wp\/v2\/users\/13884858"}],"replies":[{"embeddable":true,"href":"https:\/\/lisboa.wordcamp.org\/2025\/wp-json\/wp\/v2\/comments?post=453"}],"version-history":[{"count":23,"href":"https:\/\/lisboa.wordcamp.org\/2025\/wp-json\/wp\/v2\/pages\/453\/revisions"}],"predecessor-version":[{"id":3276,"href":"https:\/\/lisboa.wordcamp.org\/2025\/wp-json\/wp\/v2\/pages\/453\/revisions\/3276"}],"wp:attachment":[{"href":"https:\/\/lisboa.wordcamp.org\/2025\/wp-json\/wp\/v2\/media?parent=453"}],"curies":[{"name":"wp","href":"https:\/\/api.w.org\/{rel}","templated":true}]}}