{"id":457,"date":"2024-12-04T18:46:29","date_gmt":"2024-12-04T18:46:29","guid":{"rendered":"https:\/\/lisboa.wordcamp.org\/2025\/?page_id=457"},"modified":"2025-05-13T10:50:50","modified_gmt":"2025-05-13T09:50:50","slug":"after-party","status":"publish","type":"page","link":"https:\/\/lisboa.wordcamp.org\/2025\/after-party\/","title":{"rendered":"After-party"},"content":{"rendered":"\n<p>Alguns dir\u00e3o que \u00e9 o momento mais aguardado do WordCamp. N\u00f3s n\u00e3o vamos t\u00e3o longe &#8211; o WordCamp tem diversos momentos especiais para todos.<\/p>\n\n\n\n<p>A after-party do WordCamp Lisboa 2025 realiza-se no s\u00e1bado, dia 17 de Maio, ap\u00f3s o evento principal. A partir das 20:30, vamos ter uma festa de acesso <strong>livre<\/strong> a todos os participantes do WordCamp.<\/p>\n\n\n\n<p><strong>A apresenta\u00e7\u00e3o do <em>badge<\/em> do evento \u00e9 obrigat\u00f3ria<\/strong>, por isso, n\u00e3o te esque\u00e7as de o levar contigo.<\/p>\n\n\n\n<p><strong>A after-party vai decorrer entre as 20:30 e as 24:00<\/strong> no <a href=\"https:\/\/www.facebook.com\/Restauranteclubi\" target=\"_blank\" rel=\"noreferrer noopener\">Restaurante I-Terrace<\/a>. O espa\u00e7o fica situado no terra\u00e7o do edif\u00edcio do INDEG, dentro das instala\u00e7\u00f5es do ISCTE e a menos de 100 metros do local do evento principal. Vai ser oferecido um <em>buffet<\/em> de <em>finger-food<\/em> com bebidas inclu\u00eddas<strong><a href=\"#notas\">*<\/a><\/strong>.<\/p>\n\n\n\n<figure class=\"wp-block-gallery has-nested-images columns-default is-cropped wp-block-gallery-1 is-layout-flex wp-block-gallery-is-layout-flex\">\n<figure class=\"wp-block-image size-large\"><img decoding=\"async\" data-id=\"3588\" src=\"https:\/\/lisboa.wordcamp.org\/2023\/files\/2023\/04\/279929526_500702318419294_6522477969771280765_n-1024x768.jpeg\" alt=\"\" class=\"wp-image-3588\" \/><\/figure>\n\n\n\n<figure class=\"wp-block-image size-full\"><img decoding=\"async\" data-id=\"3591\" src=\"https:\/\/lisboa.wordcamp.org\/2023\/files\/2023\/04\/319866337_676339714168169_6926509223049245738_n.jpeg\" alt=\"\" class=\"wp-image-3591\" \/><\/figure>\n\n\n\n<figure class=\"wp-block-image size-large\"><img decoding=\"async\" data-id=\"3616\" src=\"https:\/\/lisboa.wordcamp.org\/2023\/files\/2023\/04\/edf2-indeg-1024x1024.png\" alt=\"\" class=\"wp-image-3616\" \/><\/figure>\n<\/figure>\n\n\n\n<p>Vamos prolongar o esp\u00edrito do WordCamp com m\u00fasica ambiente, conversas informais e muito networking. Depois do buffet, haver\u00e1 servi\u00e7o de bar e espa\u00e7o para continuarmos a conviver.<\/p>\n\n\n\n<div style=\"height:10px\" aria-hidden=\"true\" class=\"wp-block-spacer\"><\/div>\n\n\n\n<div class=\"wp-block-group has-global-padding is-layout-constrained wp-block-group-is-layout-constrained\">\n<div class=\"wp-block-cover hero100 hero100-wp20 hide\" style=\"min-height:300px;aspect-ratio:unset;\"><img decoding=\"async\" class=\"wp-block-cover__image-background wp-image-1656\" alt=\"\" src=\"https:\/\/lisboa.wordcamp.org\/2023\/files\/2023\/01\/wordpress20-bg-scaled.webp\" data-object-fit=\"cover\" \/><span aria-hidden=\"true\" class=\"wp-block-cover__background has-background-dim-0 has-background-dim\"><\/span><div class=\"wp-block-cover__inner-container is-layout-flow wp-block-cover-is-layout-flow\">\n<figure class=\"wp-block-image aligncenter size-large is-resized\"><img decoding=\"async\" src=\"https:\/\/lisboa.wordcamp.org\/2023\/files\/2023\/02\/wp20-logo-anniversary-th-white@3x-1024x412.png\" alt=\"\" class=\"wp-image-2373\" style=\"width:256px;height:103px\" \/><\/figure>\n\n\n\n<div style=\"height:15px\" aria-hidden=\"true\" class=\"wp-block-spacer\"><\/div>\n\n\n\n<h2 class=\"wp-block-heading has-text-align-center has-link-color has-medium-font-size wp-elements-e9370c315b8599681b170a9ee4251998\">O WordPress faz 20 anos em 2023 &#8211; <a href=\"https:\/\/lisboa.wordcamp.org\/2023\/tickets\/\" data-type=\"page\" data-id=\"13\">Celebramos juntos em Lisboa?<\/a><\/h2>\n<\/div><\/div>\n<\/div>\n\n\n\n<div style=\"height:10px\" aria-hidden=\"true\" class=\"wp-block-spacer\"><\/div>\n\n\n\n<h4 class=\"wp-block-heading\">Programa previsto:<\/h4>\n\n\n\n<ul class=\"wp-block-list\">\n<li><strong>Desde o final do evento at\u00e9 \u00e0s 20:30:<\/strong> Servi\u00e7o de bar (com custo de bebidas a suportar por cada participante).<\/li>\n\n\n\n<li><strong>20:30 \u00e0s 22:00:<\/strong> <em>Buffet<\/em> com <em>finger-food<\/em> e bebidas inclu\u00eddas<strong><a href=\"#notas\">*<\/a><\/strong>.<\/li>\n\n\n\n<li><strong>22:00 \u00e0s 24:00:<\/strong> Networking, m\u00fasica ambiente e Servi\u00e7o de bar (com custo de bebidas a suportar por cada participante).<\/li>\n<\/ul>\n\n\n\n<div style=\"height:10px\" aria-hidden=\"true\" class=\"wp-block-spacer\"><\/div>\n\n\n\n<h2 class=\"wp-block-heading has-text-align-left\">A festa tem o patroc\u00ednio especial da Eupago e PTServidor<\/h2>\n\n\n\n<div class=\"wp-block-columns is-layout-flex wp-container-core-columns-is-layout-28f84493 wp-block-columns-is-layout-flex\">\n<div class=\"wp-block-column is-layout-flow wp-block-column-is-layout-flow\">\n<figure class=\"wp-block-image size-large\"><img loading=\"lazy\" decoding=\"async\" width=\"1024\" height=\"538\" src=\"https:\/\/lisboa.wordcamp.org\/2025\/files\/2025\/03\/eupago-1024x538.png\" alt=\"\" class=\"wp-image-1738\" srcset=\"https:\/\/lisboa.wordcamp.org\/2025\/files\/2025\/03\/eupago-1024x538.png 1024w, https:\/\/lisboa.wordcamp.org\/2025\/files\/2025\/03\/eupago-300x158.png 300w, https:\/\/lisboa.wordcamp.org\/2025\/files\/2025\/03\/eupago-768x403.png 768w, https:\/\/lisboa.wordcamp.org\/2025\/files\/2025\/03\/eupago-500x263.png 500w, https:\/\/lisboa.wordcamp.org\/2025\/files\/2025\/03\/eupago.png 1200w\" sizes=\"auto, (max-width: 1024px) 100vw, 1024px\" \/><\/figure>\n<\/div>\n\n\n\n<div class=\"wp-block-column is-layout-flow wp-block-column-is-layout-flow\">\n<figure class=\"wp-block-image size-large\"><img loading=\"lazy\" decoding=\"async\" width=\"1024\" height=\"538\" src=\"https:\/\/lisboa.wordcamp.org\/2025\/files\/2025\/02\/ptservidor-1024x538.png\" alt=\"\" class=\"wp-image-1434\" srcset=\"https:\/\/lisboa.wordcamp.org\/2025\/files\/2025\/02\/ptservidor-1024x538.png 1024w, https:\/\/lisboa.wordcamp.org\/2025\/files\/2025\/02\/ptservidor-300x158.png 300w, https:\/\/lisboa.wordcamp.org\/2025\/files\/2025\/02\/ptservidor-768x403.png 768w, https:\/\/lisboa.wordcamp.org\/2025\/files\/2025\/02\/ptservidor-500x263.png 500w, https:\/\/lisboa.wordcamp.org\/2025\/files\/2025\/02\/ptservidor.png 1200w\" sizes=\"auto, (max-width: 1024px) 100vw, 1024px\" \/><\/figure>\n<\/div>\n<\/div>\n\n\n\n<div style=\"height:10px\" aria-hidden=\"true\" class=\"wp-block-spacer\"><\/div>\n\n\n\n<p class=\"has-small-font-size\" id=\"notas\"><strong>* Notas relativamente ao acesso \u00e0 after-party:<\/strong><\/p>\n\n\n\n<p class=\"has-small-font-size\">A organiza\u00e7\u00e3o vai reservar o espa\u00e7o e quantidade de <em>buffet<\/em> e bebidas inclu\u00eddas conforme o n\u00famero de participantes esperados, de acordo com a prefer\u00eancia indicada aquando da compra do bilhete e da experi\u00eancia de eventos anteriores. <\/p>\n\n\n\n<p class=\"has-small-font-size\">Na eventualidade de o n\u00famero real de participantes ser superior ao esperado, poder\u00e1 n\u00e3o ser garantida a manuten\u00e7\u00e3o do <em>buffet<\/em> at\u00e9 ao hor\u00e1rio previsto, independentemente da prefer\u00eancia indicada no bilhete. <\/p>\n\n\n\n<p class=\"has-small-font-size\">N\u00e3o \u00e9 expect\u00e1vel que haja limita\u00e7\u00e3o de acesso \u00e0 festa, a n\u00e3o ser que, em determinado momento, se considere que o n\u00famero de participantes no espa\u00e7o possa colocar em risco a seguran\u00e7a de todos.<\/p>\n","protected":false},"excerpt":{"rendered":"<p>Alguns dir\u00e3o que \u00e9 o momento mais aguardado do WordCamp. N\u00f3s n\u00e3o vamos t\u00e3o longe &#8211; o WordCamp tem diversos momentos especiais para todos. A after-party do WordCamp Lisboa 2025 realiza-se no s\u00e1bado, dia 17 de Maio, ap\u00f3s o evento principal. A partir das 20:30, vamos ter uma festa de acesso livre a todos os [&hellip;]<\/p>\n","protected":false},"author":13884858,"featured_media":0,"parent":0,"menu_order":0,"comment_status":"closed","ping_status":"closed","template":"","meta":{"jetpack_post_was_ever_published":false,"footnotes":""},"class_list":["post-457","page","type-page","status-publish","hentry"],"jetpack_sharing_enabled":true,"_links":{"self":[{"href":"https:\/\/lisboa.wordcamp.org\/2025\/wp-json\/wp\/v2\/pages\/457","targetHints":{"allow":["GET"]}}],"collection":[{"href":"https:\/\/lisboa.wordcamp.org\/2025\/wp-json\/wp\/v2\/pages"}],"about":[{"href":"https:\/\/lisboa.wordcamp.org\/2025\/wp-json\/wp\/v2\/types\/page"}],"author":[{"embeddable":true,"href":"https:\/\/lisboa.wordcamp.org\/2025\/wp-json\/wp\/v2\/users\/13884858"}],"replies":[{"embeddable":true,"href":"https:\/\/lisboa.wordcamp.org\/2025\/wp-json\/wp\/v2\/comments?post=457"}],"version-history":[{"count":8,"href":"https:\/\/lisboa.wordcamp.org\/2025\/wp-json\/wp\/v2\/pages\/457\/revisions"}],"predecessor-version":[{"id":3204,"href":"https:\/\/lisboa.wordcamp.org\/2025\/wp-json\/wp\/v2\/pages\/457\/revisions\/3204"}],"wp:attachment":[{"href":"https:\/\/lisboa.wordcamp.org\/2025\/wp-json\/wp\/v2\/media?parent=457"}],"curies":[{"name":"wp","href":"https:\/\/api.w.org\/{rel}","templated":true}]}}